{"id":18126,"date":"2022-11-18T00:46:58","date_gmt":"2022-11-18T00:46:58","guid":{"rendered":"https:\/\/www.radper.com\/produit\/detecteur-de-vibrations-vim32pl-e1ac8-0re-io-1v1401-pepperlfuchs\/"},"modified":"2026-04-30T10:29:21","modified_gmt":"2026-04-30T10:29:21","slug":"detecteur-vim32pl-e1v16-0re-i421v14-pepperlfuchs","status":"publish","type":"product","link":"https:\/\/www.radper.com\/fr\/catalogues\/controle-de-process\/surveillance-des-vibrations\/detecteur-vim32pl-e1v16-0re-i421v14-pepperlfuchs\/","title":{"rendered":"D\u00e9tecteur de vibrations VIM32PL-E1AC8-0RE-IO-1V1401 PEPPERL+FUCHS"},"content":{"rendered":"<p>D\u00e9tecteur de vibrations VIM32PL-E1AC8-0RE-IO-1V1401 PEPPERL+FUCHS, Technologie de mesure MEMS, S\u00e9rie Performance Line, param\u00e8tre de mesure Vitesse de vibration<br \/>\nAcc\u00e9l\u00e9ration des vibrations<br \/>\nTemp\u00e9rature, Vitesse de vibration 0 &#8230; 128 mm\/s, Pr\u00e9cision de mesure Vitesse de vibration : \u00b1 0,1 mm\/s (point d&rsquo;\u00e9talonnage : 90 % de la plage de mesure ; 159,2 Hz) Conforme aux exigences de tol\u00e9rance de la norme DIN ISO 2954 pour la plage de mesure sup\u00e9rieure \u00e0 8 mm\/s<br \/>\nAcc\u00e9l\u00e9ration des vibrations : \u00b1 0,01 g (point d&rsquo;\u00e9talonnage : 90 % de la plage de mesure ; 159,2 Hz) Conforme aux exigences de tol\u00e9rance de la norme DIN ISO 2954, Sensibilit\u00e9 crois\u00e9e < 5 % de l'acc\u00e9l\u00e9ration lat\u00e9rale partielle, qui agit exactement \u00e0 90\u00b0 par rapport \u00e0 l'axe de mesure, Gamme de fr\u00e9quence 10 ... 1000 Hz, Temps moyen pour v-rms : 2 s\npour a-rms : 2 s\n<\/p>\n","protected":false},"excerpt":{"rendered":"<p>VIM32PL-E1V16-0RE-I421V14<\/p>\n","protected":false},"featured_media":18082,"template":"","meta":{"_acf_changed":false},"product_brand":[],"product_cat":[2970],"product_tag":[],"class_list":{"0":"post-18126","1":"product","2":"type-product","3":"status-publish","4":"has-post-thumbnail","6":"product_cat-surveillance-des-vibrations","7":"pa_marque-pepperlfuchs","9":"first","10":"instock","11":"featured","12":"taxable","13":"shipping-taxable","14":"product-type-simple"},"acf":[],"yoast_head":"<!-- This site is optimized with the Yoast SEO plugin v26.2 - https:\/\/yoast.com\/wordpress\/plugins\/seo\/ -->\n<title>D\u00e9tecteur de vibrations VIM32PL-E1AC8-0RE-IO-1V1401 PEPPERL+FUCHS - Radper<\/title>\n<meta name=\"robots\" content=\"index, follow, max-snippet:-1, max-image-preview:large, max-video-preview:-1\" \/>\n<link rel=\"canonical\" href=\"https:\/\/www.radper.com\/fr\/catalogues\/controle-de-process\/surveillance-des-vibrations\/detecteur-vim32pl-e1v16-0re-i421v14-pepperlfuchs\/\" \/>\n<meta property=\"og:locale\" content=\"fr_FR\" \/>\n<meta property=\"og:type\" content=\"article\" \/>\n<meta property=\"og:title\" content=\"D\u00e9tecteur de vibrations VIM32PL-E1AC8-0RE-IO-1V1401 PEPPERL+FUCHS - Radper\" \/>\n<meta property=\"og:description\" content=\"VIM32PL-E1V16-0RE-I421V14\" \/>\n<meta property=\"og:url\" content=\"https:\/\/www.radper.com\/fr\/catalogues\/controle-de-process\/surveillance-des-vibrations\/detecteur-vim32pl-e1v16-0re-i421v14-pepperlfuchs\/\" \/>\n<meta property=\"og:site_name\" content=\"Radper\" \/>\n<meta property=\"article:modified_time\" content=\"2026-04-30T10:29:21+00:00\" \/>\n<meta property=\"og:image\" content=\"https:\/\/www.radper.com\/wp-content\/uploads\/2022\/11\/d453347a.jpg\" \/>\n\t<meta property=\"og:image:width\" content=\"540\" \/>\n\t<meta property=\"og:image:height\" content=\"600\" \/>\n\t<meta property=\"og:image:type\" content=\"image\/jpeg\" \/>\n<meta name=\"twitter:card\" content=\"summary_large_image\" \/>\n<meta name=\"twitter:label1\" content=\"Dur\u00e9e de lecture estim\u00e9e\" \/>\n\t<meta name=\"twitter:data1\" content=\"1 minute\" \/>\n<script type=\"application\/ld+json\" class=\"yoast-schema-graph\">{\"@context\":\"https:\/\/schema.org\",\"@graph\":[{\"@type\":\"WebPage\",\"@id\":\"https:\/\/www.radper.com\/fr\/catalogues\/controle-de-process\/surveillance-des-vibrations\/detecteur-vim32pl-e1v16-0re-i421v14-pepperlfuchs\/\",\"url\":\"https:\/\/www.radper.com\/fr\/catalogues\/controle-de-process\/surveillance-des-vibrations\/detecteur-vim32pl-e1v16-0re-i421v14-pepperlfuchs\/\",\"name\":\"D\u00e9tecteur de vibrations VIM32PL-E1AC8-0RE-IO-1V1401 PEPPERL+FUCHS - Radper\",\"isPartOf\":{\"@id\":\"https:\/\/www.radper.com\/fr\/#website\"},\"primaryImageOfPage\":{\"@id\":\"https:\/\/www.radper.com\/fr\/catalogues\/controle-de-process\/surveillance-des-vibrations\/detecteur-vim32pl-e1v16-0re-i421v14-pepperlfuchs\/#primaryimage\"},\"image\":{\"@id\":\"https:\/\/www.radper.com\/fr\/catalogues\/controle-de-process\/surveillance-des-vibrations\/detecteur-vim32pl-e1v16-0re-i421v14-pepperlfuchs\/#primaryimage\"},\"thumbnailUrl\":\"https:\/\/www.radper.com\/wp-content\/uploads\/2022\/11\/d453347a.jpg\",\"datePublished\":\"2022-11-18T00:46:58+00:00\",\"dateModified\":\"2026-04-30T10:29:21+00:00\",\"breadcrumb\":{\"@id\":\"https:\/\/www.radper.com\/fr\/catalogues\/controle-de-process\/surveillance-des-vibrations\/detecteur-vim32pl-e1v16-0re-i421v14-pepperlfuchs\/#breadcrumb\"},\"inLanguage\":\"fr-FR\",\"potentialAction\":[{\"@type\":\"ReadAction\",\"target\":[\"https:\/\/www.radper.com\/fr\/catalogues\/controle-de-process\/surveillance-des-vibrations\/detecteur-vim32pl-e1v16-0re-i421v14-pepperlfuchs\/\"]}]},{\"@type\":\"ImageObject\",\"inLanguage\":\"fr-FR\",\"@id\":\"https:\/\/www.radper.com\/fr\/catalogues\/controle-de-process\/surveillance-des-vibrations\/detecteur-vim32pl-e1v16-0re-i421v14-pepperlfuchs\/#primaryimage\",\"url\":\"https:\/\/www.radper.com\/wp-content\/uploads\/2022\/11\/d453347a.jpg\",\"contentUrl\":\"https:\/\/www.radper.com\/wp-content\/uploads\/2022\/11\/d453347a.jpg\",\"width\":540,\"height\":600},{\"@type\":\"BreadcrumbList\",\"@id\":\"https:\/\/www.radper.com\/fr\/catalogues\/controle-de-process\/surveillance-des-vibrations\/detecteur-vim32pl-e1v16-0re-i421v14-pepperlfuchs\/#breadcrumb\",\"itemListElement\":[{\"@type\":\"ListItem\",\"position\":1,\"name\":\"Accueil\",\"item\":\"https:\/\/www.radper.com\/fr\/\"},{\"@type\":\"ListItem\",\"position\":2,\"name\":\"Catalogue\",\"item\":\"https:\/\/www.radper.com\/fr\/catalogue\/\"},{\"@type\":\"ListItem\",\"position\":3,\"name\":\"D\u00e9tecteur de vibrations VIM32PL-E1AC8-0RE-IO-1V1401 PEPPERL+FUCHS\"}]},{\"@type\":\"WebSite\",\"@id\":\"https:\/\/www.radper.com\/fr\/#website\",\"url\":\"https:\/\/www.radper.com\/fr\/\",\"name\":\"Radper\",\"description\":\"\",\"publisher\":{\"@id\":\"https:\/\/www.radper.com\/fr\/#organization\"},\"potentialAction\":[{\"@type\":\"SearchAction\",\"target\":{\"@type\":\"EntryPoint\",\"urlTemplate\":\"https:\/\/www.radper.com\/fr\/?s={search_term_string}\"},\"query-input\":{\"@type\":\"PropertyValueSpecification\",\"valueRequired\":true,\"valueName\":\"search_term_string\"}}],\"inLanguage\":\"fr-FR\"},{\"@type\":\"Organization\",\"@id\":\"https:\/\/www.radper.com\/fr\/#organization\",\"name\":\"radper\",\"url\":\"https:\/\/www.radper.com\/fr\/\",\"logo\":{\"@type\":\"ImageObject\",\"inLanguage\":\"fr-FR\",\"@id\":\"https:\/\/www.radper.com\/fr\/#\/schema\/logo\/image\/\",\"url\":\"https:\/\/radper.com\/wp-content\/uploads\/2021\/04\/logo-wide-11.png\",\"contentUrl\":\"https:\/\/radper.com\/wp-content\/uploads\/2021\/04\/logo-wide-11.png\",\"width\":250,\"height\":110,\"caption\":\"radper\"},\"image\":{\"@id\":\"https:\/\/www.radper.com\/fr\/#\/schema\/logo\/image\/\"}}]}<\/script>\n<!-- \/ Yoast SEO plugin. -->","yoast_head_json":{"title":"D\u00e9tecteur de vibrations VIM32PL-E1AC8-0RE-IO-1V1401 PEPPERL+FUCHS - Radper","robots":{"index":"index","follow":"follow","max-snippet":"max-snippet:-1","max-image-preview":"max-image-preview:large","max-video-preview":"max-video-preview:-1"},"canonical":"https:\/\/www.radper.com\/fr\/catalogues\/controle-de-process\/surveillance-des-vibrations\/detecteur-vim32pl-e1v16-0re-i421v14-pepperlfuchs\/","og_locale":"fr_FR","og_type":"article","og_title":"D\u00e9tecteur de vibrations VIM32PL-E1AC8-0RE-IO-1V1401 PEPPERL+FUCHS - Radper","og_description":"VIM32PL-E1V16-0RE-I421V14","og_url":"https:\/\/www.radper.com\/fr\/catalogues\/controle-de-process\/surveillance-des-vibrations\/detecteur-vim32pl-e1v16-0re-i421v14-pepperlfuchs\/","og_site_name":"Radper","article_modified_time":"2026-04-30T10:29:21+00:00","og_image":[{"width":540,"height":600,"url":"https:\/\/www.radper.com\/wp-content\/uploads\/2022\/11\/d453347a.jpg","type":"image\/jpeg"}],"twitter_card":"summary_large_image","twitter_misc":{"Dur\u00e9e de lecture estim\u00e9e":"1 minute"},"schema":{"@context":"https:\/\/schema.org","@graph":[{"@type":"WebPage","@id":"https:\/\/www.radper.com\/fr\/catalogues\/controle-de-process\/surveillance-des-vibrations\/detecteur-vim32pl-e1v16-0re-i421v14-pepperlfuchs\/","url":"https:\/\/www.radper.com\/fr\/catalogues\/controle-de-process\/surveillance-des-vibrations\/detecteur-vim32pl-e1v16-0re-i421v14-pepperlfuchs\/","name":"D\u00e9tecteur de vibrations VIM32PL-E1AC8-0RE-IO-1V1401 PEPPERL+FUCHS - Radper","isPartOf":{"@id":"https:\/\/www.radper.com\/fr\/#website"},"primaryImageOfPage":{"@id":"https:\/\/www.radper.com\/fr\/catalogues\/controle-de-process\/surveillance-des-vibrations\/detecteur-vim32pl-e1v16-0re-i421v14-pepperlfuchs\/#primaryimage"},"image":{"@id":"https:\/\/www.radper.com\/fr\/catalogues\/controle-de-process\/surveillance-des-vibrations\/detecteur-vim32pl-e1v16-0re-i421v14-pepperlfuchs\/#primaryimage"},"thumbnailUrl":"https:\/\/www.radper.com\/wp-content\/uploads\/2022\/11\/d453347a.jpg","datePublished":"2022-11-18T00:46:58+00:00","dateModified":"2026-04-30T10:29:21+00:00","breadcrumb":{"@id":"https:\/\/www.radper.com\/fr\/catalogues\/controle-de-process\/surveillance-des-vibrations\/detecteur-vim32pl-e1v16-0re-i421v14-pepperlfuchs\/#breadcrumb"},"inLanguage":"fr-FR","potentialAction":[{"@type":"ReadAction","target":["https:\/\/www.radper.com\/fr\/catalogues\/controle-de-process\/surveillance-des-vibrations\/detecteur-vim32pl-e1v16-0re-i421v14-pepperlfuchs\/"]}]},{"@type":"ImageObject","inLanguage":"fr-FR","@id":"https:\/\/www.radper.com\/fr\/catalogues\/controle-de-process\/surveillance-des-vibrations\/detecteur-vim32pl-e1v16-0re-i421v14-pepperlfuchs\/#primaryimage","url":"https:\/\/www.radper.com\/wp-content\/uploads\/2022\/11\/d453347a.jpg","contentUrl":"https:\/\/www.radper.com\/wp-content\/uploads\/2022\/11\/d453347a.jpg","width":540,"height":600},{"@type":"BreadcrumbList","@id":"https:\/\/www.radper.com\/fr\/catalogues\/controle-de-process\/surveillance-des-vibrations\/detecteur-vim32pl-e1v16-0re-i421v14-pepperlfuchs\/#breadcrumb","itemListElement":[{"@type":"ListItem","position":1,"name":"Accueil","item":"https:\/\/www.radper.com\/fr\/"},{"@type":"ListItem","position":2,"name":"Catalogue","item":"https:\/\/www.radper.com\/fr\/catalogue\/"},{"@type":"ListItem","position":3,"name":"D\u00e9tecteur de vibrations VIM32PL-E1AC8-0RE-IO-1V1401 PEPPERL+FUCHS"}]},{"@type":"WebSite","@id":"https:\/\/www.radper.com\/fr\/#website","url":"https:\/\/www.radper.com\/fr\/","name":"Radper","description":"","publisher":{"@id":"https:\/\/www.radper.com\/fr\/#organization"},"potentialAction":[{"@type":"SearchAction","target":{"@type":"EntryPoint","urlTemplate":"https:\/\/www.radper.com\/fr\/?s={search_term_string}"},"query-input":{"@type":"PropertyValueSpecification","valueRequired":true,"valueName":"search_term_string"}}],"inLanguage":"fr-FR"},{"@type":"Organization","@id":"https:\/\/www.radper.com\/fr\/#organization","name":"radper","url":"https:\/\/www.radper.com\/fr\/","logo":{"@type":"ImageObject","inLanguage":"fr-FR","@id":"https:\/\/www.radper.com\/fr\/#\/schema\/logo\/image\/","url":"https:\/\/radper.com\/wp-content\/uploads\/2021\/04\/logo-wide-11.png","contentUrl":"https:\/\/radper.com\/wp-content\/uploads\/2021\/04\/logo-wide-11.png","width":250,"height":110,"caption":"radper"},"image":{"@id":"https:\/\/www.radper.com\/fr\/#\/schema\/logo\/image\/"}}]}},"_links":{"self":[{"href":"https:\/\/www.radper.com\/fr\/wp-json\/wp\/v2\/product\/18126","targetHints":{"allow":["GET"]}}],"collection":[{"href":"https:\/\/www.radper.com\/fr\/wp-json\/wp\/v2\/product"}],"about":[{"href":"https:\/\/www.radper.com\/fr\/wp-json\/wp\/v2\/types\/product"}],"wp:featuredmedia":[{"embeddable":true,"href":"https:\/\/www.radper.com\/fr\/wp-json\/wp\/v2\/media\/18082"}],"wp:attachment":[{"href":"https:\/\/www.radper.com\/fr\/wp-json\/wp\/v2\/media?parent=18126"}],"wp:term":[{"taxonomy":"product_brand","embeddable":true,"href":"https:\/\/www.radper.com\/fr\/wp-json\/wp\/v2\/product_brand?post=18126"},{"taxonomy":"product_cat","embeddable":true,"href":"https:\/\/www.radper.com\/fr\/wp-json\/wp\/v2\/product_cat?post=18126"},{"taxonomy":"product_tag","embeddable":true,"href":"https:\/\/www.radper.com\/fr\/wp-json\/wp\/v2\/product_tag?post=18126"}],"curies":[{"name":"wp","href":"https:\/\/api.w.org\/{rel}","templated":true}]}}