{"id":18258,"date":"2022-11-18T12:19:50","date_gmt":"2022-11-18T12:19:50","guid":{"rendered":"https:\/\/www.radper.com\/produit\/maitre-io-link-ice1-8iol-s2-g60l-v1d-pepperlfuchs\/"},"modified":"2026-04-27T01:08:46","modified_gmt":"2026-04-27T01:08:46","slug":"maitre-io-link-ice1-8iol-s2-g60l-v1d-pepperlfuchs","status":"publish","type":"product","link":"https:\/\/www.radper.com\/fr\/catalogues\/controle-de-process\/communication-industrielle\/maitre-io-link-ice1-8iol-s2-g60l-v1d-pepperlfuchs\/","title":{"rendered":"Ma\u00eetre IO-Link ICE1-8IOL-S2-G60L-V1D PEPPERL+FUCHS"},"content":{"rendered":"<p>Ma\u00eetre IO-Link ICE1-8IOL-S2-G60L-V1D PEPPERL+FUCHS, Commutateurs Configuration du protocole de bus de terrain, Tension assign\u00e9e d&#8217;emploi 18 &#8230; 30 V, Tension assign\u00e9e d&#8217;emploi 24 V CC, Consommation en courant typ. 200 mA, intensit\u00e9 de courant max Max. 2 x 16 A par module (Courant en boucle via l&rsquo;alimentation \u00e0 codage L) Courant total : max. 9 A par module<\/p>\n","protected":false},"excerpt":{"rendered":"<p>ICE1-8IOL-S2-G60L-V1D<\/p>\n","protected":false},"featured_media":18173,"template":"","meta":{"_acf_changed":false},"product_brand":[],"product_cat":[3023],"product_tag":[],"class_list":{"0":"post-18258","1":"product","2":"type-product","3":"status-publish","4":"has-post-thumbnail","6":"product_cat-communication-industrielle","7":"pa_marque-pepperlfuchs","9":"first","10":"instock","11":"featured","12":"taxable","13":"shipping-taxable","14":"product-type-simple"},"acf":[],"yoast_head":"<!-- This site is optimized with the Yoast SEO plugin v26.2 - https:\/\/yoast.com\/wordpress\/plugins\/seo\/ -->\n<title>Ma\u00eetre IO-Link ICE1-8IOL-S2-G60L-V1D PEPPERL+FUCHS - Radper<\/title>\n<meta name=\"robots\" content=\"index, follow, max-snippet:-1, max-image-preview:large, max-video-preview:-1\" \/>\n<link rel=\"canonical\" href=\"https:\/\/www.radper.com\/fr\/catalogues\/controle-de-process\/communication-industrielle\/maitre-io-link-ice1-8iol-s2-g60l-v1d-pepperlfuchs\/\" \/>\n<meta property=\"og:locale\" content=\"fr_FR\" \/>\n<meta property=\"og:type\" content=\"article\" \/>\n<meta property=\"og:title\" content=\"Ma\u00eetre IO-Link ICE1-8IOL-S2-G60L-V1D PEPPERL+FUCHS - Radper\" \/>\n<meta property=\"og:description\" content=\"ICE1-8IOL-S2-G60L-V1D\" \/>\n<meta property=\"og:url\" content=\"https:\/\/www.radper.com\/fr\/catalogues\/controle-de-process\/communication-industrielle\/maitre-io-link-ice1-8iol-s2-g60l-v1d-pepperlfuchs\/\" \/>\n<meta property=\"og:site_name\" content=\"Radper\" \/>\n<meta property=\"article:modified_time\" content=\"2026-04-27T01:08:46+00:00\" \/>\n<meta property=\"og:image\" content=\"https:\/\/www.radper.com\/wp-content\/uploads\/2022\/11\/b243292a.png\" \/>\n\t<meta property=\"og:image:width\" content=\"545\" \/>\n\t<meta property=\"og:image:height\" content=\"600\" \/>\n\t<meta property=\"og:image:type\" content=\"image\/png\" \/>\n<meta name=\"twitter:card\" content=\"summary_large_image\" \/>\n<script type=\"application\/ld+json\" class=\"yoast-schema-graph\">{\"@context\":\"https:\/\/schema.org\",\"@graph\":[{\"@type\":\"WebPage\",\"@id\":\"https:\/\/www.radper.com\/fr\/catalogues\/controle-de-process\/communication-industrielle\/maitre-io-link-ice1-8iol-s2-g60l-v1d-pepperlfuchs\/\",\"url\":\"https:\/\/www.radper.com\/fr\/catalogues\/controle-de-process\/communication-industrielle\/maitre-io-link-ice1-8iol-s2-g60l-v1d-pepperlfuchs\/\",\"name\":\"Ma\u00eetre IO-Link ICE1-8IOL-S2-G60L-V1D PEPPERL+FUCHS - Radper\",\"isPartOf\":{\"@id\":\"https:\/\/www.radper.com\/fr\/#website\"},\"primaryImageOfPage\":{\"@id\":\"https:\/\/www.radper.com\/fr\/catalogues\/controle-de-process\/communication-industrielle\/maitre-io-link-ice1-8iol-s2-g60l-v1d-pepperlfuchs\/#primaryimage\"},\"image\":{\"@id\":\"https:\/\/www.radper.com\/fr\/catalogues\/controle-de-process\/communication-industrielle\/maitre-io-link-ice1-8iol-s2-g60l-v1d-pepperlfuchs\/#primaryimage\"},\"thumbnailUrl\":\"https:\/\/www.radper.com\/wp-content\/uploads\/2022\/11\/b243292a.png\",\"datePublished\":\"2022-11-18T12:19:50+00:00\",\"dateModified\":\"2026-04-27T01:08:46+00:00\",\"breadcrumb\":{\"@id\":\"https:\/\/www.radper.com\/fr\/catalogues\/controle-de-process\/communication-industrielle\/maitre-io-link-ice1-8iol-s2-g60l-v1d-pepperlfuchs\/#breadcrumb\"},\"inLanguage\":\"fr-FR\",\"potentialAction\":[{\"@type\":\"ReadAction\",\"target\":[\"https:\/\/www.radper.com\/fr\/catalogues\/controle-de-process\/communication-industrielle\/maitre-io-link-ice1-8iol-s2-g60l-v1d-pepperlfuchs\/\"]}]},{\"@type\":\"ImageObject\",\"inLanguage\":\"fr-FR\",\"@id\":\"https:\/\/www.radper.com\/fr\/catalogues\/controle-de-process\/communication-industrielle\/maitre-io-link-ice1-8iol-s2-g60l-v1d-pepperlfuchs\/#primaryimage\",\"url\":\"https:\/\/www.radper.com\/wp-content\/uploads\/2022\/11\/b243292a.png\",\"contentUrl\":\"https:\/\/www.radper.com\/wp-content\/uploads\/2022\/11\/b243292a.png\",\"width\":545,\"height\":600},{\"@type\":\"BreadcrumbList\",\"@id\":\"https:\/\/www.radper.com\/fr\/catalogues\/controle-de-process\/communication-industrielle\/maitre-io-link-ice1-8iol-s2-g60l-v1d-pepperlfuchs\/#breadcrumb\",\"itemListElement\":[{\"@type\":\"ListItem\",\"position\":1,\"name\":\"Accueil\",\"item\":\"https:\/\/www.radper.com\/fr\/\"},{\"@type\":\"ListItem\",\"position\":2,\"name\":\"Catalogue\",\"item\":\"https:\/\/www.radper.com\/fr\/catalogue\/\"},{\"@type\":\"ListItem\",\"position\":3,\"name\":\"Ma\u00eetre IO-Link ICE1-8IOL-S2-G60L-V1D PEPPERL+FUCHS\"}]},{\"@type\":\"WebSite\",\"@id\":\"https:\/\/www.radper.com\/fr\/#website\",\"url\":\"https:\/\/www.radper.com\/fr\/\",\"name\":\"Radper\",\"description\":\"\",\"publisher\":{\"@id\":\"https:\/\/www.radper.com\/fr\/#organization\"},\"potentialAction\":[{\"@type\":\"SearchAction\",\"target\":{\"@type\":\"EntryPoint\",\"urlTemplate\":\"https:\/\/www.radper.com\/fr\/?s={search_term_string}\"},\"query-input\":{\"@type\":\"PropertyValueSpecification\",\"valueRequired\":true,\"valueName\":\"search_term_string\"}}],\"inLanguage\":\"fr-FR\"},{\"@type\":\"Organization\",\"@id\":\"https:\/\/www.radper.com\/fr\/#organization\",\"name\":\"radper\",\"url\":\"https:\/\/www.radper.com\/fr\/\",\"logo\":{\"@type\":\"ImageObject\",\"inLanguage\":\"fr-FR\",\"@id\":\"https:\/\/www.radper.com\/fr\/#\/schema\/logo\/image\/\",\"url\":\"https:\/\/radper.com\/wp-content\/uploads\/2021\/04\/logo-wide-11.png\",\"contentUrl\":\"https:\/\/radper.com\/wp-content\/uploads\/2021\/04\/logo-wide-11.png\",\"width\":250,\"height\":110,\"caption\":\"radper\"},\"image\":{\"@id\":\"https:\/\/www.radper.com\/fr\/#\/schema\/logo\/image\/\"}}]}<\/script>\n<!-- \/ Yoast SEO plugin. -->","yoast_head_json":{"title":"Ma\u00eetre IO-Link ICE1-8IOL-S2-G60L-V1D PEPPERL+FUCHS - Radper","robots":{"index":"index","follow":"follow","max-snippet":"max-snippet:-1","max-image-preview":"max-image-preview:large","max-video-preview":"max-video-preview:-1"},"canonical":"https:\/\/www.radper.com\/fr\/catalogues\/controle-de-process\/communication-industrielle\/maitre-io-link-ice1-8iol-s2-g60l-v1d-pepperlfuchs\/","og_locale":"fr_FR","og_type":"article","og_title":"Ma\u00eetre IO-Link ICE1-8IOL-S2-G60L-V1D PEPPERL+FUCHS - Radper","og_description":"ICE1-8IOL-S2-G60L-V1D","og_url":"https:\/\/www.radper.com\/fr\/catalogues\/controle-de-process\/communication-industrielle\/maitre-io-link-ice1-8iol-s2-g60l-v1d-pepperlfuchs\/","og_site_name":"Radper","article_modified_time":"2026-04-27T01:08:46+00:00","og_image":[{"width":545,"height":600,"url":"https:\/\/www.radper.com\/wp-content\/uploads\/2022\/11\/b243292a.png","type":"image\/png"}],"twitter_card":"summary_large_image","schema":{"@context":"https:\/\/schema.org","@graph":[{"@type":"WebPage","@id":"https:\/\/www.radper.com\/fr\/catalogues\/controle-de-process\/communication-industrielle\/maitre-io-link-ice1-8iol-s2-g60l-v1d-pepperlfuchs\/","url":"https:\/\/www.radper.com\/fr\/catalogues\/controle-de-process\/communication-industrielle\/maitre-io-link-ice1-8iol-s2-g60l-v1d-pepperlfuchs\/","name":"Ma\u00eetre IO-Link ICE1-8IOL-S2-G60L-V1D PEPPERL+FUCHS - Radper","isPartOf":{"@id":"https:\/\/www.radper.com\/fr\/#website"},"primaryImageOfPage":{"@id":"https:\/\/www.radper.com\/fr\/catalogues\/controle-de-process\/communication-industrielle\/maitre-io-link-ice1-8iol-s2-g60l-v1d-pepperlfuchs\/#primaryimage"},"image":{"@id":"https:\/\/www.radper.com\/fr\/catalogues\/controle-de-process\/communication-industrielle\/maitre-io-link-ice1-8iol-s2-g60l-v1d-pepperlfuchs\/#primaryimage"},"thumbnailUrl":"https:\/\/www.radper.com\/wp-content\/uploads\/2022\/11\/b243292a.png","datePublished":"2022-11-18T12:19:50+00:00","dateModified":"2026-04-27T01:08:46+00:00","breadcrumb":{"@id":"https:\/\/www.radper.com\/fr\/catalogues\/controle-de-process\/communication-industrielle\/maitre-io-link-ice1-8iol-s2-g60l-v1d-pepperlfuchs\/#breadcrumb"},"inLanguage":"fr-FR","potentialAction":[{"@type":"ReadAction","target":["https:\/\/www.radper.com\/fr\/catalogues\/controle-de-process\/communication-industrielle\/maitre-io-link-ice1-8iol-s2-g60l-v1d-pepperlfuchs\/"]}]},{"@type":"ImageObject","inLanguage":"fr-FR","@id":"https:\/\/www.radper.com\/fr\/catalogues\/controle-de-process\/communication-industrielle\/maitre-io-link-ice1-8iol-s2-g60l-v1d-pepperlfuchs\/#primaryimage","url":"https:\/\/www.radper.com\/wp-content\/uploads\/2022\/11\/b243292a.png","contentUrl":"https:\/\/www.radper.com\/wp-content\/uploads\/2022\/11\/b243292a.png","width":545,"height":600},{"@type":"BreadcrumbList","@id":"https:\/\/www.radper.com\/fr\/catalogues\/controle-de-process\/communication-industrielle\/maitre-io-link-ice1-8iol-s2-g60l-v1d-pepperlfuchs\/#breadcrumb","itemListElement":[{"@type":"ListItem","position":1,"name":"Accueil","item":"https:\/\/www.radper.com\/fr\/"},{"@type":"ListItem","position":2,"name":"Catalogue","item":"https:\/\/www.radper.com\/fr\/catalogue\/"},{"@type":"ListItem","position":3,"name":"Ma\u00eetre IO-Link ICE1-8IOL-S2-G60L-V1D PEPPERL+FUCHS"}]},{"@type":"WebSite","@id":"https:\/\/www.radper.com\/fr\/#website","url":"https:\/\/www.radper.com\/fr\/","name":"Radper","description":"","publisher":{"@id":"https:\/\/www.radper.com\/fr\/#organization"},"potentialAction":[{"@type":"SearchAction","target":{"@type":"EntryPoint","urlTemplate":"https:\/\/www.radper.com\/fr\/?s={search_term_string}"},"query-input":{"@type":"PropertyValueSpecification","valueRequired":true,"valueName":"search_term_string"}}],"inLanguage":"fr-FR"},{"@type":"Organization","@id":"https:\/\/www.radper.com\/fr\/#organization","name":"radper","url":"https:\/\/www.radper.com\/fr\/","logo":{"@type":"ImageObject","inLanguage":"fr-FR","@id":"https:\/\/www.radper.com\/fr\/#\/schema\/logo\/image\/","url":"https:\/\/radper.com\/wp-content\/uploads\/2021\/04\/logo-wide-11.png","contentUrl":"https:\/\/radper.com\/wp-content\/uploads\/2021\/04\/logo-wide-11.png","width":250,"height":110,"caption":"radper"},"image":{"@id":"https:\/\/www.radper.com\/fr\/#\/schema\/logo\/image\/"}}]}},"_links":{"self":[{"href":"https:\/\/www.radper.com\/fr\/wp-json\/wp\/v2\/product\/18258","targetHints":{"allow":["GET"]}}],"collection":[{"href":"https:\/\/www.radper.com\/fr\/wp-json\/wp\/v2\/product"}],"about":[{"href":"https:\/\/www.radper.com\/fr\/wp-json\/wp\/v2\/types\/product"}],"wp:featuredmedia":[{"embeddable":true,"href":"https:\/\/www.radper.com\/fr\/wp-json\/wp\/v2\/media\/18173"}],"wp:attachment":[{"href":"https:\/\/www.radper.com\/fr\/wp-json\/wp\/v2\/media?parent=18258"}],"wp:term":[{"taxonomy":"product_brand","embeddable":true,"href":"https:\/\/www.radper.com\/fr\/wp-json\/wp\/v2\/product_brand?post=18258"},{"taxonomy":"product_cat","embeddable":true,"href":"https:\/\/www.radper.com\/fr\/wp-json\/wp\/v2\/product_cat?post=18258"},{"taxonomy":"product_tag","embeddable":true,"href":"https:\/\/www.radper.com\/fr\/wp-json\/wp\/v2\/product_tag?post=18258"}],"curies":[{"name":"wp","href":"https:\/\/api.w.org\/{rel}","templated":true}]}}