{"id":18767,"date":"2022-11-21T13:08:53","date_gmt":"2022-11-21T13:08:53","guid":{"rendered":"https:\/\/www.radper.com\/produit\/bouton-darret-durgence-vaz-2e1a-f85a-s-pepperlfuchs\/"},"modified":"2026-04-20T05:03:17","modified_gmt":"2026-04-20T05:03:17","slug":"bouton-darret-durgence-vaz-2e1a-f85a-s-pepperlfuchs","status":"publish","type":"product","link":"https:\/\/www.radper.com\/fr\/catalogues\/controle-de-process\/communication-industrielle\/bouton-darret-durgence-vaz-2e1a-f85a-s-pepperlfuchs\/","title":{"rendered":"Bouton d&rsquo;arr\u00eat d&rsquo;urgence VAZ-2E1A-F85A-S PEPPERL+FUCHS"},"content":{"rendered":"<p>Bouton d&rsquo;arr\u00eat d&rsquo;urgence VAZ-2E1A-F85A-S PEPPERL+FUCHS, Tension assign\u00e9e d&#8217;emploi 24 V C.A.\/C.C., \u00b1 10 %, Courant assign\u00e9 d&#8217;emploi 14 mA, R\u00e9sistance d&rsquo;isolement 14 mA, nombre\/type d&rsquo;entr\u00e9e 2 \u00e0 ouverture<br \/>\nFonction de s\u00e9curit\u00e9 par ouverture positive<br \/>\nconform\u00e9ment \u00e0 la norme CEI\/EN 60947-5-1<br \/>\nR\u00e9armage par extraction ou rotation, Alimentation entr\u00e9e 24 V C.A.\/C.C.<\/p>\n","protected":false},"excerpt":{"rendered":"<p>VAZ-2E1A-F85A-S<\/p>\n","protected":false},"featured_media":39015,"template":"","meta":{"_acf_changed":false},"product_brand":[],"product_cat":[3023],"product_tag":[],"class_list":{"0":"post-18767","1":"product","2":"type-product","3":"status-publish","4":"has-post-thumbnail","6":"product_cat-communication-industrielle","7":"pa_marque-pepperlfuchs","9":"first","10":"instock","11":"featured","12":"taxable","13":"shipping-taxable","14":"product-type-simple"},"acf":[],"yoast_head":"<!-- This site is optimized with the Yoast SEO plugin v26.2 - https:\/\/yoast.com\/wordpress\/plugins\/seo\/ -->\n<title>Bouton d&#039;arr\u00eat d&#039;urgence VAZ-2E1A-F85A-S PEPPERL+FUCHS - Radper<\/title>\n<meta name=\"robots\" content=\"index, follow, max-snippet:-1, max-image-preview:large, max-video-preview:-1\" \/>\n<link rel=\"canonical\" href=\"https:\/\/www.radper.com\/fr\/catalogues\/controle-de-process\/communication-industrielle\/bouton-darret-durgence-vaz-2e1a-f85a-s-pepperlfuchs\/\" \/>\n<meta property=\"og:locale\" content=\"fr_FR\" \/>\n<meta property=\"og:type\" content=\"article\" \/>\n<meta property=\"og:title\" content=\"Bouton d&#039;arr\u00eat d&#039;urgence VAZ-2E1A-F85A-S PEPPERL+FUCHS - Radper\" \/>\n<meta property=\"og:description\" content=\"VAZ-2E1A-F85A-S\" \/>\n<meta property=\"og:url\" content=\"https:\/\/www.radper.com\/fr\/catalogues\/controle-de-process\/communication-industrielle\/bouton-darret-durgence-vaz-2e1a-f85a-s-pepperlfuchs\/\" \/>\n<meta property=\"og:site_name\" content=\"Radper\" \/>\n<meta property=\"article:modified_time\" content=\"2026-04-20T05:03:17+00:00\" \/>\n<meta property=\"og:image\" content=\"https:\/\/www.radper.com\/wp-content\/uploads\/2022\/12\/b237448a.png\" \/>\n\t<meta property=\"og:image:width\" content=\"600\" \/>\n\t<meta property=\"og:image:height\" content=\"600\" \/>\n\t<meta property=\"og:image:type\" content=\"image\/png\" \/>\n<meta name=\"twitter:card\" content=\"summary_large_image\" \/>\n<script type=\"application\/ld+json\" class=\"yoast-schema-graph\">{\"@context\":\"https:\/\/schema.org\",\"@graph\":[{\"@type\":\"WebPage\",\"@id\":\"https:\/\/www.radper.com\/fr\/catalogues\/controle-de-process\/communication-industrielle\/bouton-darret-durgence-vaz-2e1a-f85a-s-pepperlfuchs\/\",\"url\":\"https:\/\/www.radper.com\/fr\/catalogues\/controle-de-process\/communication-industrielle\/bouton-darret-durgence-vaz-2e1a-f85a-s-pepperlfuchs\/\",\"name\":\"Bouton d'arr\u00eat d'urgence VAZ-2E1A-F85A-S PEPPERL+FUCHS - Radper\",\"isPartOf\":{\"@id\":\"https:\/\/www.radper.com\/fr\/#website\"},\"primaryImageOfPage\":{\"@id\":\"https:\/\/www.radper.com\/fr\/catalogues\/controle-de-process\/communication-industrielle\/bouton-darret-durgence-vaz-2e1a-f85a-s-pepperlfuchs\/#primaryimage\"},\"image\":{\"@id\":\"https:\/\/www.radper.com\/fr\/catalogues\/controle-de-process\/communication-industrielle\/bouton-darret-durgence-vaz-2e1a-f85a-s-pepperlfuchs\/#primaryimage\"},\"thumbnailUrl\":\"https:\/\/www.radper.com\/wp-content\/uploads\/2022\/12\/b237448a.png\",\"datePublished\":\"2022-11-21T13:08:53+00:00\",\"dateModified\":\"2026-04-20T05:03:17+00:00\",\"breadcrumb\":{\"@id\":\"https:\/\/www.radper.com\/fr\/catalogues\/controle-de-process\/communication-industrielle\/bouton-darret-durgence-vaz-2e1a-f85a-s-pepperlfuchs\/#breadcrumb\"},\"inLanguage\":\"fr-FR\",\"potentialAction\":[{\"@type\":\"ReadAction\",\"target\":[\"https:\/\/www.radper.com\/fr\/catalogues\/controle-de-process\/communication-industrielle\/bouton-darret-durgence-vaz-2e1a-f85a-s-pepperlfuchs\/\"]}]},{\"@type\":\"ImageObject\",\"inLanguage\":\"fr-FR\",\"@id\":\"https:\/\/www.radper.com\/fr\/catalogues\/controle-de-process\/communication-industrielle\/bouton-darret-durgence-vaz-2e1a-f85a-s-pepperlfuchs\/#primaryimage\",\"url\":\"https:\/\/www.radper.com\/wp-content\/uploads\/2022\/12\/b237448a.png\",\"contentUrl\":\"https:\/\/www.radper.com\/wp-content\/uploads\/2022\/12\/b237448a.png\",\"width\":600,\"height\":600},{\"@type\":\"BreadcrumbList\",\"@id\":\"https:\/\/www.radper.com\/fr\/catalogues\/controle-de-process\/communication-industrielle\/bouton-darret-durgence-vaz-2e1a-f85a-s-pepperlfuchs\/#breadcrumb\",\"itemListElement\":[{\"@type\":\"ListItem\",\"position\":1,\"name\":\"Accueil\",\"item\":\"https:\/\/www.radper.com\/fr\/\"},{\"@type\":\"ListItem\",\"position\":2,\"name\":\"Catalogue\",\"item\":\"https:\/\/www.radper.com\/fr\/catalogue\/\"},{\"@type\":\"ListItem\",\"position\":3,\"name\":\"Bouton d&rsquo;arr\u00eat d&rsquo;urgence VAZ-2E1A-F85A-S PEPPERL+FUCHS\"}]},{\"@type\":\"WebSite\",\"@id\":\"https:\/\/www.radper.com\/fr\/#website\",\"url\":\"https:\/\/www.radper.com\/fr\/\",\"name\":\"Radper\",\"description\":\"\",\"publisher\":{\"@id\":\"https:\/\/www.radper.com\/fr\/#organization\"},\"potentialAction\":[{\"@type\":\"SearchAction\",\"target\":{\"@type\":\"EntryPoint\",\"urlTemplate\":\"https:\/\/www.radper.com\/fr\/?s={search_term_string}\"},\"query-input\":{\"@type\":\"PropertyValueSpecification\",\"valueRequired\":true,\"valueName\":\"search_term_string\"}}],\"inLanguage\":\"fr-FR\"},{\"@type\":\"Organization\",\"@id\":\"https:\/\/www.radper.com\/fr\/#organization\",\"name\":\"radper\",\"url\":\"https:\/\/www.radper.com\/fr\/\",\"logo\":{\"@type\":\"ImageObject\",\"inLanguage\":\"fr-FR\",\"@id\":\"https:\/\/www.radper.com\/fr\/#\/schema\/logo\/image\/\",\"url\":\"https:\/\/radper.com\/wp-content\/uploads\/2021\/04\/logo-wide-11.png\",\"contentUrl\":\"https:\/\/radper.com\/wp-content\/uploads\/2021\/04\/logo-wide-11.png\",\"width\":250,\"height\":110,\"caption\":\"radper\"},\"image\":{\"@id\":\"https:\/\/www.radper.com\/fr\/#\/schema\/logo\/image\/\"}}]}<\/script>\n<!-- \/ Yoast SEO plugin. -->","yoast_head_json":{"title":"Bouton d'arr\u00eat d'urgence VAZ-2E1A-F85A-S PEPPERL+FUCHS - Radper","robots":{"index":"index","follow":"follow","max-snippet":"max-snippet:-1","max-image-preview":"max-image-preview:large","max-video-preview":"max-video-preview:-1"},"canonical":"https:\/\/www.radper.com\/fr\/catalogues\/controle-de-process\/communication-industrielle\/bouton-darret-durgence-vaz-2e1a-f85a-s-pepperlfuchs\/","og_locale":"fr_FR","og_type":"article","og_title":"Bouton d'arr\u00eat d'urgence VAZ-2E1A-F85A-S PEPPERL+FUCHS - Radper","og_description":"VAZ-2E1A-F85A-S","og_url":"https:\/\/www.radper.com\/fr\/catalogues\/controle-de-process\/communication-industrielle\/bouton-darret-durgence-vaz-2e1a-f85a-s-pepperlfuchs\/","og_site_name":"Radper","article_modified_time":"2026-04-20T05:03:17+00:00","og_image":[{"width":600,"height":600,"url":"https:\/\/www.radper.com\/wp-content\/uploads\/2022\/12\/b237448a.png","type":"image\/png"}],"twitter_card":"summary_large_image","schema":{"@context":"https:\/\/schema.org","@graph":[{"@type":"WebPage","@id":"https:\/\/www.radper.com\/fr\/catalogues\/controle-de-process\/communication-industrielle\/bouton-darret-durgence-vaz-2e1a-f85a-s-pepperlfuchs\/","url":"https:\/\/www.radper.com\/fr\/catalogues\/controle-de-process\/communication-industrielle\/bouton-darret-durgence-vaz-2e1a-f85a-s-pepperlfuchs\/","name":"Bouton d'arr\u00eat d'urgence VAZ-2E1A-F85A-S PEPPERL+FUCHS - Radper","isPartOf":{"@id":"https:\/\/www.radper.com\/fr\/#website"},"primaryImageOfPage":{"@id":"https:\/\/www.radper.com\/fr\/catalogues\/controle-de-process\/communication-industrielle\/bouton-darret-durgence-vaz-2e1a-f85a-s-pepperlfuchs\/#primaryimage"},"image":{"@id":"https:\/\/www.radper.com\/fr\/catalogues\/controle-de-process\/communication-industrielle\/bouton-darret-durgence-vaz-2e1a-f85a-s-pepperlfuchs\/#primaryimage"},"thumbnailUrl":"https:\/\/www.radper.com\/wp-content\/uploads\/2022\/12\/b237448a.png","datePublished":"2022-11-21T13:08:53+00:00","dateModified":"2026-04-20T05:03:17+00:00","breadcrumb":{"@id":"https:\/\/www.radper.com\/fr\/catalogues\/controle-de-process\/communication-industrielle\/bouton-darret-durgence-vaz-2e1a-f85a-s-pepperlfuchs\/#breadcrumb"},"inLanguage":"fr-FR","potentialAction":[{"@type":"ReadAction","target":["https:\/\/www.radper.com\/fr\/catalogues\/controle-de-process\/communication-industrielle\/bouton-darret-durgence-vaz-2e1a-f85a-s-pepperlfuchs\/"]}]},{"@type":"ImageObject","inLanguage":"fr-FR","@id":"https:\/\/www.radper.com\/fr\/catalogues\/controle-de-process\/communication-industrielle\/bouton-darret-durgence-vaz-2e1a-f85a-s-pepperlfuchs\/#primaryimage","url":"https:\/\/www.radper.com\/wp-content\/uploads\/2022\/12\/b237448a.png","contentUrl":"https:\/\/www.radper.com\/wp-content\/uploads\/2022\/12\/b237448a.png","width":600,"height":600},{"@type":"BreadcrumbList","@id":"https:\/\/www.radper.com\/fr\/catalogues\/controle-de-process\/communication-industrielle\/bouton-darret-durgence-vaz-2e1a-f85a-s-pepperlfuchs\/#breadcrumb","itemListElement":[{"@type":"ListItem","position":1,"name":"Accueil","item":"https:\/\/www.radper.com\/fr\/"},{"@type":"ListItem","position":2,"name":"Catalogue","item":"https:\/\/www.radper.com\/fr\/catalogue\/"},{"@type":"ListItem","position":3,"name":"Bouton d&rsquo;arr\u00eat d&rsquo;urgence VAZ-2E1A-F85A-S PEPPERL+FUCHS"}]},{"@type":"WebSite","@id":"https:\/\/www.radper.com\/fr\/#website","url":"https:\/\/www.radper.com\/fr\/","name":"Radper","description":"","publisher":{"@id":"https:\/\/www.radper.com\/fr\/#organization"},"potentialAction":[{"@type":"SearchAction","target":{"@type":"EntryPoint","urlTemplate":"https:\/\/www.radper.com\/fr\/?s={search_term_string}"},"query-input":{"@type":"PropertyValueSpecification","valueRequired":true,"valueName":"search_term_string"}}],"inLanguage":"fr-FR"},{"@type":"Organization","@id":"https:\/\/www.radper.com\/fr\/#organization","name":"radper","url":"https:\/\/www.radper.com\/fr\/","logo":{"@type":"ImageObject","inLanguage":"fr-FR","@id":"https:\/\/www.radper.com\/fr\/#\/schema\/logo\/image\/","url":"https:\/\/radper.com\/wp-content\/uploads\/2021\/04\/logo-wide-11.png","contentUrl":"https:\/\/radper.com\/wp-content\/uploads\/2021\/04\/logo-wide-11.png","width":250,"height":110,"caption":"radper"},"image":{"@id":"https:\/\/www.radper.com\/fr\/#\/schema\/logo\/image\/"}}]}},"_links":{"self":[{"href":"https:\/\/www.radper.com\/fr\/wp-json\/wp\/v2\/product\/18767","targetHints":{"allow":["GET"]}}],"collection":[{"href":"https:\/\/www.radper.com\/fr\/wp-json\/wp\/v2\/product"}],"about":[{"href":"https:\/\/www.radper.com\/fr\/wp-json\/wp\/v2\/types\/product"}],"wp:featuredmedia":[{"embeddable":true,"href":"https:\/\/www.radper.com\/fr\/wp-json\/wp\/v2\/media\/39015"}],"wp:attachment":[{"href":"https:\/\/www.radper.com\/fr\/wp-json\/wp\/v2\/media?parent=18767"}],"wp:term":[{"taxonomy":"product_brand","embeddable":true,"href":"https:\/\/www.radper.com\/fr\/wp-json\/wp\/v2\/product_brand?post=18767"},{"taxonomy":"product_cat","embeddable":true,"href":"https:\/\/www.radper.com\/fr\/wp-json\/wp\/v2\/product_cat?post=18767"},{"taxonomy":"product_tag","embeddable":true,"href":"https:\/\/www.radper.com\/fr\/wp-json\/wp\/v2\/product_tag?post=18767"}],"curies":[{"name":"wp","href":"https:\/\/api.w.org\/{rel}","templated":true}]}}