{"id":20032,"date":"2022-11-24T14:44:22","date_gmt":"2022-11-24T14:44:22","guid":{"rendered":"https:\/\/www.radper.com\/produit\/controleurs-pfc200-2eme-generation-4-x-ethernet-750-8210-wago\/"},"modified":"2026-05-01T02:09:43","modified_gmt":"2026-05-01T02:09:43","slug":"controleurs-pfc200-750-8210-wago","status":"publish","type":"product","link":"https:\/\/www.radper.com\/fr\/catalogues\/controle-de-process\/automates-programmables\/controleurs-pfc200-750-8210-wago\/","title":{"rendered":"Contr\u00f4leurs PFC200 750-8210 WAGO"},"content":{"rendered":"<p>Contr\u00f4leurs PFC200; 2\u00e8me g\u00e9n\u00e9ration; 4 x ETHERNET 750-8210 WAGO, Communication Modbus (TCP, UDP)<br \/>\nETHERNET<br \/>\nEtherNet\/IPTM-Adapter (esclave), Biblioth\u00e8que pour e!RUNTIME<br \/>\nMQTT<br \/>\nEtherCAT-Master, n\u00e9cessite une licence suppl\u00e9mentaire<br \/>\nBACnet\/IP, n\u00e9cessite une licence suppl\u00e9mentaire<br \/>\nProtocole de t\u00e9l\u00e9contr\u00f4le (n\u00e9cessite une licence suppl\u00e9mentaire sur l&rsquo;appareil), Protocole Ethernet DHCP<br \/>\nDNS<br \/>\nNTP<br \/>\nFTP<br \/>\nFTPS<br \/>\nSNMP<br \/>\nHTTP<br \/>\nHTTPS<br \/>\nSSH, Protocoles de t\u00e9l\u00e9contr\u00f4le IEC 60870-5-101\/-103\/-104 (additional license as slave or master)<br \/>\nIEC-61850 (additional license as Client 300)<br \/>\nDNP3 (additional license as Slave or Master 300)<br \/>\nIEC 60870-5-101\/-103\/-104 (Zusatzlizenz als Slave oder Master)<br \/>\nIEC-61850 (Zusatzlizenz als Client 300)<br \/>\nDNP3 (Zusatzlizenz als Slave oder Master 300), Visualisation Visualisation Web, Syst\u00e8me d&rsquo;exploitation Linux Temps r\u00e9el (avec patch pr\u00e9emption RT), CPU Cortex A8 ; 1 GHz<\/p>\n","protected":false},"excerpt":{"rendered":"<p>750-8210<\/p>\n","protected":false},"featured_media":38507,"template":"","meta":{"_acf_changed":false},"product_brand":[],"product_cat":[1200],"product_tag":[],"class_list":{"0":"post-20032","1":"product","2":"type-product","3":"status-publish","4":"has-post-thumbnail","6":"product_cat-automates-programmables","7":"pa_marque-wago","9":"first","10":"instock","11":"featured","12":"taxable","13":"shipping-taxable","14":"product-type-simple"},"acf":[],"yoast_head":"<!-- This site is optimized with the Yoast SEO plugin v26.2 - https:\/\/yoast.com\/wordpress\/plugins\/seo\/ -->\n<title>Contr\u00f4leurs PFC200 750-8210 WAGO - Radper<\/title>\n<meta name=\"robots\" content=\"index, follow, max-snippet:-1, max-image-preview:large, max-video-preview:-1\" \/>\n<link rel=\"canonical\" href=\"https:\/\/www.radper.com\/fr\/catalogues\/controle-de-process\/automates-programmables\/controleurs-pfc200-750-8210-wago\/\" \/>\n<meta property=\"og:locale\" content=\"fr_FR\" \/>\n<meta property=\"og:type\" content=\"article\" \/>\n<meta property=\"og:title\" content=\"Contr\u00f4leurs PFC200 750-8210 WAGO - Radper\" \/>\n<meta property=\"og:description\" content=\"750-8210\" \/>\n<meta property=\"og:url\" content=\"https:\/\/www.radper.com\/fr\/catalogues\/controle-de-process\/automates-programmables\/controleurs-pfc200-750-8210-wago\/\" \/>\n<meta property=\"og:site_name\" content=\"Radper\" \/>\n<meta property=\"article:modified_time\" content=\"2026-05-01T02:09:43+00:00\" \/>\n<meta property=\"og:image\" content=\"https:\/\/www.radper.com\/wp-content\/uploads\/2022\/12\/1024-1778610-DE.jpg\" \/>\n\t<meta property=\"og:image:width\" content=\"600\" \/>\n\t<meta property=\"og:image:height\" content=\"600\" \/>\n\t<meta property=\"og:image:type\" content=\"image\/jpeg\" \/>\n<meta name=\"twitter:card\" content=\"summary_large_image\" \/>\n<meta name=\"twitter:label1\" content=\"Dur\u00e9e de lecture estim\u00e9e\" \/>\n\t<meta name=\"twitter:data1\" content=\"1 minute\" \/>\n<script type=\"application\/ld+json\" class=\"yoast-schema-graph\">{\"@context\":\"https:\/\/schema.org\",\"@graph\":[{\"@type\":\"WebPage\",\"@id\":\"https:\/\/www.radper.com\/fr\/catalogues\/controle-de-process\/automates-programmables\/controleurs-pfc200-750-8210-wago\/\",\"url\":\"https:\/\/www.radper.com\/fr\/catalogues\/controle-de-process\/automates-programmables\/controleurs-pfc200-750-8210-wago\/\",\"name\":\"Contr\u00f4leurs PFC200 750-8210 WAGO - Radper\",\"isPartOf\":{\"@id\":\"https:\/\/www.radper.com\/fr\/#website\"},\"primaryImageOfPage\":{\"@id\":\"https:\/\/www.radper.com\/fr\/catalogues\/controle-de-process\/automates-programmables\/controleurs-pfc200-750-8210-wago\/#primaryimage\"},\"image\":{\"@id\":\"https:\/\/www.radper.com\/fr\/catalogues\/controle-de-process\/automates-programmables\/controleurs-pfc200-750-8210-wago\/#primaryimage\"},\"thumbnailUrl\":\"https:\/\/www.radper.com\/wp-content\/uploads\/2022\/12\/1024-1778610-DE.jpg\",\"datePublished\":\"2022-11-24T14:44:22+00:00\",\"dateModified\":\"2026-05-01T02:09:43+00:00\",\"breadcrumb\":{\"@id\":\"https:\/\/www.radper.com\/fr\/catalogues\/controle-de-process\/automates-programmables\/controleurs-pfc200-750-8210-wago\/#breadcrumb\"},\"inLanguage\":\"fr-FR\",\"potentialAction\":[{\"@type\":\"ReadAction\",\"target\":[\"https:\/\/www.radper.com\/fr\/catalogues\/controle-de-process\/automates-programmables\/controleurs-pfc200-750-8210-wago\/\"]}]},{\"@type\":\"ImageObject\",\"inLanguage\":\"fr-FR\",\"@id\":\"https:\/\/www.radper.com\/fr\/catalogues\/controle-de-process\/automates-programmables\/controleurs-pfc200-750-8210-wago\/#primaryimage\",\"url\":\"https:\/\/www.radper.com\/wp-content\/uploads\/2022\/12\/1024-1778610-DE.jpg\",\"contentUrl\":\"https:\/\/www.radper.com\/wp-content\/uploads\/2022\/12\/1024-1778610-DE.jpg\",\"width\":600,\"height\":600},{\"@type\":\"BreadcrumbList\",\"@id\":\"https:\/\/www.radper.com\/fr\/catalogues\/controle-de-process\/automates-programmables\/controleurs-pfc200-750-8210-wago\/#breadcrumb\",\"itemListElement\":[{\"@type\":\"ListItem\",\"position\":1,\"name\":\"Accueil\",\"item\":\"https:\/\/www.radper.com\/fr\/\"},{\"@type\":\"ListItem\",\"position\":2,\"name\":\"Catalogue\",\"item\":\"https:\/\/www.radper.com\/fr\/catalogue\/\"},{\"@type\":\"ListItem\",\"position\":3,\"name\":\"Contr\u00f4leurs PFC200 750-8210 WAGO\"}]},{\"@type\":\"WebSite\",\"@id\":\"https:\/\/www.radper.com\/fr\/#website\",\"url\":\"https:\/\/www.radper.com\/fr\/\",\"name\":\"Radper\",\"description\":\"\",\"publisher\":{\"@id\":\"https:\/\/www.radper.com\/fr\/#organization\"},\"potentialAction\":[{\"@type\":\"SearchAction\",\"target\":{\"@type\":\"EntryPoint\",\"urlTemplate\":\"https:\/\/www.radper.com\/fr\/?s={search_term_string}\"},\"query-input\":{\"@type\":\"PropertyValueSpecification\",\"valueRequired\":true,\"valueName\":\"search_term_string\"}}],\"inLanguage\":\"fr-FR\"},{\"@type\":\"Organization\",\"@id\":\"https:\/\/www.radper.com\/fr\/#organization\",\"name\":\"radper\",\"url\":\"https:\/\/www.radper.com\/fr\/\",\"logo\":{\"@type\":\"ImageObject\",\"inLanguage\":\"fr-FR\",\"@id\":\"https:\/\/www.radper.com\/fr\/#\/schema\/logo\/image\/\",\"url\":\"https:\/\/radper.com\/wp-content\/uploads\/2021\/04\/logo-wide-11.png\",\"contentUrl\":\"https:\/\/radper.com\/wp-content\/uploads\/2021\/04\/logo-wide-11.png\",\"width\":250,\"height\":110,\"caption\":\"radper\"},\"image\":{\"@id\":\"https:\/\/www.radper.com\/fr\/#\/schema\/logo\/image\/\"}}]}<\/script>\n<!-- \/ Yoast SEO plugin. -->","yoast_head_json":{"title":"Contr\u00f4leurs PFC200 750-8210 WAGO - Radper","robots":{"index":"index","follow":"follow","max-snippet":"max-snippet:-1","max-image-preview":"max-image-preview:large","max-video-preview":"max-video-preview:-1"},"canonical":"https:\/\/www.radper.com\/fr\/catalogues\/controle-de-process\/automates-programmables\/controleurs-pfc200-750-8210-wago\/","og_locale":"fr_FR","og_type":"article","og_title":"Contr\u00f4leurs PFC200 750-8210 WAGO - Radper","og_description":"750-8210","og_url":"https:\/\/www.radper.com\/fr\/catalogues\/controle-de-process\/automates-programmables\/controleurs-pfc200-750-8210-wago\/","og_site_name":"Radper","article_modified_time":"2026-05-01T02:09:43+00:00","og_image":[{"width":600,"height":600,"url":"https:\/\/www.radper.com\/wp-content\/uploads\/2022\/12\/1024-1778610-DE.jpg","type":"image\/jpeg"}],"twitter_card":"summary_large_image","twitter_misc":{"Dur\u00e9e de lecture estim\u00e9e":"1 minute"},"schema":{"@context":"https:\/\/schema.org","@graph":[{"@type":"WebPage","@id":"https:\/\/www.radper.com\/fr\/catalogues\/controle-de-process\/automates-programmables\/controleurs-pfc200-750-8210-wago\/","url":"https:\/\/www.radper.com\/fr\/catalogues\/controle-de-process\/automates-programmables\/controleurs-pfc200-750-8210-wago\/","name":"Contr\u00f4leurs PFC200 750-8210 WAGO - Radper","isPartOf":{"@id":"https:\/\/www.radper.com\/fr\/#website"},"primaryImageOfPage":{"@id":"https:\/\/www.radper.com\/fr\/catalogues\/controle-de-process\/automates-programmables\/controleurs-pfc200-750-8210-wago\/#primaryimage"},"image":{"@id":"https:\/\/www.radper.com\/fr\/catalogues\/controle-de-process\/automates-programmables\/controleurs-pfc200-750-8210-wago\/#primaryimage"},"thumbnailUrl":"https:\/\/www.radper.com\/wp-content\/uploads\/2022\/12\/1024-1778610-DE.jpg","datePublished":"2022-11-24T14:44:22+00:00","dateModified":"2026-05-01T02:09:43+00:00","breadcrumb":{"@id":"https:\/\/www.radper.com\/fr\/catalogues\/controle-de-process\/automates-programmables\/controleurs-pfc200-750-8210-wago\/#breadcrumb"},"inLanguage":"fr-FR","potentialAction":[{"@type":"ReadAction","target":["https:\/\/www.radper.com\/fr\/catalogues\/controle-de-process\/automates-programmables\/controleurs-pfc200-750-8210-wago\/"]}]},{"@type":"ImageObject","inLanguage":"fr-FR","@id":"https:\/\/www.radper.com\/fr\/catalogues\/controle-de-process\/automates-programmables\/controleurs-pfc200-750-8210-wago\/#primaryimage","url":"https:\/\/www.radper.com\/wp-content\/uploads\/2022\/12\/1024-1778610-DE.jpg","contentUrl":"https:\/\/www.radper.com\/wp-content\/uploads\/2022\/12\/1024-1778610-DE.jpg","width":600,"height":600},{"@type":"BreadcrumbList","@id":"https:\/\/www.radper.com\/fr\/catalogues\/controle-de-process\/automates-programmables\/controleurs-pfc200-750-8210-wago\/#breadcrumb","itemListElement":[{"@type":"ListItem","position":1,"name":"Accueil","item":"https:\/\/www.radper.com\/fr\/"},{"@type":"ListItem","position":2,"name":"Catalogue","item":"https:\/\/www.radper.com\/fr\/catalogue\/"},{"@type":"ListItem","position":3,"name":"Contr\u00f4leurs PFC200 750-8210 WAGO"}]},{"@type":"WebSite","@id":"https:\/\/www.radper.com\/fr\/#website","url":"https:\/\/www.radper.com\/fr\/","name":"Radper","description":"","publisher":{"@id":"https:\/\/www.radper.com\/fr\/#organization"},"potentialAction":[{"@type":"SearchAction","target":{"@type":"EntryPoint","urlTemplate":"https:\/\/www.radper.com\/fr\/?s={search_term_string}"},"query-input":{"@type":"PropertyValueSpecification","valueRequired":true,"valueName":"search_term_string"}}],"inLanguage":"fr-FR"},{"@type":"Organization","@id":"https:\/\/www.radper.com\/fr\/#organization","name":"radper","url":"https:\/\/www.radper.com\/fr\/","logo":{"@type":"ImageObject","inLanguage":"fr-FR","@id":"https:\/\/www.radper.com\/fr\/#\/schema\/logo\/image\/","url":"https:\/\/radper.com\/wp-content\/uploads\/2021\/04\/logo-wide-11.png","contentUrl":"https:\/\/radper.com\/wp-content\/uploads\/2021\/04\/logo-wide-11.png","width":250,"height":110,"caption":"radper"},"image":{"@id":"https:\/\/www.radper.com\/fr\/#\/schema\/logo\/image\/"}}]}},"_links":{"self":[{"href":"https:\/\/www.radper.com\/fr\/wp-json\/wp\/v2\/product\/20032","targetHints":{"allow":["GET"]}}],"collection":[{"href":"https:\/\/www.radper.com\/fr\/wp-json\/wp\/v2\/product"}],"about":[{"href":"https:\/\/www.radper.com\/fr\/wp-json\/wp\/v2\/types\/product"}],"wp:featuredmedia":[{"embeddable":true,"href":"https:\/\/www.radper.com\/fr\/wp-json\/wp\/v2\/media\/38507"}],"wp:attachment":[{"href":"https:\/\/www.radper.com\/fr\/wp-json\/wp\/v2\/media?parent=20032"}],"wp:term":[{"taxonomy":"product_brand","embeddable":true,"href":"https:\/\/www.radper.com\/fr\/wp-json\/wp\/v2\/product_brand?post=20032"},{"taxonomy":"product_cat","embeddable":true,"href":"https:\/\/www.radper.com\/fr\/wp-json\/wp\/v2\/product_cat?post=20032"},{"taxonomy":"product_tag","embeddable":true,"href":"https:\/\/www.radper.com\/fr\/wp-json\/wp\/v2\/product_tag?post=20032"}],"curies":[{"name":"wp","href":"https:\/\/api.w.org\/{rel}","templated":true}]}}