{"id":20759,"date":"2022-11-25T11:40:47","date_gmt":"2022-11-25T11:40:47","guid":{"rendered":"https:\/\/www.radper.com\/produit\/module-relais-tension-nominale-dentree-ac-dc-24-v-230-v-1-rt-limitation-courant-constant-6-a-indication-detat-des-capteurs-actionneurs-jaune-largeur-6-mm-857-359-wago\/"},"modified":"2026-04-17T10:17:24","modified_gmt":"2026-04-17T10:17:24","slug":"module-relais-tension-nominale-dentree-ac-dc-24-v-230-v-1-rt-limitation-courant-constant-6-a-indication-detat-des-capteurs-actionneurs-jaune-largeur-6-mm-857-359-wago","status":"publish","type":"product","link":"https:\/\/www.radper.com\/fr\/catalogues\/materiel-electrique\/relais-et-modules-optocoupleurs\/module-relais-tension-nominale-dentree-ac-dc-24-v-230-v-1-rt-limitation-courant-constant-6-a-indication-detat-des-capteurs-actionneurs-jaune-largeur-6-mm-857-359-wago\/","title":{"rendered":"Module relais; Tension nominale d&rsquo;entr\u00e9e AC\/DC 24 V \u2026 230 V; 1 RT; Limitation courant constant 6 A; Indication d&rsquo;\u00e9tat des capteurs\/actionneurs jaune; Largeur 6 mm 857-359 WAGO"},"content":{"rendered":"<p>Module relais; Tension nominale d&rsquo;entr\u00e9e AC\/DC 24 V \u2026 230 V; 1 RT; Limitation courant constant 6 A; Indication d&rsquo;\u00e9tat des capteurs\/actionneurs jaune; Largeur 6 mm 857-359 WAGO, Remarque de s\u00e9curit\u00e9 1 Les appareils adjacents sont des appareils de m\u00eame conception (s\u00e9rie), qui sont dispos\u00e9s les uns \u00e0 c\u00f4t\u00e9 des autres sur le rail de montage avec la m\u00eame orientation. Pour les appareils d&rsquo;une autre conception, une but\u00e9e d&rsquo;arr\u00eat 249-116 doit \u00eatre install\u00e9e pour maintenir l&rsquo;isolation renforc\u00e9e., Remarque Un dispositif d&rsquo;antiparasitage appropri\u00e9 doit \u00eatre install\u00e9 parall\u00e8lement aux charges inductives., Tension nominale d&rsquo;E AC\/DC\u00a024 \u2026 230\u00a0V, Plage de tension d&rsquo;E (N1) -30 \u2026 +10\u00a0%, Courant d&rsquo;entr\u00e9e nominal 3,5\u00a0mA (230 V AC);\u00a020\u00a0mA (24 V DC), Relais RT\/cont inverseurs 1<\/p>\n","protected":false},"excerpt":{"rendered":"<p>857-359<\/p>\n","protected":false},"featured_media":38106,"template":"","meta":{"_acf_changed":false},"product_brand":[],"product_cat":[6550],"product_tag":[],"class_list":{"0":"post-20759","1":"product","2":"type-product","3":"status-publish","4":"has-post-thumbnail","6":"product_cat-relais-et-modules-optocoupleurs","7":"pa_marque-wago","9":"first","10":"instock","11":"featured","12":"taxable","13":"shipping-taxable","14":"product-type-simple"},"acf":[],"yoast_head":"<!-- This site is optimized with the Yoast SEO plugin v26.2 - https:\/\/yoast.com\/wordpress\/plugins\/seo\/ -->\n<title>Module relais; Tension nominale d&#039;entr\u00e9e AC\/DC 24 V \u2026 230 V; 1 RT; Limitation courant constant 6 A; Indication d&#039;\u00e9tat des capteurs\/actionneurs jaune; Largeur 6 mm 857-359 WAGO - Radper<\/title>\n<meta name=\"robots\" content=\"index, follow, max-snippet:-1, max-image-preview:large, max-video-preview:-1\" \/>\n<link rel=\"canonical\" href=\"https:\/\/www.radper.com\/fr\/catalogues\/materiel-electrique\/relais-et-modules-optocoupleurs\/module-relais-tension-nominale-dentree-ac-dc-24-v-230-v-1-rt-limitation-courant-constant-6-a-indication-detat-des-capteurs-actionneurs-jaune-largeur-6-mm-857-359-wago\/\" \/>\n<meta property=\"og:locale\" content=\"fr_FR\" \/>\n<meta property=\"og:type\" content=\"article\" \/>\n<meta property=\"og:title\" content=\"Module relais; Tension nominale d&#039;entr\u00e9e AC\/DC 24 V \u2026 230 V; 1 RT; Limitation courant constant 6 A; Indication d&#039;\u00e9tat des capteurs\/actionneurs jaune; Largeur 6 mm 857-359 WAGO - Radper\" \/>\n<meta property=\"og:description\" content=\"857-359\" \/>\n<meta property=\"og:url\" content=\"https:\/\/www.radper.com\/fr\/catalogues\/materiel-electrique\/relais-et-modules-optocoupleurs\/module-relais-tension-nominale-dentree-ac-dc-24-v-230-v-1-rt-limitation-courant-constant-6-a-indication-detat-des-capteurs-actionneurs-jaune-largeur-6-mm-857-359-wago\/\" \/>\n<meta property=\"og:site_name\" content=\"Radper\" \/>\n<meta property=\"article:modified_time\" content=\"2026-04-17T10:17:24+00:00\" \/>\n<meta property=\"og:image\" content=\"https:\/\/www.radper.com\/wp-content\/uploads\/2022\/12\/1024-0200001d000101b9000100b6-DE.jpg\" \/>\n\t<meta property=\"og:image:width\" content=\"600\" \/>\n\t<meta property=\"og:image:height\" content=\"600\" \/>\n\t<meta property=\"og:image:type\" content=\"image\/jpeg\" \/>\n<meta name=\"twitter:card\" content=\"summary_large_image\" \/>\n<meta name=\"twitter:label1\" content=\"Dur\u00e9e de lecture estim\u00e9e\" \/>\n\t<meta name=\"twitter:data1\" content=\"1 minute\" \/>\n<script type=\"application\/ld+json\" class=\"yoast-schema-graph\">{\"@context\":\"https:\/\/schema.org\",\"@graph\":[{\"@type\":\"WebPage\",\"@id\":\"https:\/\/www.radper.com\/fr\/catalogues\/materiel-electrique\/relais-et-modules-optocoupleurs\/module-relais-tension-nominale-dentree-ac-dc-24-v-230-v-1-rt-limitation-courant-constant-6-a-indication-detat-des-capteurs-actionneurs-jaune-largeur-6-mm-857-359-wago\/\",\"url\":\"https:\/\/www.radper.com\/fr\/catalogues\/materiel-electrique\/relais-et-modules-optocoupleurs\/module-relais-tension-nominale-dentree-ac-dc-24-v-230-v-1-rt-limitation-courant-constant-6-a-indication-detat-des-capteurs-actionneurs-jaune-largeur-6-mm-857-359-wago\/\",\"name\":\"Module relais; Tension nominale d'entr\u00e9e AC\/DC 24 V \u2026 230 V; 1 RT; Limitation courant constant 6 A; Indication d'\u00e9tat des capteurs\/actionneurs jaune; Largeur 6 mm 857-359 WAGO - Radper\",\"isPartOf\":{\"@id\":\"https:\/\/www.radper.com\/fr\/#website\"},\"primaryImageOfPage\":{\"@id\":\"https:\/\/www.radper.com\/fr\/catalogues\/materiel-electrique\/relais-et-modules-optocoupleurs\/module-relais-tension-nominale-dentree-ac-dc-24-v-230-v-1-rt-limitation-courant-constant-6-a-indication-detat-des-capteurs-actionneurs-jaune-largeur-6-mm-857-359-wago\/#primaryimage\"},\"image\":{\"@id\":\"https:\/\/www.radper.com\/fr\/catalogues\/materiel-electrique\/relais-et-modules-optocoupleurs\/module-relais-tension-nominale-dentree-ac-dc-24-v-230-v-1-rt-limitation-courant-constant-6-a-indication-detat-des-capteurs-actionneurs-jaune-largeur-6-mm-857-359-wago\/#primaryimage\"},\"thumbnailUrl\":\"https:\/\/www.radper.com\/wp-content\/uploads\/2022\/12\/1024-0200001d000101b9000100b6-DE.jpg\",\"datePublished\":\"2022-11-25T11:40:47+00:00\",\"dateModified\":\"2026-04-17T10:17:24+00:00\",\"breadcrumb\":{\"@id\":\"https:\/\/www.radper.com\/fr\/catalogues\/materiel-electrique\/relais-et-modules-optocoupleurs\/module-relais-tension-nominale-dentree-ac-dc-24-v-230-v-1-rt-limitation-courant-constant-6-a-indication-detat-des-capteurs-actionneurs-jaune-largeur-6-mm-857-359-wago\/#breadcrumb\"},\"inLanguage\":\"fr-FR\",\"potentialAction\":[{\"@type\":\"ReadAction\",\"target\":[\"https:\/\/www.radper.com\/fr\/catalogues\/materiel-electrique\/relais-et-modules-optocoupleurs\/module-relais-tension-nominale-dentree-ac-dc-24-v-230-v-1-rt-limitation-courant-constant-6-a-indication-detat-des-capteurs-actionneurs-jaune-largeur-6-mm-857-359-wago\/\"]}]},{\"@type\":\"ImageObject\",\"inLanguage\":\"fr-FR\",\"@id\":\"https:\/\/www.radper.com\/fr\/catalogues\/materiel-electrique\/relais-et-modules-optocoupleurs\/module-relais-tension-nominale-dentree-ac-dc-24-v-230-v-1-rt-limitation-courant-constant-6-a-indication-detat-des-capteurs-actionneurs-jaune-largeur-6-mm-857-359-wago\/#primaryimage\",\"url\":\"https:\/\/www.radper.com\/wp-content\/uploads\/2022\/12\/1024-0200001d000101b9000100b6-DE.jpg\",\"contentUrl\":\"https:\/\/www.radper.com\/wp-content\/uploads\/2022\/12\/1024-0200001d000101b9000100b6-DE.jpg\",\"width\":600,\"height\":600},{\"@type\":\"BreadcrumbList\",\"@id\":\"https:\/\/www.radper.com\/fr\/catalogues\/materiel-electrique\/relais-et-modules-optocoupleurs\/module-relais-tension-nominale-dentree-ac-dc-24-v-230-v-1-rt-limitation-courant-constant-6-a-indication-detat-des-capteurs-actionneurs-jaune-largeur-6-mm-857-359-wago\/#breadcrumb\",\"itemListElement\":[{\"@type\":\"ListItem\",\"position\":1,\"name\":\"Accueil\",\"item\":\"https:\/\/www.radper.com\/fr\/\"},{\"@type\":\"ListItem\",\"position\":2,\"name\":\"Catalogue\",\"item\":\"https:\/\/www.radper.com\/fr\/catalogue\/\"},{\"@type\":\"ListItem\",\"position\":3,\"name\":\"Module relais; Tension nominale d&rsquo;entr\u00e9e AC\/DC 24 V \u2026 230 V; 1 RT; Limitation courant constant 6 A; Indication d&rsquo;\u00e9tat des capteurs\/actionneurs jaune; Largeur 6 mm 857-359 WAGO\"}]},{\"@type\":\"WebSite\",\"@id\":\"https:\/\/www.radper.com\/fr\/#website\",\"url\":\"https:\/\/www.radper.com\/fr\/\",\"name\":\"Radper\",\"description\":\"\",\"publisher\":{\"@id\":\"https:\/\/www.radper.com\/fr\/#organization\"},\"potentialAction\":[{\"@type\":\"SearchAction\",\"target\":{\"@type\":\"EntryPoint\",\"urlTemplate\":\"https:\/\/www.radper.com\/fr\/?s={search_term_string}\"},\"query-input\":{\"@type\":\"PropertyValueSpecification\",\"valueRequired\":true,\"valueName\":\"search_term_string\"}}],\"inLanguage\":\"fr-FR\"},{\"@type\":\"Organization\",\"@id\":\"https:\/\/www.radper.com\/fr\/#organization\",\"name\":\"radper\",\"url\":\"https:\/\/www.radper.com\/fr\/\",\"logo\":{\"@type\":\"ImageObject\",\"inLanguage\":\"fr-FR\",\"@id\":\"https:\/\/www.radper.com\/fr\/#\/schema\/logo\/image\/\",\"url\":\"https:\/\/radper.com\/wp-content\/uploads\/2021\/04\/logo-wide-11.png\",\"contentUrl\":\"https:\/\/radper.com\/wp-content\/uploads\/2021\/04\/logo-wide-11.png\",\"width\":250,\"height\":110,\"caption\":\"radper\"},\"image\":{\"@id\":\"https:\/\/www.radper.com\/fr\/#\/schema\/logo\/image\/\"}}]}<\/script>\n<!-- \/ Yoast SEO plugin. -->","yoast_head_json":{"title":"Module relais; Tension nominale d'entr\u00e9e AC\/DC 24 V \u2026 230 V; 1 RT; Limitation courant constant 6 A; Indication d'\u00e9tat des capteurs\/actionneurs jaune; Largeur 6 mm 857-359 WAGO - Radper","robots":{"index":"index","follow":"follow","max-snippet":"max-snippet:-1","max-image-preview":"max-image-preview:large","max-video-preview":"max-video-preview:-1"},"canonical":"https:\/\/www.radper.com\/fr\/catalogues\/materiel-electrique\/relais-et-modules-optocoupleurs\/module-relais-tension-nominale-dentree-ac-dc-24-v-230-v-1-rt-limitation-courant-constant-6-a-indication-detat-des-capteurs-actionneurs-jaune-largeur-6-mm-857-359-wago\/","og_locale":"fr_FR","og_type":"article","og_title":"Module relais; Tension nominale d'entr\u00e9e AC\/DC 24 V \u2026 230 V; 1 RT; Limitation courant constant 6 A; Indication d'\u00e9tat des capteurs\/actionneurs jaune; Largeur 6 mm 857-359 WAGO - Radper","og_description":"857-359","og_url":"https:\/\/www.radper.com\/fr\/catalogues\/materiel-electrique\/relais-et-modules-optocoupleurs\/module-relais-tension-nominale-dentree-ac-dc-24-v-230-v-1-rt-limitation-courant-constant-6-a-indication-detat-des-capteurs-actionneurs-jaune-largeur-6-mm-857-359-wago\/","og_site_name":"Radper","article_modified_time":"2026-04-17T10:17:24+00:00","og_image":[{"width":600,"height":600,"url":"https:\/\/www.radper.com\/wp-content\/uploads\/2022\/12\/1024-0200001d000101b9000100b6-DE.jpg","type":"image\/jpeg"}],"twitter_card":"summary_large_image","twitter_misc":{"Dur\u00e9e de lecture estim\u00e9e":"1 minute"},"schema":{"@context":"https:\/\/schema.org","@graph":[{"@type":"WebPage","@id":"https:\/\/www.radper.com\/fr\/catalogues\/materiel-electrique\/relais-et-modules-optocoupleurs\/module-relais-tension-nominale-dentree-ac-dc-24-v-230-v-1-rt-limitation-courant-constant-6-a-indication-detat-des-capteurs-actionneurs-jaune-largeur-6-mm-857-359-wago\/","url":"https:\/\/www.radper.com\/fr\/catalogues\/materiel-electrique\/relais-et-modules-optocoupleurs\/module-relais-tension-nominale-dentree-ac-dc-24-v-230-v-1-rt-limitation-courant-constant-6-a-indication-detat-des-capteurs-actionneurs-jaune-largeur-6-mm-857-359-wago\/","name":"Module relais; Tension nominale d'entr\u00e9e AC\/DC 24 V \u2026 230 V; 1 RT; Limitation courant constant 6 A; Indication d'\u00e9tat des capteurs\/actionneurs jaune; Largeur 6 mm 857-359 WAGO - Radper","isPartOf":{"@id":"https:\/\/www.radper.com\/fr\/#website"},"primaryImageOfPage":{"@id":"https:\/\/www.radper.com\/fr\/catalogues\/materiel-electrique\/relais-et-modules-optocoupleurs\/module-relais-tension-nominale-dentree-ac-dc-24-v-230-v-1-rt-limitation-courant-constant-6-a-indication-detat-des-capteurs-actionneurs-jaune-largeur-6-mm-857-359-wago\/#primaryimage"},"image":{"@id":"https:\/\/www.radper.com\/fr\/catalogues\/materiel-electrique\/relais-et-modules-optocoupleurs\/module-relais-tension-nominale-dentree-ac-dc-24-v-230-v-1-rt-limitation-courant-constant-6-a-indication-detat-des-capteurs-actionneurs-jaune-largeur-6-mm-857-359-wago\/#primaryimage"},"thumbnailUrl":"https:\/\/www.radper.com\/wp-content\/uploads\/2022\/12\/1024-0200001d000101b9000100b6-DE.jpg","datePublished":"2022-11-25T11:40:47+00:00","dateModified":"2026-04-17T10:17:24+00:00","breadcrumb":{"@id":"https:\/\/www.radper.com\/fr\/catalogues\/materiel-electrique\/relais-et-modules-optocoupleurs\/module-relais-tension-nominale-dentree-ac-dc-24-v-230-v-1-rt-limitation-courant-constant-6-a-indication-detat-des-capteurs-actionneurs-jaune-largeur-6-mm-857-359-wago\/#breadcrumb"},"inLanguage":"fr-FR","potentialAction":[{"@type":"ReadAction","target":["https:\/\/www.radper.com\/fr\/catalogues\/materiel-electrique\/relais-et-modules-optocoupleurs\/module-relais-tension-nominale-dentree-ac-dc-24-v-230-v-1-rt-limitation-courant-constant-6-a-indication-detat-des-capteurs-actionneurs-jaune-largeur-6-mm-857-359-wago\/"]}]},{"@type":"ImageObject","inLanguage":"fr-FR","@id":"https:\/\/www.radper.com\/fr\/catalogues\/materiel-electrique\/relais-et-modules-optocoupleurs\/module-relais-tension-nominale-dentree-ac-dc-24-v-230-v-1-rt-limitation-courant-constant-6-a-indication-detat-des-capteurs-actionneurs-jaune-largeur-6-mm-857-359-wago\/#primaryimage","url":"https:\/\/www.radper.com\/wp-content\/uploads\/2022\/12\/1024-0200001d000101b9000100b6-DE.jpg","contentUrl":"https:\/\/www.radper.com\/wp-content\/uploads\/2022\/12\/1024-0200001d000101b9000100b6-DE.jpg","width":600,"height":600},{"@type":"BreadcrumbList","@id":"https:\/\/www.radper.com\/fr\/catalogues\/materiel-electrique\/relais-et-modules-optocoupleurs\/module-relais-tension-nominale-dentree-ac-dc-24-v-230-v-1-rt-limitation-courant-constant-6-a-indication-detat-des-capteurs-actionneurs-jaune-largeur-6-mm-857-359-wago\/#breadcrumb","itemListElement":[{"@type":"ListItem","position":1,"name":"Accueil","item":"https:\/\/www.radper.com\/fr\/"},{"@type":"ListItem","position":2,"name":"Catalogue","item":"https:\/\/www.radper.com\/fr\/catalogue\/"},{"@type":"ListItem","position":3,"name":"Module relais; Tension nominale d&rsquo;entr\u00e9e AC\/DC 24 V \u2026 230 V; 1 RT; Limitation courant constant 6 A; Indication d&rsquo;\u00e9tat des capteurs\/actionneurs jaune; Largeur 6 mm 857-359 WAGO"}]},{"@type":"WebSite","@id":"https:\/\/www.radper.com\/fr\/#website","url":"https:\/\/www.radper.com\/fr\/","name":"Radper","description":"","publisher":{"@id":"https:\/\/www.radper.com\/fr\/#organization"},"potentialAction":[{"@type":"SearchAction","target":{"@type":"EntryPoint","urlTemplate":"https:\/\/www.radper.com\/fr\/?s={search_term_string}"},"query-input":{"@type":"PropertyValueSpecification","valueRequired":true,"valueName":"search_term_string"}}],"inLanguage":"fr-FR"},{"@type":"Organization","@id":"https:\/\/www.radper.com\/fr\/#organization","name":"radper","url":"https:\/\/www.radper.com\/fr\/","logo":{"@type":"ImageObject","inLanguage":"fr-FR","@id":"https:\/\/www.radper.com\/fr\/#\/schema\/logo\/image\/","url":"https:\/\/radper.com\/wp-content\/uploads\/2021\/04\/logo-wide-11.png","contentUrl":"https:\/\/radper.com\/wp-content\/uploads\/2021\/04\/logo-wide-11.png","width":250,"height":110,"caption":"radper"},"image":{"@id":"https:\/\/www.radper.com\/fr\/#\/schema\/logo\/image\/"}}]}},"_links":{"self":[{"href":"https:\/\/www.radper.com\/fr\/wp-json\/wp\/v2\/product\/20759","targetHints":{"allow":["GET"]}}],"collection":[{"href":"https:\/\/www.radper.com\/fr\/wp-json\/wp\/v2\/product"}],"about":[{"href":"https:\/\/www.radper.com\/fr\/wp-json\/wp\/v2\/types\/product"}],"wp:featuredmedia":[{"embeddable":true,"href":"https:\/\/www.radper.com\/fr\/wp-json\/wp\/v2\/media\/38106"}],"wp:attachment":[{"href":"https:\/\/www.radper.com\/fr\/wp-json\/wp\/v2\/media?parent=20759"}],"wp:term":[{"taxonomy":"product_brand","embeddable":true,"href":"https:\/\/www.radper.com\/fr\/wp-json\/wp\/v2\/product_brand?post=20759"},{"taxonomy":"product_cat","embeddable":true,"href":"https:\/\/www.radper.com\/fr\/wp-json\/wp\/v2\/product_cat?post=20759"},{"taxonomy":"product_tag","embeddable":true,"href":"https:\/\/www.radper.com\/fr\/wp-json\/wp\/v2\/product_tag?post=20759"}],"curies":[{"name":"wp","href":"https:\/\/api.w.org\/{rel}","templated":true}]}}