{"id":20917,"date":"2022-11-25T14:25:31","date_gmt":"2022-11-25T14:25:31","guid":{"rendered":"https:\/\/www.radper.com\/produit\/boucle-rogowski-courant-de-reference-primaire-1000-a-signal-de-sortie-225-mv-par-ka-longueur-de-cable-45-m-passage-pour-conducteur-de-mesure-125-mm-855-9450-2000-1251-wago\/"},"modified":"2026-05-16T23:19:33","modified_gmt":"2026-05-16T23:19:33","slug":"boucle-rogowski-courant-de-reference-primaire-1000-a-signal-de-sortie-225-mv-par-ka-longueur-de-cable-45-m-passage-pour-conducteur-de-mesure-125-mm-855-9450-2000-1251-wago","status":"publish","type":"product","link":"https:\/\/www.radper.com\/fr\/catalogues\/materiel-electrique\/transformateur-de-courant\/boucle-rogowski-courant-de-reference-primaire-1000-a-signal-de-sortie-225-mv-par-ka-longueur-de-cable-45-m-passage-pour-conducteur-de-mesure-125-mm-855-9450-2000-1251-wago\/","title":{"rendered":"Boucle Rogowski; Courant de r\u00e9f\u00e9rence primaire 1000 A; Signal de sortie 22,5 mV par kA; Longueur de c\u00e2ble 4,5 m; Passage pour conducteur de mesure 125 mm 855-9450\/2000-1251 WAGO"},"content":{"rendered":"<p>Boucle Rogowski; Courant de r\u00e9f\u00e9rence primaire 1000 A; Signal de sortie 22,5 mV par kA; Longueur de c\u00e2ble 4,5 m; Passage pour conducteur de mesure 125 mm 855-9450\/2000-1251 WAGO, Remarque * La donn\u00e9e du courant de r\u00e9f\u00e9rence primaire se r\u00e9f\u00e8re \u00e0 la combinaison avec les<br \/>\nmodules WAGO (857-552 et 750-495\/000-002).<\/p>\n<p>Les boucles de mesure Rogowski peuvent faire l&rsquo;acquisition d&rsquo;une large plage de courant primaire sans perte de pr\u00e9cision jusqu&rsquo;\u00e0 10 000 A car avec cette technologie, il n&rsquo;y a aucun effet de saturation.<\/p>\n<p>Les exigences des normes EN 61869-1, EN 61869-2, EN 61869-6 et EN 61869-10 ne sont que partiellement satisfaites car il existe des diff\u00e9rences fondamentales entre une boucle Rogowski et des transformateurs de courant., Plage de mesure 10 A &#8230; 10000 A (up to 4000 A in combination with the recommended WAGO products), Courant primaire 1000\u00a0A, Courant courte dur\u00e9e Ith 300 kA \u00e0 50 Hz, Fr\u00e9quence de r\u00e9f\u00e9rence 50 \u2026 60\u00a0Hz, Inductance mutuelle M 72,14nH<\/p>\n","protected":false},"excerpt":{"rendered":"<p>855-9450\/2000-1251<\/p>\n","protected":false},"featured_media":20796,"template":"","meta":{"_acf_changed":false},"product_brand":[],"product_cat":[1064],"product_tag":[],"class_list":{"0":"post-20917","1":"product","2":"type-product","3":"status-publish","4":"has-post-thumbnail","6":"product_cat-transformateur-de-courant","7":"pa_marque-wago","9":"first","10":"instock","11":"featured","12":"taxable","13":"shipping-taxable","14":"product-type-simple"},"acf":[],"yoast_head":"<!-- This site is optimized with the Yoast SEO plugin v26.2 - https:\/\/yoast.com\/wordpress\/plugins\/seo\/ -->\n<title>Boucle Rogowski; Courant de r\u00e9f\u00e9rence primaire 1000 A; Signal de sortie 22,5 mV par kA; Longueur de c\u00e2ble 4,5 m; Passage pour conducteur de mesure 125 mm 855-9450\/2000-1251 WAGO - Radper<\/title>\n<meta name=\"robots\" content=\"index, follow, max-snippet:-1, max-image-preview:large, max-video-preview:-1\" \/>\n<link rel=\"canonical\" href=\"https:\/\/www.radper.com\/fr\/catalogues\/materiel-electrique\/transformateur-de-courant\/boucle-rogowski-courant-de-reference-primaire-1000-a-signal-de-sortie-225-mv-par-ka-longueur-de-cable-45-m-passage-pour-conducteur-de-mesure-125-mm-855-9450-2000-1251-wago\/\" \/>\n<meta property=\"og:locale\" content=\"fr_FR\" \/>\n<meta property=\"og:type\" content=\"article\" \/>\n<meta property=\"og:title\" content=\"Boucle Rogowski; Courant de r\u00e9f\u00e9rence primaire 1000 A; Signal de sortie 22,5 mV par kA; Longueur de c\u00e2ble 4,5 m; Passage pour conducteur de mesure 125 mm 855-9450\/2000-1251 WAGO - Radper\" \/>\n<meta property=\"og:description\" content=\"855-9450\/2000-1251\" \/>\n<meta property=\"og:url\" content=\"https:\/\/www.radper.com\/fr\/catalogues\/materiel-electrique\/transformateur-de-courant\/boucle-rogowski-courant-de-reference-primaire-1000-a-signal-de-sortie-225-mv-par-ka-longueur-de-cable-45-m-passage-pour-conducteur-de-mesure-125-mm-855-9450-2000-1251-wago\/\" \/>\n<meta property=\"og:site_name\" content=\"Radper\" \/>\n<meta property=\"article:modified_time\" content=\"2026-05-16T23:19:33+00:00\" \/>\n<meta property=\"og:image\" content=\"https:\/\/www.radper.com\/wp-content\/uploads\/2022\/11\/1024-020000230001382f000100b6-DE.jpg\" \/>\n\t<meta property=\"og:image:width\" content=\"841\" \/>\n\t<meta property=\"og:image:height\" content=\"600\" \/>\n\t<meta property=\"og:image:type\" content=\"image\/jpeg\" \/>\n<meta name=\"twitter:card\" content=\"summary_large_image\" \/>\n<meta name=\"twitter:label1\" content=\"Dur\u00e9e de lecture estim\u00e9e\" \/>\n\t<meta name=\"twitter:data1\" content=\"1 minute\" \/>\n<script type=\"application\/ld+json\" class=\"yoast-schema-graph\">{\"@context\":\"https:\/\/schema.org\",\"@graph\":[{\"@type\":\"WebPage\",\"@id\":\"https:\/\/www.radper.com\/fr\/catalogues\/materiel-electrique\/transformateur-de-courant\/boucle-rogowski-courant-de-reference-primaire-1000-a-signal-de-sortie-225-mv-par-ka-longueur-de-cable-45-m-passage-pour-conducteur-de-mesure-125-mm-855-9450-2000-1251-wago\/\",\"url\":\"https:\/\/www.radper.com\/fr\/catalogues\/materiel-electrique\/transformateur-de-courant\/boucle-rogowski-courant-de-reference-primaire-1000-a-signal-de-sortie-225-mv-par-ka-longueur-de-cable-45-m-passage-pour-conducteur-de-mesure-125-mm-855-9450-2000-1251-wago\/\",\"name\":\"Boucle Rogowski; Courant de r\u00e9f\u00e9rence primaire 1000 A; Signal de sortie 22,5 mV par kA; Longueur de c\u00e2ble 4,5 m; Passage pour conducteur de mesure 125 mm 855-9450\/2000-1251 WAGO - Radper\",\"isPartOf\":{\"@id\":\"https:\/\/www.radper.com\/fr\/#website\"},\"primaryImageOfPage\":{\"@id\":\"https:\/\/www.radper.com\/fr\/catalogues\/materiel-electrique\/transformateur-de-courant\/boucle-rogowski-courant-de-reference-primaire-1000-a-signal-de-sortie-225-mv-par-ka-longueur-de-cable-45-m-passage-pour-conducteur-de-mesure-125-mm-855-9450-2000-1251-wago\/#primaryimage\"},\"image\":{\"@id\":\"https:\/\/www.radper.com\/fr\/catalogues\/materiel-electrique\/transformateur-de-courant\/boucle-rogowski-courant-de-reference-primaire-1000-a-signal-de-sortie-225-mv-par-ka-longueur-de-cable-45-m-passage-pour-conducteur-de-mesure-125-mm-855-9450-2000-1251-wago\/#primaryimage\"},\"thumbnailUrl\":\"https:\/\/www.radper.com\/wp-content\/uploads\/2022\/11\/1024-020000230001382f000100b6-DE.jpg\",\"datePublished\":\"2022-11-25T14:25:31+00:00\",\"dateModified\":\"2026-05-16T23:19:33+00:00\",\"breadcrumb\":{\"@id\":\"https:\/\/www.radper.com\/fr\/catalogues\/materiel-electrique\/transformateur-de-courant\/boucle-rogowski-courant-de-reference-primaire-1000-a-signal-de-sortie-225-mv-par-ka-longueur-de-cable-45-m-passage-pour-conducteur-de-mesure-125-mm-855-9450-2000-1251-wago\/#breadcrumb\"},\"inLanguage\":\"fr-FR\",\"potentialAction\":[{\"@type\":\"ReadAction\",\"target\":[\"https:\/\/www.radper.com\/fr\/catalogues\/materiel-electrique\/transformateur-de-courant\/boucle-rogowski-courant-de-reference-primaire-1000-a-signal-de-sortie-225-mv-par-ka-longueur-de-cable-45-m-passage-pour-conducteur-de-mesure-125-mm-855-9450-2000-1251-wago\/\"]}]},{\"@type\":\"ImageObject\",\"inLanguage\":\"fr-FR\",\"@id\":\"https:\/\/www.radper.com\/fr\/catalogues\/materiel-electrique\/transformateur-de-courant\/boucle-rogowski-courant-de-reference-primaire-1000-a-signal-de-sortie-225-mv-par-ka-longueur-de-cable-45-m-passage-pour-conducteur-de-mesure-125-mm-855-9450-2000-1251-wago\/#primaryimage\",\"url\":\"https:\/\/www.radper.com\/wp-content\/uploads\/2022\/11\/1024-020000230001382f000100b6-DE.jpg\",\"contentUrl\":\"https:\/\/www.radper.com\/wp-content\/uploads\/2022\/11\/1024-020000230001382f000100b6-DE.jpg\",\"width\":841,\"height\":600},{\"@type\":\"BreadcrumbList\",\"@id\":\"https:\/\/www.radper.com\/fr\/catalogues\/materiel-electrique\/transformateur-de-courant\/boucle-rogowski-courant-de-reference-primaire-1000-a-signal-de-sortie-225-mv-par-ka-longueur-de-cable-45-m-passage-pour-conducteur-de-mesure-125-mm-855-9450-2000-1251-wago\/#breadcrumb\",\"itemListElement\":[{\"@type\":\"ListItem\",\"position\":1,\"name\":\"Accueil\",\"item\":\"https:\/\/www.radper.com\/fr\/\"},{\"@type\":\"ListItem\",\"position\":2,\"name\":\"Catalogue\",\"item\":\"https:\/\/www.radper.com\/fr\/catalogue\/\"},{\"@type\":\"ListItem\",\"position\":3,\"name\":\"Boucle Rogowski; Courant de r\u00e9f\u00e9rence primaire 1000 A; Signal de sortie 22,5 mV par kA; Longueur de c\u00e2ble 4,5 m; Passage pour conducteur de mesure 125 mm 855-9450\/2000-1251 WAGO\"}]},{\"@type\":\"WebSite\",\"@id\":\"https:\/\/www.radper.com\/fr\/#website\",\"url\":\"https:\/\/www.radper.com\/fr\/\",\"name\":\"Radper\",\"description\":\"\",\"publisher\":{\"@id\":\"https:\/\/www.radper.com\/fr\/#organization\"},\"potentialAction\":[{\"@type\":\"SearchAction\",\"target\":{\"@type\":\"EntryPoint\",\"urlTemplate\":\"https:\/\/www.radper.com\/fr\/?s={search_term_string}\"},\"query-input\":{\"@type\":\"PropertyValueSpecification\",\"valueRequired\":true,\"valueName\":\"search_term_string\"}}],\"inLanguage\":\"fr-FR\"},{\"@type\":\"Organization\",\"@id\":\"https:\/\/www.radper.com\/fr\/#organization\",\"name\":\"radper\",\"url\":\"https:\/\/www.radper.com\/fr\/\",\"logo\":{\"@type\":\"ImageObject\",\"inLanguage\":\"fr-FR\",\"@id\":\"https:\/\/www.radper.com\/fr\/#\/schema\/logo\/image\/\",\"url\":\"https:\/\/radper.com\/wp-content\/uploads\/2021\/04\/logo-wide-11.png\",\"contentUrl\":\"https:\/\/radper.com\/wp-content\/uploads\/2021\/04\/logo-wide-11.png\",\"width\":250,\"height\":110,\"caption\":\"radper\"},\"image\":{\"@id\":\"https:\/\/www.radper.com\/fr\/#\/schema\/logo\/image\/\"}}]}<\/script>\n<!-- \/ Yoast SEO plugin. -->","yoast_head_json":{"title":"Boucle Rogowski; Courant de r\u00e9f\u00e9rence primaire 1000 A; Signal de sortie 22,5 mV par kA; Longueur de c\u00e2ble 4,5 m; Passage pour conducteur de mesure 125 mm 855-9450\/2000-1251 WAGO - Radper","robots":{"index":"index","follow":"follow","max-snippet":"max-snippet:-1","max-image-preview":"max-image-preview:large","max-video-preview":"max-video-preview:-1"},"canonical":"https:\/\/www.radper.com\/fr\/catalogues\/materiel-electrique\/transformateur-de-courant\/boucle-rogowski-courant-de-reference-primaire-1000-a-signal-de-sortie-225-mv-par-ka-longueur-de-cable-45-m-passage-pour-conducteur-de-mesure-125-mm-855-9450-2000-1251-wago\/","og_locale":"fr_FR","og_type":"article","og_title":"Boucle Rogowski; Courant de r\u00e9f\u00e9rence primaire 1000 A; Signal de sortie 22,5 mV par kA; Longueur de c\u00e2ble 4,5 m; Passage pour conducteur de mesure 125 mm 855-9450\/2000-1251 WAGO - Radper","og_description":"855-9450\/2000-1251","og_url":"https:\/\/www.radper.com\/fr\/catalogues\/materiel-electrique\/transformateur-de-courant\/boucle-rogowski-courant-de-reference-primaire-1000-a-signal-de-sortie-225-mv-par-ka-longueur-de-cable-45-m-passage-pour-conducteur-de-mesure-125-mm-855-9450-2000-1251-wago\/","og_site_name":"Radper","article_modified_time":"2026-05-16T23:19:33+00:00","og_image":[{"width":841,"height":600,"url":"https:\/\/www.radper.com\/wp-content\/uploads\/2022\/11\/1024-020000230001382f000100b6-DE.jpg","type":"image\/jpeg"}],"twitter_card":"summary_large_image","twitter_misc":{"Dur\u00e9e de lecture estim\u00e9e":"1 minute"},"schema":{"@context":"https:\/\/schema.org","@graph":[{"@type":"WebPage","@id":"https:\/\/www.radper.com\/fr\/catalogues\/materiel-electrique\/transformateur-de-courant\/boucle-rogowski-courant-de-reference-primaire-1000-a-signal-de-sortie-225-mv-par-ka-longueur-de-cable-45-m-passage-pour-conducteur-de-mesure-125-mm-855-9450-2000-1251-wago\/","url":"https:\/\/www.radper.com\/fr\/catalogues\/materiel-electrique\/transformateur-de-courant\/boucle-rogowski-courant-de-reference-primaire-1000-a-signal-de-sortie-225-mv-par-ka-longueur-de-cable-45-m-passage-pour-conducteur-de-mesure-125-mm-855-9450-2000-1251-wago\/","name":"Boucle Rogowski; Courant de r\u00e9f\u00e9rence primaire 1000 A; Signal de sortie 22,5 mV par kA; Longueur de c\u00e2ble 4,5 m; Passage pour conducteur de mesure 125 mm 855-9450\/2000-1251 WAGO - Radper","isPartOf":{"@id":"https:\/\/www.radper.com\/fr\/#website"},"primaryImageOfPage":{"@id":"https:\/\/www.radper.com\/fr\/catalogues\/materiel-electrique\/transformateur-de-courant\/boucle-rogowski-courant-de-reference-primaire-1000-a-signal-de-sortie-225-mv-par-ka-longueur-de-cable-45-m-passage-pour-conducteur-de-mesure-125-mm-855-9450-2000-1251-wago\/#primaryimage"},"image":{"@id":"https:\/\/www.radper.com\/fr\/catalogues\/materiel-electrique\/transformateur-de-courant\/boucle-rogowski-courant-de-reference-primaire-1000-a-signal-de-sortie-225-mv-par-ka-longueur-de-cable-45-m-passage-pour-conducteur-de-mesure-125-mm-855-9450-2000-1251-wago\/#primaryimage"},"thumbnailUrl":"https:\/\/www.radper.com\/wp-content\/uploads\/2022\/11\/1024-020000230001382f000100b6-DE.jpg","datePublished":"2022-11-25T14:25:31+00:00","dateModified":"2026-05-16T23:19:33+00:00","breadcrumb":{"@id":"https:\/\/www.radper.com\/fr\/catalogues\/materiel-electrique\/transformateur-de-courant\/boucle-rogowski-courant-de-reference-primaire-1000-a-signal-de-sortie-225-mv-par-ka-longueur-de-cable-45-m-passage-pour-conducteur-de-mesure-125-mm-855-9450-2000-1251-wago\/#breadcrumb"},"inLanguage":"fr-FR","potentialAction":[{"@type":"ReadAction","target":["https:\/\/www.radper.com\/fr\/catalogues\/materiel-electrique\/transformateur-de-courant\/boucle-rogowski-courant-de-reference-primaire-1000-a-signal-de-sortie-225-mv-par-ka-longueur-de-cable-45-m-passage-pour-conducteur-de-mesure-125-mm-855-9450-2000-1251-wago\/"]}]},{"@type":"ImageObject","inLanguage":"fr-FR","@id":"https:\/\/www.radper.com\/fr\/catalogues\/materiel-electrique\/transformateur-de-courant\/boucle-rogowski-courant-de-reference-primaire-1000-a-signal-de-sortie-225-mv-par-ka-longueur-de-cable-45-m-passage-pour-conducteur-de-mesure-125-mm-855-9450-2000-1251-wago\/#primaryimage","url":"https:\/\/www.radper.com\/wp-content\/uploads\/2022\/11\/1024-020000230001382f000100b6-DE.jpg","contentUrl":"https:\/\/www.radper.com\/wp-content\/uploads\/2022\/11\/1024-020000230001382f000100b6-DE.jpg","width":841,"height":600},{"@type":"BreadcrumbList","@id":"https:\/\/www.radper.com\/fr\/catalogues\/materiel-electrique\/transformateur-de-courant\/boucle-rogowski-courant-de-reference-primaire-1000-a-signal-de-sortie-225-mv-par-ka-longueur-de-cable-45-m-passage-pour-conducteur-de-mesure-125-mm-855-9450-2000-1251-wago\/#breadcrumb","itemListElement":[{"@type":"ListItem","position":1,"name":"Accueil","item":"https:\/\/www.radper.com\/fr\/"},{"@type":"ListItem","position":2,"name":"Catalogue","item":"https:\/\/www.radper.com\/fr\/catalogue\/"},{"@type":"ListItem","position":3,"name":"Boucle Rogowski; Courant de r\u00e9f\u00e9rence primaire 1000 A; Signal de sortie 22,5 mV par kA; Longueur de c\u00e2ble 4,5 m; Passage pour conducteur de mesure 125 mm 855-9450\/2000-1251 WAGO"}]},{"@type":"WebSite","@id":"https:\/\/www.radper.com\/fr\/#website","url":"https:\/\/www.radper.com\/fr\/","name":"Radper","description":"","publisher":{"@id":"https:\/\/www.radper.com\/fr\/#organization"},"potentialAction":[{"@type":"SearchAction","target":{"@type":"EntryPoint","urlTemplate":"https:\/\/www.radper.com\/fr\/?s={search_term_string}"},"query-input":{"@type":"PropertyValueSpecification","valueRequired":true,"valueName":"search_term_string"}}],"inLanguage":"fr-FR"},{"@type":"Organization","@id":"https:\/\/www.radper.com\/fr\/#organization","name":"radper","url":"https:\/\/www.radper.com\/fr\/","logo":{"@type":"ImageObject","inLanguage":"fr-FR","@id":"https:\/\/www.radper.com\/fr\/#\/schema\/logo\/image\/","url":"https:\/\/radper.com\/wp-content\/uploads\/2021\/04\/logo-wide-11.png","contentUrl":"https:\/\/radper.com\/wp-content\/uploads\/2021\/04\/logo-wide-11.png","width":250,"height":110,"caption":"radper"},"image":{"@id":"https:\/\/www.radper.com\/fr\/#\/schema\/logo\/image\/"}}]}},"_links":{"self":[{"href":"https:\/\/www.radper.com\/fr\/wp-json\/wp\/v2\/product\/20917","targetHints":{"allow":["GET"]}}],"collection":[{"href":"https:\/\/www.radper.com\/fr\/wp-json\/wp\/v2\/product"}],"about":[{"href":"https:\/\/www.radper.com\/fr\/wp-json\/wp\/v2\/types\/product"}],"wp:featuredmedia":[{"embeddable":true,"href":"https:\/\/www.radper.com\/fr\/wp-json\/wp\/v2\/media\/20796"}],"wp:attachment":[{"href":"https:\/\/www.radper.com\/fr\/wp-json\/wp\/v2\/media?parent=20917"}],"wp:term":[{"taxonomy":"product_brand","embeddable":true,"href":"https:\/\/www.radper.com\/fr\/wp-json\/wp\/v2\/product_brand?post=20917"},{"taxonomy":"product_cat","embeddable":true,"href":"https:\/\/www.radper.com\/fr\/wp-json\/wp\/v2\/product_cat?post=20917"},{"taxonomy":"product_tag","embeddable":true,"href":"https:\/\/www.radper.com\/fr\/wp-json\/wp\/v2\/product_tag?post=20917"}],"curies":[{"name":"wp","href":"https:\/\/api.w.org\/{rel}","templated":true}]}}