{"id":21315,"date":"2022-11-28T13:33:43","date_gmt":"2022-11-28T13:33:43","guid":{"rendered":"https:\/\/www.radper.com\/produit\/module-de-protection-contre-les-surtensions-pour-technique-de-signaux-tension-nominale-dc-5-v-pour-2-chemins-de-signaux-avec-derivation-commune-pour-interfaces-avec-vitesse-de-transmission-elevee\/"},"modified":"2026-05-09T09:55:52","modified_gmt":"2026-05-09T09:55:52","slug":"module-de-protection-contre-les-surtensions-pour-technique-de-signaux-tension-nominale-dc-5-v-pour-2-chemins-de-signaux-avec-derivation-commune-pour-interfaces-avec-vitesse-de-transmission-elevee","status":"publish","type":"product","link":"https:\/\/www.radper.com\/fr\/catalogues\/materiel-electrique\/protection-contre-les-surtensions-et-electronique-speciale\/module-de-protection-contre-les-surtensions-pour-technique-de-signaux-tension-nominale-dc-5-v-pour-2-chemins-de-signaux-avec-derivation-commune-pour-interfaces-avec-vitesse-de-transmission-elevee\/","title":{"rendered":"Module de protection contre les surtensions pour technique de signaux; Tension nominale DC 5 V; pour 2 chemins de signaux avec d\u00e9rivation commune; pour interfaces avec vitesse de transmission \u00e9lev\u00e9e; 2 \u00e9tage; Largeur : 6 mm; 2,50 mm\u00b2 792-805 WAGO"},"content":{"rendered":"<p>Module de protection contre les surtensions pour technique de signaux; Tension nominale DC 5 V; pour 2 chemins de signaux avec d\u00e9rivation commune; pour interfaces avec vitesse de transmission \u00e9lev\u00e9e; 2 \u00e9tage; Largeur : 6 mm; 2,50 mm\u00b2 792-805 WAGO, Remarque Le signe de coordination indique l&rsquo;effet de protection ainsi que le pouvoir de d\u00e9charge du dispositif d\u00e9rivant les surtensions., Tension de fonctionnement DC\u00a05\u00a0V, Tension permanente max. AC\u00a04,2\u00a0V\u00a0\/ DC\u00a06\u00a0V, Courant nominal 0,1A, Courant d\u00e9charge (8\/20 \u00b5s) 5\u00a0kA, Courant d\u00e9charge 8\/20\u00b5s 10\u00a0kA<\/p>\n","protected":false},"excerpt":{"rendered":"<p>792-805<\/p>\n","protected":false},"featured_media":37982,"template":"","meta":{"_acf_changed":false},"product_brand":[],"product_cat":[7388],"product_tag":[],"class_list":{"0":"post-21315","1":"product","2":"type-product","3":"status-publish","4":"has-post-thumbnail","6":"product_cat-protection-contre-les-surtensions-et-electronique-speciale","7":"pa_marque-wago","9":"first","10":"instock","11":"featured","12":"taxable","13":"shipping-taxable","14":"product-type-simple"},"acf":[],"yoast_head":"<!-- This site is optimized with the Yoast SEO plugin v26.2 - https:\/\/yoast.com\/wordpress\/plugins\/seo\/ -->\n<title>Module de protection contre les surtensions pour technique de signaux; Tension nominale DC 5 V; pour 2 chemins de signaux avec d\u00e9rivation commune; pour interfaces avec vitesse de transmission \u00e9lev\u00e9e; 2 \u00e9tage; Largeur : 6 mm; 2,50 mm\u00b2 792-805 WAGO - Radper<\/title>\n<meta name=\"robots\" content=\"index, follow, max-snippet:-1, max-image-preview:large, max-video-preview:-1\" \/>\n<link rel=\"canonical\" href=\"https:\/\/www.radper.com\/fr\/catalogues\/materiel-electrique\/protection-contre-les-surtensions-et-electronique-speciale\/module-de-protection-contre-les-surtensions-pour-technique-de-signaux-tension-nominale-dc-5-v-pour-2-chemins-de-signaux-avec-derivation-commune-pour-interfaces-avec-vitesse-de-transmission-elevee\/\" \/>\n<meta property=\"og:locale\" content=\"fr_FR\" \/>\n<meta property=\"og:type\" content=\"article\" \/>\n<meta property=\"og:title\" content=\"Module de protection contre les surtensions pour technique de signaux; Tension nominale DC 5 V; pour 2 chemins de signaux avec d\u00e9rivation commune; pour interfaces avec vitesse de transmission \u00e9lev\u00e9e; 2 \u00e9tage; Largeur : 6 mm; 2,50 mm\u00b2 792-805 WAGO - Radper\" \/>\n<meta property=\"og:description\" content=\"792-805\" \/>\n<meta property=\"og:url\" content=\"https:\/\/www.radper.com\/fr\/catalogues\/materiel-electrique\/protection-contre-les-surtensions-et-electronique-speciale\/module-de-protection-contre-les-surtensions-pour-technique-de-signaux-tension-nominale-dc-5-v-pour-2-chemins-de-signaux-avec-derivation-commune-pour-interfaces-avec-vitesse-de-transmission-elevee\/\" \/>\n<meta property=\"og:site_name\" content=\"Radper\" \/>\n<meta property=\"article:modified_time\" content=\"2026-05-09T09:55:52+00:00\" \/>\n<meta property=\"og:image\" content=\"https:\/\/www.radper.com\/wp-content\/uploads\/2022\/12\/1024-0200000100038ed9000100b6-DE.jpg\" \/>\n\t<meta property=\"og:image:width\" content=\"600\" \/>\n\t<meta property=\"og:image:height\" content=\"600\" \/>\n\t<meta property=\"og:image:type\" content=\"image\/jpeg\" \/>\n<meta name=\"twitter:card\" content=\"summary_large_image\" \/>\n<script type=\"application\/ld+json\" class=\"yoast-schema-graph\">{\"@context\":\"https:\/\/schema.org\",\"@graph\":[{\"@type\":\"WebPage\",\"@id\":\"https:\/\/www.radper.com\/fr\/catalogues\/materiel-electrique\/protection-contre-les-surtensions-et-electronique-speciale\/module-de-protection-contre-les-surtensions-pour-technique-de-signaux-tension-nominale-dc-5-v-pour-2-chemins-de-signaux-avec-derivation-commune-pour-interfaces-avec-vitesse-de-transmission-elevee\/\",\"url\":\"https:\/\/www.radper.com\/fr\/catalogues\/materiel-electrique\/protection-contre-les-surtensions-et-electronique-speciale\/module-de-protection-contre-les-surtensions-pour-technique-de-signaux-tension-nominale-dc-5-v-pour-2-chemins-de-signaux-avec-derivation-commune-pour-interfaces-avec-vitesse-de-transmission-elevee\/\",\"name\":\"Module de protection contre les surtensions pour technique de signaux; Tension nominale DC 5 V; pour 2 chemins de signaux avec d\u00e9rivation commune; pour interfaces avec vitesse de transmission \u00e9lev\u00e9e; 2 \u00e9tage; Largeur : 6 mm; 2,50 mm\u00b2 792-805 WAGO - Radper\",\"isPartOf\":{\"@id\":\"https:\/\/www.radper.com\/fr\/#website\"},\"primaryImageOfPage\":{\"@id\":\"https:\/\/www.radper.com\/fr\/catalogues\/materiel-electrique\/protection-contre-les-surtensions-et-electronique-speciale\/module-de-protection-contre-les-surtensions-pour-technique-de-signaux-tension-nominale-dc-5-v-pour-2-chemins-de-signaux-avec-derivation-commune-pour-interfaces-avec-vitesse-de-transmission-elevee\/#primaryimage\"},\"image\":{\"@id\":\"https:\/\/www.radper.com\/fr\/catalogues\/materiel-electrique\/protection-contre-les-surtensions-et-electronique-speciale\/module-de-protection-contre-les-surtensions-pour-technique-de-signaux-tension-nominale-dc-5-v-pour-2-chemins-de-signaux-avec-derivation-commune-pour-interfaces-avec-vitesse-de-transmission-elevee\/#primaryimage\"},\"thumbnailUrl\":\"https:\/\/www.radper.com\/wp-content\/uploads\/2022\/12\/1024-0200000100038ed9000100b6-DE.jpg\",\"datePublished\":\"2022-11-28T13:33:43+00:00\",\"dateModified\":\"2026-05-09T09:55:52+00:00\",\"breadcrumb\":{\"@id\":\"https:\/\/www.radper.com\/fr\/catalogues\/materiel-electrique\/protection-contre-les-surtensions-et-electronique-speciale\/module-de-protection-contre-les-surtensions-pour-technique-de-signaux-tension-nominale-dc-5-v-pour-2-chemins-de-signaux-avec-derivation-commune-pour-interfaces-avec-vitesse-de-transmission-elevee\/#breadcrumb\"},\"inLanguage\":\"fr-FR\",\"potentialAction\":[{\"@type\":\"ReadAction\",\"target\":[\"https:\/\/www.radper.com\/fr\/catalogues\/materiel-electrique\/protection-contre-les-surtensions-et-electronique-speciale\/module-de-protection-contre-les-surtensions-pour-technique-de-signaux-tension-nominale-dc-5-v-pour-2-chemins-de-signaux-avec-derivation-commune-pour-interfaces-avec-vitesse-de-transmission-elevee\/\"]}]},{\"@type\":\"ImageObject\",\"inLanguage\":\"fr-FR\",\"@id\":\"https:\/\/www.radper.com\/fr\/catalogues\/materiel-electrique\/protection-contre-les-surtensions-et-electronique-speciale\/module-de-protection-contre-les-surtensions-pour-technique-de-signaux-tension-nominale-dc-5-v-pour-2-chemins-de-signaux-avec-derivation-commune-pour-interfaces-avec-vitesse-de-transmission-elevee\/#primaryimage\",\"url\":\"https:\/\/www.radper.com\/wp-content\/uploads\/2022\/12\/1024-0200000100038ed9000100b6-DE.jpg\",\"contentUrl\":\"https:\/\/www.radper.com\/wp-content\/uploads\/2022\/12\/1024-0200000100038ed9000100b6-DE.jpg\",\"width\":600,\"height\":600},{\"@type\":\"BreadcrumbList\",\"@id\":\"https:\/\/www.radper.com\/fr\/catalogues\/materiel-electrique\/protection-contre-les-surtensions-et-electronique-speciale\/module-de-protection-contre-les-surtensions-pour-technique-de-signaux-tension-nominale-dc-5-v-pour-2-chemins-de-signaux-avec-derivation-commune-pour-interfaces-avec-vitesse-de-transmission-elevee\/#breadcrumb\",\"itemListElement\":[{\"@type\":\"ListItem\",\"position\":1,\"name\":\"Accueil\",\"item\":\"https:\/\/www.radper.com\/fr\/\"},{\"@type\":\"ListItem\",\"position\":2,\"name\":\"Catalogue\",\"item\":\"https:\/\/www.radper.com\/fr\/catalogue\/\"},{\"@type\":\"ListItem\",\"position\":3,\"name\":\"Module de protection contre les surtensions pour technique de signaux; Tension nominale DC 5 V; pour 2 chemins de signaux avec d\u00e9rivation commune; pour interfaces avec vitesse de transmission \u00e9lev\u00e9e; 2 \u00e9tage; Largeur : 6 mm; 2,50 mm\u00b2 792-805 WAGO\"}]},{\"@type\":\"WebSite\",\"@id\":\"https:\/\/www.radper.com\/fr\/#website\",\"url\":\"https:\/\/www.radper.com\/fr\/\",\"name\":\"Radper\",\"description\":\"\",\"publisher\":{\"@id\":\"https:\/\/www.radper.com\/fr\/#organization\"},\"potentialAction\":[{\"@type\":\"SearchAction\",\"target\":{\"@type\":\"EntryPoint\",\"urlTemplate\":\"https:\/\/www.radper.com\/fr\/?s={search_term_string}\"},\"query-input\":{\"@type\":\"PropertyValueSpecification\",\"valueRequired\":true,\"valueName\":\"search_term_string\"}}],\"inLanguage\":\"fr-FR\"},{\"@type\":\"Organization\",\"@id\":\"https:\/\/www.radper.com\/fr\/#organization\",\"name\":\"radper\",\"url\":\"https:\/\/www.radper.com\/fr\/\",\"logo\":{\"@type\":\"ImageObject\",\"inLanguage\":\"fr-FR\",\"@id\":\"https:\/\/www.radper.com\/fr\/#\/schema\/logo\/image\/\",\"url\":\"https:\/\/radper.com\/wp-content\/uploads\/2021\/04\/logo-wide-11.png\",\"contentUrl\":\"https:\/\/radper.com\/wp-content\/uploads\/2021\/04\/logo-wide-11.png\",\"width\":250,\"height\":110,\"caption\":\"radper\"},\"image\":{\"@id\":\"https:\/\/www.radper.com\/fr\/#\/schema\/logo\/image\/\"}}]}<\/script>\n<!-- \/ Yoast SEO plugin. -->","yoast_head_json":{"title":"Module de protection contre les surtensions pour technique de signaux; Tension nominale DC 5 V; pour 2 chemins de signaux avec d\u00e9rivation commune; pour interfaces avec vitesse de transmission \u00e9lev\u00e9e; 2 \u00e9tage; Largeur : 6 mm; 2,50 mm\u00b2 792-805 WAGO - Radper","robots":{"index":"index","follow":"follow","max-snippet":"max-snippet:-1","max-image-preview":"max-image-preview:large","max-video-preview":"max-video-preview:-1"},"canonical":"https:\/\/www.radper.com\/fr\/catalogues\/materiel-electrique\/protection-contre-les-surtensions-et-electronique-speciale\/module-de-protection-contre-les-surtensions-pour-technique-de-signaux-tension-nominale-dc-5-v-pour-2-chemins-de-signaux-avec-derivation-commune-pour-interfaces-avec-vitesse-de-transmission-elevee\/","og_locale":"fr_FR","og_type":"article","og_title":"Module de protection contre les surtensions pour technique de signaux; Tension nominale DC 5 V; pour 2 chemins de signaux avec d\u00e9rivation commune; pour interfaces avec vitesse de transmission \u00e9lev\u00e9e; 2 \u00e9tage; Largeur : 6 mm; 2,50 mm\u00b2 792-805 WAGO - Radper","og_description":"792-805","og_url":"https:\/\/www.radper.com\/fr\/catalogues\/materiel-electrique\/protection-contre-les-surtensions-et-electronique-speciale\/module-de-protection-contre-les-surtensions-pour-technique-de-signaux-tension-nominale-dc-5-v-pour-2-chemins-de-signaux-avec-derivation-commune-pour-interfaces-avec-vitesse-de-transmission-elevee\/","og_site_name":"Radper","article_modified_time":"2026-05-09T09:55:52+00:00","og_image":[{"width":600,"height":600,"url":"https:\/\/www.radper.com\/wp-content\/uploads\/2022\/12\/1024-0200000100038ed9000100b6-DE.jpg","type":"image\/jpeg"}],"twitter_card":"summary_large_image","schema":{"@context":"https:\/\/schema.org","@graph":[{"@type":"WebPage","@id":"https:\/\/www.radper.com\/fr\/catalogues\/materiel-electrique\/protection-contre-les-surtensions-et-electronique-speciale\/module-de-protection-contre-les-surtensions-pour-technique-de-signaux-tension-nominale-dc-5-v-pour-2-chemins-de-signaux-avec-derivation-commune-pour-interfaces-avec-vitesse-de-transmission-elevee\/","url":"https:\/\/www.radper.com\/fr\/catalogues\/materiel-electrique\/protection-contre-les-surtensions-et-electronique-speciale\/module-de-protection-contre-les-surtensions-pour-technique-de-signaux-tension-nominale-dc-5-v-pour-2-chemins-de-signaux-avec-derivation-commune-pour-interfaces-avec-vitesse-de-transmission-elevee\/","name":"Module de protection contre les surtensions pour technique de signaux; Tension nominale DC 5 V; pour 2 chemins de signaux avec d\u00e9rivation commune; pour interfaces avec vitesse de transmission \u00e9lev\u00e9e; 2 \u00e9tage; Largeur : 6 mm; 2,50 mm\u00b2 792-805 WAGO - Radper","isPartOf":{"@id":"https:\/\/www.radper.com\/fr\/#website"},"primaryImageOfPage":{"@id":"https:\/\/www.radper.com\/fr\/catalogues\/materiel-electrique\/protection-contre-les-surtensions-et-electronique-speciale\/module-de-protection-contre-les-surtensions-pour-technique-de-signaux-tension-nominale-dc-5-v-pour-2-chemins-de-signaux-avec-derivation-commune-pour-interfaces-avec-vitesse-de-transmission-elevee\/#primaryimage"},"image":{"@id":"https:\/\/www.radper.com\/fr\/catalogues\/materiel-electrique\/protection-contre-les-surtensions-et-electronique-speciale\/module-de-protection-contre-les-surtensions-pour-technique-de-signaux-tension-nominale-dc-5-v-pour-2-chemins-de-signaux-avec-derivation-commune-pour-interfaces-avec-vitesse-de-transmission-elevee\/#primaryimage"},"thumbnailUrl":"https:\/\/www.radper.com\/wp-content\/uploads\/2022\/12\/1024-0200000100038ed9000100b6-DE.jpg","datePublished":"2022-11-28T13:33:43+00:00","dateModified":"2026-05-09T09:55:52+00:00","breadcrumb":{"@id":"https:\/\/www.radper.com\/fr\/catalogues\/materiel-electrique\/protection-contre-les-surtensions-et-electronique-speciale\/module-de-protection-contre-les-surtensions-pour-technique-de-signaux-tension-nominale-dc-5-v-pour-2-chemins-de-signaux-avec-derivation-commune-pour-interfaces-avec-vitesse-de-transmission-elevee\/#breadcrumb"},"inLanguage":"fr-FR","potentialAction":[{"@type":"ReadAction","target":["https:\/\/www.radper.com\/fr\/catalogues\/materiel-electrique\/protection-contre-les-surtensions-et-electronique-speciale\/module-de-protection-contre-les-surtensions-pour-technique-de-signaux-tension-nominale-dc-5-v-pour-2-chemins-de-signaux-avec-derivation-commune-pour-interfaces-avec-vitesse-de-transmission-elevee\/"]}]},{"@type":"ImageObject","inLanguage":"fr-FR","@id":"https:\/\/www.radper.com\/fr\/catalogues\/materiel-electrique\/protection-contre-les-surtensions-et-electronique-speciale\/module-de-protection-contre-les-surtensions-pour-technique-de-signaux-tension-nominale-dc-5-v-pour-2-chemins-de-signaux-avec-derivation-commune-pour-interfaces-avec-vitesse-de-transmission-elevee\/#primaryimage","url":"https:\/\/www.radper.com\/wp-content\/uploads\/2022\/12\/1024-0200000100038ed9000100b6-DE.jpg","contentUrl":"https:\/\/www.radper.com\/wp-content\/uploads\/2022\/12\/1024-0200000100038ed9000100b6-DE.jpg","width":600,"height":600},{"@type":"BreadcrumbList","@id":"https:\/\/www.radper.com\/fr\/catalogues\/materiel-electrique\/protection-contre-les-surtensions-et-electronique-speciale\/module-de-protection-contre-les-surtensions-pour-technique-de-signaux-tension-nominale-dc-5-v-pour-2-chemins-de-signaux-avec-derivation-commune-pour-interfaces-avec-vitesse-de-transmission-elevee\/#breadcrumb","itemListElement":[{"@type":"ListItem","position":1,"name":"Accueil","item":"https:\/\/www.radper.com\/fr\/"},{"@type":"ListItem","position":2,"name":"Catalogue","item":"https:\/\/www.radper.com\/fr\/catalogue\/"},{"@type":"ListItem","position":3,"name":"Module de protection contre les surtensions pour technique de signaux; Tension nominale DC 5 V; pour 2 chemins de signaux avec d\u00e9rivation commune; pour interfaces avec vitesse de transmission \u00e9lev\u00e9e; 2 \u00e9tage; Largeur : 6 mm; 2,50 mm\u00b2 792-805 WAGO"}]},{"@type":"WebSite","@id":"https:\/\/www.radper.com\/fr\/#website","url":"https:\/\/www.radper.com\/fr\/","name":"Radper","description":"","publisher":{"@id":"https:\/\/www.radper.com\/fr\/#organization"},"potentialAction":[{"@type":"SearchAction","target":{"@type":"EntryPoint","urlTemplate":"https:\/\/www.radper.com\/fr\/?s={search_term_string}"},"query-input":{"@type":"PropertyValueSpecification","valueRequired":true,"valueName":"search_term_string"}}],"inLanguage":"fr-FR"},{"@type":"Organization","@id":"https:\/\/www.radper.com\/fr\/#organization","name":"radper","url":"https:\/\/www.radper.com\/fr\/","logo":{"@type":"ImageObject","inLanguage":"fr-FR","@id":"https:\/\/www.radper.com\/fr\/#\/schema\/logo\/image\/","url":"https:\/\/radper.com\/wp-content\/uploads\/2021\/04\/logo-wide-11.png","contentUrl":"https:\/\/radper.com\/wp-content\/uploads\/2021\/04\/logo-wide-11.png","width":250,"height":110,"caption":"radper"},"image":{"@id":"https:\/\/www.radper.com\/fr\/#\/schema\/logo\/image\/"}}]}},"_links":{"self":[{"href":"https:\/\/www.radper.com\/fr\/wp-json\/wp\/v2\/product\/21315","targetHints":{"allow":["GET"]}}],"collection":[{"href":"https:\/\/www.radper.com\/fr\/wp-json\/wp\/v2\/product"}],"about":[{"href":"https:\/\/www.radper.com\/fr\/wp-json\/wp\/v2\/types\/product"}],"wp:featuredmedia":[{"embeddable":true,"href":"https:\/\/www.radper.com\/fr\/wp-json\/wp\/v2\/media\/37982"}],"wp:attachment":[{"href":"https:\/\/www.radper.com\/fr\/wp-json\/wp\/v2\/media?parent=21315"}],"wp:term":[{"taxonomy":"product_brand","embeddable":true,"href":"https:\/\/www.radper.com\/fr\/wp-json\/wp\/v2\/product_brand?post=21315"},{"taxonomy":"product_cat","embeddable":true,"href":"https:\/\/www.radper.com\/fr\/wp-json\/wp\/v2\/product_cat?post=21315"},{"taxonomy":"product_tag","embeddable":true,"href":"https:\/\/www.radper.com\/fr\/wp-json\/wp\/v2\/product_tag?post=21315"}],"curies":[{"name":"wp","href":"https:\/\/api.w.org\/{rel}","templated":true}]}}