{"id":23830,"date":"2022-11-29T17:00:56","date_gmt":"2022-11-29T17:00:56","guid":{"rendered":"https:\/\/www.radper.com\/produit\/robinet-a-boisseau-spherique-passage-integral-2-voies-femelle-bsp-laiton-acs-poignee-plate-acier-carbone-chrome-tecofi\/"},"modified":"2026-05-08T05:09:19","modified_gmt":"2026-05-08T05:09:19","slug":"robinet-a-boisseau-spherique-passage-integral-2-voies-femelle-bsp-laiton-acs-poignee-plate-acier-carbone-chrome-tecofi","status":"publish","type":"product","link":"https:\/\/www.radper.com\/fr\/catalogues\/pompes-et-robinneterie\/robinets-a-boisseau-spherique\/robinet-a-boisseau-spherique-passage-integral-2-voies-femelle-bsp-laiton-acs-poignee-plate-acier-carbone-chrome-tecofi\/","title":{"rendered":"Robinet \u00e0 boisseau sph\u00e9rique passage int\u00e9gral 2 voies femelle BSP \u2013 laiton \u2013 ACS \u2013 Poign\u00e9e plate acier carbone chrom\u00e9 TECOFI"},"content":{"rendered":"<p>Robinet \u00e0 boisseau sph\u00e9rique passage int\u00e9gral 2 voies femelle BSP \u2013 laiton \u2013 ACS \u2013 Poign\u00e9e plate acier carbone chrom\u00e9 TECOFI, Mat\u00e9riaux du corps LAITON, Nature de la sph\u00e8re LAITON, Pression 30 BAR, Raccordement FEMELLE BSP, Contact \u00e9tanch\u00e9it\u00e9 PTFE, Actionneur POIGNEE METAL<\/p>\n","protected":false},"excerpt":{"rendered":"<p>BS1152A-02PF<\/p>\n","protected":false},"featured_media":22825,"template":"","meta":{"_acf_changed":false},"product_brand":[],"product_cat":[8232],"product_tag":[],"class_list":{"0":"post-23830","1":"product","2":"type-product","3":"status-publish","4":"has-post-thumbnail","6":"product_cat-robinets-a-boisseau-spherique","7":"pa_marque-tecofi","9":"first","10":"instock","11":"featured","12":"taxable","13":"shipping-taxable","14":"product-type-simple"},"acf":[],"yoast_head":"<!-- This site is optimized with the Yoast SEO plugin v26.2 - https:\/\/yoast.com\/wordpress\/plugins\/seo\/ -->\n<title>Robinet \u00e0 boisseau sph\u00e9rique passage int\u00e9gral 2 voies femelle BSP \u2013 laiton \u2013 ACS \u2013 Poign\u00e9e plate acier carbone chrom\u00e9 TECOFI - Radper<\/title>\n<meta name=\"robots\" content=\"index, follow, max-snippet:-1, max-image-preview:large, max-video-preview:-1\" \/>\n<link rel=\"canonical\" href=\"https:\/\/www.radper.com\/fr\/catalogues\/pompes-et-robinneterie\/robinets-a-boisseau-spherique\/robinet-a-boisseau-spherique-passage-integral-2-voies-femelle-bsp-laiton-acs-poignee-plate-acier-carbone-chrome-tecofi\/\" \/>\n<meta property=\"og:locale\" content=\"fr_FR\" \/>\n<meta property=\"og:type\" content=\"article\" \/>\n<meta property=\"og:title\" content=\"Robinet \u00e0 boisseau sph\u00e9rique passage int\u00e9gral 2 voies femelle BSP \u2013 laiton \u2013 ACS \u2013 Poign\u00e9e plate acier carbone chrom\u00e9 TECOFI - Radper\" \/>\n<meta property=\"og:description\" content=\"BS1152A-02PF\" \/>\n<meta property=\"og:url\" content=\"https:\/\/www.radper.com\/fr\/catalogues\/pompes-et-robinneterie\/robinets-a-boisseau-spherique\/robinet-a-boisseau-spherique-passage-integral-2-voies-femelle-bsp-laiton-acs-poignee-plate-acier-carbone-chrome-tecofi\/\" \/>\n<meta property=\"og:site_name\" content=\"Radper\" \/>\n<meta property=\"article:modified_time\" content=\"2026-05-08T05:09:19+00:00\" \/>\n<meta property=\"og:image\" content=\"https:\/\/www.radper.com\/wp-content\/uploads\/2022\/11\/BS1152A-02PF.jpg\" \/>\n\t<meta property=\"og:image:width\" content=\"840\" \/>\n\t<meta property=\"og:image:height\" content=\"600\" \/>\n\t<meta property=\"og:image:type\" content=\"image\/jpeg\" \/>\n<meta name=\"twitter:card\" content=\"summary_large_image\" \/>\n<script type=\"application\/ld+json\" class=\"yoast-schema-graph\">{\"@context\":\"https:\/\/schema.org\",\"@graph\":[{\"@type\":\"WebPage\",\"@id\":\"https:\/\/www.radper.com\/fr\/catalogues\/pompes-et-robinneterie\/robinets-a-boisseau-spherique\/robinet-a-boisseau-spherique-passage-integral-2-voies-femelle-bsp-laiton-acs-poignee-plate-acier-carbone-chrome-tecofi\/\",\"url\":\"https:\/\/www.radper.com\/fr\/catalogues\/pompes-et-robinneterie\/robinets-a-boisseau-spherique\/robinet-a-boisseau-spherique-passage-integral-2-voies-femelle-bsp-laiton-acs-poignee-plate-acier-carbone-chrome-tecofi\/\",\"name\":\"Robinet \u00e0 boisseau sph\u00e9rique passage int\u00e9gral 2 voies femelle BSP \u2013 laiton \u2013 ACS \u2013 Poign\u00e9e plate acier carbone chrom\u00e9 TECOFI - Radper\",\"isPartOf\":{\"@id\":\"https:\/\/www.radper.com\/fr\/#website\"},\"primaryImageOfPage\":{\"@id\":\"https:\/\/www.radper.com\/fr\/catalogues\/pompes-et-robinneterie\/robinets-a-boisseau-spherique\/robinet-a-boisseau-spherique-passage-integral-2-voies-femelle-bsp-laiton-acs-poignee-plate-acier-carbone-chrome-tecofi\/#primaryimage\"},\"image\":{\"@id\":\"https:\/\/www.radper.com\/fr\/catalogues\/pompes-et-robinneterie\/robinets-a-boisseau-spherique\/robinet-a-boisseau-spherique-passage-integral-2-voies-femelle-bsp-laiton-acs-poignee-plate-acier-carbone-chrome-tecofi\/#primaryimage\"},\"thumbnailUrl\":\"https:\/\/www.radper.com\/wp-content\/uploads\/2022\/11\/BS1152A-02PF.jpg\",\"datePublished\":\"2022-11-29T17:00:56+00:00\",\"dateModified\":\"2026-05-08T05:09:19+00:00\",\"breadcrumb\":{\"@id\":\"https:\/\/www.radper.com\/fr\/catalogues\/pompes-et-robinneterie\/robinets-a-boisseau-spherique\/robinet-a-boisseau-spherique-passage-integral-2-voies-femelle-bsp-laiton-acs-poignee-plate-acier-carbone-chrome-tecofi\/#breadcrumb\"},\"inLanguage\":\"fr-FR\",\"potentialAction\":[{\"@type\":\"ReadAction\",\"target\":[\"https:\/\/www.radper.com\/fr\/catalogues\/pompes-et-robinneterie\/robinets-a-boisseau-spherique\/robinet-a-boisseau-spherique-passage-integral-2-voies-femelle-bsp-laiton-acs-poignee-plate-acier-carbone-chrome-tecofi\/\"]}]},{\"@type\":\"ImageObject\",\"inLanguage\":\"fr-FR\",\"@id\":\"https:\/\/www.radper.com\/fr\/catalogues\/pompes-et-robinneterie\/robinets-a-boisseau-spherique\/robinet-a-boisseau-spherique-passage-integral-2-voies-femelle-bsp-laiton-acs-poignee-plate-acier-carbone-chrome-tecofi\/#primaryimage\",\"url\":\"https:\/\/www.radper.com\/wp-content\/uploads\/2022\/11\/BS1152A-02PF.jpg\",\"contentUrl\":\"https:\/\/www.radper.com\/wp-content\/uploads\/2022\/11\/BS1152A-02PF.jpg\",\"width\":840,\"height\":600},{\"@type\":\"BreadcrumbList\",\"@id\":\"https:\/\/www.radper.com\/fr\/catalogues\/pompes-et-robinneterie\/robinets-a-boisseau-spherique\/robinet-a-boisseau-spherique-passage-integral-2-voies-femelle-bsp-laiton-acs-poignee-plate-acier-carbone-chrome-tecofi\/#breadcrumb\",\"itemListElement\":[{\"@type\":\"ListItem\",\"position\":1,\"name\":\"Accueil\",\"item\":\"https:\/\/www.radper.com\/fr\/\"},{\"@type\":\"ListItem\",\"position\":2,\"name\":\"Catalogue\",\"item\":\"https:\/\/www.radper.com\/fr\/catalogue\/\"},{\"@type\":\"ListItem\",\"position\":3,\"name\":\"Robinet \u00e0 boisseau sph\u00e9rique passage int\u00e9gral 2 voies femelle BSP \u2013 laiton \u2013 ACS \u2013 Poign\u00e9e plate acier carbone chrom\u00e9 TECOFI\"}]},{\"@type\":\"WebSite\",\"@id\":\"https:\/\/www.radper.com\/fr\/#website\",\"url\":\"https:\/\/www.radper.com\/fr\/\",\"name\":\"Radper\",\"description\":\"\",\"publisher\":{\"@id\":\"https:\/\/www.radper.com\/fr\/#organization\"},\"potentialAction\":[{\"@type\":\"SearchAction\",\"target\":{\"@type\":\"EntryPoint\",\"urlTemplate\":\"https:\/\/www.radper.com\/fr\/?s={search_term_string}\"},\"query-input\":{\"@type\":\"PropertyValueSpecification\",\"valueRequired\":true,\"valueName\":\"search_term_string\"}}],\"inLanguage\":\"fr-FR\"},{\"@type\":\"Organization\",\"@id\":\"https:\/\/www.radper.com\/fr\/#organization\",\"name\":\"radper\",\"url\":\"https:\/\/www.radper.com\/fr\/\",\"logo\":{\"@type\":\"ImageObject\",\"inLanguage\":\"fr-FR\",\"@id\":\"https:\/\/www.radper.com\/fr\/#\/schema\/logo\/image\/\",\"url\":\"https:\/\/radper.com\/wp-content\/uploads\/2021\/04\/logo-wide-11.png\",\"contentUrl\":\"https:\/\/radper.com\/wp-content\/uploads\/2021\/04\/logo-wide-11.png\",\"width\":250,\"height\":110,\"caption\":\"radper\"},\"image\":{\"@id\":\"https:\/\/www.radper.com\/fr\/#\/schema\/logo\/image\/\"}}]}<\/script>\n<!-- \/ Yoast SEO plugin. -->","yoast_head_json":{"title":"Robinet \u00e0 boisseau sph\u00e9rique passage int\u00e9gral 2 voies femelle BSP \u2013 laiton \u2013 ACS \u2013 Poign\u00e9e plate acier carbone chrom\u00e9 TECOFI - Radper","robots":{"index":"index","follow":"follow","max-snippet":"max-snippet:-1","max-image-preview":"max-image-preview:large","max-video-preview":"max-video-preview:-1"},"canonical":"https:\/\/www.radper.com\/fr\/catalogues\/pompes-et-robinneterie\/robinets-a-boisseau-spherique\/robinet-a-boisseau-spherique-passage-integral-2-voies-femelle-bsp-laiton-acs-poignee-plate-acier-carbone-chrome-tecofi\/","og_locale":"fr_FR","og_type":"article","og_title":"Robinet \u00e0 boisseau sph\u00e9rique passage int\u00e9gral 2 voies femelle BSP \u2013 laiton \u2013 ACS \u2013 Poign\u00e9e plate acier carbone chrom\u00e9 TECOFI - Radper","og_description":"BS1152A-02PF","og_url":"https:\/\/www.radper.com\/fr\/catalogues\/pompes-et-robinneterie\/robinets-a-boisseau-spherique\/robinet-a-boisseau-spherique-passage-integral-2-voies-femelle-bsp-laiton-acs-poignee-plate-acier-carbone-chrome-tecofi\/","og_site_name":"Radper","article_modified_time":"2026-05-08T05:09:19+00:00","og_image":[{"width":840,"height":600,"url":"https:\/\/www.radper.com\/wp-content\/uploads\/2022\/11\/BS1152A-02PF.jpg","type":"image\/jpeg"}],"twitter_card":"summary_large_image","schema":{"@context":"https:\/\/schema.org","@graph":[{"@type":"WebPage","@id":"https:\/\/www.radper.com\/fr\/catalogues\/pompes-et-robinneterie\/robinets-a-boisseau-spherique\/robinet-a-boisseau-spherique-passage-integral-2-voies-femelle-bsp-laiton-acs-poignee-plate-acier-carbone-chrome-tecofi\/","url":"https:\/\/www.radper.com\/fr\/catalogues\/pompes-et-robinneterie\/robinets-a-boisseau-spherique\/robinet-a-boisseau-spherique-passage-integral-2-voies-femelle-bsp-laiton-acs-poignee-plate-acier-carbone-chrome-tecofi\/","name":"Robinet \u00e0 boisseau sph\u00e9rique passage int\u00e9gral 2 voies femelle BSP \u2013 laiton \u2013 ACS \u2013 Poign\u00e9e plate acier carbone chrom\u00e9 TECOFI - Radper","isPartOf":{"@id":"https:\/\/www.radper.com\/fr\/#website"},"primaryImageOfPage":{"@id":"https:\/\/www.radper.com\/fr\/catalogues\/pompes-et-robinneterie\/robinets-a-boisseau-spherique\/robinet-a-boisseau-spherique-passage-integral-2-voies-femelle-bsp-laiton-acs-poignee-plate-acier-carbone-chrome-tecofi\/#primaryimage"},"image":{"@id":"https:\/\/www.radper.com\/fr\/catalogues\/pompes-et-robinneterie\/robinets-a-boisseau-spherique\/robinet-a-boisseau-spherique-passage-integral-2-voies-femelle-bsp-laiton-acs-poignee-plate-acier-carbone-chrome-tecofi\/#primaryimage"},"thumbnailUrl":"https:\/\/www.radper.com\/wp-content\/uploads\/2022\/11\/BS1152A-02PF.jpg","datePublished":"2022-11-29T17:00:56+00:00","dateModified":"2026-05-08T05:09:19+00:00","breadcrumb":{"@id":"https:\/\/www.radper.com\/fr\/catalogues\/pompes-et-robinneterie\/robinets-a-boisseau-spherique\/robinet-a-boisseau-spherique-passage-integral-2-voies-femelle-bsp-laiton-acs-poignee-plate-acier-carbone-chrome-tecofi\/#breadcrumb"},"inLanguage":"fr-FR","potentialAction":[{"@type":"ReadAction","target":["https:\/\/www.radper.com\/fr\/catalogues\/pompes-et-robinneterie\/robinets-a-boisseau-spherique\/robinet-a-boisseau-spherique-passage-integral-2-voies-femelle-bsp-laiton-acs-poignee-plate-acier-carbone-chrome-tecofi\/"]}]},{"@type":"ImageObject","inLanguage":"fr-FR","@id":"https:\/\/www.radper.com\/fr\/catalogues\/pompes-et-robinneterie\/robinets-a-boisseau-spherique\/robinet-a-boisseau-spherique-passage-integral-2-voies-femelle-bsp-laiton-acs-poignee-plate-acier-carbone-chrome-tecofi\/#primaryimage","url":"https:\/\/www.radper.com\/wp-content\/uploads\/2022\/11\/BS1152A-02PF.jpg","contentUrl":"https:\/\/www.radper.com\/wp-content\/uploads\/2022\/11\/BS1152A-02PF.jpg","width":840,"height":600},{"@type":"BreadcrumbList","@id":"https:\/\/www.radper.com\/fr\/catalogues\/pompes-et-robinneterie\/robinets-a-boisseau-spherique\/robinet-a-boisseau-spherique-passage-integral-2-voies-femelle-bsp-laiton-acs-poignee-plate-acier-carbone-chrome-tecofi\/#breadcrumb","itemListElement":[{"@type":"ListItem","position":1,"name":"Accueil","item":"https:\/\/www.radper.com\/fr\/"},{"@type":"ListItem","position":2,"name":"Catalogue","item":"https:\/\/www.radper.com\/fr\/catalogue\/"},{"@type":"ListItem","position":3,"name":"Robinet \u00e0 boisseau sph\u00e9rique passage int\u00e9gral 2 voies femelle BSP \u2013 laiton \u2013 ACS \u2013 Poign\u00e9e plate acier carbone chrom\u00e9 TECOFI"}]},{"@type":"WebSite","@id":"https:\/\/www.radper.com\/fr\/#website","url":"https:\/\/www.radper.com\/fr\/","name":"Radper","description":"","publisher":{"@id":"https:\/\/www.radper.com\/fr\/#organization"},"potentialAction":[{"@type":"SearchAction","target":{"@type":"EntryPoint","urlTemplate":"https:\/\/www.radper.com\/fr\/?s={search_term_string}"},"query-input":{"@type":"PropertyValueSpecification","valueRequired":true,"valueName":"search_term_string"}}],"inLanguage":"fr-FR"},{"@type":"Organization","@id":"https:\/\/www.radper.com\/fr\/#organization","name":"radper","url":"https:\/\/www.radper.com\/fr\/","logo":{"@type":"ImageObject","inLanguage":"fr-FR","@id":"https:\/\/www.radper.com\/fr\/#\/schema\/logo\/image\/","url":"https:\/\/radper.com\/wp-content\/uploads\/2021\/04\/logo-wide-11.png","contentUrl":"https:\/\/radper.com\/wp-content\/uploads\/2021\/04\/logo-wide-11.png","width":250,"height":110,"caption":"radper"},"image":{"@id":"https:\/\/www.radper.com\/fr\/#\/schema\/logo\/image\/"}}]}},"_links":{"self":[{"href":"https:\/\/www.radper.com\/fr\/wp-json\/wp\/v2\/product\/23830","targetHints":{"allow":["GET"]}}],"collection":[{"href":"https:\/\/www.radper.com\/fr\/wp-json\/wp\/v2\/product"}],"about":[{"href":"https:\/\/www.radper.com\/fr\/wp-json\/wp\/v2\/types\/product"}],"wp:featuredmedia":[{"embeddable":true,"href":"https:\/\/www.radper.com\/fr\/wp-json\/wp\/v2\/media\/22825"}],"wp:attachment":[{"href":"https:\/\/www.radper.com\/fr\/wp-json\/wp\/v2\/media?parent=23830"}],"wp:term":[{"taxonomy":"product_brand","embeddable":true,"href":"https:\/\/www.radper.com\/fr\/wp-json\/wp\/v2\/product_brand?post=23830"},{"taxonomy":"product_cat","embeddable":true,"href":"https:\/\/www.radper.com\/fr\/wp-json\/wp\/v2\/product_cat?post=23830"},{"taxonomy":"product_tag","embeddable":true,"href":"https:\/\/www.radper.com\/fr\/wp-json\/wp\/v2\/product_tag?post=23830"}],"curies":[{"name":"wp","href":"https:\/\/api.w.org\/{rel}","templated":true}]}}