{"id":23835,"date":"2022-11-29T17:01:00","date_gmt":"2022-11-29T17:01:00","guid":{"rendered":"https:\/\/www.radper.com\/produit\/robinet-a-boisseau-spherique-passage-integral-femelle-bsp-laiton-avec-robinet-de-purge-acs-tecofi\/"},"modified":"2026-05-09T06:46:30","modified_gmt":"2026-05-09T06:46:30","slug":"robinet-a-boisseau-spherique-passage-integral-femelle-bsp-laiton-avec-robinet-de-purge-acs-tecofi","status":"publish","type":"product","link":"https:\/\/www.radper.com\/fr\/catalogues\/pompes-et-robinneterie\/robinets-a-boisseau-spherique\/robinet-a-boisseau-spherique-passage-integral-femelle-bsp-laiton-avec-robinet-de-purge-acs-tecofi\/","title":{"rendered":"Robinet \u00e0 boisseau sph\u00e9rique passage int\u00e9gral femelle BSP \u2013 laiton \u2013 avec robinet de purge \u2013 ACS TECOFI"},"content":{"rendered":"<p>Robinet \u00e0 boisseau sph\u00e9rique passage int\u00e9gral femelle BSP \u2013 laiton \u2013 avec robinet de purge \u2013 ACS TECOFI, Mat\u00e9riaux du corps LAITON, Nature de la sph\u00e8re LAITON, Pression 30 BAR, Raccordement FEMELLE BSP, Contact \u00e9tanch\u00e9it\u00e9 PTFE, Actionneur POIGNEE METAL<\/p>\n","protected":false},"excerpt":{"rendered":"<p>BS1152E-02PF<\/p>\n","protected":false},"featured_media":22835,"template":"","meta":{"_acf_changed":false},"product_brand":[],"product_cat":[8232],"product_tag":[],"class_list":{"0":"post-23835","1":"product","2":"type-product","3":"status-publish","4":"has-post-thumbnail","6":"product_cat-robinets-a-boisseau-spherique","7":"pa_marque-tecofi","9":"first","10":"instock","11":"featured","12":"taxable","13":"shipping-taxable","14":"product-type-simple"},"acf":[],"yoast_head":"<!-- This site is optimized with the Yoast SEO plugin v26.2 - https:\/\/yoast.com\/wordpress\/plugins\/seo\/ -->\n<title>Robinet \u00e0 boisseau sph\u00e9rique passage int\u00e9gral femelle BSP \u2013 laiton \u2013 avec robinet de purge \u2013 ACS TECOFI - Radper<\/title>\n<meta name=\"robots\" content=\"index, follow, max-snippet:-1, max-image-preview:large, max-video-preview:-1\" \/>\n<link rel=\"canonical\" href=\"https:\/\/www.radper.com\/fr\/catalogues\/pompes-et-robinneterie\/robinets-a-boisseau-spherique\/robinet-a-boisseau-spherique-passage-integral-femelle-bsp-laiton-avec-robinet-de-purge-acs-tecofi\/\" \/>\n<meta property=\"og:locale\" content=\"fr_FR\" \/>\n<meta property=\"og:type\" content=\"article\" \/>\n<meta property=\"og:title\" content=\"Robinet \u00e0 boisseau sph\u00e9rique passage int\u00e9gral femelle BSP \u2013 laiton \u2013 avec robinet de purge \u2013 ACS TECOFI - Radper\" \/>\n<meta property=\"og:description\" content=\"BS1152E-02PF\" \/>\n<meta property=\"og:url\" content=\"https:\/\/www.radper.com\/fr\/catalogues\/pompes-et-robinneterie\/robinets-a-boisseau-spherique\/robinet-a-boisseau-spherique-passage-integral-femelle-bsp-laiton-avec-robinet-de-purge-acs-tecofi\/\" \/>\n<meta property=\"og:site_name\" content=\"Radper\" \/>\n<meta property=\"article:modified_time\" content=\"2026-05-09T06:46:30+00:00\" \/>\n<meta property=\"og:image\" content=\"https:\/\/www.radper.com\/wp-content\/uploads\/2022\/11\/BS1152E-02PF.jpg\" \/>\n\t<meta property=\"og:image:width\" content=\"783\" \/>\n\t<meta property=\"og:image:height\" content=\"600\" \/>\n\t<meta property=\"og:image:type\" content=\"image\/jpeg\" \/>\n<meta name=\"twitter:card\" content=\"summary_large_image\" \/>\n<script type=\"application\/ld+json\" class=\"yoast-schema-graph\">{\"@context\":\"https:\/\/schema.org\",\"@graph\":[{\"@type\":\"WebPage\",\"@id\":\"https:\/\/www.radper.com\/fr\/catalogues\/pompes-et-robinneterie\/robinets-a-boisseau-spherique\/robinet-a-boisseau-spherique-passage-integral-femelle-bsp-laiton-avec-robinet-de-purge-acs-tecofi\/\",\"url\":\"https:\/\/www.radper.com\/fr\/catalogues\/pompes-et-robinneterie\/robinets-a-boisseau-spherique\/robinet-a-boisseau-spherique-passage-integral-femelle-bsp-laiton-avec-robinet-de-purge-acs-tecofi\/\",\"name\":\"Robinet \u00e0 boisseau sph\u00e9rique passage int\u00e9gral femelle BSP \u2013 laiton \u2013 avec robinet de purge \u2013 ACS TECOFI - Radper\",\"isPartOf\":{\"@id\":\"https:\/\/www.radper.com\/fr\/#website\"},\"primaryImageOfPage\":{\"@id\":\"https:\/\/www.radper.com\/fr\/catalogues\/pompes-et-robinneterie\/robinets-a-boisseau-spherique\/robinet-a-boisseau-spherique-passage-integral-femelle-bsp-laiton-avec-robinet-de-purge-acs-tecofi\/#primaryimage\"},\"image\":{\"@id\":\"https:\/\/www.radper.com\/fr\/catalogues\/pompes-et-robinneterie\/robinets-a-boisseau-spherique\/robinet-a-boisseau-spherique-passage-integral-femelle-bsp-laiton-avec-robinet-de-purge-acs-tecofi\/#primaryimage\"},\"thumbnailUrl\":\"https:\/\/www.radper.com\/wp-content\/uploads\/2022\/11\/BS1152E-02PF.jpg\",\"datePublished\":\"2022-11-29T17:01:00+00:00\",\"dateModified\":\"2026-05-09T06:46:30+00:00\",\"breadcrumb\":{\"@id\":\"https:\/\/www.radper.com\/fr\/catalogues\/pompes-et-robinneterie\/robinets-a-boisseau-spherique\/robinet-a-boisseau-spherique-passage-integral-femelle-bsp-laiton-avec-robinet-de-purge-acs-tecofi\/#breadcrumb\"},\"inLanguage\":\"fr-FR\",\"potentialAction\":[{\"@type\":\"ReadAction\",\"target\":[\"https:\/\/www.radper.com\/fr\/catalogues\/pompes-et-robinneterie\/robinets-a-boisseau-spherique\/robinet-a-boisseau-spherique-passage-integral-femelle-bsp-laiton-avec-robinet-de-purge-acs-tecofi\/\"]}]},{\"@type\":\"ImageObject\",\"inLanguage\":\"fr-FR\",\"@id\":\"https:\/\/www.radper.com\/fr\/catalogues\/pompes-et-robinneterie\/robinets-a-boisseau-spherique\/robinet-a-boisseau-spherique-passage-integral-femelle-bsp-laiton-avec-robinet-de-purge-acs-tecofi\/#primaryimage\",\"url\":\"https:\/\/www.radper.com\/wp-content\/uploads\/2022\/11\/BS1152E-02PF.jpg\",\"contentUrl\":\"https:\/\/www.radper.com\/wp-content\/uploads\/2022\/11\/BS1152E-02PF.jpg\",\"width\":783,\"height\":600},{\"@type\":\"BreadcrumbList\",\"@id\":\"https:\/\/www.radper.com\/fr\/catalogues\/pompes-et-robinneterie\/robinets-a-boisseau-spherique\/robinet-a-boisseau-spherique-passage-integral-femelle-bsp-laiton-avec-robinet-de-purge-acs-tecofi\/#breadcrumb\",\"itemListElement\":[{\"@type\":\"ListItem\",\"position\":1,\"name\":\"Accueil\",\"item\":\"https:\/\/www.radper.com\/fr\/\"},{\"@type\":\"ListItem\",\"position\":2,\"name\":\"Catalogue\",\"item\":\"https:\/\/www.radper.com\/fr\/catalogue\/\"},{\"@type\":\"ListItem\",\"position\":3,\"name\":\"Robinet \u00e0 boisseau sph\u00e9rique passage int\u00e9gral femelle BSP \u2013 laiton \u2013 avec robinet de purge \u2013 ACS TECOFI\"}]},{\"@type\":\"WebSite\",\"@id\":\"https:\/\/www.radper.com\/fr\/#website\",\"url\":\"https:\/\/www.radper.com\/fr\/\",\"name\":\"Radper\",\"description\":\"\",\"publisher\":{\"@id\":\"https:\/\/www.radper.com\/fr\/#organization\"},\"potentialAction\":[{\"@type\":\"SearchAction\",\"target\":{\"@type\":\"EntryPoint\",\"urlTemplate\":\"https:\/\/www.radper.com\/fr\/?s={search_term_string}\"},\"query-input\":{\"@type\":\"PropertyValueSpecification\",\"valueRequired\":true,\"valueName\":\"search_term_string\"}}],\"inLanguage\":\"fr-FR\"},{\"@type\":\"Organization\",\"@id\":\"https:\/\/www.radper.com\/fr\/#organization\",\"name\":\"radper\",\"url\":\"https:\/\/www.radper.com\/fr\/\",\"logo\":{\"@type\":\"ImageObject\",\"inLanguage\":\"fr-FR\",\"@id\":\"https:\/\/www.radper.com\/fr\/#\/schema\/logo\/image\/\",\"url\":\"https:\/\/radper.com\/wp-content\/uploads\/2021\/04\/logo-wide-11.png\",\"contentUrl\":\"https:\/\/radper.com\/wp-content\/uploads\/2021\/04\/logo-wide-11.png\",\"width\":250,\"height\":110,\"caption\":\"radper\"},\"image\":{\"@id\":\"https:\/\/www.radper.com\/fr\/#\/schema\/logo\/image\/\"}}]}<\/script>\n<!-- \/ Yoast SEO plugin. -->","yoast_head_json":{"title":"Robinet \u00e0 boisseau sph\u00e9rique passage int\u00e9gral femelle BSP \u2013 laiton \u2013 avec robinet de purge \u2013 ACS TECOFI - Radper","robots":{"index":"index","follow":"follow","max-snippet":"max-snippet:-1","max-image-preview":"max-image-preview:large","max-video-preview":"max-video-preview:-1"},"canonical":"https:\/\/www.radper.com\/fr\/catalogues\/pompes-et-robinneterie\/robinets-a-boisseau-spherique\/robinet-a-boisseau-spherique-passage-integral-femelle-bsp-laiton-avec-robinet-de-purge-acs-tecofi\/","og_locale":"fr_FR","og_type":"article","og_title":"Robinet \u00e0 boisseau sph\u00e9rique passage int\u00e9gral femelle BSP \u2013 laiton \u2013 avec robinet de purge \u2013 ACS TECOFI - Radper","og_description":"BS1152E-02PF","og_url":"https:\/\/www.radper.com\/fr\/catalogues\/pompes-et-robinneterie\/robinets-a-boisseau-spherique\/robinet-a-boisseau-spherique-passage-integral-femelle-bsp-laiton-avec-robinet-de-purge-acs-tecofi\/","og_site_name":"Radper","article_modified_time":"2026-05-09T06:46:30+00:00","og_image":[{"width":783,"height":600,"url":"https:\/\/www.radper.com\/wp-content\/uploads\/2022\/11\/BS1152E-02PF.jpg","type":"image\/jpeg"}],"twitter_card":"summary_large_image","schema":{"@context":"https:\/\/schema.org","@graph":[{"@type":"WebPage","@id":"https:\/\/www.radper.com\/fr\/catalogues\/pompes-et-robinneterie\/robinets-a-boisseau-spherique\/robinet-a-boisseau-spherique-passage-integral-femelle-bsp-laiton-avec-robinet-de-purge-acs-tecofi\/","url":"https:\/\/www.radper.com\/fr\/catalogues\/pompes-et-robinneterie\/robinets-a-boisseau-spherique\/robinet-a-boisseau-spherique-passage-integral-femelle-bsp-laiton-avec-robinet-de-purge-acs-tecofi\/","name":"Robinet \u00e0 boisseau sph\u00e9rique passage int\u00e9gral femelle BSP \u2013 laiton \u2013 avec robinet de purge \u2013 ACS TECOFI - Radper","isPartOf":{"@id":"https:\/\/www.radper.com\/fr\/#website"},"primaryImageOfPage":{"@id":"https:\/\/www.radper.com\/fr\/catalogues\/pompes-et-robinneterie\/robinets-a-boisseau-spherique\/robinet-a-boisseau-spherique-passage-integral-femelle-bsp-laiton-avec-robinet-de-purge-acs-tecofi\/#primaryimage"},"image":{"@id":"https:\/\/www.radper.com\/fr\/catalogues\/pompes-et-robinneterie\/robinets-a-boisseau-spherique\/robinet-a-boisseau-spherique-passage-integral-femelle-bsp-laiton-avec-robinet-de-purge-acs-tecofi\/#primaryimage"},"thumbnailUrl":"https:\/\/www.radper.com\/wp-content\/uploads\/2022\/11\/BS1152E-02PF.jpg","datePublished":"2022-11-29T17:01:00+00:00","dateModified":"2026-05-09T06:46:30+00:00","breadcrumb":{"@id":"https:\/\/www.radper.com\/fr\/catalogues\/pompes-et-robinneterie\/robinets-a-boisseau-spherique\/robinet-a-boisseau-spherique-passage-integral-femelle-bsp-laiton-avec-robinet-de-purge-acs-tecofi\/#breadcrumb"},"inLanguage":"fr-FR","potentialAction":[{"@type":"ReadAction","target":["https:\/\/www.radper.com\/fr\/catalogues\/pompes-et-robinneterie\/robinets-a-boisseau-spherique\/robinet-a-boisseau-spherique-passage-integral-femelle-bsp-laiton-avec-robinet-de-purge-acs-tecofi\/"]}]},{"@type":"ImageObject","inLanguage":"fr-FR","@id":"https:\/\/www.radper.com\/fr\/catalogues\/pompes-et-robinneterie\/robinets-a-boisseau-spherique\/robinet-a-boisseau-spherique-passage-integral-femelle-bsp-laiton-avec-robinet-de-purge-acs-tecofi\/#primaryimage","url":"https:\/\/www.radper.com\/wp-content\/uploads\/2022\/11\/BS1152E-02PF.jpg","contentUrl":"https:\/\/www.radper.com\/wp-content\/uploads\/2022\/11\/BS1152E-02PF.jpg","width":783,"height":600},{"@type":"BreadcrumbList","@id":"https:\/\/www.radper.com\/fr\/catalogues\/pompes-et-robinneterie\/robinets-a-boisseau-spherique\/robinet-a-boisseau-spherique-passage-integral-femelle-bsp-laiton-avec-robinet-de-purge-acs-tecofi\/#breadcrumb","itemListElement":[{"@type":"ListItem","position":1,"name":"Accueil","item":"https:\/\/www.radper.com\/fr\/"},{"@type":"ListItem","position":2,"name":"Catalogue","item":"https:\/\/www.radper.com\/fr\/catalogue\/"},{"@type":"ListItem","position":3,"name":"Robinet \u00e0 boisseau sph\u00e9rique passage int\u00e9gral femelle BSP \u2013 laiton \u2013 avec robinet de purge \u2013 ACS TECOFI"}]},{"@type":"WebSite","@id":"https:\/\/www.radper.com\/fr\/#website","url":"https:\/\/www.radper.com\/fr\/","name":"Radper","description":"","publisher":{"@id":"https:\/\/www.radper.com\/fr\/#organization"},"potentialAction":[{"@type":"SearchAction","target":{"@type":"EntryPoint","urlTemplate":"https:\/\/www.radper.com\/fr\/?s={search_term_string}"},"query-input":{"@type":"PropertyValueSpecification","valueRequired":true,"valueName":"search_term_string"}}],"inLanguage":"fr-FR"},{"@type":"Organization","@id":"https:\/\/www.radper.com\/fr\/#organization","name":"radper","url":"https:\/\/www.radper.com\/fr\/","logo":{"@type":"ImageObject","inLanguage":"fr-FR","@id":"https:\/\/www.radper.com\/fr\/#\/schema\/logo\/image\/","url":"https:\/\/radper.com\/wp-content\/uploads\/2021\/04\/logo-wide-11.png","contentUrl":"https:\/\/radper.com\/wp-content\/uploads\/2021\/04\/logo-wide-11.png","width":250,"height":110,"caption":"radper"},"image":{"@id":"https:\/\/www.radper.com\/fr\/#\/schema\/logo\/image\/"}}]}},"_links":{"self":[{"href":"https:\/\/www.radper.com\/fr\/wp-json\/wp\/v2\/product\/23835","targetHints":{"allow":["GET"]}}],"collection":[{"href":"https:\/\/www.radper.com\/fr\/wp-json\/wp\/v2\/product"}],"about":[{"href":"https:\/\/www.radper.com\/fr\/wp-json\/wp\/v2\/types\/product"}],"wp:featuredmedia":[{"embeddable":true,"href":"https:\/\/www.radper.com\/fr\/wp-json\/wp\/v2\/media\/22835"}],"wp:attachment":[{"href":"https:\/\/www.radper.com\/fr\/wp-json\/wp\/v2\/media?parent=23835"}],"wp:term":[{"taxonomy":"product_brand","embeddable":true,"href":"https:\/\/www.radper.com\/fr\/wp-json\/wp\/v2\/product_brand?post=23835"},{"taxonomy":"product_cat","embeddable":true,"href":"https:\/\/www.radper.com\/fr\/wp-json\/wp\/v2\/product_cat?post=23835"},{"taxonomy":"product_tag","embeddable":true,"href":"https:\/\/www.radper.com\/fr\/wp-json\/wp\/v2\/product_tag?post=23835"}],"curies":[{"name":"wp","href":"https:\/\/api.w.org\/{rel}","templated":true}]}}