{"id":23850,"date":"2022-11-29T17:01:11","date_gmt":"2022-11-29T17:01:11","guid":{"rendered":"https:\/\/www.radper.com\/produit\/robinet-a-boisseau-spherique-haute-pression-passage-reduit-femelle-bsp-acier-tecofi\/"},"modified":"2026-05-09T06:47:02","modified_gmt":"2026-05-09T06:47:02","slug":"robinet-a-boisseau-spherique-haute-pression-passage-reduit-femelle-bsp-acier-tecofi","status":"publish","type":"product","link":"https:\/\/www.radper.com\/fr\/catalogues\/pompes-et-robinneterie\/robinets-a-boisseau-spherique\/robinet-a-boisseau-spherique-haute-pression-passage-reduit-femelle-bsp-acier-tecofi\/","title":{"rendered":"Robinet \u00e0 boisseau sph\u00e9rique haute pression passage r\u00e9duit femelle BSP \u2013 acier TECOFI"},"content":{"rendered":"<p>Robinet \u00e0 boisseau sph\u00e9rique haute pression passage r\u00e9duit femelle BSP \u2013 acier TECOFI, Mat\u00e9riaux du corps ACIER AU CARBONE, Nature de la sph\u00e8re ACIER AU CARBONE, Pression 500 BAR, Raccordement FEMELLE BSP, Contact \u00e9tanch\u00e9it\u00e9 NYLON, Actionneur POIGNEE METAL<\/p>\n","protected":false},"excerpt":{"rendered":"<p>BS5190<\/p>\n","protected":false},"featured_media":22865,"template":"","meta":{"_acf_changed":false},"product_brand":[],"product_cat":[8232],"product_tag":[],"class_list":{"0":"post-23850","1":"product","2":"type-product","3":"status-publish","4":"has-post-thumbnail","6":"product_cat-robinets-a-boisseau-spherique","7":"pa_marque-tecofi","9":"first","10":"instock","11":"featured","12":"taxable","13":"shipping-taxable","14":"product-type-simple"},"acf":[],"yoast_head":"<!-- This site is optimized with the Yoast SEO plugin v26.2 - https:\/\/yoast.com\/wordpress\/plugins\/seo\/ -->\n<title>Robinet \u00e0 boisseau sph\u00e9rique haute pression passage r\u00e9duit femelle BSP \u2013 acier TECOFI - Radper<\/title>\n<meta name=\"robots\" content=\"index, follow, max-snippet:-1, max-image-preview:large, max-video-preview:-1\" \/>\n<link rel=\"canonical\" href=\"https:\/\/www.radper.com\/fr\/catalogues\/pompes-et-robinneterie\/robinets-a-boisseau-spherique\/robinet-a-boisseau-spherique-haute-pression-passage-reduit-femelle-bsp-acier-tecofi\/\" \/>\n<meta property=\"og:locale\" content=\"fr_FR\" \/>\n<meta property=\"og:type\" content=\"article\" \/>\n<meta property=\"og:title\" content=\"Robinet \u00e0 boisseau sph\u00e9rique haute pression passage r\u00e9duit femelle BSP \u2013 acier TECOFI - Radper\" \/>\n<meta property=\"og:description\" content=\"BS5190\" \/>\n<meta property=\"og:url\" content=\"https:\/\/www.radper.com\/fr\/catalogues\/pompes-et-robinneterie\/robinets-a-boisseau-spherique\/robinet-a-boisseau-spherique-haute-pression-passage-reduit-femelle-bsp-acier-tecofi\/\" \/>\n<meta property=\"og:site_name\" content=\"Radper\" \/>\n<meta property=\"article:modified_time\" content=\"2026-05-09T06:47:02+00:00\" \/>\n<meta property=\"og:image\" content=\"https:\/\/www.radper.com\/wp-content\/uploads\/2022\/11\/BS5190.jpg\" \/>\n\t<meta property=\"og:image:width\" content=\"480\" \/>\n\t<meta property=\"og:image:height\" content=\"600\" \/>\n\t<meta property=\"og:image:type\" content=\"image\/jpeg\" \/>\n<meta name=\"twitter:card\" content=\"summary_large_image\" \/>\n<script type=\"application\/ld+json\" class=\"yoast-schema-graph\">{\"@context\":\"https:\/\/schema.org\",\"@graph\":[{\"@type\":\"WebPage\",\"@id\":\"https:\/\/www.radper.com\/fr\/catalogues\/pompes-et-robinneterie\/robinets-a-boisseau-spherique\/robinet-a-boisseau-spherique-haute-pression-passage-reduit-femelle-bsp-acier-tecofi\/\",\"url\":\"https:\/\/www.radper.com\/fr\/catalogues\/pompes-et-robinneterie\/robinets-a-boisseau-spherique\/robinet-a-boisseau-spherique-haute-pression-passage-reduit-femelle-bsp-acier-tecofi\/\",\"name\":\"Robinet \u00e0 boisseau sph\u00e9rique haute pression passage r\u00e9duit femelle BSP \u2013 acier TECOFI - Radper\",\"isPartOf\":{\"@id\":\"https:\/\/www.radper.com\/fr\/#website\"},\"primaryImageOfPage\":{\"@id\":\"https:\/\/www.radper.com\/fr\/catalogues\/pompes-et-robinneterie\/robinets-a-boisseau-spherique\/robinet-a-boisseau-spherique-haute-pression-passage-reduit-femelle-bsp-acier-tecofi\/#primaryimage\"},\"image\":{\"@id\":\"https:\/\/www.radper.com\/fr\/catalogues\/pompes-et-robinneterie\/robinets-a-boisseau-spherique\/robinet-a-boisseau-spherique-haute-pression-passage-reduit-femelle-bsp-acier-tecofi\/#primaryimage\"},\"thumbnailUrl\":\"https:\/\/www.radper.com\/wp-content\/uploads\/2022\/11\/BS5190.jpg\",\"datePublished\":\"2022-11-29T17:01:11+00:00\",\"dateModified\":\"2026-05-09T06:47:02+00:00\",\"breadcrumb\":{\"@id\":\"https:\/\/www.radper.com\/fr\/catalogues\/pompes-et-robinneterie\/robinets-a-boisseau-spherique\/robinet-a-boisseau-spherique-haute-pression-passage-reduit-femelle-bsp-acier-tecofi\/#breadcrumb\"},\"inLanguage\":\"fr-FR\",\"potentialAction\":[{\"@type\":\"ReadAction\",\"target\":[\"https:\/\/www.radper.com\/fr\/catalogues\/pompes-et-robinneterie\/robinets-a-boisseau-spherique\/robinet-a-boisseau-spherique-haute-pression-passage-reduit-femelle-bsp-acier-tecofi\/\"]}]},{\"@type\":\"ImageObject\",\"inLanguage\":\"fr-FR\",\"@id\":\"https:\/\/www.radper.com\/fr\/catalogues\/pompes-et-robinneterie\/robinets-a-boisseau-spherique\/robinet-a-boisseau-spherique-haute-pression-passage-reduit-femelle-bsp-acier-tecofi\/#primaryimage\",\"url\":\"https:\/\/www.radper.com\/wp-content\/uploads\/2022\/11\/BS5190.jpg\",\"contentUrl\":\"https:\/\/www.radper.com\/wp-content\/uploads\/2022\/11\/BS5190.jpg\",\"width\":480,\"height\":600},{\"@type\":\"BreadcrumbList\",\"@id\":\"https:\/\/www.radper.com\/fr\/catalogues\/pompes-et-robinneterie\/robinets-a-boisseau-spherique\/robinet-a-boisseau-spherique-haute-pression-passage-reduit-femelle-bsp-acier-tecofi\/#breadcrumb\",\"itemListElement\":[{\"@type\":\"ListItem\",\"position\":1,\"name\":\"Accueil\",\"item\":\"https:\/\/www.radper.com\/fr\/\"},{\"@type\":\"ListItem\",\"position\":2,\"name\":\"Catalogue\",\"item\":\"https:\/\/www.radper.com\/fr\/catalogue\/\"},{\"@type\":\"ListItem\",\"position\":3,\"name\":\"Robinet \u00e0 boisseau sph\u00e9rique haute pression passage r\u00e9duit femelle BSP \u2013 acier TECOFI\"}]},{\"@type\":\"WebSite\",\"@id\":\"https:\/\/www.radper.com\/fr\/#website\",\"url\":\"https:\/\/www.radper.com\/fr\/\",\"name\":\"Radper\",\"description\":\"\",\"publisher\":{\"@id\":\"https:\/\/www.radper.com\/fr\/#organization\"},\"potentialAction\":[{\"@type\":\"SearchAction\",\"target\":{\"@type\":\"EntryPoint\",\"urlTemplate\":\"https:\/\/www.radper.com\/fr\/?s={search_term_string}\"},\"query-input\":{\"@type\":\"PropertyValueSpecification\",\"valueRequired\":true,\"valueName\":\"search_term_string\"}}],\"inLanguage\":\"fr-FR\"},{\"@type\":\"Organization\",\"@id\":\"https:\/\/www.radper.com\/fr\/#organization\",\"name\":\"radper\",\"url\":\"https:\/\/www.radper.com\/fr\/\",\"logo\":{\"@type\":\"ImageObject\",\"inLanguage\":\"fr-FR\",\"@id\":\"https:\/\/www.radper.com\/fr\/#\/schema\/logo\/image\/\",\"url\":\"https:\/\/radper.com\/wp-content\/uploads\/2021\/04\/logo-wide-11.png\",\"contentUrl\":\"https:\/\/radper.com\/wp-content\/uploads\/2021\/04\/logo-wide-11.png\",\"width\":250,\"height\":110,\"caption\":\"radper\"},\"image\":{\"@id\":\"https:\/\/www.radper.com\/fr\/#\/schema\/logo\/image\/\"}}]}<\/script>\n<!-- \/ Yoast SEO plugin. -->","yoast_head_json":{"title":"Robinet \u00e0 boisseau sph\u00e9rique haute pression passage r\u00e9duit femelle BSP \u2013 acier TECOFI - Radper","robots":{"index":"index","follow":"follow","max-snippet":"max-snippet:-1","max-image-preview":"max-image-preview:large","max-video-preview":"max-video-preview:-1"},"canonical":"https:\/\/www.radper.com\/fr\/catalogues\/pompes-et-robinneterie\/robinets-a-boisseau-spherique\/robinet-a-boisseau-spherique-haute-pression-passage-reduit-femelle-bsp-acier-tecofi\/","og_locale":"fr_FR","og_type":"article","og_title":"Robinet \u00e0 boisseau sph\u00e9rique haute pression passage r\u00e9duit femelle BSP \u2013 acier TECOFI - Radper","og_description":"BS5190","og_url":"https:\/\/www.radper.com\/fr\/catalogues\/pompes-et-robinneterie\/robinets-a-boisseau-spherique\/robinet-a-boisseau-spherique-haute-pression-passage-reduit-femelle-bsp-acier-tecofi\/","og_site_name":"Radper","article_modified_time":"2026-05-09T06:47:02+00:00","og_image":[{"width":480,"height":600,"url":"https:\/\/www.radper.com\/wp-content\/uploads\/2022\/11\/BS5190.jpg","type":"image\/jpeg"}],"twitter_card":"summary_large_image","schema":{"@context":"https:\/\/schema.org","@graph":[{"@type":"WebPage","@id":"https:\/\/www.radper.com\/fr\/catalogues\/pompes-et-robinneterie\/robinets-a-boisseau-spherique\/robinet-a-boisseau-spherique-haute-pression-passage-reduit-femelle-bsp-acier-tecofi\/","url":"https:\/\/www.radper.com\/fr\/catalogues\/pompes-et-robinneterie\/robinets-a-boisseau-spherique\/robinet-a-boisseau-spherique-haute-pression-passage-reduit-femelle-bsp-acier-tecofi\/","name":"Robinet \u00e0 boisseau sph\u00e9rique haute pression passage r\u00e9duit femelle BSP \u2013 acier TECOFI - Radper","isPartOf":{"@id":"https:\/\/www.radper.com\/fr\/#website"},"primaryImageOfPage":{"@id":"https:\/\/www.radper.com\/fr\/catalogues\/pompes-et-robinneterie\/robinets-a-boisseau-spherique\/robinet-a-boisseau-spherique-haute-pression-passage-reduit-femelle-bsp-acier-tecofi\/#primaryimage"},"image":{"@id":"https:\/\/www.radper.com\/fr\/catalogues\/pompes-et-robinneterie\/robinets-a-boisseau-spherique\/robinet-a-boisseau-spherique-haute-pression-passage-reduit-femelle-bsp-acier-tecofi\/#primaryimage"},"thumbnailUrl":"https:\/\/www.radper.com\/wp-content\/uploads\/2022\/11\/BS5190.jpg","datePublished":"2022-11-29T17:01:11+00:00","dateModified":"2026-05-09T06:47:02+00:00","breadcrumb":{"@id":"https:\/\/www.radper.com\/fr\/catalogues\/pompes-et-robinneterie\/robinets-a-boisseau-spherique\/robinet-a-boisseau-spherique-haute-pression-passage-reduit-femelle-bsp-acier-tecofi\/#breadcrumb"},"inLanguage":"fr-FR","potentialAction":[{"@type":"ReadAction","target":["https:\/\/www.radper.com\/fr\/catalogues\/pompes-et-robinneterie\/robinets-a-boisseau-spherique\/robinet-a-boisseau-spherique-haute-pression-passage-reduit-femelle-bsp-acier-tecofi\/"]}]},{"@type":"ImageObject","inLanguage":"fr-FR","@id":"https:\/\/www.radper.com\/fr\/catalogues\/pompes-et-robinneterie\/robinets-a-boisseau-spherique\/robinet-a-boisseau-spherique-haute-pression-passage-reduit-femelle-bsp-acier-tecofi\/#primaryimage","url":"https:\/\/www.radper.com\/wp-content\/uploads\/2022\/11\/BS5190.jpg","contentUrl":"https:\/\/www.radper.com\/wp-content\/uploads\/2022\/11\/BS5190.jpg","width":480,"height":600},{"@type":"BreadcrumbList","@id":"https:\/\/www.radper.com\/fr\/catalogues\/pompes-et-robinneterie\/robinets-a-boisseau-spherique\/robinet-a-boisseau-spherique-haute-pression-passage-reduit-femelle-bsp-acier-tecofi\/#breadcrumb","itemListElement":[{"@type":"ListItem","position":1,"name":"Accueil","item":"https:\/\/www.radper.com\/fr\/"},{"@type":"ListItem","position":2,"name":"Catalogue","item":"https:\/\/www.radper.com\/fr\/catalogue\/"},{"@type":"ListItem","position":3,"name":"Robinet \u00e0 boisseau sph\u00e9rique haute pression passage r\u00e9duit femelle BSP \u2013 acier TECOFI"}]},{"@type":"WebSite","@id":"https:\/\/www.radper.com\/fr\/#website","url":"https:\/\/www.radper.com\/fr\/","name":"Radper","description":"","publisher":{"@id":"https:\/\/www.radper.com\/fr\/#organization"},"potentialAction":[{"@type":"SearchAction","target":{"@type":"EntryPoint","urlTemplate":"https:\/\/www.radper.com\/fr\/?s={search_term_string}"},"query-input":{"@type":"PropertyValueSpecification","valueRequired":true,"valueName":"search_term_string"}}],"inLanguage":"fr-FR"},{"@type":"Organization","@id":"https:\/\/www.radper.com\/fr\/#organization","name":"radper","url":"https:\/\/www.radper.com\/fr\/","logo":{"@type":"ImageObject","inLanguage":"fr-FR","@id":"https:\/\/www.radper.com\/fr\/#\/schema\/logo\/image\/","url":"https:\/\/radper.com\/wp-content\/uploads\/2021\/04\/logo-wide-11.png","contentUrl":"https:\/\/radper.com\/wp-content\/uploads\/2021\/04\/logo-wide-11.png","width":250,"height":110,"caption":"radper"},"image":{"@id":"https:\/\/www.radper.com\/fr\/#\/schema\/logo\/image\/"}}]}},"_links":{"self":[{"href":"https:\/\/www.radper.com\/fr\/wp-json\/wp\/v2\/product\/23850","targetHints":{"allow":["GET"]}}],"collection":[{"href":"https:\/\/www.radper.com\/fr\/wp-json\/wp\/v2\/product"}],"about":[{"href":"https:\/\/www.radper.com\/fr\/wp-json\/wp\/v2\/types\/product"}],"wp:featuredmedia":[{"embeddable":true,"href":"https:\/\/www.radper.com\/fr\/wp-json\/wp\/v2\/media\/22865"}],"wp:attachment":[{"href":"https:\/\/www.radper.com\/fr\/wp-json\/wp\/v2\/media?parent=23850"}],"wp:term":[{"taxonomy":"product_brand","embeddable":true,"href":"https:\/\/www.radper.com\/fr\/wp-json\/wp\/v2\/product_brand?post=23850"},{"taxonomy":"product_cat","embeddable":true,"href":"https:\/\/www.radper.com\/fr\/wp-json\/wp\/v2\/product_cat?post=23850"},{"taxonomy":"product_tag","embeddable":true,"href":"https:\/\/www.radper.com\/fr\/wp-json\/wp\/v2\/product_tag?post=23850"}],"curies":[{"name":"wp","href":"https:\/\/api.w.org\/{rel}","templated":true}]}}