{"id":25762,"date":"2022-12-05T10:30:26","date_gmt":"2022-12-05T10:30:26","guid":{"rendered":"https:\/\/www.radper.com\/produit\/detecteur-de-tension-bt-avec-rotation-de-phase-pointes-de-touche-ip2x-a-gachette-led-ms-918-pg-catu\/"},"modified":"2025-08-08T13:30:36","modified_gmt":"2025-08-08T13:30:36","slug":"detecteur-tension-bt-rotation-phase-pointes-ms-918-pg-catu","status":"publish","type":"product","link":"https:\/\/www.radper.com\/fr\/catalogues\/epi-outillage\/detection-et-mesure\/detecteur-tension-bt-rotation-phase-pointes-ms-918-pg-catu\/","title":{"rendered":"D\u00e9tecteur de tension BT MS-918-PG \u20131000V \u2013 IP2X CATU"},"content":{"rendered":"<h3 data-start=\"238\" data-end=\"336\">D\u00e9tecteur de tension CATU MS-918-PG \u2013 12V \u00e0 900V AC \/ 1000V DC \u2013 IP65 \u2013 avec testeur de continuit\u00e9<\/h3>\n<p data-start=\"371\" data-end=\"560\">D\u00e9tecteur de tension basse tension CATU MS-918-PG : d\u00e9tection de 12 \u00e0 900 V AC et jusqu\u2019\u00e0 1000 V DC, contr\u00f4le de continuit\u00e9, polarit\u00e9, rotation de phase, avec test int\u00e9gr\u00e9, protection IP65.<\/p>\n<h3 data-start=\"567\" data-end=\"587\">Utilisation<\/h3>\n<p data-start=\"589\" data-end=\"703\">Le d\u00e9tecteur CATU MS-918-PG est con\u00e7u pour les \u00e9lectriciens et professionnels du secteur industriel pour assurer :<\/p>\n<ul data-start=\"705\" data-end=\"1019\">\n<li data-start=\"705\" data-end=\"780\">\n<p data-start=\"707\" data-end=\"780\">La v\u00e9rification pr\u00e9cise de la pr\u00e9sence ou absence de tension (AC\/DC)<\/p>\n<\/li>\n<li data-start=\"781\" data-end=\"840\">\n<p data-start=\"783\" data-end=\"840\">Le test de continuit\u00e9 de circuit sans pile (mode TBT)<\/p>\n<\/li>\n<li data-start=\"841\" data-end=\"903\">\n<p data-start=\"843\" data-end=\"903\">Le contr\u00f4le de la rotation de phase avec m\u00e9thode 2 fils<\/p>\n<\/li>\n<li data-start=\"904\" data-end=\"946\">\n<p data-start=\"906\" data-end=\"946\">La d\u00e9tection de polarit\u00e9 et de phase<\/p>\n<\/li>\n<li data-start=\"947\" data-end=\"1019\">\n<p data-start=\"949\" data-end=\"1019\">Une fonction lampe pour les interventions en environnement sombre<\/p>\n<\/li>\n<\/ul>\n<p data-start=\"1021\" data-end=\"1125\">Id\u00e9al pour les op\u00e9rations de consignation \u00e9lectrique, de diagnostic et de maintenance en toute s\u00e9curit\u00e9.<\/p>\n<h3 data-start=\"2412\" data-end=\"2430\">Avantages<\/h3>\n<ul data-start=\"2432\" data-end=\"2823\">\n<li data-start=\"2432\" data-end=\"2506\">\n<p data-start=\"2434\" data-end=\"2506\">Tr\u00e8s haute s\u00e9curit\u00e9 gr\u00e2ce aux pointes de touche IP2X avec fourreaux<\/p>\n<\/li>\n<li data-start=\"2507\" data-end=\"2565\">\n<p data-start=\"2509\" data-end=\"2565\">Signal lumineux + sonore selon le niveau de tension<\/p>\n<\/li>\n<li data-start=\"2566\" data-end=\"2614\">\n<p data-start=\"2568\" data-end=\"2614\">Autotest int\u00e9gr\u00e9 avec contr\u00f4le des cordons<\/p>\n<\/li>\n<li data-start=\"2615\" data-end=\"2715\">\n<p data-start=\"2617\" data-end=\"2715\">Nombreuses fonctions r\u00e9unies dans un seul appareil (polarit\u00e9, continuit\u00e9, rotation de phase\u2026)<\/p>\n<\/li>\n<li data-start=\"2716\" data-end=\"2770\">\n<p data-start=\"2718\" data-end=\"2770\">Fonctionne m\u00eame hors pile pour la d\u00e9tection TBT<\/p>\n<\/li>\n<li data-start=\"2771\" data-end=\"2823\">\n<p data-start=\"2773\" data-end=\"2823\">Livr\u00e9 avec \u00e9tui de transport \u00e0 passe-ceinture<\/p>\n<\/li>\n<\/ul>\n<h3 data-start=\"2830\" data-end=\"2867\">Composition &amp; Contenu du kit<\/h3>\n<ul data-start=\"2869\" data-end=\"2976\">\n<li data-start=\"2869\" data-end=\"2901\">\n<p data-start=\"2871\" data-end=\"2901\">1 x D\u00e9tecteur CATU MS-918-PG<\/p>\n<\/li>\n<li data-start=\"2902\" data-end=\"2930\">\n<p data-start=\"2904\" data-end=\"2930\">2 x Piles AAA (incluses)<\/p>\n<\/li>\n<li data-start=\"2931\" data-end=\"2976\">\n<p data-start=\"2933\" data-end=\"2976\">1 x \u00c9tui de transport avec passe-ceinture<\/p>\n<\/li>\n<\/ul>\n<h3 data-start=\"2983\" data-end=\"3014\">Domaines d\u2019application<\/h3>\n<ul data-start=\"3016\" data-end=\"3243\">\n<li data-start=\"3016\" data-end=\"3054\">\n<p data-start=\"3018\" data-end=\"3054\">Travaux sous tension basse tension<\/p>\n<\/li>\n<li data-start=\"3055\" data-end=\"3083\">\n<p data-start=\"3057\" data-end=\"3083\">Maintenance industrielle<\/p>\n<\/li>\n<li data-start=\"3084\" data-end=\"3127\">\n<p data-start=\"3086\" data-end=\"3127\">Installations tertiaires ou domestiques<\/p>\n<\/li>\n<li data-start=\"3128\" data-end=\"3183\">\n<p data-start=\"3130\" data-end=\"3183\">V\u00e9rification r\u00e9glementaire de la pr\u00e9sence d\u2019\u00e9nergie<\/p>\n<\/li>\n<li data-start=\"3184\" data-end=\"3243\">\n<p data-start=\"3186\" data-end=\"3243\">Contr\u00f4le s\u00e9curit\u00e9 des installations BT avant intervention<\/p>\n<\/li>\n<\/ul>\n","protected":false},"excerpt":{"rendered":"<p>MS-918-PG<\/p>\n","protected":false},"featured_media":25609,"template":"","meta":{"_acf_changed":false},"product_brand":[],"product_cat":[157],"product_tag":[],"class_list":{"0":"post-25762","1":"product","2":"type-product","3":"status-publish","4":"has-post-thumbnail","6":"product_cat-detection-et-mesure","7":"pa_marque-catu","9":"first","10":"instock","11":"featured","12":"taxable","13":"shipping-taxable","14":"purchasable","15":"product-type-simple"},"acf":[],"yoast_head":"<!-- This site is optimized with the Yoast SEO plugin v26.2 - https:\/\/yoast.com\/wordpress\/plugins\/seo\/ -->\n<title>D\u00e9tecteur de tension BT MS-918-PG \u20131000V \u2013 IP2X CATU - Radper<\/title>\n<meta name=\"description\" content=\"D\u00e9tecteur CATU MS-918-PG \u2013 12 \u00e0 900 V AC \/ 1000 V DC \u2013 IP65, test de continuit\u00e9, rotation de phase, polarit\u00e9. Conforme NF C 18-510. Livr\u00e9 avec \u00e9tui.\" \/>\n<meta name=\"robots\" content=\"index, follow, max-snippet:-1, max-image-preview:large, max-video-preview:-1\" \/>\n<link rel=\"canonical\" href=\"https:\/\/www.radper.com\/fr\/catalogues\/epi-outillage\/detection-et-mesure\/detecteur-tension-bt-rotation-phase-pointes-ms-918-pg-catu\/\" \/>\n<meta property=\"og:locale\" content=\"fr_FR\" \/>\n<meta property=\"og:type\" content=\"article\" \/>\n<meta property=\"og:title\" content=\"D\u00e9tecteur de tension BT MS-918-PG \u20131000V \u2013 IP2X CATU - Radper\" \/>\n<meta property=\"og:description\" content=\"D\u00e9tecteur CATU MS-918-PG \u2013 12 \u00e0 900 V AC \/ 1000 V DC \u2013 IP65, test de continuit\u00e9, rotation de phase, polarit\u00e9. Conforme NF C 18-510. Livr\u00e9 avec \u00e9tui.\" \/>\n<meta property=\"og:url\" content=\"https:\/\/www.radper.com\/fr\/catalogues\/epi-outillage\/detection-et-mesure\/detecteur-tension-bt-rotation-phase-pointes-ms-918-pg-catu\/\" \/>\n<meta property=\"og:site_name\" content=\"Radper\" \/>\n<meta property=\"article:modified_time\" content=\"2025-08-08T13:30:36+00:00\" \/>\n<meta property=\"og:image\" content=\"https:\/\/www.radper.com\/wp-content\/uploads\/2022\/12\/MS-918-PG_PIC003.jpg\" \/>\n\t<meta property=\"og:image:width\" content=\"600\" \/>\n\t<meta property=\"og:image:height\" content=\"600\" \/>\n\t<meta property=\"og:image:type\" content=\"image\/jpeg\" \/>\n<meta name=\"twitter:card\" content=\"summary_large_image\" \/>\n<meta name=\"twitter:label1\" content=\"Dur\u00e9e de lecture estim\u00e9e\" \/>\n\t<meta name=\"twitter:data1\" content=\"2 minutes\" \/>\n<script type=\"application\/ld+json\" class=\"yoast-schema-graph\">{\"@context\":\"https:\/\/schema.org\",\"@graph\":[{\"@type\":\"WebPage\",\"@id\":\"https:\/\/www.radper.com\/fr\/catalogues\/epi-outillage\/detection-et-mesure\/detecteur-tension-bt-rotation-phase-pointes-ms-918-pg-catu\/\",\"url\":\"https:\/\/www.radper.com\/fr\/catalogues\/epi-outillage\/detection-et-mesure\/detecteur-tension-bt-rotation-phase-pointes-ms-918-pg-catu\/\",\"name\":\"D\u00e9tecteur de tension BT MS-918-PG \u20131000V \u2013 IP2X CATU - Radper\",\"isPartOf\":{\"@id\":\"https:\/\/www.radper.com\/fr\/#website\"},\"primaryImageOfPage\":{\"@id\":\"https:\/\/www.radper.com\/fr\/catalogues\/epi-outillage\/detection-et-mesure\/detecteur-tension-bt-rotation-phase-pointes-ms-918-pg-catu\/#primaryimage\"},\"image\":{\"@id\":\"https:\/\/www.radper.com\/fr\/catalogues\/epi-outillage\/detection-et-mesure\/detecteur-tension-bt-rotation-phase-pointes-ms-918-pg-catu\/#primaryimage\"},\"thumbnailUrl\":\"https:\/\/www.radper.com\/wp-content\/uploads\/2022\/12\/MS-918-PG_PIC003.jpg\",\"datePublished\":\"2022-12-05T10:30:26+00:00\",\"dateModified\":\"2025-08-08T13:30:36+00:00\",\"description\":\"D\u00e9tecteur CATU MS-918-PG \u2013 12 \u00e0 900 V AC \/ 1000 V DC \u2013 IP65, test de continuit\u00e9, rotation de phase, polarit\u00e9. Conforme NF C 18-510. Livr\u00e9 avec \u00e9tui.\",\"breadcrumb\":{\"@id\":\"https:\/\/www.radper.com\/fr\/catalogues\/epi-outillage\/detection-et-mesure\/detecteur-tension-bt-rotation-phase-pointes-ms-918-pg-catu\/#breadcrumb\"},\"inLanguage\":\"fr-FR\",\"potentialAction\":[{\"@type\":\"ReadAction\",\"target\":[\"https:\/\/www.radper.com\/fr\/catalogues\/epi-outillage\/detection-et-mesure\/detecteur-tension-bt-rotation-phase-pointes-ms-918-pg-catu\/\"]}]},{\"@type\":\"ImageObject\",\"inLanguage\":\"fr-FR\",\"@id\":\"https:\/\/www.radper.com\/fr\/catalogues\/epi-outillage\/detection-et-mesure\/detecteur-tension-bt-rotation-phase-pointes-ms-918-pg-catu\/#primaryimage\",\"url\":\"https:\/\/www.radper.com\/wp-content\/uploads\/2022\/12\/MS-918-PG_PIC003.jpg\",\"contentUrl\":\"https:\/\/www.radper.com\/wp-content\/uploads\/2022\/12\/MS-918-PG_PIC003.jpg\",\"width\":600,\"height\":600},{\"@type\":\"BreadcrumbList\",\"@id\":\"https:\/\/www.radper.com\/fr\/catalogues\/epi-outillage\/detection-et-mesure\/detecteur-tension-bt-rotation-phase-pointes-ms-918-pg-catu\/#breadcrumb\",\"itemListElement\":[{\"@type\":\"ListItem\",\"position\":1,\"name\":\"Accueil\",\"item\":\"https:\/\/www.radper.com\/fr\/\"},{\"@type\":\"ListItem\",\"position\":2,\"name\":\"Catalogue\",\"item\":\"https:\/\/www.radper.com\/fr\/catalogue\/\"},{\"@type\":\"ListItem\",\"position\":3,\"name\":\"D\u00e9tecteur de tension BT MS-918-PG \u20131000V \u2013 IP2X CATU\"}]},{\"@type\":\"WebSite\",\"@id\":\"https:\/\/www.radper.com\/fr\/#website\",\"url\":\"https:\/\/www.radper.com\/fr\/\",\"name\":\"Radper\",\"description\":\"\",\"publisher\":{\"@id\":\"https:\/\/www.radper.com\/fr\/#organization\"},\"potentialAction\":[{\"@type\":\"SearchAction\",\"target\":{\"@type\":\"EntryPoint\",\"urlTemplate\":\"https:\/\/www.radper.com\/fr\/?s={search_term_string}\"},\"query-input\":{\"@type\":\"PropertyValueSpecification\",\"valueRequired\":true,\"valueName\":\"search_term_string\"}}],\"inLanguage\":\"fr-FR\"},{\"@type\":\"Organization\",\"@id\":\"https:\/\/www.radper.com\/fr\/#organization\",\"name\":\"radper\",\"url\":\"https:\/\/www.radper.com\/fr\/\",\"logo\":{\"@type\":\"ImageObject\",\"inLanguage\":\"fr-FR\",\"@id\":\"https:\/\/www.radper.com\/fr\/#\/schema\/logo\/image\/\",\"url\":\"https:\/\/radper.com\/wp-content\/uploads\/2021\/04\/logo-wide-11.png\",\"contentUrl\":\"https:\/\/radper.com\/wp-content\/uploads\/2021\/04\/logo-wide-11.png\",\"width\":250,\"height\":110,\"caption\":\"radper\"},\"image\":{\"@id\":\"https:\/\/www.radper.com\/fr\/#\/schema\/logo\/image\/\"}}]}<\/script>\n<!-- \/ Yoast SEO plugin. -->","yoast_head_json":{"title":"D\u00e9tecteur de tension BT MS-918-PG \u20131000V \u2013 IP2X CATU - Radper","description":"D\u00e9tecteur CATU MS-918-PG \u2013 12 \u00e0 900 V AC \/ 1000 V DC \u2013 IP65, test de continuit\u00e9, rotation de phase, polarit\u00e9. Conforme NF C 18-510. Livr\u00e9 avec \u00e9tui.","robots":{"index":"index","follow":"follow","max-snippet":"max-snippet:-1","max-image-preview":"max-image-preview:large","max-video-preview":"max-video-preview:-1"},"canonical":"https:\/\/www.radper.com\/fr\/catalogues\/epi-outillage\/detection-et-mesure\/detecteur-tension-bt-rotation-phase-pointes-ms-918-pg-catu\/","og_locale":"fr_FR","og_type":"article","og_title":"D\u00e9tecteur de tension BT MS-918-PG \u20131000V \u2013 IP2X CATU - Radper","og_description":"D\u00e9tecteur CATU MS-918-PG \u2013 12 \u00e0 900 V AC \/ 1000 V DC \u2013 IP65, test de continuit\u00e9, rotation de phase, polarit\u00e9. Conforme NF C 18-510. Livr\u00e9 avec \u00e9tui.","og_url":"https:\/\/www.radper.com\/fr\/catalogues\/epi-outillage\/detection-et-mesure\/detecteur-tension-bt-rotation-phase-pointes-ms-918-pg-catu\/","og_site_name":"Radper","article_modified_time":"2025-08-08T13:30:36+00:00","og_image":[{"width":600,"height":600,"url":"https:\/\/www.radper.com\/wp-content\/uploads\/2022\/12\/MS-918-PG_PIC003.jpg","type":"image\/jpeg"}],"twitter_card":"summary_large_image","twitter_misc":{"Dur\u00e9e de lecture estim\u00e9e":"2 minutes"},"schema":{"@context":"https:\/\/schema.org","@graph":[{"@type":"WebPage","@id":"https:\/\/www.radper.com\/fr\/catalogues\/epi-outillage\/detection-et-mesure\/detecteur-tension-bt-rotation-phase-pointes-ms-918-pg-catu\/","url":"https:\/\/www.radper.com\/fr\/catalogues\/epi-outillage\/detection-et-mesure\/detecteur-tension-bt-rotation-phase-pointes-ms-918-pg-catu\/","name":"D\u00e9tecteur de tension BT MS-918-PG \u20131000V \u2013 IP2X CATU - Radper","isPartOf":{"@id":"https:\/\/www.radper.com\/fr\/#website"},"primaryImageOfPage":{"@id":"https:\/\/www.radper.com\/fr\/catalogues\/epi-outillage\/detection-et-mesure\/detecteur-tension-bt-rotation-phase-pointes-ms-918-pg-catu\/#primaryimage"},"image":{"@id":"https:\/\/www.radper.com\/fr\/catalogues\/epi-outillage\/detection-et-mesure\/detecteur-tension-bt-rotation-phase-pointes-ms-918-pg-catu\/#primaryimage"},"thumbnailUrl":"https:\/\/www.radper.com\/wp-content\/uploads\/2022\/12\/MS-918-PG_PIC003.jpg","datePublished":"2022-12-05T10:30:26+00:00","dateModified":"2025-08-08T13:30:36+00:00","description":"D\u00e9tecteur CATU MS-918-PG \u2013 12 \u00e0 900 V AC \/ 1000 V DC \u2013 IP65, test de continuit\u00e9, rotation de phase, polarit\u00e9. Conforme NF C 18-510. Livr\u00e9 avec \u00e9tui.","breadcrumb":{"@id":"https:\/\/www.radper.com\/fr\/catalogues\/epi-outillage\/detection-et-mesure\/detecteur-tension-bt-rotation-phase-pointes-ms-918-pg-catu\/#breadcrumb"},"inLanguage":"fr-FR","potentialAction":[{"@type":"ReadAction","target":["https:\/\/www.radper.com\/fr\/catalogues\/epi-outillage\/detection-et-mesure\/detecteur-tension-bt-rotation-phase-pointes-ms-918-pg-catu\/"]}]},{"@type":"ImageObject","inLanguage":"fr-FR","@id":"https:\/\/www.radper.com\/fr\/catalogues\/epi-outillage\/detection-et-mesure\/detecteur-tension-bt-rotation-phase-pointes-ms-918-pg-catu\/#primaryimage","url":"https:\/\/www.radper.com\/wp-content\/uploads\/2022\/12\/MS-918-PG_PIC003.jpg","contentUrl":"https:\/\/www.radper.com\/wp-content\/uploads\/2022\/12\/MS-918-PG_PIC003.jpg","width":600,"height":600},{"@type":"BreadcrumbList","@id":"https:\/\/www.radper.com\/fr\/catalogues\/epi-outillage\/detection-et-mesure\/detecteur-tension-bt-rotation-phase-pointes-ms-918-pg-catu\/#breadcrumb","itemListElement":[{"@type":"ListItem","position":1,"name":"Accueil","item":"https:\/\/www.radper.com\/fr\/"},{"@type":"ListItem","position":2,"name":"Catalogue","item":"https:\/\/www.radper.com\/fr\/catalogue\/"},{"@type":"ListItem","position":3,"name":"D\u00e9tecteur de tension BT MS-918-PG \u20131000V \u2013 IP2X CATU"}]},{"@type":"WebSite","@id":"https:\/\/www.radper.com\/fr\/#website","url":"https:\/\/www.radper.com\/fr\/","name":"Radper","description":"","publisher":{"@id":"https:\/\/www.radper.com\/fr\/#organization"},"potentialAction":[{"@type":"SearchAction","target":{"@type":"EntryPoint","urlTemplate":"https:\/\/www.radper.com\/fr\/?s={search_term_string}"},"query-input":{"@type":"PropertyValueSpecification","valueRequired":true,"valueName":"search_term_string"}}],"inLanguage":"fr-FR"},{"@type":"Organization","@id":"https:\/\/www.radper.com\/fr\/#organization","name":"radper","url":"https:\/\/www.radper.com\/fr\/","logo":{"@type":"ImageObject","inLanguage":"fr-FR","@id":"https:\/\/www.radper.com\/fr\/#\/schema\/logo\/image\/","url":"https:\/\/radper.com\/wp-content\/uploads\/2021\/04\/logo-wide-11.png","contentUrl":"https:\/\/radper.com\/wp-content\/uploads\/2021\/04\/logo-wide-11.png","width":250,"height":110,"caption":"radper"},"image":{"@id":"https:\/\/www.radper.com\/fr\/#\/schema\/logo\/image\/"}}]}},"_links":{"self":[{"href":"https:\/\/www.radper.com\/fr\/wp-json\/wp\/v2\/product\/25762","targetHints":{"allow":["GET"]}}],"collection":[{"href":"https:\/\/www.radper.com\/fr\/wp-json\/wp\/v2\/product"}],"about":[{"href":"https:\/\/www.radper.com\/fr\/wp-json\/wp\/v2\/types\/product"}],"wp:featuredmedia":[{"embeddable":true,"href":"https:\/\/www.radper.com\/fr\/wp-json\/wp\/v2\/media\/25609"}],"wp:attachment":[{"href":"https:\/\/www.radper.com\/fr\/wp-json\/wp\/v2\/media?parent=25762"}],"wp:term":[{"taxonomy":"product_brand","embeddable":true,"href":"https:\/\/www.radper.com\/fr\/wp-json\/wp\/v2\/product_brand?post=25762"},{"taxonomy":"product_cat","embeddable":true,"href":"https:\/\/www.radper.com\/fr\/wp-json\/wp\/v2\/product_cat?post=25762"},{"taxonomy":"product_tag","embeddable":true,"href":"https:\/\/www.radper.com\/fr\/wp-json\/wp\/v2\/product_tag?post=25762"}],"curies":[{"name":"wp","href":"https:\/\/api.w.org\/{rel}","templated":true}]}}