{"id":26868,"date":"2022-12-06T09:36:01","date_gmt":"2022-12-06T09:36:01","guid":{"rendered":"https:\/\/www.radper.com\/produit\/kit-signalisation-alumetal-pour-poste-am-802-1-catu\/"},"modified":"2026-04-26T23:39:20","modified_gmt":"2026-04-26T23:39:20","slug":"kit-signalisation-alumetal-pour-poste-am-802-1-catu","status":"publish","type":"product","link":"https:\/\/www.radper.com\/fr\/catalogues\/epi-outillage\/equipement-de-poste-et-de-mise-a-la-terre-et-en-court-circuit-hta\/kit-signalisation-alumetal-pour-poste-am-802-1-catu\/","title":{"rendered":"Kit signalisation alum\u00e9tal\u2122 pour poste AM-802\/1 CATU"},"content":{"rendered":"<p>Kit signalisation Alum\u00e9tal\u2122 pour poste AM-802\/1 CATU, Composition : Instructions g\u00e9n\u00e9rales relatives aux dangers des courants \u00e9lectriques AM-18\/1.<br \/>\n        Instructions de s\u00e9curit\u00e9 pour le personnel r\u00e9alisant des travaux AM-208\/1.<br \/>\n        Soins aux \u00e9lectris\u00e9s, geste de premiers secours AM-20.\u00a0<br \/>\n        Accident \u00e9lectrique conduite \u00e0 tenir\u00a0AM-25.<br \/>\n        Identification Cellule &#8211; condamnation AP-373.<br \/>\n        Danger D\u00e9fense d&rsquo;entrer &#8211; Poste de transformation AM-61.<br \/>\n        Danger \u00e9lectrique \u00ab\u00a0Eclair\u00a0\u00bb AM-49\/1.<br \/>\n        Terre des masses m\u00e9talliques AM-346.<br \/>\n        Terre du neutre AM-345.<br \/>\n        D\u00e9fense d&rsquo;afficher AM-910.<br \/>\n        Travaux \u00e9lectriques hors tension haute tension &#8211; les r\u00e8gles imp\u00e9ratives AM-510-EX., Masse (kg) 2,6<\/p>\n","protected":false},"excerpt":{"rendered":"<p>AM-802\/1<\/p>\n","protected":false},"featured_media":26535,"template":"","meta":{"_acf_changed":false},"product_brand":[],"product_cat":[9083],"product_tag":[],"class_list":{"0":"post-26868","1":"product","2":"type-product","3":"status-publish","4":"has-post-thumbnail","6":"product_cat-equipement-de-poste-et-de-mise-a-la-terre-et-en-court-circuit-hta","7":"pa_marque-catu-en","9":"first","10":"instock","11":"featured","12":"taxable","13":"shipping-taxable","14":"product-type-simple"},"acf":[],"yoast_head":"<!-- This site is optimized with the Yoast SEO plugin v26.2 - https:\/\/yoast.com\/wordpress\/plugins\/seo\/ -->\n<title>Kit signalisation alum\u00e9tal\u2122 pour poste AM-802\/1 CATU - Radper<\/title>\n<meta name=\"robots\" content=\"index, follow, max-snippet:-1, max-image-preview:large, max-video-preview:-1\" \/>\n<link rel=\"canonical\" href=\"https:\/\/www.radper.com\/fr\/catalogues\/epi-outillage\/equipement-de-poste-et-de-mise-a-la-terre-et-en-court-circuit-hta\/kit-signalisation-alumetal-pour-poste-am-802-1-catu\/\" \/>\n<meta property=\"og:locale\" content=\"fr_FR\" \/>\n<meta property=\"og:type\" content=\"article\" \/>\n<meta property=\"og:title\" content=\"Kit signalisation alum\u00e9tal\u2122 pour poste AM-802\/1 CATU - Radper\" \/>\n<meta property=\"og:description\" content=\"AM-802\/1\" \/>\n<meta property=\"og:url\" content=\"https:\/\/www.radper.com\/fr\/catalogues\/epi-outillage\/equipement-de-poste-et-de-mise-a-la-terre-et-en-court-circuit-hta\/kit-signalisation-alumetal-pour-poste-am-802-1-catu\/\" \/>\n<meta property=\"og:site_name\" content=\"Radper\" \/>\n<meta property=\"article:modified_time\" content=\"2026-04-26T23:39:20+00:00\" \/>\n<meta property=\"og:image\" content=\"https:\/\/www.radper.com\/wp-content\/uploads\/2022\/12\/CATU_AM-KIT_PIC001.jpg\" \/>\n\t<meta property=\"og:image:width\" content=\"600\" \/>\n\t<meta property=\"og:image:height\" content=\"600\" \/>\n\t<meta property=\"og:image:type\" content=\"image\/jpeg\" \/>\n<meta name=\"twitter:card\" content=\"summary_large_image\" \/>\n<script type=\"application\/ld+json\" class=\"yoast-schema-graph\">{\"@context\":\"https:\/\/schema.org\",\"@graph\":[{\"@type\":\"WebPage\",\"@id\":\"https:\/\/www.radper.com\/fr\/catalogues\/epi-outillage\/equipement-de-poste-et-de-mise-a-la-terre-et-en-court-circuit-hta\/kit-signalisation-alumetal-pour-poste-am-802-1-catu\/\",\"url\":\"https:\/\/www.radper.com\/fr\/catalogues\/epi-outillage\/equipement-de-poste-et-de-mise-a-la-terre-et-en-court-circuit-hta\/kit-signalisation-alumetal-pour-poste-am-802-1-catu\/\",\"name\":\"Kit signalisation alum\u00e9tal\u2122 pour poste AM-802\/1 CATU - Radper\",\"isPartOf\":{\"@id\":\"https:\/\/www.radper.com\/fr\/#website\"},\"primaryImageOfPage\":{\"@id\":\"https:\/\/www.radper.com\/fr\/catalogues\/epi-outillage\/equipement-de-poste-et-de-mise-a-la-terre-et-en-court-circuit-hta\/kit-signalisation-alumetal-pour-poste-am-802-1-catu\/#primaryimage\"},\"image\":{\"@id\":\"https:\/\/www.radper.com\/fr\/catalogues\/epi-outillage\/equipement-de-poste-et-de-mise-a-la-terre-et-en-court-circuit-hta\/kit-signalisation-alumetal-pour-poste-am-802-1-catu\/#primaryimage\"},\"thumbnailUrl\":\"https:\/\/www.radper.com\/wp-content\/uploads\/2022\/12\/CATU_AM-KIT_PIC001.jpg\",\"datePublished\":\"2022-12-06T09:36:01+00:00\",\"dateModified\":\"2026-04-26T23:39:20+00:00\",\"breadcrumb\":{\"@id\":\"https:\/\/www.radper.com\/fr\/catalogues\/epi-outillage\/equipement-de-poste-et-de-mise-a-la-terre-et-en-court-circuit-hta\/kit-signalisation-alumetal-pour-poste-am-802-1-catu\/#breadcrumb\"},\"inLanguage\":\"fr-FR\",\"potentialAction\":[{\"@type\":\"ReadAction\",\"target\":[\"https:\/\/www.radper.com\/fr\/catalogues\/epi-outillage\/equipement-de-poste-et-de-mise-a-la-terre-et-en-court-circuit-hta\/kit-signalisation-alumetal-pour-poste-am-802-1-catu\/\"]}]},{\"@type\":\"ImageObject\",\"inLanguage\":\"fr-FR\",\"@id\":\"https:\/\/www.radper.com\/fr\/catalogues\/epi-outillage\/equipement-de-poste-et-de-mise-a-la-terre-et-en-court-circuit-hta\/kit-signalisation-alumetal-pour-poste-am-802-1-catu\/#primaryimage\",\"url\":\"https:\/\/www.radper.com\/wp-content\/uploads\/2022\/12\/CATU_AM-KIT_PIC001.jpg\",\"contentUrl\":\"https:\/\/www.radper.com\/wp-content\/uploads\/2022\/12\/CATU_AM-KIT_PIC001.jpg\",\"width\":600,\"height\":600},{\"@type\":\"BreadcrumbList\",\"@id\":\"https:\/\/www.radper.com\/fr\/catalogues\/epi-outillage\/equipement-de-poste-et-de-mise-a-la-terre-et-en-court-circuit-hta\/kit-signalisation-alumetal-pour-poste-am-802-1-catu\/#breadcrumb\",\"itemListElement\":[{\"@type\":\"ListItem\",\"position\":1,\"name\":\"Accueil\",\"item\":\"https:\/\/www.radper.com\/fr\/\"},{\"@type\":\"ListItem\",\"position\":2,\"name\":\"Catalogue\",\"item\":\"https:\/\/www.radper.com\/fr\/catalogue\/\"},{\"@type\":\"ListItem\",\"position\":3,\"name\":\"Kit signalisation alum\u00e9tal\u2122 pour poste AM-802\/1 CATU\"}]},{\"@type\":\"WebSite\",\"@id\":\"https:\/\/www.radper.com\/fr\/#website\",\"url\":\"https:\/\/www.radper.com\/fr\/\",\"name\":\"Radper\",\"description\":\"\",\"publisher\":{\"@id\":\"https:\/\/www.radper.com\/fr\/#organization\"},\"potentialAction\":[{\"@type\":\"SearchAction\",\"target\":{\"@type\":\"EntryPoint\",\"urlTemplate\":\"https:\/\/www.radper.com\/fr\/?s={search_term_string}\"},\"query-input\":{\"@type\":\"PropertyValueSpecification\",\"valueRequired\":true,\"valueName\":\"search_term_string\"}}],\"inLanguage\":\"fr-FR\"},{\"@type\":\"Organization\",\"@id\":\"https:\/\/www.radper.com\/fr\/#organization\",\"name\":\"radper\",\"url\":\"https:\/\/www.radper.com\/fr\/\",\"logo\":{\"@type\":\"ImageObject\",\"inLanguage\":\"fr-FR\",\"@id\":\"https:\/\/www.radper.com\/fr\/#\/schema\/logo\/image\/\",\"url\":\"https:\/\/radper.com\/wp-content\/uploads\/2021\/04\/logo-wide-11.png\",\"contentUrl\":\"https:\/\/radper.com\/wp-content\/uploads\/2021\/04\/logo-wide-11.png\",\"width\":250,\"height\":110,\"caption\":\"radper\"},\"image\":{\"@id\":\"https:\/\/www.radper.com\/fr\/#\/schema\/logo\/image\/\"}}]}<\/script>\n<!-- \/ Yoast SEO plugin. -->","yoast_head_json":{"title":"Kit signalisation alum\u00e9tal\u2122 pour poste AM-802\/1 CATU - Radper","robots":{"index":"index","follow":"follow","max-snippet":"max-snippet:-1","max-image-preview":"max-image-preview:large","max-video-preview":"max-video-preview:-1"},"canonical":"https:\/\/www.radper.com\/fr\/catalogues\/epi-outillage\/equipement-de-poste-et-de-mise-a-la-terre-et-en-court-circuit-hta\/kit-signalisation-alumetal-pour-poste-am-802-1-catu\/","og_locale":"fr_FR","og_type":"article","og_title":"Kit signalisation alum\u00e9tal\u2122 pour poste AM-802\/1 CATU - Radper","og_description":"AM-802\/1","og_url":"https:\/\/www.radper.com\/fr\/catalogues\/epi-outillage\/equipement-de-poste-et-de-mise-a-la-terre-et-en-court-circuit-hta\/kit-signalisation-alumetal-pour-poste-am-802-1-catu\/","og_site_name":"Radper","article_modified_time":"2026-04-26T23:39:20+00:00","og_image":[{"width":600,"height":600,"url":"https:\/\/www.radper.com\/wp-content\/uploads\/2022\/12\/CATU_AM-KIT_PIC001.jpg","type":"image\/jpeg"}],"twitter_card":"summary_large_image","schema":{"@context":"https:\/\/schema.org","@graph":[{"@type":"WebPage","@id":"https:\/\/www.radper.com\/fr\/catalogues\/epi-outillage\/equipement-de-poste-et-de-mise-a-la-terre-et-en-court-circuit-hta\/kit-signalisation-alumetal-pour-poste-am-802-1-catu\/","url":"https:\/\/www.radper.com\/fr\/catalogues\/epi-outillage\/equipement-de-poste-et-de-mise-a-la-terre-et-en-court-circuit-hta\/kit-signalisation-alumetal-pour-poste-am-802-1-catu\/","name":"Kit signalisation alum\u00e9tal\u2122 pour poste AM-802\/1 CATU - Radper","isPartOf":{"@id":"https:\/\/www.radper.com\/fr\/#website"},"primaryImageOfPage":{"@id":"https:\/\/www.radper.com\/fr\/catalogues\/epi-outillage\/equipement-de-poste-et-de-mise-a-la-terre-et-en-court-circuit-hta\/kit-signalisation-alumetal-pour-poste-am-802-1-catu\/#primaryimage"},"image":{"@id":"https:\/\/www.radper.com\/fr\/catalogues\/epi-outillage\/equipement-de-poste-et-de-mise-a-la-terre-et-en-court-circuit-hta\/kit-signalisation-alumetal-pour-poste-am-802-1-catu\/#primaryimage"},"thumbnailUrl":"https:\/\/www.radper.com\/wp-content\/uploads\/2022\/12\/CATU_AM-KIT_PIC001.jpg","datePublished":"2022-12-06T09:36:01+00:00","dateModified":"2026-04-26T23:39:20+00:00","breadcrumb":{"@id":"https:\/\/www.radper.com\/fr\/catalogues\/epi-outillage\/equipement-de-poste-et-de-mise-a-la-terre-et-en-court-circuit-hta\/kit-signalisation-alumetal-pour-poste-am-802-1-catu\/#breadcrumb"},"inLanguage":"fr-FR","potentialAction":[{"@type":"ReadAction","target":["https:\/\/www.radper.com\/fr\/catalogues\/epi-outillage\/equipement-de-poste-et-de-mise-a-la-terre-et-en-court-circuit-hta\/kit-signalisation-alumetal-pour-poste-am-802-1-catu\/"]}]},{"@type":"ImageObject","inLanguage":"fr-FR","@id":"https:\/\/www.radper.com\/fr\/catalogues\/epi-outillage\/equipement-de-poste-et-de-mise-a-la-terre-et-en-court-circuit-hta\/kit-signalisation-alumetal-pour-poste-am-802-1-catu\/#primaryimage","url":"https:\/\/www.radper.com\/wp-content\/uploads\/2022\/12\/CATU_AM-KIT_PIC001.jpg","contentUrl":"https:\/\/www.radper.com\/wp-content\/uploads\/2022\/12\/CATU_AM-KIT_PIC001.jpg","width":600,"height":600},{"@type":"BreadcrumbList","@id":"https:\/\/www.radper.com\/fr\/catalogues\/epi-outillage\/equipement-de-poste-et-de-mise-a-la-terre-et-en-court-circuit-hta\/kit-signalisation-alumetal-pour-poste-am-802-1-catu\/#breadcrumb","itemListElement":[{"@type":"ListItem","position":1,"name":"Accueil","item":"https:\/\/www.radper.com\/fr\/"},{"@type":"ListItem","position":2,"name":"Catalogue","item":"https:\/\/www.radper.com\/fr\/catalogue\/"},{"@type":"ListItem","position":3,"name":"Kit signalisation alum\u00e9tal\u2122 pour poste AM-802\/1 CATU"}]},{"@type":"WebSite","@id":"https:\/\/www.radper.com\/fr\/#website","url":"https:\/\/www.radper.com\/fr\/","name":"Radper","description":"","publisher":{"@id":"https:\/\/www.radper.com\/fr\/#organization"},"potentialAction":[{"@type":"SearchAction","target":{"@type":"EntryPoint","urlTemplate":"https:\/\/www.radper.com\/fr\/?s={search_term_string}"},"query-input":{"@type":"PropertyValueSpecification","valueRequired":true,"valueName":"search_term_string"}}],"inLanguage":"fr-FR"},{"@type":"Organization","@id":"https:\/\/www.radper.com\/fr\/#organization","name":"radper","url":"https:\/\/www.radper.com\/fr\/","logo":{"@type":"ImageObject","inLanguage":"fr-FR","@id":"https:\/\/www.radper.com\/fr\/#\/schema\/logo\/image\/","url":"https:\/\/radper.com\/wp-content\/uploads\/2021\/04\/logo-wide-11.png","contentUrl":"https:\/\/radper.com\/wp-content\/uploads\/2021\/04\/logo-wide-11.png","width":250,"height":110,"caption":"radper"},"image":{"@id":"https:\/\/www.radper.com\/fr\/#\/schema\/logo\/image\/"}}]}},"_links":{"self":[{"href":"https:\/\/www.radper.com\/fr\/wp-json\/wp\/v2\/product\/26868","targetHints":{"allow":["GET"]}}],"collection":[{"href":"https:\/\/www.radper.com\/fr\/wp-json\/wp\/v2\/product"}],"about":[{"href":"https:\/\/www.radper.com\/fr\/wp-json\/wp\/v2\/types\/product"}],"wp:featuredmedia":[{"embeddable":true,"href":"https:\/\/www.radper.com\/fr\/wp-json\/wp\/v2\/media\/26535"}],"wp:attachment":[{"href":"https:\/\/www.radper.com\/fr\/wp-json\/wp\/v2\/media?parent=26868"}],"wp:term":[{"taxonomy":"product_brand","embeddable":true,"href":"https:\/\/www.radper.com\/fr\/wp-json\/wp\/v2\/product_brand?post=26868"},{"taxonomy":"product_cat","embeddable":true,"href":"https:\/\/www.radper.com\/fr\/wp-json\/wp\/v2\/product_cat?post=26868"},{"taxonomy":"product_tag","embeddable":true,"href":"https:\/\/www.radper.com\/fr\/wp-json\/wp\/v2\/product_tag?post=26868"}],"curies":[{"name":"wp","href":"https:\/\/api.w.org\/{rel}","templated":true}]}}