{"id":26927,"date":"2022-12-06T09:36:48","date_gmt":"2022-12-06T09:36:48","guid":{"rendered":"https:\/\/www.radper.com\/produit\/ensemble-malt-cc-icc-10-ka-1s-mt-9804-p-catu\/"},"modified":"2026-05-01T01:03:31","modified_gmt":"2026-05-01T01:03:31","slug":"ensemble-malt-cc-icc-10-ka-1s-mt-9804-p-catu","status":"publish","type":"product","link":"https:\/\/www.radper.com\/fr\/catalogues\/epi-outillage\/equipement-de-poste-et-de-mise-a-la-terre-et-en-court-circuit-hta\/ensemble-malt-cc-icc-10-ka-1s-mt-9804-p-catu\/","title":{"rendered":"Ensemble MALT\/CC Icc 10 kA\/1s MT-9804-P CATU"},"content":{"rendered":"<p>Ensemble MALT\/CC, Icc 10 kA\/1s MT-9804-P CATU, Composition\u00a0: 3 pinces MT-812\/C.\u00a0Capacit\u00e9: diam\u00e8tres de 5 \u00e0 16 mm et plats jusqu&rsquo;\u00e0 \u00e9paisseur 16 mm.<br \/>\n\t3 pinces orientables EMCC-2851H.\u00a0Capacit\u00e9: diam\u00e8tres de 5 \u00e0 34 mm.<br \/>\n\t1 \u00e9tau de terre MT-840\/1.\u00a0Capacit\u00e9: diam\u00e8tres de 6 \u00e0 25 mm et plats jusqu&rsquo;\u00e0 \u00e9paisseur 25 mm.<br \/>\n\t3 c\u00e2bles de court-circuit en cuivre isol\u00e9 PVC section 35 mm\u00b2, longueur 0,75 m.<br \/>\n\t1 c\u00e2ble de mise \u00e0 la terre en cuivre isol\u00e9 PVC section 16\u00a0mm\u00b2, longueur 2,5 m.<br \/>\n\t1 perche t\u00e9lescopique MT-830-P.<br \/>\n\t1 coffret de transport., Dimensions (mm) 720 x 300 x 175, Masse (kg) 12<\/p>\n","protected":false},"excerpt":{"rendered":"<p>MT-9804-P<\/p>\n","protected":false},"featured_media":26653,"template":"","meta":{"_acf_changed":false},"product_brand":[],"product_cat":[9083],"product_tag":[],"class_list":{"0":"post-26927","1":"product","2":"type-product","3":"status-publish","4":"has-post-thumbnail","6":"product_cat-equipement-de-poste-et-de-mise-a-la-terre-et-en-court-circuit-hta","7":"pa_marque-catu","9":"first","10":"instock","11":"featured","12":"taxable","13":"shipping-taxable","14":"product-type-simple"},"acf":[],"yoast_head":"<!-- This site is optimized with the Yoast SEO plugin v26.2 - https:\/\/yoast.com\/wordpress\/plugins\/seo\/ -->\n<title>Ensemble MALT\/CC Icc 10 kA\/1s MT-9804-P CATU - Radper<\/title>\n<meta name=\"robots\" content=\"index, follow, max-snippet:-1, max-image-preview:large, max-video-preview:-1\" \/>\n<link rel=\"canonical\" href=\"https:\/\/www.radper.com\/fr\/catalogues\/epi-outillage\/equipement-de-poste-et-de-mise-a-la-terre-et-en-court-circuit-hta\/ensemble-malt-cc-icc-10-ka-1s-mt-9804-p-catu\/\" \/>\n<meta property=\"og:locale\" content=\"fr_FR\" \/>\n<meta property=\"og:type\" content=\"article\" \/>\n<meta property=\"og:title\" content=\"Ensemble MALT\/CC Icc 10 kA\/1s MT-9804-P CATU - Radper\" \/>\n<meta property=\"og:description\" content=\"MT-9804-P\" \/>\n<meta property=\"og:url\" content=\"https:\/\/www.radper.com\/fr\/catalogues\/epi-outillage\/equipement-de-poste-et-de-mise-a-la-terre-et-en-court-circuit-hta\/ensemble-malt-cc-icc-10-ka-1s-mt-9804-p-catu\/\" \/>\n<meta property=\"og:site_name\" content=\"Radper\" \/>\n<meta property=\"article:modified_time\" content=\"2026-05-01T01:03:31+00:00\" \/>\n<meta property=\"og:image\" content=\"https:\/\/www.radper.com\/wp-content\/uploads\/2022\/12\/MT-9804jpg2028229.jpg\" \/>\n\t<meta property=\"og:image:width\" content=\"600\" \/>\n\t<meta property=\"og:image:height\" content=\"600\" \/>\n\t<meta property=\"og:image:type\" content=\"image\/jpeg\" \/>\n<meta name=\"twitter:card\" content=\"summary_large_image\" \/>\n<script type=\"application\/ld+json\" class=\"yoast-schema-graph\">{\"@context\":\"https:\/\/schema.org\",\"@graph\":[{\"@type\":\"WebPage\",\"@id\":\"https:\/\/www.radper.com\/fr\/catalogues\/epi-outillage\/equipement-de-poste-et-de-mise-a-la-terre-et-en-court-circuit-hta\/ensemble-malt-cc-icc-10-ka-1s-mt-9804-p-catu\/\",\"url\":\"https:\/\/www.radper.com\/fr\/catalogues\/epi-outillage\/equipement-de-poste-et-de-mise-a-la-terre-et-en-court-circuit-hta\/ensemble-malt-cc-icc-10-ka-1s-mt-9804-p-catu\/\",\"name\":\"Ensemble MALT\/CC Icc 10 kA\/1s MT-9804-P CATU - Radper\",\"isPartOf\":{\"@id\":\"https:\/\/www.radper.com\/fr\/#website\"},\"primaryImageOfPage\":{\"@id\":\"https:\/\/www.radper.com\/fr\/catalogues\/epi-outillage\/equipement-de-poste-et-de-mise-a-la-terre-et-en-court-circuit-hta\/ensemble-malt-cc-icc-10-ka-1s-mt-9804-p-catu\/#primaryimage\"},\"image\":{\"@id\":\"https:\/\/www.radper.com\/fr\/catalogues\/epi-outillage\/equipement-de-poste-et-de-mise-a-la-terre-et-en-court-circuit-hta\/ensemble-malt-cc-icc-10-ka-1s-mt-9804-p-catu\/#primaryimage\"},\"thumbnailUrl\":\"https:\/\/www.radper.com\/wp-content\/uploads\/2022\/12\/MT-9804jpg2028229.jpg\",\"datePublished\":\"2022-12-06T09:36:48+00:00\",\"dateModified\":\"2026-05-01T01:03:31+00:00\",\"breadcrumb\":{\"@id\":\"https:\/\/www.radper.com\/fr\/catalogues\/epi-outillage\/equipement-de-poste-et-de-mise-a-la-terre-et-en-court-circuit-hta\/ensemble-malt-cc-icc-10-ka-1s-mt-9804-p-catu\/#breadcrumb\"},\"inLanguage\":\"fr-FR\",\"potentialAction\":[{\"@type\":\"ReadAction\",\"target\":[\"https:\/\/www.radper.com\/fr\/catalogues\/epi-outillage\/equipement-de-poste-et-de-mise-a-la-terre-et-en-court-circuit-hta\/ensemble-malt-cc-icc-10-ka-1s-mt-9804-p-catu\/\"]}]},{\"@type\":\"ImageObject\",\"inLanguage\":\"fr-FR\",\"@id\":\"https:\/\/www.radper.com\/fr\/catalogues\/epi-outillage\/equipement-de-poste-et-de-mise-a-la-terre-et-en-court-circuit-hta\/ensemble-malt-cc-icc-10-ka-1s-mt-9804-p-catu\/#primaryimage\",\"url\":\"https:\/\/www.radper.com\/wp-content\/uploads\/2022\/12\/MT-9804jpg2028229.jpg\",\"contentUrl\":\"https:\/\/www.radper.com\/wp-content\/uploads\/2022\/12\/MT-9804jpg2028229.jpg\",\"width\":600,\"height\":600},{\"@type\":\"BreadcrumbList\",\"@id\":\"https:\/\/www.radper.com\/fr\/catalogues\/epi-outillage\/equipement-de-poste-et-de-mise-a-la-terre-et-en-court-circuit-hta\/ensemble-malt-cc-icc-10-ka-1s-mt-9804-p-catu\/#breadcrumb\",\"itemListElement\":[{\"@type\":\"ListItem\",\"position\":1,\"name\":\"Accueil\",\"item\":\"https:\/\/www.radper.com\/fr\/\"},{\"@type\":\"ListItem\",\"position\":2,\"name\":\"Catalogue\",\"item\":\"https:\/\/www.radper.com\/fr\/catalogue\/\"},{\"@type\":\"ListItem\",\"position\":3,\"name\":\"Ensemble MALT\/CC Icc 10 kA\/1s MT-9804-P CATU\"}]},{\"@type\":\"WebSite\",\"@id\":\"https:\/\/www.radper.com\/fr\/#website\",\"url\":\"https:\/\/www.radper.com\/fr\/\",\"name\":\"Radper\",\"description\":\"\",\"publisher\":{\"@id\":\"https:\/\/www.radper.com\/fr\/#organization\"},\"potentialAction\":[{\"@type\":\"SearchAction\",\"target\":{\"@type\":\"EntryPoint\",\"urlTemplate\":\"https:\/\/www.radper.com\/fr\/?s={search_term_string}\"},\"query-input\":{\"@type\":\"PropertyValueSpecification\",\"valueRequired\":true,\"valueName\":\"search_term_string\"}}],\"inLanguage\":\"fr-FR\"},{\"@type\":\"Organization\",\"@id\":\"https:\/\/www.radper.com\/fr\/#organization\",\"name\":\"radper\",\"url\":\"https:\/\/www.radper.com\/fr\/\",\"logo\":{\"@type\":\"ImageObject\",\"inLanguage\":\"fr-FR\",\"@id\":\"https:\/\/www.radper.com\/fr\/#\/schema\/logo\/image\/\",\"url\":\"https:\/\/radper.com\/wp-content\/uploads\/2021\/04\/logo-wide-11.png\",\"contentUrl\":\"https:\/\/radper.com\/wp-content\/uploads\/2021\/04\/logo-wide-11.png\",\"width\":250,\"height\":110,\"caption\":\"radper\"},\"image\":{\"@id\":\"https:\/\/www.radper.com\/fr\/#\/schema\/logo\/image\/\"}}]}<\/script>\n<!-- \/ Yoast SEO plugin. -->","yoast_head_json":{"title":"Ensemble MALT\/CC Icc 10 kA\/1s MT-9804-P CATU - Radper","robots":{"index":"index","follow":"follow","max-snippet":"max-snippet:-1","max-image-preview":"max-image-preview:large","max-video-preview":"max-video-preview:-1"},"canonical":"https:\/\/www.radper.com\/fr\/catalogues\/epi-outillage\/equipement-de-poste-et-de-mise-a-la-terre-et-en-court-circuit-hta\/ensemble-malt-cc-icc-10-ka-1s-mt-9804-p-catu\/","og_locale":"fr_FR","og_type":"article","og_title":"Ensemble MALT\/CC Icc 10 kA\/1s MT-9804-P CATU - Radper","og_description":"MT-9804-P","og_url":"https:\/\/www.radper.com\/fr\/catalogues\/epi-outillage\/equipement-de-poste-et-de-mise-a-la-terre-et-en-court-circuit-hta\/ensemble-malt-cc-icc-10-ka-1s-mt-9804-p-catu\/","og_site_name":"Radper","article_modified_time":"2026-05-01T01:03:31+00:00","og_image":[{"width":600,"height":600,"url":"https:\/\/www.radper.com\/wp-content\/uploads\/2022\/12\/MT-9804jpg2028229.jpg","type":"image\/jpeg"}],"twitter_card":"summary_large_image","schema":{"@context":"https:\/\/schema.org","@graph":[{"@type":"WebPage","@id":"https:\/\/www.radper.com\/fr\/catalogues\/epi-outillage\/equipement-de-poste-et-de-mise-a-la-terre-et-en-court-circuit-hta\/ensemble-malt-cc-icc-10-ka-1s-mt-9804-p-catu\/","url":"https:\/\/www.radper.com\/fr\/catalogues\/epi-outillage\/equipement-de-poste-et-de-mise-a-la-terre-et-en-court-circuit-hta\/ensemble-malt-cc-icc-10-ka-1s-mt-9804-p-catu\/","name":"Ensemble MALT\/CC Icc 10 kA\/1s MT-9804-P CATU - Radper","isPartOf":{"@id":"https:\/\/www.radper.com\/fr\/#website"},"primaryImageOfPage":{"@id":"https:\/\/www.radper.com\/fr\/catalogues\/epi-outillage\/equipement-de-poste-et-de-mise-a-la-terre-et-en-court-circuit-hta\/ensemble-malt-cc-icc-10-ka-1s-mt-9804-p-catu\/#primaryimage"},"image":{"@id":"https:\/\/www.radper.com\/fr\/catalogues\/epi-outillage\/equipement-de-poste-et-de-mise-a-la-terre-et-en-court-circuit-hta\/ensemble-malt-cc-icc-10-ka-1s-mt-9804-p-catu\/#primaryimage"},"thumbnailUrl":"https:\/\/www.radper.com\/wp-content\/uploads\/2022\/12\/MT-9804jpg2028229.jpg","datePublished":"2022-12-06T09:36:48+00:00","dateModified":"2026-05-01T01:03:31+00:00","breadcrumb":{"@id":"https:\/\/www.radper.com\/fr\/catalogues\/epi-outillage\/equipement-de-poste-et-de-mise-a-la-terre-et-en-court-circuit-hta\/ensemble-malt-cc-icc-10-ka-1s-mt-9804-p-catu\/#breadcrumb"},"inLanguage":"fr-FR","potentialAction":[{"@type":"ReadAction","target":["https:\/\/www.radper.com\/fr\/catalogues\/epi-outillage\/equipement-de-poste-et-de-mise-a-la-terre-et-en-court-circuit-hta\/ensemble-malt-cc-icc-10-ka-1s-mt-9804-p-catu\/"]}]},{"@type":"ImageObject","inLanguage":"fr-FR","@id":"https:\/\/www.radper.com\/fr\/catalogues\/epi-outillage\/equipement-de-poste-et-de-mise-a-la-terre-et-en-court-circuit-hta\/ensemble-malt-cc-icc-10-ka-1s-mt-9804-p-catu\/#primaryimage","url":"https:\/\/www.radper.com\/wp-content\/uploads\/2022\/12\/MT-9804jpg2028229.jpg","contentUrl":"https:\/\/www.radper.com\/wp-content\/uploads\/2022\/12\/MT-9804jpg2028229.jpg","width":600,"height":600},{"@type":"BreadcrumbList","@id":"https:\/\/www.radper.com\/fr\/catalogues\/epi-outillage\/equipement-de-poste-et-de-mise-a-la-terre-et-en-court-circuit-hta\/ensemble-malt-cc-icc-10-ka-1s-mt-9804-p-catu\/#breadcrumb","itemListElement":[{"@type":"ListItem","position":1,"name":"Accueil","item":"https:\/\/www.radper.com\/fr\/"},{"@type":"ListItem","position":2,"name":"Catalogue","item":"https:\/\/www.radper.com\/fr\/catalogue\/"},{"@type":"ListItem","position":3,"name":"Ensemble MALT\/CC Icc 10 kA\/1s MT-9804-P CATU"}]},{"@type":"WebSite","@id":"https:\/\/www.radper.com\/fr\/#website","url":"https:\/\/www.radper.com\/fr\/","name":"Radper","description":"","publisher":{"@id":"https:\/\/www.radper.com\/fr\/#organization"},"potentialAction":[{"@type":"SearchAction","target":{"@type":"EntryPoint","urlTemplate":"https:\/\/www.radper.com\/fr\/?s={search_term_string}"},"query-input":{"@type":"PropertyValueSpecification","valueRequired":true,"valueName":"search_term_string"}}],"inLanguage":"fr-FR"},{"@type":"Organization","@id":"https:\/\/www.radper.com\/fr\/#organization","name":"radper","url":"https:\/\/www.radper.com\/fr\/","logo":{"@type":"ImageObject","inLanguage":"fr-FR","@id":"https:\/\/www.radper.com\/fr\/#\/schema\/logo\/image\/","url":"https:\/\/radper.com\/wp-content\/uploads\/2021\/04\/logo-wide-11.png","contentUrl":"https:\/\/radper.com\/wp-content\/uploads\/2021\/04\/logo-wide-11.png","width":250,"height":110,"caption":"radper"},"image":{"@id":"https:\/\/www.radper.com\/fr\/#\/schema\/logo\/image\/"}}]}},"_links":{"self":[{"href":"https:\/\/www.radper.com\/fr\/wp-json\/wp\/v2\/product\/26927","targetHints":{"allow":["GET"]}}],"collection":[{"href":"https:\/\/www.radper.com\/fr\/wp-json\/wp\/v2\/product"}],"about":[{"href":"https:\/\/www.radper.com\/fr\/wp-json\/wp\/v2\/types\/product"}],"wp:featuredmedia":[{"embeddable":true,"href":"https:\/\/www.radper.com\/fr\/wp-json\/wp\/v2\/media\/26653"}],"wp:attachment":[{"href":"https:\/\/www.radper.com\/fr\/wp-json\/wp\/v2\/media?parent=26927"}],"wp:term":[{"taxonomy":"product_brand","embeddable":true,"href":"https:\/\/www.radper.com\/fr\/wp-json\/wp\/v2\/product_brand?post=26927"},{"taxonomy":"product_cat","embeddable":true,"href":"https:\/\/www.radper.com\/fr\/wp-json\/wp\/v2\/product_cat?post=26927"},{"taxonomy":"product_tag","embeddable":true,"href":"https:\/\/www.radper.com\/fr\/wp-json\/wp\/v2\/product_tag?post=26927"}],"curies":[{"name":"wp","href":"https:\/\/api.w.org\/{rel}","templated":true}]}}