{"id":35484,"date":"2022-12-22T11:34:22","date_gmt":"2022-12-22T11:34:22","guid":{"rendered":"https:\/\/www.radper.com\/produit\/compteur-denergie-active-countis-e03-direct-40a-avec-com-modbus-rs485-48503039-socomec\/"},"modified":"2026-04-30T06:57:00","modified_gmt":"2026-04-30T06:57:00","slug":"compteur-denergie-active-countis-e03-direct-40a-avec-com-modbus-rs485-48503039-socomec","status":"publish","type":"product","link":"https:\/\/www.radper.com\/fr\/catalogues\/materiel-electrique\/mesure\/compteur-denergie-active-countis-e03-direct-40a-avec-com-modbus-rs485-48503039-socomec\/","title":{"rendered":"COUNTIS E03 40A MODBUS RS485 48503039 SOCOMEC"},"content":{"rendered":"<h2 data-start=\"349\" data-end=\"413\"><strong data-start=\"352\" data-end=\"411\">COUNTIS E03 \u2013 Compteur d\u2019\u00e9nergie monophas\u00e9 40A \u2013 MODBUS <\/strong><strong data-start=\"414\" data-end=\"429\">R\u00e9f\u00e9rence :<\/strong> 48503039<\/h2>\n<p data-start=\"490\" data-end=\"1058\">Le <strong data-start=\"493\" data-end=\"508\">COUNTIS E03<\/strong> est un compteur d\u2019\u00e9nergie \u00e9lectrique modulaire <strong data-start=\"556\" data-end=\"569\">monophas\u00e9<\/strong> permettant la mesure et l\u2019affichage des \u00e9nergies actives (kWh) et r\u00e9actives (kVArh), ainsi que d\u2019autres param\u00e8tres directement sur un <strong data-start=\"704\" data-end=\"731\">\u00e9cran LCD r\u00e9tro-\u00e9clair\u00e9<\/strong>.<br data-start=\"732\" data-end=\"735\" \/>Con\u00e7u pour un <strong data-start=\"749\" data-end=\"785\">raccordement direct jusqu\u2019\u00e0 40 A<\/strong>, il s\u2019int\u00e8gre pleinement dans l\u2019\u00e9cosyst\u00e8me de monitoring SOCOMEC (Webview, \u00e9crans, passerelles, logiciel de configuration\u2026).<br data-start=\"910\" data-end=\"913\" \/>Il dispose d\u2019une <strong data-start=\"930\" data-end=\"955\">sortie d\u2019impulsion S0<\/strong> et communique via le <strong data-start=\"977\" data-end=\"997\">protocole MODBUS<\/strong>, garantissant un suivi fiable et pr\u00e9cis des consommations.<\/p>\n<h3 data-start=\"1875\" data-end=\"1906\"><strong data-start=\"1879\" data-end=\"1906\">Normes &amp; Certifications<\/strong><\/h3>\n<p data-start=\"1907\" data-end=\"2477\">Le <strong data-start=\"1910\" data-end=\"1925\">COUNTIS E03<\/strong> r\u00e9pond aux exigences de la norme <strong data-start=\"1959\" data-end=\"1966\">IEC<\/strong>, garantissant des performances conformes aux standards internationaux en mati\u00e8re de s\u00e9curit\u00e9 \u00e9lectrique et de fiabilit\u00e9 de mesure. Homologu\u00e9 pour un usage domestique, ce mod\u00e8le b\u00e9n\u00e9ficie d\u2019une validation technique lui permettant une utilisation dans des installations monophas\u00e9es jusqu\u2019\u00e0 40 A.<br data-start=\"2260\" data-end=\"2263\" \/>Sa mise sur le march\u00e9 est effective depuis <strong data-start=\"2306\" data-end=\"2320\">avril 2016<\/strong>, avec une date d\u2019obsolescence pr\u00e9vue au <strong data-start=\"2361\" data-end=\"2377\">31 mars 2025<\/strong> et une date d\u2019interdiction fix\u00e9e au <strong data-start=\"2414\" data-end=\"2434\">31 d\u00e9cembre 2025<\/strong> conform\u00e9ment \u00e0 son cycle de vie produit.<\/p>\n<h4 data-start=\"1692\" data-end=\"1726\"><strong data-start=\"1697\" data-end=\"1726\">Interface &amp; Communication<\/strong><\/h4>\n<ul data-start=\"1727\" data-end=\"1868\">\n<li data-start=\"1727\" data-end=\"1753\">\n<p data-start=\"1729\" data-end=\"1753\"><strong data-start=\"1729\" data-end=\"1744\">Protocole :<\/strong> MODBUS<\/p>\n<\/li>\n<li data-start=\"1754\" data-end=\"1810\">\n<p data-start=\"1756\" data-end=\"1810\"><strong data-start=\"1756\" data-end=\"1778\">Type de compteur :<\/strong> \u00c9lectronique \u2013 mesure directe<\/p>\n<\/li>\n<li data-start=\"1811\" data-end=\"1868\">\n<p data-start=\"1813\" data-end=\"1868\"><strong data-start=\"1813\" data-end=\"1828\">Affichage :<\/strong> Num\u00e9rique sur \u00e9cran LCD r\u00e9tro-\u00e9clair\u00e9<\/p>\n<\/li>\n<\/ul>\n<h3 data-start=\"2761\" data-end=\"2781\">Caract\u00e9ristiques<\/h3>\n<ul data-start=\"2782\" data-end=\"3055\">\n<li data-start=\"2782\" data-end=\"2850\">\n<p data-start=\"2784\" data-end=\"2850\">Mesure <strong data-start=\"2791\" data-end=\"2813\">active et r\u00e9active<\/strong> avec affichage clair sur \u00e9cran LCD<\/p>\n<\/li>\n<li data-start=\"2851\" data-end=\"2934\">\n<p data-start=\"2853\" data-end=\"2934\"><strong data-start=\"2853\" data-end=\"2877\">Int\u00e9gration compl\u00e8te<\/strong> dans les syst\u00e8mes SOCOMEC (Webview, passerelles, etc.)<\/p>\n<\/li>\n<li data-start=\"2935\" data-end=\"2974\">\n<p data-start=\"2937\" data-end=\"2974\"><strong data-start=\"2937\" data-end=\"2972\">Raccordement direct jusqu\u2019\u00e0 40A<\/strong><\/p>\n<\/li>\n<li data-start=\"2975\" data-end=\"3014\">\n<p data-start=\"2977\" data-end=\"3014\">Communication fiable via <strong data-start=\"3002\" data-end=\"3012\">MODBUS<\/strong><\/p>\n<\/li>\n<li data-start=\"3015\" data-end=\"3055\">\n<p data-start=\"3017\" data-end=\"3055\">Installation rapide sur <strong data-start=\"3041\" data-end=\"3053\">rail DIN<\/strong><\/p>\n<\/li>\n<\/ul>\n<p><strong data-start=\"3720\" data-end=\"3766\">\u27a1\ufe0f Proposez-vous des devis personnalis\u00e9s ?<\/strong><br data-start=\"3766\" data-end=\"3769\" \/>Oui, Radper vous offre des devis sur mesure.<br data-start=\"3822\" data-end=\"3825\" \/><a class=\"cursor-pointer\" href=\"https:\/\/www.radper.com\/fr\/demande-de-devis\/\" target=\"_new\" rel=\"noopener\" data-start=\"3828\" data-end=\"3881\">\u27a4 Demander un devis ici<\/a><\/p>\n","protected":false},"excerpt":{"rendered":"<p>COUNTIS E03 1PH 40A MODBUS<\/p>\n","protected":false},"featured_media":45116,"template":"","meta":{"_acf_changed":false},"product_brand":[],"product_cat":[11272,11273],"product_tag":[],"class_list":{"0":"post-35484","1":"product","2":"type-product","3":"status-publish","4":"has-post-thumbnail","6":"product_cat-mesure","7":"product_cat-surveillance-et-qualite-de-lenergie","8":"pa_marque-socomec","10":"first","11":"instock","12":"featured","13":"taxable","14":"shipping-taxable","15":"product-type-simple"},"acf":[],"yoast_head":"<!-- This site is optimized with the Yoast SEO plugin v26.2 - https:\/\/yoast.com\/wordpress\/plugins\/seo\/ -->\n<title>COUNTIS E03 40A MODBUS RS485 48503039 SOCOMEC - Radper<\/title>\n<meta name=\"description\" content=\"D\u00e9couvrez le compteur d\u2019\u00e9nergie COUNTIS E03 40A MODBUS SOCOMEC. Mesure pr\u00e9cise kWh\/kVArh, affichage LCD, montage rail DIN. Disponible chez Radper.\" \/>\n<meta name=\"robots\" content=\"index, follow, max-snippet:-1, max-image-preview:large, max-video-preview:-1\" \/>\n<link rel=\"canonical\" href=\"https:\/\/www.radper.com\/fr\/catalogues\/materiel-electrique\/mesure\/compteur-denergie-active-countis-e03-direct-40a-avec-com-modbus-rs485-48503039-socomec\/\" \/>\n<meta property=\"og:locale\" content=\"fr_FR\" \/>\n<meta property=\"og:type\" content=\"article\" \/>\n<meta property=\"og:title\" content=\"COUNTIS E03 40A MODBUS RS485 48503039 SOCOMEC - Radper\" \/>\n<meta property=\"og:description\" content=\"D\u00e9couvrez le compteur d\u2019\u00e9nergie COUNTIS E03 40A MODBUS SOCOMEC. Mesure pr\u00e9cise kWh\/kVArh, affichage LCD, montage rail DIN. Disponible chez Radper.\" \/>\n<meta property=\"og:url\" content=\"https:\/\/www.radper.com\/fr\/catalogues\/materiel-electrique\/mesure\/compteur-denergie-active-countis-e03-direct-40a-avec-com-modbus-rs485-48503039-socomec\/\" \/>\n<meta property=\"og:site_name\" content=\"Radper\" \/>\n<meta property=\"article:modified_time\" content=\"2026-04-30T06:57:00+00:00\" \/>\n<meta property=\"og:image\" content=\"https:\/\/www.radper.com\/wp-content\/uploads\/2022\/12\/COUNTIS-E03-SOCOMEC.png\" \/>\n\t<meta property=\"og:image:width\" content=\"600\" \/>\n\t<meta property=\"og:image:height\" content=\"600\" \/>\n\t<meta property=\"og:image:type\" content=\"image\/png\" \/>\n<meta name=\"twitter:card\" content=\"summary_large_image\" \/>\n<meta name=\"twitter:label1\" content=\"Dur\u00e9e de lecture estim\u00e9e\" \/>\n\t<meta name=\"twitter:data1\" content=\"2 minutes\" \/>\n<script type=\"application\/ld+json\" class=\"yoast-schema-graph\">{\"@context\":\"https:\/\/schema.org\",\"@graph\":[{\"@type\":\"WebPage\",\"@id\":\"https:\/\/www.radper.com\/fr\/catalogues\/materiel-electrique\/mesure\/compteur-denergie-active-countis-e03-direct-40a-avec-com-modbus-rs485-48503039-socomec\/\",\"url\":\"https:\/\/www.radper.com\/fr\/catalogues\/materiel-electrique\/mesure\/compteur-denergie-active-countis-e03-direct-40a-avec-com-modbus-rs485-48503039-socomec\/\",\"name\":\"COUNTIS E03 40A MODBUS RS485 48503039 SOCOMEC - Radper\",\"isPartOf\":{\"@id\":\"https:\/\/www.radper.com\/fr\/#website\"},\"primaryImageOfPage\":{\"@id\":\"https:\/\/www.radper.com\/fr\/catalogues\/materiel-electrique\/mesure\/compteur-denergie-active-countis-e03-direct-40a-avec-com-modbus-rs485-48503039-socomec\/#primaryimage\"},\"image\":{\"@id\":\"https:\/\/www.radper.com\/fr\/catalogues\/materiel-electrique\/mesure\/compteur-denergie-active-countis-e03-direct-40a-avec-com-modbus-rs485-48503039-socomec\/#primaryimage\"},\"thumbnailUrl\":\"https:\/\/www.radper.com\/wp-content\/uploads\/2022\/12\/COUNTIS-E03-SOCOMEC.png\",\"datePublished\":\"2022-12-22T11:34:22+00:00\",\"dateModified\":\"2026-04-30T06:57:00+00:00\",\"description\":\"D\u00e9couvrez le compteur d\u2019\u00e9nergie COUNTIS E03 40A MODBUS SOCOMEC. Mesure pr\u00e9cise kWh\/kVArh, affichage LCD, montage rail DIN. Disponible chez Radper.\",\"breadcrumb\":{\"@id\":\"https:\/\/www.radper.com\/fr\/catalogues\/materiel-electrique\/mesure\/compteur-denergie-active-countis-e03-direct-40a-avec-com-modbus-rs485-48503039-socomec\/#breadcrumb\"},\"inLanguage\":\"fr-FR\",\"potentialAction\":[{\"@type\":\"ReadAction\",\"target\":[\"https:\/\/www.radper.com\/fr\/catalogues\/materiel-electrique\/mesure\/compteur-denergie-active-countis-e03-direct-40a-avec-com-modbus-rs485-48503039-socomec\/\"]}]},{\"@type\":\"ImageObject\",\"inLanguage\":\"fr-FR\",\"@id\":\"https:\/\/www.radper.com\/fr\/catalogues\/materiel-electrique\/mesure\/compteur-denergie-active-countis-e03-direct-40a-avec-com-modbus-rs485-48503039-socomec\/#primaryimage\",\"url\":\"https:\/\/www.radper.com\/wp-content\/uploads\/2022\/12\/COUNTIS-E03-SOCOMEC.png\",\"contentUrl\":\"https:\/\/www.radper.com\/wp-content\/uploads\/2022\/12\/COUNTIS-E03-SOCOMEC.png\",\"width\":600,\"height\":600},{\"@type\":\"BreadcrumbList\",\"@id\":\"https:\/\/www.radper.com\/fr\/catalogues\/materiel-electrique\/mesure\/compteur-denergie-active-countis-e03-direct-40a-avec-com-modbus-rs485-48503039-socomec\/#breadcrumb\",\"itemListElement\":[{\"@type\":\"ListItem\",\"position\":1,\"name\":\"Accueil\",\"item\":\"https:\/\/www.radper.com\/fr\/\"},{\"@type\":\"ListItem\",\"position\":2,\"name\":\"Catalogue\",\"item\":\"https:\/\/www.radper.com\/fr\/catalogue\/\"},{\"@type\":\"ListItem\",\"position\":3,\"name\":\"COUNTIS E03 40A MODBUS RS485 48503039 SOCOMEC\"}]},{\"@type\":\"WebSite\",\"@id\":\"https:\/\/www.radper.com\/fr\/#website\",\"url\":\"https:\/\/www.radper.com\/fr\/\",\"name\":\"Radper\",\"description\":\"\",\"publisher\":{\"@id\":\"https:\/\/www.radper.com\/fr\/#organization\"},\"potentialAction\":[{\"@type\":\"SearchAction\",\"target\":{\"@type\":\"EntryPoint\",\"urlTemplate\":\"https:\/\/www.radper.com\/fr\/?s={search_term_string}\"},\"query-input\":{\"@type\":\"PropertyValueSpecification\",\"valueRequired\":true,\"valueName\":\"search_term_string\"}}],\"inLanguage\":\"fr-FR\"},{\"@type\":\"Organization\",\"@id\":\"https:\/\/www.radper.com\/fr\/#organization\",\"name\":\"radper\",\"url\":\"https:\/\/www.radper.com\/fr\/\",\"logo\":{\"@type\":\"ImageObject\",\"inLanguage\":\"fr-FR\",\"@id\":\"https:\/\/www.radper.com\/fr\/#\/schema\/logo\/image\/\",\"url\":\"https:\/\/radper.com\/wp-content\/uploads\/2021\/04\/logo-wide-11.png\",\"contentUrl\":\"https:\/\/radper.com\/wp-content\/uploads\/2021\/04\/logo-wide-11.png\",\"width\":250,\"height\":110,\"caption\":\"radper\"},\"image\":{\"@id\":\"https:\/\/www.radper.com\/fr\/#\/schema\/logo\/image\/\"}}]}<\/script>\n<!-- \/ Yoast SEO plugin. -->","yoast_head_json":{"title":"COUNTIS E03 40A MODBUS RS485 48503039 SOCOMEC - Radper","description":"D\u00e9couvrez le compteur d\u2019\u00e9nergie COUNTIS E03 40A MODBUS SOCOMEC. Mesure pr\u00e9cise kWh\/kVArh, affichage LCD, montage rail DIN. Disponible chez Radper.","robots":{"index":"index","follow":"follow","max-snippet":"max-snippet:-1","max-image-preview":"max-image-preview:large","max-video-preview":"max-video-preview:-1"},"canonical":"https:\/\/www.radper.com\/fr\/catalogues\/materiel-electrique\/mesure\/compteur-denergie-active-countis-e03-direct-40a-avec-com-modbus-rs485-48503039-socomec\/","og_locale":"fr_FR","og_type":"article","og_title":"COUNTIS E03 40A MODBUS RS485 48503039 SOCOMEC - Radper","og_description":"D\u00e9couvrez le compteur d\u2019\u00e9nergie COUNTIS E03 40A MODBUS SOCOMEC. Mesure pr\u00e9cise kWh\/kVArh, affichage LCD, montage rail DIN. Disponible chez Radper.","og_url":"https:\/\/www.radper.com\/fr\/catalogues\/materiel-electrique\/mesure\/compteur-denergie-active-countis-e03-direct-40a-avec-com-modbus-rs485-48503039-socomec\/","og_site_name":"Radper","article_modified_time":"2026-04-30T06:57:00+00:00","og_image":[{"width":600,"height":600,"url":"https:\/\/www.radper.com\/wp-content\/uploads\/2022\/12\/COUNTIS-E03-SOCOMEC.png","type":"image\/png"}],"twitter_card":"summary_large_image","twitter_misc":{"Dur\u00e9e de lecture estim\u00e9e":"2 minutes"},"schema":{"@context":"https:\/\/schema.org","@graph":[{"@type":"WebPage","@id":"https:\/\/www.radper.com\/fr\/catalogues\/materiel-electrique\/mesure\/compteur-denergie-active-countis-e03-direct-40a-avec-com-modbus-rs485-48503039-socomec\/","url":"https:\/\/www.radper.com\/fr\/catalogues\/materiel-electrique\/mesure\/compteur-denergie-active-countis-e03-direct-40a-avec-com-modbus-rs485-48503039-socomec\/","name":"COUNTIS E03 40A MODBUS RS485 48503039 SOCOMEC - Radper","isPartOf":{"@id":"https:\/\/www.radper.com\/fr\/#website"},"primaryImageOfPage":{"@id":"https:\/\/www.radper.com\/fr\/catalogues\/materiel-electrique\/mesure\/compteur-denergie-active-countis-e03-direct-40a-avec-com-modbus-rs485-48503039-socomec\/#primaryimage"},"image":{"@id":"https:\/\/www.radper.com\/fr\/catalogues\/materiel-electrique\/mesure\/compteur-denergie-active-countis-e03-direct-40a-avec-com-modbus-rs485-48503039-socomec\/#primaryimage"},"thumbnailUrl":"https:\/\/www.radper.com\/wp-content\/uploads\/2022\/12\/COUNTIS-E03-SOCOMEC.png","datePublished":"2022-12-22T11:34:22+00:00","dateModified":"2026-04-30T06:57:00+00:00","description":"D\u00e9couvrez le compteur d\u2019\u00e9nergie COUNTIS E03 40A MODBUS SOCOMEC. Mesure pr\u00e9cise kWh\/kVArh, affichage LCD, montage rail DIN. Disponible chez Radper.","breadcrumb":{"@id":"https:\/\/www.radper.com\/fr\/catalogues\/materiel-electrique\/mesure\/compteur-denergie-active-countis-e03-direct-40a-avec-com-modbus-rs485-48503039-socomec\/#breadcrumb"},"inLanguage":"fr-FR","potentialAction":[{"@type":"ReadAction","target":["https:\/\/www.radper.com\/fr\/catalogues\/materiel-electrique\/mesure\/compteur-denergie-active-countis-e03-direct-40a-avec-com-modbus-rs485-48503039-socomec\/"]}]},{"@type":"ImageObject","inLanguage":"fr-FR","@id":"https:\/\/www.radper.com\/fr\/catalogues\/materiel-electrique\/mesure\/compteur-denergie-active-countis-e03-direct-40a-avec-com-modbus-rs485-48503039-socomec\/#primaryimage","url":"https:\/\/www.radper.com\/wp-content\/uploads\/2022\/12\/COUNTIS-E03-SOCOMEC.png","contentUrl":"https:\/\/www.radper.com\/wp-content\/uploads\/2022\/12\/COUNTIS-E03-SOCOMEC.png","width":600,"height":600},{"@type":"BreadcrumbList","@id":"https:\/\/www.radper.com\/fr\/catalogues\/materiel-electrique\/mesure\/compteur-denergie-active-countis-e03-direct-40a-avec-com-modbus-rs485-48503039-socomec\/#breadcrumb","itemListElement":[{"@type":"ListItem","position":1,"name":"Accueil","item":"https:\/\/www.radper.com\/fr\/"},{"@type":"ListItem","position":2,"name":"Catalogue","item":"https:\/\/www.radper.com\/fr\/catalogue\/"},{"@type":"ListItem","position":3,"name":"COUNTIS E03 40A MODBUS RS485 48503039 SOCOMEC"}]},{"@type":"WebSite","@id":"https:\/\/www.radper.com\/fr\/#website","url":"https:\/\/www.radper.com\/fr\/","name":"Radper","description":"","publisher":{"@id":"https:\/\/www.radper.com\/fr\/#organization"},"potentialAction":[{"@type":"SearchAction","target":{"@type":"EntryPoint","urlTemplate":"https:\/\/www.radper.com\/fr\/?s={search_term_string}"},"query-input":{"@type":"PropertyValueSpecification","valueRequired":true,"valueName":"search_term_string"}}],"inLanguage":"fr-FR"},{"@type":"Organization","@id":"https:\/\/www.radper.com\/fr\/#organization","name":"radper","url":"https:\/\/www.radper.com\/fr\/","logo":{"@type":"ImageObject","inLanguage":"fr-FR","@id":"https:\/\/www.radper.com\/fr\/#\/schema\/logo\/image\/","url":"https:\/\/radper.com\/wp-content\/uploads\/2021\/04\/logo-wide-11.png","contentUrl":"https:\/\/radper.com\/wp-content\/uploads\/2021\/04\/logo-wide-11.png","width":250,"height":110,"caption":"radper"},"image":{"@id":"https:\/\/www.radper.com\/fr\/#\/schema\/logo\/image\/"}}]}},"_links":{"self":[{"href":"https:\/\/www.radper.com\/fr\/wp-json\/wp\/v2\/product\/35484","targetHints":{"allow":["GET"]}}],"collection":[{"href":"https:\/\/www.radper.com\/fr\/wp-json\/wp\/v2\/product"}],"about":[{"href":"https:\/\/www.radper.com\/fr\/wp-json\/wp\/v2\/types\/product"}],"wp:featuredmedia":[{"embeddable":true,"href":"https:\/\/www.radper.com\/fr\/wp-json\/wp\/v2\/media\/45116"}],"wp:attachment":[{"href":"https:\/\/www.radper.com\/fr\/wp-json\/wp\/v2\/media?parent=35484"}],"wp:term":[{"taxonomy":"product_brand","embeddable":true,"href":"https:\/\/www.radper.com\/fr\/wp-json\/wp\/v2\/product_brand?post=35484"},{"taxonomy":"product_cat","embeddable":true,"href":"https:\/\/www.radper.com\/fr\/wp-json\/wp\/v2\/product_cat?post=35484"},{"taxonomy":"product_tag","embeddable":true,"href":"https:\/\/www.radper.com\/fr\/wp-json\/wp\/v2\/product_tag?post=35484"}],"curies":[{"name":"wp","href":"https:\/\/api.w.org\/{rel}","templated":true}]}}