{"id":40687,"date":"2023-11-20T11:03:06","date_gmt":"2023-11-20T11:03:06","guid":{"rendered":"https:\/\/www.radper.com\/produit\/cle-a-chocs-3-4-1490-nm-1163\/"},"modified":"2025-03-13T00:41:34","modified_gmt":"2025-03-13T00:41:34","slug":"cle-a-chocs-3-4-1490-nm-1163-sam","status":"publish","type":"product","link":"https:\/\/www.radper.com\/fr\/catalogues\/epi-outillage\/pneumatique\/cle-a-chocs-3-4-1490-nm-1163-sam\/","title":{"rendered":"Cle  a chocs 3\/4 1490 NM 1163 SAM"},"content":{"rendered":"<p>PERFORMANTE<\/p>\n<p> Elle dispose d&rsquo;un rapport poids\/puissance exceptionnel<\/p>\n<p>  (40 % sup\u00e9rieur face \u00e0 nos principaux concurrents).<\/p>\n<p> Elle r\u00e9alise ais\u00e9ment des op\u00e9rations courantes ou r\u00e9p\u00e9titives, et donne la pleine puissance au desserrage. Son syst\u00e8me de frappe optimis\u00e9e restitue la puissance n\u00e9cessaire sans \u00e0 coups.<\/p>\n<p> COMPL\u00c8TE<\/p>\n<p> La 1163 dispose des composantes attendues par le march\u00e9: r\u00e9gulateur 3 positions, poign\u00e9e ergonomique, carter bi-mati\u00e8re, rapport poids\/puissance, basse consommation&#8230;<\/p>\n<p> \u00c9CONONOME<\/p>\n<p> Cl\u00e9 \u00e0 chocs compacte et l\u00e9g\u00e8re (2,6 kg) \u00e0 ce jour, la plus l\u00e9g\u00e8re du march\u00e9 dans sa cat\u00e9gorie. Elle permet \u00e0 l&rsquo;utilisateur de r\u00e9aliser avec ses gants toutes les op\u00e9rations d&rsquo;une seule main.<\/p>\n<p> Cl\u00e9 couvrant toutes les applications utilisables en 3\/4&Prime;. Son syst\u00e8me de frappe d\u00e9cal\u00e9e par double marteaux est adapt\u00e9 \u00e0 tous types de serrage rencontr\u00e9s, m\u00eame pour les applications \u00e0 faible couple. Elle pr\u00e9sente un rapport consommation \u00e9nerg\u00e9tique r\u00e9duite de pr\u00e8s de 40% face aux cl\u00e9s \u00e0 chocs standard \u00be\u00a0\u00bb. Cette cl\u00e9 coupl\u00e9e avec l&rsquo;accessoire flexible multi-flux (R\u00e9f. 19015-MF) r\u00e9gule le d\u00e9bit \u00e0 200 ou 400 l\/mn et \u00e9conomise la puissance du compresseur et peut engendrer jusqu&rsquo;\u00e0 60 % de gain de consommation d&rsquo;air. Anneau de suspension.<\/p>\n","protected":false},"excerpt":{"rendered":"<p>1163<\/p>\n","protected":false},"featured_media":39686,"template":"","meta":{"_acf_changed":false},"product_brand":[],"product_cat":[12868],"product_tag":[],"class_list":{"0":"post-40687","1":"product","2":"type-product","3":"status-publish","4":"has-post-thumbnail","6":"product_cat-pneumatique","7":"pa_marque-sam","9":"first","10":"instock","11":"featured","12":"taxable","13":"shipping-taxable","14":"purchasable","15":"product-type-simple"},"acf":[],"yoast_head":"<!-- This site is optimized with the Yoast SEO plugin v26.2 - https:\/\/yoast.com\/wordpress\/plugins\/seo\/ -->\n<title>Cle a chocs 3\/4 1490 NM 1163 SAM - Radper<\/title>\n<meta name=\"robots\" content=\"index, follow, max-snippet:-1, max-image-preview:large, max-video-preview:-1\" \/>\n<link rel=\"canonical\" href=\"https:\/\/www.radper.com\/fr\/catalogues\/epi-outillage\/pneumatique\/cle-a-chocs-3-4-1490-nm-1163-sam\/\" \/>\n<meta property=\"og:locale\" content=\"fr_FR\" \/>\n<meta property=\"og:type\" content=\"article\" \/>\n<meta property=\"og:title\" content=\"Cle a chocs 3\/4 1490 NM 1163 SAM - Radper\" \/>\n<meta property=\"og:description\" content=\"1163\" \/>\n<meta property=\"og:url\" content=\"https:\/\/www.radper.com\/fr\/catalogues\/epi-outillage\/pneumatique\/cle-a-chocs-3-4-1490-nm-1163-sam\/\" \/>\n<meta property=\"og:site_name\" content=\"Radper\" \/>\n<meta property=\"article:modified_time\" content=\"2025-03-13T00:41:34+00:00\" \/>\n<meta property=\"og:image\" content=\"https:\/\/www.radper.com\/wp-content\/uploads\/2023\/11\/Photo-produit-1163.jpeg\" \/>\n\t<meta property=\"og:image:width\" content=\"600\" \/>\n\t<meta property=\"og:image:height\" content=\"600\" \/>\n\t<meta property=\"og:image:type\" content=\"image\/jpeg\" \/>\n<meta name=\"twitter:card\" content=\"summary_large_image\" \/>\n<meta name=\"twitter:label1\" content=\"Dur\u00e9e de lecture estim\u00e9e\" \/>\n\t<meta name=\"twitter:data1\" content=\"1 minute\" \/>\n<script type=\"application\/ld+json\" class=\"yoast-schema-graph\">{\"@context\":\"https:\/\/schema.org\",\"@graph\":[{\"@type\":\"WebPage\",\"@id\":\"https:\/\/www.radper.com\/fr\/catalogues\/epi-outillage\/pneumatique\/cle-a-chocs-3-4-1490-nm-1163-sam\/\",\"url\":\"https:\/\/www.radper.com\/fr\/catalogues\/epi-outillage\/pneumatique\/cle-a-chocs-3-4-1490-nm-1163-sam\/\",\"name\":\"Cle a chocs 3\/4 1490 NM 1163 SAM - Radper\",\"isPartOf\":{\"@id\":\"https:\/\/www.radper.com\/fr\/#website\"},\"primaryImageOfPage\":{\"@id\":\"https:\/\/www.radper.com\/fr\/catalogues\/epi-outillage\/pneumatique\/cle-a-chocs-3-4-1490-nm-1163-sam\/#primaryimage\"},\"image\":{\"@id\":\"https:\/\/www.radper.com\/fr\/catalogues\/epi-outillage\/pneumatique\/cle-a-chocs-3-4-1490-nm-1163-sam\/#primaryimage\"},\"thumbnailUrl\":\"https:\/\/www.radper.com\/wp-content\/uploads\/2023\/11\/Photo-produit-1163.jpeg\",\"datePublished\":\"2023-11-20T11:03:06+00:00\",\"dateModified\":\"2025-03-13T00:41:34+00:00\",\"breadcrumb\":{\"@id\":\"https:\/\/www.radper.com\/fr\/catalogues\/epi-outillage\/pneumatique\/cle-a-chocs-3-4-1490-nm-1163-sam\/#breadcrumb\"},\"inLanguage\":\"fr-FR\",\"potentialAction\":[{\"@type\":\"ReadAction\",\"target\":[\"https:\/\/www.radper.com\/fr\/catalogues\/epi-outillage\/pneumatique\/cle-a-chocs-3-4-1490-nm-1163-sam\/\"]}]},{\"@type\":\"ImageObject\",\"inLanguage\":\"fr-FR\",\"@id\":\"https:\/\/www.radper.com\/fr\/catalogues\/epi-outillage\/pneumatique\/cle-a-chocs-3-4-1490-nm-1163-sam\/#primaryimage\",\"url\":\"https:\/\/www.radper.com\/wp-content\/uploads\/2023\/11\/Photo-produit-1163.jpeg\",\"contentUrl\":\"https:\/\/www.radper.com\/wp-content\/uploads\/2023\/11\/Photo-produit-1163.jpeg\",\"width\":600,\"height\":600},{\"@type\":\"BreadcrumbList\",\"@id\":\"https:\/\/www.radper.com\/fr\/catalogues\/epi-outillage\/pneumatique\/cle-a-chocs-3-4-1490-nm-1163-sam\/#breadcrumb\",\"itemListElement\":[{\"@type\":\"ListItem\",\"position\":1,\"name\":\"Accueil\",\"item\":\"https:\/\/www.radper.com\/fr\/\"},{\"@type\":\"ListItem\",\"position\":2,\"name\":\"Catalogue\",\"item\":\"https:\/\/www.radper.com\/fr\/catalogue\/\"},{\"@type\":\"ListItem\",\"position\":3,\"name\":\"Cle a chocs 3\/4 1490 NM 1163 SAM\"}]},{\"@type\":\"WebSite\",\"@id\":\"https:\/\/www.radper.com\/fr\/#website\",\"url\":\"https:\/\/www.radper.com\/fr\/\",\"name\":\"Radper\",\"description\":\"\",\"publisher\":{\"@id\":\"https:\/\/www.radper.com\/fr\/#organization\"},\"potentialAction\":[{\"@type\":\"SearchAction\",\"target\":{\"@type\":\"EntryPoint\",\"urlTemplate\":\"https:\/\/www.radper.com\/fr\/?s={search_term_string}\"},\"query-input\":{\"@type\":\"PropertyValueSpecification\",\"valueRequired\":true,\"valueName\":\"search_term_string\"}}],\"inLanguage\":\"fr-FR\"},{\"@type\":\"Organization\",\"@id\":\"https:\/\/www.radper.com\/fr\/#organization\",\"name\":\"radper\",\"url\":\"https:\/\/www.radper.com\/fr\/\",\"logo\":{\"@type\":\"ImageObject\",\"inLanguage\":\"fr-FR\",\"@id\":\"https:\/\/www.radper.com\/fr\/#\/schema\/logo\/image\/\",\"url\":\"https:\/\/radper.com\/wp-content\/uploads\/2021\/04\/logo-wide-11.png\",\"contentUrl\":\"https:\/\/radper.com\/wp-content\/uploads\/2021\/04\/logo-wide-11.png\",\"width\":250,\"height\":110,\"caption\":\"radper\"},\"image\":{\"@id\":\"https:\/\/www.radper.com\/fr\/#\/schema\/logo\/image\/\"}}]}<\/script>\n<!-- \/ Yoast SEO plugin. -->","yoast_head_json":{"title":"Cle a chocs 3\/4 1490 NM 1163 SAM - Radper","robots":{"index":"index","follow":"follow","max-snippet":"max-snippet:-1","max-image-preview":"max-image-preview:large","max-video-preview":"max-video-preview:-1"},"canonical":"https:\/\/www.radper.com\/fr\/catalogues\/epi-outillage\/pneumatique\/cle-a-chocs-3-4-1490-nm-1163-sam\/","og_locale":"fr_FR","og_type":"article","og_title":"Cle a chocs 3\/4 1490 NM 1163 SAM - Radper","og_description":"1163","og_url":"https:\/\/www.radper.com\/fr\/catalogues\/epi-outillage\/pneumatique\/cle-a-chocs-3-4-1490-nm-1163-sam\/","og_site_name":"Radper","article_modified_time":"2025-03-13T00:41:34+00:00","og_image":[{"width":600,"height":600,"url":"https:\/\/www.radper.com\/wp-content\/uploads\/2023\/11\/Photo-produit-1163.jpeg","type":"image\/jpeg"}],"twitter_card":"summary_large_image","twitter_misc":{"Dur\u00e9e de lecture estim\u00e9e":"1 minute"},"schema":{"@context":"https:\/\/schema.org","@graph":[{"@type":"WebPage","@id":"https:\/\/www.radper.com\/fr\/catalogues\/epi-outillage\/pneumatique\/cle-a-chocs-3-4-1490-nm-1163-sam\/","url":"https:\/\/www.radper.com\/fr\/catalogues\/epi-outillage\/pneumatique\/cle-a-chocs-3-4-1490-nm-1163-sam\/","name":"Cle a chocs 3\/4 1490 NM 1163 SAM - Radper","isPartOf":{"@id":"https:\/\/www.radper.com\/fr\/#website"},"primaryImageOfPage":{"@id":"https:\/\/www.radper.com\/fr\/catalogues\/epi-outillage\/pneumatique\/cle-a-chocs-3-4-1490-nm-1163-sam\/#primaryimage"},"image":{"@id":"https:\/\/www.radper.com\/fr\/catalogues\/epi-outillage\/pneumatique\/cle-a-chocs-3-4-1490-nm-1163-sam\/#primaryimage"},"thumbnailUrl":"https:\/\/www.radper.com\/wp-content\/uploads\/2023\/11\/Photo-produit-1163.jpeg","datePublished":"2023-11-20T11:03:06+00:00","dateModified":"2025-03-13T00:41:34+00:00","breadcrumb":{"@id":"https:\/\/www.radper.com\/fr\/catalogues\/epi-outillage\/pneumatique\/cle-a-chocs-3-4-1490-nm-1163-sam\/#breadcrumb"},"inLanguage":"fr-FR","potentialAction":[{"@type":"ReadAction","target":["https:\/\/www.radper.com\/fr\/catalogues\/epi-outillage\/pneumatique\/cle-a-chocs-3-4-1490-nm-1163-sam\/"]}]},{"@type":"ImageObject","inLanguage":"fr-FR","@id":"https:\/\/www.radper.com\/fr\/catalogues\/epi-outillage\/pneumatique\/cle-a-chocs-3-4-1490-nm-1163-sam\/#primaryimage","url":"https:\/\/www.radper.com\/wp-content\/uploads\/2023\/11\/Photo-produit-1163.jpeg","contentUrl":"https:\/\/www.radper.com\/wp-content\/uploads\/2023\/11\/Photo-produit-1163.jpeg","width":600,"height":600},{"@type":"BreadcrumbList","@id":"https:\/\/www.radper.com\/fr\/catalogues\/epi-outillage\/pneumatique\/cle-a-chocs-3-4-1490-nm-1163-sam\/#breadcrumb","itemListElement":[{"@type":"ListItem","position":1,"name":"Accueil","item":"https:\/\/www.radper.com\/fr\/"},{"@type":"ListItem","position":2,"name":"Catalogue","item":"https:\/\/www.radper.com\/fr\/catalogue\/"},{"@type":"ListItem","position":3,"name":"Cle a chocs 3\/4 1490 NM 1163 SAM"}]},{"@type":"WebSite","@id":"https:\/\/www.radper.com\/fr\/#website","url":"https:\/\/www.radper.com\/fr\/","name":"Radper","description":"","publisher":{"@id":"https:\/\/www.radper.com\/fr\/#organization"},"potentialAction":[{"@type":"SearchAction","target":{"@type":"EntryPoint","urlTemplate":"https:\/\/www.radper.com\/fr\/?s={search_term_string}"},"query-input":{"@type":"PropertyValueSpecification","valueRequired":true,"valueName":"search_term_string"}}],"inLanguage":"fr-FR"},{"@type":"Organization","@id":"https:\/\/www.radper.com\/fr\/#organization","name":"radper","url":"https:\/\/www.radper.com\/fr\/","logo":{"@type":"ImageObject","inLanguage":"fr-FR","@id":"https:\/\/www.radper.com\/fr\/#\/schema\/logo\/image\/","url":"https:\/\/radper.com\/wp-content\/uploads\/2021\/04\/logo-wide-11.png","contentUrl":"https:\/\/radper.com\/wp-content\/uploads\/2021\/04\/logo-wide-11.png","width":250,"height":110,"caption":"radper"},"image":{"@id":"https:\/\/www.radper.com\/fr\/#\/schema\/logo\/image\/"}}]}},"_links":{"self":[{"href":"https:\/\/www.radper.com\/fr\/wp-json\/wp\/v2\/product\/40687","targetHints":{"allow":["GET"]}}],"collection":[{"href":"https:\/\/www.radper.com\/fr\/wp-json\/wp\/v2\/product"}],"about":[{"href":"https:\/\/www.radper.com\/fr\/wp-json\/wp\/v2\/types\/product"}],"wp:featuredmedia":[{"embeddable":true,"href":"https:\/\/www.radper.com\/fr\/wp-json\/wp\/v2\/media\/39686"}],"wp:attachment":[{"href":"https:\/\/www.radper.com\/fr\/wp-json\/wp\/v2\/media?parent=40687"}],"wp:term":[{"taxonomy":"product_brand","embeddable":true,"href":"https:\/\/www.radper.com\/fr\/wp-json\/wp\/v2\/product_brand?post=40687"},{"taxonomy":"product_cat","embeddable":true,"href":"https:\/\/www.radper.com\/fr\/wp-json\/wp\/v2\/product_cat?post=40687"},{"taxonomy":"product_tag","embeddable":true,"href":"https:\/\/www.radper.com\/fr\/wp-json\/wp\/v2\/product_tag?post=40687"}],"curies":[{"name":"wp","href":"https:\/\/api.w.org\/{rel}","templated":true}]}}