{"id":40688,"date":"2023-11-20T11:03:07","date_gmt":"2023-11-20T11:03:07","guid":{"rendered":"https:\/\/www.radper.com\/produit\/fer-a-souder-rechargeable-specifique-automobile-1204-lit\/"},"modified":"2025-03-13T00:40:47","modified_gmt":"2025-03-13T00:40:47","slug":"fer-a-souder-rechargeable-specifique-automobile-1204-lit-sam","status":"publish","type":"product","link":"https:\/\/www.radper.com\/fr\/catalogues\/epi-outillage\/outillage-specifique-automobile\/fer-a-souder-rechargeable-specifique-automobile-1204-lit-sam\/","title":{"rendered":"Fer a souder rechargeable specifique automobile 1204-LIT SAM"},"content":{"rendered":"<p>Temps de chauffe : 10-15 secondes<\/p>\n<p> Autonomie : 35min r\u00e9elle<\/p>\n<p> Utilisable m\u00eame branch\u00e9 sur secteur (en chargement)<\/p>\n<p> Batterie Lithium = 500-700 cycles de charges<\/p>\n<p> Pas de 220v => aucun risque li\u00e9 au courant.<\/p>\n<p> 30W : grande puissance pour un petit gabarit.<\/p>\n<p> A l&rsquo;inverse des fers \u00e0 souder \u00e0 gaz, celui-ci n&rsquo;implique aucune flamme. Le feu est proscrit en garage pour des raisons de s\u00e9curit\u00e9 \u00e9videntes.<\/p>\n<p> Aucun r\u00e9glage comme avec les fers au gaz.<\/p>\n<p> Aucune commande et envoi de gaz (logistiquement parlant, l&rsquo;envoi de gaz est probl\u00e9matique. Ex : en avion)<\/p>\n<p> Pas de c\u00e2ble. Tr\u00e8s mobile et autonome.<\/p>\n<p> Panne de pr\u00e9cision pour les soudures fines (connecteurs, &#8230;)<\/p>\n<p> Panne universelle pour la soudure de c\u00e2bles (ex : attache-remorque \u00e0 c\u00e2bler)<\/p>\n<p> Panne pour les gaines thermo-r\u00e9tractables : N&rsquo;entre pas en contact avec la gaine donc ne la fait pas fondre.<\/p>\n<p> Sa rapidit\u00e9 de chauffe facilite le travail : Pas besoin de mettre chauffer le fer 10-15 minutes avant de d\u00e9buter le travail. Ici chauffe en 10-15 secondes.<\/p>\n<p> Bo\u00eetier reste froid durant toute l&rsquo;op\u00e9ration.<\/p>\n<p> Pr\u00eat \u00e0 l&#8217;emploi en 10 secondes<\/p>\n<p> Pas de c\u00e2ble : mobilit\u00e9 maximale<\/p>\n<p> Appareil : <\/p>\n<p> Fer \u00e0 souder d&rsquo;une puissance de 30W<\/p>\n<p> Bo\u00eetier ergonomique et solide, bouton \u00ab marche &#8211; arr\u00eat \u00bb coulissant + bouton-poussoir pour activer la chauffe.<\/p>\n<p> Lampe LED<\/p>\n<p> Alimentation par batterie lithium-ion 220 mAh 3,7V rechargeable.<\/p>\n<p> Accessoires contenus dans le kit : <\/p>\n<p> 3 pannes \u00bc de tour : Panne universelle, panne \u00e0 pointe fine et panne pour gaine thermo r\u00e9tractable<\/p>\n<p> C\u00e2ble chargement micro-USB<\/p>\n<p> Repose-fer<\/p>\n<p> Fil \u00d8 1,0mm<\/p>\n<p> Eponge de nettoyage<\/p>\n<p> Capuchon protecteur thermique et coupe-contact.<\/p>\n","protected":false},"excerpt":{"rendered":"<p>1204-LIT<\/p>\n","protected":false},"featured_media":39688,"template":"","meta":{"_acf_changed":false},"product_brand":[],"product_cat":[12863],"product_tag":[],"class_list":{"0":"post-40688","1":"product","2":"type-product","3":"status-publish","4":"has-post-thumbnail","6":"product_cat-outillage-specifique-automobile","7":"pa_marque-sam-en","9":"first","10":"instock","11":"featured","12":"taxable","13":"shipping-taxable","14":"purchasable","15":"product-type-simple"},"acf":[],"yoast_head":"<!-- This site is optimized with the Yoast SEO plugin v26.2 - https:\/\/yoast.com\/wordpress\/plugins\/seo\/ -->\n<title>Fer a souder rechargeable specifique automobile 1204-LIT SAM - Radper<\/title>\n<meta name=\"robots\" content=\"index, follow, max-snippet:-1, max-image-preview:large, max-video-preview:-1\" \/>\n<link rel=\"canonical\" href=\"https:\/\/www.radper.com\/fr\/catalogues\/epi-outillage\/outillage-specifique-automobile\/fer-a-souder-rechargeable-specifique-automobile-1204-lit-sam\/\" \/>\n<meta property=\"og:locale\" content=\"fr_FR\" \/>\n<meta property=\"og:type\" content=\"article\" \/>\n<meta property=\"og:title\" content=\"Fer a souder rechargeable specifique automobile 1204-LIT SAM - Radper\" \/>\n<meta property=\"og:description\" content=\"1204-LIT\" \/>\n<meta property=\"og:url\" content=\"https:\/\/www.radper.com\/fr\/catalogues\/epi-outillage\/outillage-specifique-automobile\/fer-a-souder-rechargeable-specifique-automobile-1204-lit-sam\/\" \/>\n<meta property=\"og:site_name\" content=\"Radper\" \/>\n<meta property=\"article:modified_time\" content=\"2025-03-13T00:40:47+00:00\" \/>\n<meta property=\"og:image\" content=\"https:\/\/www.radper.com\/wp-content\/uploads\/2023\/11\/Photo-produit-1204-LIT.jpeg\" \/>\n\t<meta property=\"og:image:width\" content=\"600\" \/>\n\t<meta property=\"og:image:height\" content=\"600\" \/>\n\t<meta property=\"og:image:type\" content=\"image\/jpeg\" \/>\n<meta name=\"twitter:card\" content=\"summary_large_image\" \/>\n<meta name=\"twitter:label1\" content=\"Dur\u00e9e de lecture estim\u00e9e\" \/>\n\t<meta name=\"twitter:data1\" content=\"1 minute\" \/>\n<script type=\"application\/ld+json\" class=\"yoast-schema-graph\">{\"@context\":\"https:\/\/schema.org\",\"@graph\":[{\"@type\":\"WebPage\",\"@id\":\"https:\/\/www.radper.com\/fr\/catalogues\/epi-outillage\/outillage-specifique-automobile\/fer-a-souder-rechargeable-specifique-automobile-1204-lit-sam\/\",\"url\":\"https:\/\/www.radper.com\/fr\/catalogues\/epi-outillage\/outillage-specifique-automobile\/fer-a-souder-rechargeable-specifique-automobile-1204-lit-sam\/\",\"name\":\"Fer a souder rechargeable specifique automobile 1204-LIT SAM - Radper\",\"isPartOf\":{\"@id\":\"https:\/\/www.radper.com\/fr\/#website\"},\"primaryImageOfPage\":{\"@id\":\"https:\/\/www.radper.com\/fr\/catalogues\/epi-outillage\/outillage-specifique-automobile\/fer-a-souder-rechargeable-specifique-automobile-1204-lit-sam\/#primaryimage\"},\"image\":{\"@id\":\"https:\/\/www.radper.com\/fr\/catalogues\/epi-outillage\/outillage-specifique-automobile\/fer-a-souder-rechargeable-specifique-automobile-1204-lit-sam\/#primaryimage\"},\"thumbnailUrl\":\"https:\/\/www.radper.com\/wp-content\/uploads\/2023\/11\/Photo-produit-1204-LIT.jpeg\",\"datePublished\":\"2023-11-20T11:03:07+00:00\",\"dateModified\":\"2025-03-13T00:40:47+00:00\",\"breadcrumb\":{\"@id\":\"https:\/\/www.radper.com\/fr\/catalogues\/epi-outillage\/outillage-specifique-automobile\/fer-a-souder-rechargeable-specifique-automobile-1204-lit-sam\/#breadcrumb\"},\"inLanguage\":\"fr-FR\",\"potentialAction\":[{\"@type\":\"ReadAction\",\"target\":[\"https:\/\/www.radper.com\/fr\/catalogues\/epi-outillage\/outillage-specifique-automobile\/fer-a-souder-rechargeable-specifique-automobile-1204-lit-sam\/\"]}]},{\"@type\":\"ImageObject\",\"inLanguage\":\"fr-FR\",\"@id\":\"https:\/\/www.radper.com\/fr\/catalogues\/epi-outillage\/outillage-specifique-automobile\/fer-a-souder-rechargeable-specifique-automobile-1204-lit-sam\/#primaryimage\",\"url\":\"https:\/\/www.radper.com\/wp-content\/uploads\/2023\/11\/Photo-produit-1204-LIT.jpeg\",\"contentUrl\":\"https:\/\/www.radper.com\/wp-content\/uploads\/2023\/11\/Photo-produit-1204-LIT.jpeg\",\"width\":600,\"height\":600},{\"@type\":\"BreadcrumbList\",\"@id\":\"https:\/\/www.radper.com\/fr\/catalogues\/epi-outillage\/outillage-specifique-automobile\/fer-a-souder-rechargeable-specifique-automobile-1204-lit-sam\/#breadcrumb\",\"itemListElement\":[{\"@type\":\"ListItem\",\"position\":1,\"name\":\"Accueil\",\"item\":\"https:\/\/www.radper.com\/fr\/\"},{\"@type\":\"ListItem\",\"position\":2,\"name\":\"Catalogue\",\"item\":\"https:\/\/www.radper.com\/fr\/catalogue\/\"},{\"@type\":\"ListItem\",\"position\":3,\"name\":\"Fer a souder rechargeable specifique automobile 1204-LIT SAM\"}]},{\"@type\":\"WebSite\",\"@id\":\"https:\/\/www.radper.com\/fr\/#website\",\"url\":\"https:\/\/www.radper.com\/fr\/\",\"name\":\"Radper\",\"description\":\"\",\"publisher\":{\"@id\":\"https:\/\/www.radper.com\/fr\/#organization\"},\"potentialAction\":[{\"@type\":\"SearchAction\",\"target\":{\"@type\":\"EntryPoint\",\"urlTemplate\":\"https:\/\/www.radper.com\/fr\/?s={search_term_string}\"},\"query-input\":{\"@type\":\"PropertyValueSpecification\",\"valueRequired\":true,\"valueName\":\"search_term_string\"}}],\"inLanguage\":\"fr-FR\"},{\"@type\":\"Organization\",\"@id\":\"https:\/\/www.radper.com\/fr\/#organization\",\"name\":\"radper\",\"url\":\"https:\/\/www.radper.com\/fr\/\",\"logo\":{\"@type\":\"ImageObject\",\"inLanguage\":\"fr-FR\",\"@id\":\"https:\/\/www.radper.com\/fr\/#\/schema\/logo\/image\/\",\"url\":\"https:\/\/radper.com\/wp-content\/uploads\/2021\/04\/logo-wide-11.png\",\"contentUrl\":\"https:\/\/radper.com\/wp-content\/uploads\/2021\/04\/logo-wide-11.png\",\"width\":250,\"height\":110,\"caption\":\"radper\"},\"image\":{\"@id\":\"https:\/\/www.radper.com\/fr\/#\/schema\/logo\/image\/\"}}]}<\/script>\n<!-- \/ Yoast SEO plugin. -->","yoast_head_json":{"title":"Fer a souder rechargeable specifique automobile 1204-LIT SAM - Radper","robots":{"index":"index","follow":"follow","max-snippet":"max-snippet:-1","max-image-preview":"max-image-preview:large","max-video-preview":"max-video-preview:-1"},"canonical":"https:\/\/www.radper.com\/fr\/catalogues\/epi-outillage\/outillage-specifique-automobile\/fer-a-souder-rechargeable-specifique-automobile-1204-lit-sam\/","og_locale":"fr_FR","og_type":"article","og_title":"Fer a souder rechargeable specifique automobile 1204-LIT SAM - Radper","og_description":"1204-LIT","og_url":"https:\/\/www.radper.com\/fr\/catalogues\/epi-outillage\/outillage-specifique-automobile\/fer-a-souder-rechargeable-specifique-automobile-1204-lit-sam\/","og_site_name":"Radper","article_modified_time":"2025-03-13T00:40:47+00:00","og_image":[{"width":600,"height":600,"url":"https:\/\/www.radper.com\/wp-content\/uploads\/2023\/11\/Photo-produit-1204-LIT.jpeg","type":"image\/jpeg"}],"twitter_card":"summary_large_image","twitter_misc":{"Dur\u00e9e de lecture estim\u00e9e":"1 minute"},"schema":{"@context":"https:\/\/schema.org","@graph":[{"@type":"WebPage","@id":"https:\/\/www.radper.com\/fr\/catalogues\/epi-outillage\/outillage-specifique-automobile\/fer-a-souder-rechargeable-specifique-automobile-1204-lit-sam\/","url":"https:\/\/www.radper.com\/fr\/catalogues\/epi-outillage\/outillage-specifique-automobile\/fer-a-souder-rechargeable-specifique-automobile-1204-lit-sam\/","name":"Fer a souder rechargeable specifique automobile 1204-LIT SAM - Radper","isPartOf":{"@id":"https:\/\/www.radper.com\/fr\/#website"},"primaryImageOfPage":{"@id":"https:\/\/www.radper.com\/fr\/catalogues\/epi-outillage\/outillage-specifique-automobile\/fer-a-souder-rechargeable-specifique-automobile-1204-lit-sam\/#primaryimage"},"image":{"@id":"https:\/\/www.radper.com\/fr\/catalogues\/epi-outillage\/outillage-specifique-automobile\/fer-a-souder-rechargeable-specifique-automobile-1204-lit-sam\/#primaryimage"},"thumbnailUrl":"https:\/\/www.radper.com\/wp-content\/uploads\/2023\/11\/Photo-produit-1204-LIT.jpeg","datePublished":"2023-11-20T11:03:07+00:00","dateModified":"2025-03-13T00:40:47+00:00","breadcrumb":{"@id":"https:\/\/www.radper.com\/fr\/catalogues\/epi-outillage\/outillage-specifique-automobile\/fer-a-souder-rechargeable-specifique-automobile-1204-lit-sam\/#breadcrumb"},"inLanguage":"fr-FR","potentialAction":[{"@type":"ReadAction","target":["https:\/\/www.radper.com\/fr\/catalogues\/epi-outillage\/outillage-specifique-automobile\/fer-a-souder-rechargeable-specifique-automobile-1204-lit-sam\/"]}]},{"@type":"ImageObject","inLanguage":"fr-FR","@id":"https:\/\/www.radper.com\/fr\/catalogues\/epi-outillage\/outillage-specifique-automobile\/fer-a-souder-rechargeable-specifique-automobile-1204-lit-sam\/#primaryimage","url":"https:\/\/www.radper.com\/wp-content\/uploads\/2023\/11\/Photo-produit-1204-LIT.jpeg","contentUrl":"https:\/\/www.radper.com\/wp-content\/uploads\/2023\/11\/Photo-produit-1204-LIT.jpeg","width":600,"height":600},{"@type":"BreadcrumbList","@id":"https:\/\/www.radper.com\/fr\/catalogues\/epi-outillage\/outillage-specifique-automobile\/fer-a-souder-rechargeable-specifique-automobile-1204-lit-sam\/#breadcrumb","itemListElement":[{"@type":"ListItem","position":1,"name":"Accueil","item":"https:\/\/www.radper.com\/fr\/"},{"@type":"ListItem","position":2,"name":"Catalogue","item":"https:\/\/www.radper.com\/fr\/catalogue\/"},{"@type":"ListItem","position":3,"name":"Fer a souder rechargeable specifique automobile 1204-LIT SAM"}]},{"@type":"WebSite","@id":"https:\/\/www.radper.com\/fr\/#website","url":"https:\/\/www.radper.com\/fr\/","name":"Radper","description":"","publisher":{"@id":"https:\/\/www.radper.com\/fr\/#organization"},"potentialAction":[{"@type":"SearchAction","target":{"@type":"EntryPoint","urlTemplate":"https:\/\/www.radper.com\/fr\/?s={search_term_string}"},"query-input":{"@type":"PropertyValueSpecification","valueRequired":true,"valueName":"search_term_string"}}],"inLanguage":"fr-FR"},{"@type":"Organization","@id":"https:\/\/www.radper.com\/fr\/#organization","name":"radper","url":"https:\/\/www.radper.com\/fr\/","logo":{"@type":"ImageObject","inLanguage":"fr-FR","@id":"https:\/\/www.radper.com\/fr\/#\/schema\/logo\/image\/","url":"https:\/\/radper.com\/wp-content\/uploads\/2021\/04\/logo-wide-11.png","contentUrl":"https:\/\/radper.com\/wp-content\/uploads\/2021\/04\/logo-wide-11.png","width":250,"height":110,"caption":"radper"},"image":{"@id":"https:\/\/www.radper.com\/fr\/#\/schema\/logo\/image\/"}}]}},"_links":{"self":[{"href":"https:\/\/www.radper.com\/fr\/wp-json\/wp\/v2\/product\/40688","targetHints":{"allow":["GET"]}}],"collection":[{"href":"https:\/\/www.radper.com\/fr\/wp-json\/wp\/v2\/product"}],"about":[{"href":"https:\/\/www.radper.com\/fr\/wp-json\/wp\/v2\/types\/product"}],"wp:featuredmedia":[{"embeddable":true,"href":"https:\/\/www.radper.com\/fr\/wp-json\/wp\/v2\/media\/39688"}],"wp:attachment":[{"href":"https:\/\/www.radper.com\/fr\/wp-json\/wp\/v2\/media?parent=40688"}],"wp:term":[{"taxonomy":"product_brand","embeddable":true,"href":"https:\/\/www.radper.com\/fr\/wp-json\/wp\/v2\/product_brand?post=40688"},{"taxonomy":"product_cat","embeddable":true,"href":"https:\/\/www.radper.com\/fr\/wp-json\/wp\/v2\/product_cat?post=40688"},{"taxonomy":"product_tag","embeddable":true,"href":"https:\/\/www.radper.com\/fr\/wp-json\/wp\/v2\/product_tag?post=40688"}],"curies":[{"name":"wp","href":"https:\/\/api.w.org\/{rel}","templated":true}]}}