{"id":40829,"date":"2023-11-20T11:04:35","date_gmt":"2023-11-20T11:04:35","guid":{"rendered":"https:\/\/www.radper.com\/produit\/extracteurs-pour-vis-cassees-coffret-de-25-762-c-25\/"},"modified":"2025-06-13T13:09:21","modified_gmt":"2025-06-13T13:09:21","slug":"extracteur-pour-vis-casses-coffret-de-25-762-c-25-sam","status":"publish","type":"product","link":"https:\/\/www.radper.com\/fr\/catalogues\/epi-outillage\/extracteurs\/extracteur-pour-vis-casses-coffret-de-25-762-c-25-sam\/","title":{"rendered":"Extracteur pour vis casses  coffret de 25 762-C-25 SAM"},"content":{"rendered":"<p>Pour extraire les goujons ou vis cass\u00e9s (pas \u00e0 gauche et pas \u00e0 droite) non d\u00e9bordants : \u00d8 5 \u00e0 14 mm.<\/p>\n<p> Le goujon cass\u00e9 est d\u00e9viss\u00e9 \u00e0 l&rsquo;aide de l&rsquo;extracteur ins\u00e9r\u00e9 dans un per\u00e7age r\u00e9alis\u00e9 au pr\u00e9alable.<\/p>\n<p> Pr\u00e9sente l&rsquo;avantage de ne pas \u00e9carter la cage dans laquelle se trouve le goujon ou la vis.<\/p>\n<p> Composition : <\/p>\n<p> &#8211; 5 forets de 4 \u00e0 8,5 mm,<\/p>\n<p> &#8211; 10 guides de per\u00e7age de 7 \u00e0 17 mm<\/p>\n<p> &#8211; 5 \u00e9crous,<\/p>\n<p> &#8211; 5 tiges.<\/p>\n<p> Poids : 500 g<\/p>\n","protected":false},"excerpt":{"rendered":"<p>762-C-25<\/p>\n","protected":false},"featured_media":39668,"template":"","meta":{"_acf_changed":false},"product_brand":[],"product_cat":[12913],"product_tag":[],"class_list":{"0":"post-40829","1":"product","2":"type-product","3":"status-publish","4":"has-post-thumbnail","6":"product_cat-extracteurs","7":"pa_marque-sam","9":"first","10":"outofstock","11":"featured","12":"taxable","13":"shipping-taxable","14":"purchasable","15":"product-type-simple"},"acf":[],"yoast_head":"<!-- This site is optimized with the Yoast SEO plugin v26.2 - https:\/\/yoast.com\/wordpress\/plugins\/seo\/ -->\n<title>Extracteur pour vis casses coffret de 25 762-C-25 SAM - Radper<\/title>\n<meta name=\"robots\" content=\"index, follow, max-snippet:-1, max-image-preview:large, max-video-preview:-1\" \/>\n<link rel=\"canonical\" href=\"https:\/\/www.radper.com\/fr\/catalogues\/epi-outillage\/extracteurs\/extracteur-pour-vis-casses-coffret-de-25-762-c-25-sam\/\" \/>\n<meta property=\"og:locale\" content=\"fr_FR\" \/>\n<meta property=\"og:type\" content=\"article\" \/>\n<meta property=\"og:title\" content=\"Extracteur pour vis casses coffret de 25 762-C-25 SAM - Radper\" \/>\n<meta property=\"og:description\" content=\"762-C-25\" \/>\n<meta property=\"og:url\" content=\"https:\/\/www.radper.com\/fr\/catalogues\/epi-outillage\/extracteurs\/extracteur-pour-vis-casses-coffret-de-25-762-c-25-sam\/\" \/>\n<meta property=\"og:site_name\" content=\"Radper\" \/>\n<meta property=\"article:modified_time\" content=\"2025-06-13T13:09:21+00:00\" \/>\n<meta property=\"og:image\" content=\"https:\/\/www.radper.com\/wp-content\/uploads\/2023\/11\/Photo-produit-762-C-25.jpeg\" \/>\n\t<meta property=\"og:image:width\" content=\"600\" \/>\n\t<meta property=\"og:image:height\" content=\"600\" \/>\n\t<meta property=\"og:image:type\" content=\"image\/jpeg\" \/>\n<meta name=\"twitter:card\" content=\"summary_large_image\" \/>\n<script type=\"application\/ld+json\" class=\"yoast-schema-graph\">{\"@context\":\"https:\/\/schema.org\",\"@graph\":[{\"@type\":\"WebPage\",\"@id\":\"https:\/\/www.radper.com\/fr\/catalogues\/epi-outillage\/extracteurs\/extracteur-pour-vis-casses-coffret-de-25-762-c-25-sam\/\",\"url\":\"https:\/\/www.radper.com\/fr\/catalogues\/epi-outillage\/extracteurs\/extracteur-pour-vis-casses-coffret-de-25-762-c-25-sam\/\",\"name\":\"Extracteur pour vis casses coffret de 25 762-C-25 SAM - Radper\",\"isPartOf\":{\"@id\":\"https:\/\/www.radper.com\/fr\/#website\"},\"primaryImageOfPage\":{\"@id\":\"https:\/\/www.radper.com\/fr\/catalogues\/epi-outillage\/extracteurs\/extracteur-pour-vis-casses-coffret-de-25-762-c-25-sam\/#primaryimage\"},\"image\":{\"@id\":\"https:\/\/www.radper.com\/fr\/catalogues\/epi-outillage\/extracteurs\/extracteur-pour-vis-casses-coffret-de-25-762-c-25-sam\/#primaryimage\"},\"thumbnailUrl\":\"https:\/\/www.radper.com\/wp-content\/uploads\/2023\/11\/Photo-produit-762-C-25.jpeg\",\"datePublished\":\"2023-11-20T11:04:35+00:00\",\"dateModified\":\"2025-06-13T13:09:21+00:00\",\"breadcrumb\":{\"@id\":\"https:\/\/www.radper.com\/fr\/catalogues\/epi-outillage\/extracteurs\/extracteur-pour-vis-casses-coffret-de-25-762-c-25-sam\/#breadcrumb\"},\"inLanguage\":\"fr-FR\",\"potentialAction\":[{\"@type\":\"ReadAction\",\"target\":[\"https:\/\/www.radper.com\/fr\/catalogues\/epi-outillage\/extracteurs\/extracteur-pour-vis-casses-coffret-de-25-762-c-25-sam\/\"]}]},{\"@type\":\"ImageObject\",\"inLanguage\":\"fr-FR\",\"@id\":\"https:\/\/www.radper.com\/fr\/catalogues\/epi-outillage\/extracteurs\/extracteur-pour-vis-casses-coffret-de-25-762-c-25-sam\/#primaryimage\",\"url\":\"https:\/\/www.radper.com\/wp-content\/uploads\/2023\/11\/Photo-produit-762-C-25.jpeg\",\"contentUrl\":\"https:\/\/www.radper.com\/wp-content\/uploads\/2023\/11\/Photo-produit-762-C-25.jpeg\",\"width\":600,\"height\":600},{\"@type\":\"BreadcrumbList\",\"@id\":\"https:\/\/www.radper.com\/fr\/catalogues\/epi-outillage\/extracteurs\/extracteur-pour-vis-casses-coffret-de-25-762-c-25-sam\/#breadcrumb\",\"itemListElement\":[{\"@type\":\"ListItem\",\"position\":1,\"name\":\"Accueil\",\"item\":\"https:\/\/www.radper.com\/fr\/\"},{\"@type\":\"ListItem\",\"position\":2,\"name\":\"Catalogue\",\"item\":\"https:\/\/www.radper.com\/fr\/catalogue\/\"},{\"@type\":\"ListItem\",\"position\":3,\"name\":\"Extracteur pour vis casses coffret de 25 762-C-25 SAM\"}]},{\"@type\":\"WebSite\",\"@id\":\"https:\/\/www.radper.com\/fr\/#website\",\"url\":\"https:\/\/www.radper.com\/fr\/\",\"name\":\"Radper\",\"description\":\"\",\"publisher\":{\"@id\":\"https:\/\/www.radper.com\/fr\/#organization\"},\"potentialAction\":[{\"@type\":\"SearchAction\",\"target\":{\"@type\":\"EntryPoint\",\"urlTemplate\":\"https:\/\/www.radper.com\/fr\/?s={search_term_string}\"},\"query-input\":{\"@type\":\"PropertyValueSpecification\",\"valueRequired\":true,\"valueName\":\"search_term_string\"}}],\"inLanguage\":\"fr-FR\"},{\"@type\":\"Organization\",\"@id\":\"https:\/\/www.radper.com\/fr\/#organization\",\"name\":\"radper\",\"url\":\"https:\/\/www.radper.com\/fr\/\",\"logo\":{\"@type\":\"ImageObject\",\"inLanguage\":\"fr-FR\",\"@id\":\"https:\/\/www.radper.com\/fr\/#\/schema\/logo\/image\/\",\"url\":\"https:\/\/radper.com\/wp-content\/uploads\/2021\/04\/logo-wide-11.png\",\"contentUrl\":\"https:\/\/radper.com\/wp-content\/uploads\/2021\/04\/logo-wide-11.png\",\"width\":250,\"height\":110,\"caption\":\"radper\"},\"image\":{\"@id\":\"https:\/\/www.radper.com\/fr\/#\/schema\/logo\/image\/\"}}]}<\/script>\n<!-- \/ Yoast SEO plugin. -->","yoast_head_json":{"title":"Extracteur pour vis casses coffret de 25 762-C-25 SAM - Radper","robots":{"index":"index","follow":"follow","max-snippet":"max-snippet:-1","max-image-preview":"max-image-preview:large","max-video-preview":"max-video-preview:-1"},"canonical":"https:\/\/www.radper.com\/fr\/catalogues\/epi-outillage\/extracteurs\/extracteur-pour-vis-casses-coffret-de-25-762-c-25-sam\/","og_locale":"fr_FR","og_type":"article","og_title":"Extracteur pour vis casses coffret de 25 762-C-25 SAM - Radper","og_description":"762-C-25","og_url":"https:\/\/www.radper.com\/fr\/catalogues\/epi-outillage\/extracteurs\/extracteur-pour-vis-casses-coffret-de-25-762-c-25-sam\/","og_site_name":"Radper","article_modified_time":"2025-06-13T13:09:21+00:00","og_image":[{"width":600,"height":600,"url":"https:\/\/www.radper.com\/wp-content\/uploads\/2023\/11\/Photo-produit-762-C-25.jpeg","type":"image\/jpeg"}],"twitter_card":"summary_large_image","schema":{"@context":"https:\/\/schema.org","@graph":[{"@type":"WebPage","@id":"https:\/\/www.radper.com\/fr\/catalogues\/epi-outillage\/extracteurs\/extracteur-pour-vis-casses-coffret-de-25-762-c-25-sam\/","url":"https:\/\/www.radper.com\/fr\/catalogues\/epi-outillage\/extracteurs\/extracteur-pour-vis-casses-coffret-de-25-762-c-25-sam\/","name":"Extracteur pour vis casses coffret de 25 762-C-25 SAM - Radper","isPartOf":{"@id":"https:\/\/www.radper.com\/fr\/#website"},"primaryImageOfPage":{"@id":"https:\/\/www.radper.com\/fr\/catalogues\/epi-outillage\/extracteurs\/extracteur-pour-vis-casses-coffret-de-25-762-c-25-sam\/#primaryimage"},"image":{"@id":"https:\/\/www.radper.com\/fr\/catalogues\/epi-outillage\/extracteurs\/extracteur-pour-vis-casses-coffret-de-25-762-c-25-sam\/#primaryimage"},"thumbnailUrl":"https:\/\/www.radper.com\/wp-content\/uploads\/2023\/11\/Photo-produit-762-C-25.jpeg","datePublished":"2023-11-20T11:04:35+00:00","dateModified":"2025-06-13T13:09:21+00:00","breadcrumb":{"@id":"https:\/\/www.radper.com\/fr\/catalogues\/epi-outillage\/extracteurs\/extracteur-pour-vis-casses-coffret-de-25-762-c-25-sam\/#breadcrumb"},"inLanguage":"fr-FR","potentialAction":[{"@type":"ReadAction","target":["https:\/\/www.radper.com\/fr\/catalogues\/epi-outillage\/extracteurs\/extracteur-pour-vis-casses-coffret-de-25-762-c-25-sam\/"]}]},{"@type":"ImageObject","inLanguage":"fr-FR","@id":"https:\/\/www.radper.com\/fr\/catalogues\/epi-outillage\/extracteurs\/extracteur-pour-vis-casses-coffret-de-25-762-c-25-sam\/#primaryimage","url":"https:\/\/www.radper.com\/wp-content\/uploads\/2023\/11\/Photo-produit-762-C-25.jpeg","contentUrl":"https:\/\/www.radper.com\/wp-content\/uploads\/2023\/11\/Photo-produit-762-C-25.jpeg","width":600,"height":600},{"@type":"BreadcrumbList","@id":"https:\/\/www.radper.com\/fr\/catalogues\/epi-outillage\/extracteurs\/extracteur-pour-vis-casses-coffret-de-25-762-c-25-sam\/#breadcrumb","itemListElement":[{"@type":"ListItem","position":1,"name":"Accueil","item":"https:\/\/www.radper.com\/fr\/"},{"@type":"ListItem","position":2,"name":"Catalogue","item":"https:\/\/www.radper.com\/fr\/catalogue\/"},{"@type":"ListItem","position":3,"name":"Extracteur pour vis casses coffret de 25 762-C-25 SAM"}]},{"@type":"WebSite","@id":"https:\/\/www.radper.com\/fr\/#website","url":"https:\/\/www.radper.com\/fr\/","name":"Radper","description":"","publisher":{"@id":"https:\/\/www.radper.com\/fr\/#organization"},"potentialAction":[{"@type":"SearchAction","target":{"@type":"EntryPoint","urlTemplate":"https:\/\/www.radper.com\/fr\/?s={search_term_string}"},"query-input":{"@type":"PropertyValueSpecification","valueRequired":true,"valueName":"search_term_string"}}],"inLanguage":"fr-FR"},{"@type":"Organization","@id":"https:\/\/www.radper.com\/fr\/#organization","name":"radper","url":"https:\/\/www.radper.com\/fr\/","logo":{"@type":"ImageObject","inLanguage":"fr-FR","@id":"https:\/\/www.radper.com\/fr\/#\/schema\/logo\/image\/","url":"https:\/\/radper.com\/wp-content\/uploads\/2021\/04\/logo-wide-11.png","contentUrl":"https:\/\/radper.com\/wp-content\/uploads\/2021\/04\/logo-wide-11.png","width":250,"height":110,"caption":"radper"},"image":{"@id":"https:\/\/www.radper.com\/fr\/#\/schema\/logo\/image\/"}}]}},"_links":{"self":[{"href":"https:\/\/www.radper.com\/fr\/wp-json\/wp\/v2\/product\/40829","targetHints":{"allow":["GET"]}}],"collection":[{"href":"https:\/\/www.radper.com\/fr\/wp-json\/wp\/v2\/product"}],"about":[{"href":"https:\/\/www.radper.com\/fr\/wp-json\/wp\/v2\/types\/product"}],"wp:featuredmedia":[{"embeddable":true,"href":"https:\/\/www.radper.com\/fr\/wp-json\/wp\/v2\/media\/39668"}],"wp:attachment":[{"href":"https:\/\/www.radper.com\/fr\/wp-json\/wp\/v2\/media?parent=40829"}],"wp:term":[{"taxonomy":"product_brand","embeddable":true,"href":"https:\/\/www.radper.com\/fr\/wp-json\/wp\/v2\/product_brand?post=40829"},{"taxonomy":"product_cat","embeddable":true,"href":"https:\/\/www.radper.com\/fr\/wp-json\/wp\/v2\/product_cat?post=40829"},{"taxonomy":"product_tag","embeddable":true,"href":"https:\/\/www.radper.com\/fr\/wp-json\/wp\/v2\/product_tag?post=40829"}],"curies":[{"name":"wp","href":"https:\/\/api.w.org\/{rel}","templated":true}]}}