{"id":40843,"date":"2023-11-20T11:04:45","date_gmt":"2023-11-20T11:04:45","guid":{"rendered":"https:\/\/www.radper.com\/produit\/cle-a-pipe-debouchee-6-6-pans-en-mm-jeu-de-8-94-sdj8\/"},"modified":"2025-08-12T15:10:14","modified_gmt":"2025-08-12T15:10:14","slug":"cle-a-pipe-debouchees-6-6-pans-en-mm-jeu-de-8-94-sdj8-sam","status":"publish","type":"product","link":"https:\/\/www.radper.com\/fr\/catalogues\/epi-outillage\/cles-de-serrage\/cle-a-pipe-debouchees-6-6-pans-en-mm-jeu-de-8-94-sdj8-sam\/","title":{"rendered":"94-SDJ8 Jeu de 8 cl\u00e9s \u00e0 pipe d\u00e9bouch\u00e9es 6 pans 10-19 mm SAM"},"content":{"rendered":"<h2 data-start=\"300\" data-end=\"366\"><strong data-start=\"303\" data-end=\"366\">Jeu de 8 cl\u00e9s \u00e0 pipe d\u00e9bouch\u00e9es polies 6 pans \u2013 SAM 94-SDJ8<\/strong><\/h2>\n<p data-start=\"368\" data-end=\"714\">Le <strong data-start=\"371\" data-end=\"434\">jeu de 8 cl\u00e9s \u00e0 pipe d\u00e9bouch\u00e9es polies 6\/6 pans SAM 94-SDJ8<\/strong> est con\u00e7u pour offrir robustesse, pr\u00e9cision et confort d\u2019utilisation aux professionnels et passionn\u00e9s de m\u00e9canique. Gr\u00e2ce \u00e0 sa finition polie brillante et \u00e0 son syst\u00e8me <em data-start=\"604\" data-end=\"619\">Surface Drive<\/em>, il permet d\u2019appliquer des couples \u00e9lev\u00e9s tout en r\u00e9duisant le risque d\u2019endommager les \u00e9crous.<\/p>\n<h3 data-start=\"721\" data-end=\"740\"><strong data-start=\"725\" data-end=\"740\">Utilisation (94-SDJ8)<\/strong><\/h3>\n<ul data-start=\"741\" data-end=\"965\">\n<li data-start=\"741\" data-end=\"819\">\n<p data-start=\"743\" data-end=\"819\">Serrage et desserrage d\u2019\u00e9crous et boulons dans des environnements exigeants.<\/p>\n<\/li>\n<li data-start=\"820\" data-end=\"873\">\n<p data-start=\"822\" data-end=\"873\">Id\u00e9al pour les travaux n\u00e9cessitant un couple \u00e9lev\u00e9.<\/p>\n<\/li>\n<li data-start=\"874\" data-end=\"965\">\n<p data-start=\"876\" data-end=\"965\">Convient aux applications industrielles, automobiles, maintenance et ateliers m\u00e9caniques.<\/p>\n<\/li>\n<\/ul>\n<h3 data-start=\"972\" data-end=\"1007\"><strong data-start=\"976\" data-end=\"1007\">Caract\u00e9ristiques techniques<\/strong><\/h3>\n<ul data-start=\"1008\" data-end=\"1388\">\n<li data-start=\"1008\" data-end=\"1060\">\n<p data-start=\"1010\" data-end=\"1060\"><strong data-start=\"1010\" data-end=\"1018\">Type<\/strong> : Cl\u00e9s \u00e0 pipe d\u00e9bouch\u00e9es polies 6\/6 pans.<\/p>\n<\/li>\n<li data-start=\"1061\" data-end=\"1088\">\n<p data-start=\"1063\" data-end=\"1088\"><strong data-start=\"1063\" data-end=\"1083\">Nombre de pi\u00e8ces<\/strong> : 8.<\/p>\n<\/li>\n<li data-start=\"1089\" data-end=\"1149\">\n<p data-start=\"1091\" data-end=\"1149\"><strong data-start=\"1091\" data-end=\"1105\">Dimensions<\/strong> : 10 \u2013 11 \u2013 12 \u2013 13 \u2013 16 \u2013 17 \u2013 18 \u2013 19 mm.<\/p>\n<\/li>\n<li data-start=\"1150\" data-end=\"1241\">\n<p data-start=\"1152\" data-end=\"1241\"><strong data-start=\"1152\" data-end=\"1164\">Finition<\/strong> : Polie brillante pour une meilleure r\u00e9sistance \u00e0 l\u2019usure et \u00e0 la corrosion.<\/p>\n<\/li>\n<li data-start=\"1242\" data-end=\"1318\">\n<p data-start=\"1244\" data-end=\"1318\"><strong data-start=\"1244\" data-end=\"1255\">Syst\u00e8me<\/strong> : <em data-start=\"1258\" data-end=\"1273\">Surface Drive<\/em> pour limiter le risque d\u2019arrondir les t\u00eates.<\/p>\n<\/li>\n<li data-start=\"1319\" data-end=\"1348\">\n<p data-start=\"1321\" data-end=\"1348\"><strong data-start=\"1321\" data-end=\"1336\">Poids total<\/strong> : 1,845 kg.<\/p>\n<\/li>\n<li data-start=\"1349\" data-end=\"1388\">\n<p data-start=\"1351\" data-end=\"1388\"><strong data-start=\"1351\" data-end=\"1370\">Conditionnement<\/strong> : Livr\u00e9 en bo\u00eete.<\/p>\n<\/li>\n<\/ul>\n<h3 data-start=\"1395\" data-end=\"1421\"><strong data-start=\"1399\" data-end=\"1421\">Normes et S\u00e9curit\u00e9<\/strong><\/h3>\n<p data-start=\"1422\" data-end=\"1563\">Le <strong data-start=\"1425\" data-end=\"1452\">jeu de cl\u00e9s SAM 94-SDJ8<\/strong> est conforme aux principales normes internationales garantissant sa qualit\u00e9, sa pr\u00e9cision et sa durabilit\u00e9 :<\/p>\n<ul data-start=\"1564\" data-end=\"1887\">\n<li data-start=\"1564\" data-end=\"1625\">\n<p data-start=\"1566\" data-end=\"1625\"><strong data-start=\"1566\" data-end=\"1580\">NF ISO 691<\/strong> : exigences dimensionnelles et m\u00e9caniques.<\/p>\n<\/li>\n<li data-start=\"1626\" data-end=\"1710\">\n<p data-start=\"1628\" data-end=\"1710\"><strong data-start=\"1628\" data-end=\"1645\">NF ISO 1711-1<\/strong> \/ <strong data-start=\"1648\" data-end=\"1662\">ISO 1711-1<\/strong> : performance et s\u00e9curit\u00e9 des outils manuels.<\/p>\n<\/li>\n<li data-start=\"1711\" data-end=\"1784\">\n<p data-start=\"1713\" data-end=\"1784\"><strong data-start=\"1713\" data-end=\"1728\">NF ISO 2236<\/strong> \/ <strong data-start=\"1731\" data-end=\"1743\">ISO 2236<\/strong> : sp\u00e9cifications pour les cl\u00e9s \u00e0 pipe.<\/p>\n<\/li>\n<li data-start=\"1785\" data-end=\"1887\">\n<p data-start=\"1787\" data-end=\"1887\"><strong data-start=\"1787\" data-end=\"1802\">DIN ISO 691<\/strong> \/ <strong data-start=\"1805\" data-end=\"1823\">DIN ISO 1711-1<\/strong> : normes allemandes renfor\u00e7ant la pr\u00e9cision et la r\u00e9sistance.<\/p>\n<\/li>\n<\/ul>\n<p data-start=\"1889\" data-end=\"2056\">Ces certifications garantissent un produit r\u00e9pondant aux exigences des professionnels en termes de fiabilit\u00e9, de tol\u00e9rance dimensionnelle et de s\u00e9curit\u00e9 d\u2019utilisation.<\/p>\n<h3 data-start=\"2063\" data-end=\"2088\"><strong data-start=\"2067\" data-end=\"2088\">Avantages produit<\/strong><\/h3>\n<ul data-start=\"2089\" data-end=\"2417\">\n<li data-start=\"2089\" data-end=\"2172\">\n<p data-start=\"2091\" data-end=\"2172\"><strong data-start=\"2091\" data-end=\"2106\">Performance<\/strong> : Capacit\u00e9 \u00e0 appliquer un couple \u00e9lev\u00e9 sans d\u00e9t\u00e9riorer l\u2019\u00e9crou.<\/p>\n<\/li>\n<li data-start=\"2173\" data-end=\"2250\">\n<p data-start=\"2175\" data-end=\"2250\"><strong data-start=\"2175\" data-end=\"2189\">Durabilit\u00e9<\/strong> : Mat\u00e9riaux de haute qualit\u00e9 pour une longue dur\u00e9e de vie.<\/p>\n<\/li>\n<li data-start=\"2251\" data-end=\"2333\">\n<p data-start=\"2253\" data-end=\"2333\"><strong data-start=\"2253\" data-end=\"2268\">Polyvalence<\/strong> : Dimensions adapt\u00e9es \u00e0 de nombreuses applications m\u00e9caniques.<\/p>\n<\/li>\n<li data-start=\"2334\" data-end=\"2417\">\n<p data-start=\"2336\" data-end=\"2417\"><strong data-start=\"2336\" data-end=\"2361\">Confort d\u2019utilisation<\/strong> : Finition polie brillante et conception ergonomique.<\/p>\n<\/li>\n<\/ul>\n<h3 data-start=\"2424\" data-end=\"2459\"><strong data-start=\"2428\" data-end=\"2459\">Environnement et durabilit\u00e9<\/strong><\/h3>\n<p data-start=\"2460\" data-end=\"2748\">La conception robuste et la conformit\u00e9 aux normes internationales garantissent une utilisation prolong\u00e9e, r\u00e9duisant ainsi la fr\u00e9quence de remplacement et l\u2019impact environnemental. De plus, la fabrication selon des standards stricts contribue \u00e0 limiter le gaspillage de mati\u00e8res premi\u00e8res.<\/p>\n","protected":false},"excerpt":{"rendered":"<p>94-SDJ8<\/p>\n","protected":false},"featured_media":39464,"template":"","meta":{"_acf_changed":false},"product_brand":[],"product_cat":[12858],"product_tag":[],"class_list":{"0":"post-40843","1":"product","2":"type-product","3":"status-publish","4":"has-post-thumbnail","6":"product_cat-cles-de-serrage","7":"pa_marque-sam","9":"first","10":"instock","11":"featured","12":"taxable","13":"shipping-taxable","14":"purchasable","15":"product-type-simple"},"acf":[],"yoast_head":"<!-- This site is optimized with the Yoast SEO plugin v26.2 - https:\/\/yoast.com\/wordpress\/plugins\/seo\/ -->\n<title>94-SDJ8 Jeu de 8 cl\u00e9s \u00e0 pipe d\u00e9bouch\u00e9es 6 pans 10-19 mm SAM - Radper<\/title>\n<meta name=\"description\" content=\"D\u00e9couvrez le jeu de 8 cl\u00e9s \u00e0 pipe d\u00e9bouch\u00e9es polies SAM 94-SDJ8, conforme aux normes NF ISO et DIN, pour un serrage pr\u00e9cis, durable et professionnel.\" \/>\n<meta name=\"robots\" content=\"index, follow, max-snippet:-1, max-image-preview:large, max-video-preview:-1\" \/>\n<link rel=\"canonical\" href=\"https:\/\/www.radper.com\/fr\/catalogues\/epi-outillage\/cles-de-serrage\/cle-a-pipe-debouchees-6-6-pans-en-mm-jeu-de-8-94-sdj8-sam\/\" \/>\n<meta property=\"og:locale\" content=\"fr_FR\" \/>\n<meta property=\"og:type\" content=\"article\" \/>\n<meta property=\"og:title\" content=\"94-SDJ8 Jeu de 8 cl\u00e9s \u00e0 pipe d\u00e9bouch\u00e9es 6 pans 10-19 mm SAM - Radper\" \/>\n<meta property=\"og:description\" content=\"D\u00e9couvrez le jeu de 8 cl\u00e9s \u00e0 pipe d\u00e9bouch\u00e9es polies SAM 94-SDJ8, conforme aux normes NF ISO et DIN, pour un serrage pr\u00e9cis, durable et professionnel.\" \/>\n<meta property=\"og:url\" content=\"https:\/\/www.radper.com\/fr\/catalogues\/epi-outillage\/cles-de-serrage\/cle-a-pipe-debouchees-6-6-pans-en-mm-jeu-de-8-94-sdj8-sam\/\" \/>\n<meta property=\"og:site_name\" content=\"Radper\" \/>\n<meta property=\"article:modified_time\" content=\"2025-08-12T15:10:14+00:00\" \/>\n<meta property=\"og:image\" content=\"https:\/\/www.radper.com\/wp-content\/uploads\/2023\/11\/Photo-produit-94-SDJ8.jpeg\" \/>\n\t<meta property=\"og:image:width\" content=\"600\" \/>\n\t<meta property=\"og:image:height\" content=\"600\" \/>\n\t<meta property=\"og:image:type\" content=\"image\/jpeg\" \/>\n<meta name=\"twitter:card\" content=\"summary_large_image\" \/>\n<meta name=\"twitter:label1\" content=\"Dur\u00e9e de lecture estim\u00e9e\" \/>\n\t<meta name=\"twitter:data1\" content=\"2 minutes\" \/>\n<script type=\"application\/ld+json\" class=\"yoast-schema-graph\">{\"@context\":\"https:\/\/schema.org\",\"@graph\":[{\"@type\":\"WebPage\",\"@id\":\"https:\/\/www.radper.com\/fr\/catalogues\/epi-outillage\/cles-de-serrage\/cle-a-pipe-debouchees-6-6-pans-en-mm-jeu-de-8-94-sdj8-sam\/\",\"url\":\"https:\/\/www.radper.com\/fr\/catalogues\/epi-outillage\/cles-de-serrage\/cle-a-pipe-debouchees-6-6-pans-en-mm-jeu-de-8-94-sdj8-sam\/\",\"name\":\"94-SDJ8 Jeu de 8 cl\u00e9s \u00e0 pipe d\u00e9bouch\u00e9es 6 pans 10-19 mm SAM - Radper\",\"isPartOf\":{\"@id\":\"https:\/\/www.radper.com\/fr\/#website\"},\"primaryImageOfPage\":{\"@id\":\"https:\/\/www.radper.com\/fr\/catalogues\/epi-outillage\/cles-de-serrage\/cle-a-pipe-debouchees-6-6-pans-en-mm-jeu-de-8-94-sdj8-sam\/#primaryimage\"},\"image\":{\"@id\":\"https:\/\/www.radper.com\/fr\/catalogues\/epi-outillage\/cles-de-serrage\/cle-a-pipe-debouchees-6-6-pans-en-mm-jeu-de-8-94-sdj8-sam\/#primaryimage\"},\"thumbnailUrl\":\"https:\/\/www.radper.com\/wp-content\/uploads\/2023\/11\/Photo-produit-94-SDJ8.jpeg\",\"datePublished\":\"2023-11-20T11:04:45+00:00\",\"dateModified\":\"2025-08-12T15:10:14+00:00\",\"description\":\"D\u00e9couvrez le jeu de 8 cl\u00e9s \u00e0 pipe d\u00e9bouch\u00e9es polies SAM 94-SDJ8, conforme aux normes NF ISO et DIN, pour un serrage pr\u00e9cis, durable et professionnel.\",\"breadcrumb\":{\"@id\":\"https:\/\/www.radper.com\/fr\/catalogues\/epi-outillage\/cles-de-serrage\/cle-a-pipe-debouchees-6-6-pans-en-mm-jeu-de-8-94-sdj8-sam\/#breadcrumb\"},\"inLanguage\":\"fr-FR\",\"potentialAction\":[{\"@type\":\"ReadAction\",\"target\":[\"https:\/\/www.radper.com\/fr\/catalogues\/epi-outillage\/cles-de-serrage\/cle-a-pipe-debouchees-6-6-pans-en-mm-jeu-de-8-94-sdj8-sam\/\"]}]},{\"@type\":\"ImageObject\",\"inLanguage\":\"fr-FR\",\"@id\":\"https:\/\/www.radper.com\/fr\/catalogues\/epi-outillage\/cles-de-serrage\/cle-a-pipe-debouchees-6-6-pans-en-mm-jeu-de-8-94-sdj8-sam\/#primaryimage\",\"url\":\"https:\/\/www.radper.com\/wp-content\/uploads\/2023\/11\/Photo-produit-94-SDJ8.jpeg\",\"contentUrl\":\"https:\/\/www.radper.com\/wp-content\/uploads\/2023\/11\/Photo-produit-94-SDJ8.jpeg\",\"width\":600,\"height\":600},{\"@type\":\"BreadcrumbList\",\"@id\":\"https:\/\/www.radper.com\/fr\/catalogues\/epi-outillage\/cles-de-serrage\/cle-a-pipe-debouchees-6-6-pans-en-mm-jeu-de-8-94-sdj8-sam\/#breadcrumb\",\"itemListElement\":[{\"@type\":\"ListItem\",\"position\":1,\"name\":\"Accueil\",\"item\":\"https:\/\/www.radper.com\/fr\/\"},{\"@type\":\"ListItem\",\"position\":2,\"name\":\"Catalogue\",\"item\":\"https:\/\/www.radper.com\/fr\/catalogue\/\"},{\"@type\":\"ListItem\",\"position\":3,\"name\":\"94-SDJ8 Jeu de 8 cl\u00e9s \u00e0 pipe d\u00e9bouch\u00e9es 6 pans 10-19 mm SAM\"}]},{\"@type\":\"WebSite\",\"@id\":\"https:\/\/www.radper.com\/fr\/#website\",\"url\":\"https:\/\/www.radper.com\/fr\/\",\"name\":\"Radper\",\"description\":\"\",\"publisher\":{\"@id\":\"https:\/\/www.radper.com\/fr\/#organization\"},\"potentialAction\":[{\"@type\":\"SearchAction\",\"target\":{\"@type\":\"EntryPoint\",\"urlTemplate\":\"https:\/\/www.radper.com\/fr\/?s={search_term_string}\"},\"query-input\":{\"@type\":\"PropertyValueSpecification\",\"valueRequired\":true,\"valueName\":\"search_term_string\"}}],\"inLanguage\":\"fr-FR\"},{\"@type\":\"Organization\",\"@id\":\"https:\/\/www.radper.com\/fr\/#organization\",\"name\":\"radper\",\"url\":\"https:\/\/www.radper.com\/fr\/\",\"logo\":{\"@type\":\"ImageObject\",\"inLanguage\":\"fr-FR\",\"@id\":\"https:\/\/www.radper.com\/fr\/#\/schema\/logo\/image\/\",\"url\":\"https:\/\/radper.com\/wp-content\/uploads\/2021\/04\/logo-wide-11.png\",\"contentUrl\":\"https:\/\/radper.com\/wp-content\/uploads\/2021\/04\/logo-wide-11.png\",\"width\":250,\"height\":110,\"caption\":\"radper\"},\"image\":{\"@id\":\"https:\/\/www.radper.com\/fr\/#\/schema\/logo\/image\/\"}}]}<\/script>\n<!-- \/ Yoast SEO plugin. -->","yoast_head_json":{"title":"94-SDJ8 Jeu de 8 cl\u00e9s \u00e0 pipe d\u00e9bouch\u00e9es 6 pans 10-19 mm SAM - Radper","description":"D\u00e9couvrez le jeu de 8 cl\u00e9s \u00e0 pipe d\u00e9bouch\u00e9es polies SAM 94-SDJ8, conforme aux normes NF ISO et DIN, pour un serrage pr\u00e9cis, durable et professionnel.","robots":{"index":"index","follow":"follow","max-snippet":"max-snippet:-1","max-image-preview":"max-image-preview:large","max-video-preview":"max-video-preview:-1"},"canonical":"https:\/\/www.radper.com\/fr\/catalogues\/epi-outillage\/cles-de-serrage\/cle-a-pipe-debouchees-6-6-pans-en-mm-jeu-de-8-94-sdj8-sam\/","og_locale":"fr_FR","og_type":"article","og_title":"94-SDJ8 Jeu de 8 cl\u00e9s \u00e0 pipe d\u00e9bouch\u00e9es 6 pans 10-19 mm SAM - Radper","og_description":"D\u00e9couvrez le jeu de 8 cl\u00e9s \u00e0 pipe d\u00e9bouch\u00e9es polies SAM 94-SDJ8, conforme aux normes NF ISO et DIN, pour un serrage pr\u00e9cis, durable et professionnel.","og_url":"https:\/\/www.radper.com\/fr\/catalogues\/epi-outillage\/cles-de-serrage\/cle-a-pipe-debouchees-6-6-pans-en-mm-jeu-de-8-94-sdj8-sam\/","og_site_name":"Radper","article_modified_time":"2025-08-12T15:10:14+00:00","og_image":[{"width":600,"height":600,"url":"https:\/\/www.radper.com\/wp-content\/uploads\/2023\/11\/Photo-produit-94-SDJ8.jpeg","type":"image\/jpeg"}],"twitter_card":"summary_large_image","twitter_misc":{"Dur\u00e9e de lecture estim\u00e9e":"2 minutes"},"schema":{"@context":"https:\/\/schema.org","@graph":[{"@type":"WebPage","@id":"https:\/\/www.radper.com\/fr\/catalogues\/epi-outillage\/cles-de-serrage\/cle-a-pipe-debouchees-6-6-pans-en-mm-jeu-de-8-94-sdj8-sam\/","url":"https:\/\/www.radper.com\/fr\/catalogues\/epi-outillage\/cles-de-serrage\/cle-a-pipe-debouchees-6-6-pans-en-mm-jeu-de-8-94-sdj8-sam\/","name":"94-SDJ8 Jeu de 8 cl\u00e9s \u00e0 pipe d\u00e9bouch\u00e9es 6 pans 10-19 mm SAM - Radper","isPartOf":{"@id":"https:\/\/www.radper.com\/fr\/#website"},"primaryImageOfPage":{"@id":"https:\/\/www.radper.com\/fr\/catalogues\/epi-outillage\/cles-de-serrage\/cle-a-pipe-debouchees-6-6-pans-en-mm-jeu-de-8-94-sdj8-sam\/#primaryimage"},"image":{"@id":"https:\/\/www.radper.com\/fr\/catalogues\/epi-outillage\/cles-de-serrage\/cle-a-pipe-debouchees-6-6-pans-en-mm-jeu-de-8-94-sdj8-sam\/#primaryimage"},"thumbnailUrl":"https:\/\/www.radper.com\/wp-content\/uploads\/2023\/11\/Photo-produit-94-SDJ8.jpeg","datePublished":"2023-11-20T11:04:45+00:00","dateModified":"2025-08-12T15:10:14+00:00","description":"D\u00e9couvrez le jeu de 8 cl\u00e9s \u00e0 pipe d\u00e9bouch\u00e9es polies SAM 94-SDJ8, conforme aux normes NF ISO et DIN, pour un serrage pr\u00e9cis, durable et professionnel.","breadcrumb":{"@id":"https:\/\/www.radper.com\/fr\/catalogues\/epi-outillage\/cles-de-serrage\/cle-a-pipe-debouchees-6-6-pans-en-mm-jeu-de-8-94-sdj8-sam\/#breadcrumb"},"inLanguage":"fr-FR","potentialAction":[{"@type":"ReadAction","target":["https:\/\/www.radper.com\/fr\/catalogues\/epi-outillage\/cles-de-serrage\/cle-a-pipe-debouchees-6-6-pans-en-mm-jeu-de-8-94-sdj8-sam\/"]}]},{"@type":"ImageObject","inLanguage":"fr-FR","@id":"https:\/\/www.radper.com\/fr\/catalogues\/epi-outillage\/cles-de-serrage\/cle-a-pipe-debouchees-6-6-pans-en-mm-jeu-de-8-94-sdj8-sam\/#primaryimage","url":"https:\/\/www.radper.com\/wp-content\/uploads\/2023\/11\/Photo-produit-94-SDJ8.jpeg","contentUrl":"https:\/\/www.radper.com\/wp-content\/uploads\/2023\/11\/Photo-produit-94-SDJ8.jpeg","width":600,"height":600},{"@type":"BreadcrumbList","@id":"https:\/\/www.radper.com\/fr\/catalogues\/epi-outillage\/cles-de-serrage\/cle-a-pipe-debouchees-6-6-pans-en-mm-jeu-de-8-94-sdj8-sam\/#breadcrumb","itemListElement":[{"@type":"ListItem","position":1,"name":"Accueil","item":"https:\/\/www.radper.com\/fr\/"},{"@type":"ListItem","position":2,"name":"Catalogue","item":"https:\/\/www.radper.com\/fr\/catalogue\/"},{"@type":"ListItem","position":3,"name":"94-SDJ8 Jeu de 8 cl\u00e9s \u00e0 pipe d\u00e9bouch\u00e9es 6 pans 10-19 mm SAM"}]},{"@type":"WebSite","@id":"https:\/\/www.radper.com\/fr\/#website","url":"https:\/\/www.radper.com\/fr\/","name":"Radper","description":"","publisher":{"@id":"https:\/\/www.radper.com\/fr\/#organization"},"potentialAction":[{"@type":"SearchAction","target":{"@type":"EntryPoint","urlTemplate":"https:\/\/www.radper.com\/fr\/?s={search_term_string}"},"query-input":{"@type":"PropertyValueSpecification","valueRequired":true,"valueName":"search_term_string"}}],"inLanguage":"fr-FR"},{"@type":"Organization","@id":"https:\/\/www.radper.com\/fr\/#organization","name":"radper","url":"https:\/\/www.radper.com\/fr\/","logo":{"@type":"ImageObject","inLanguage":"fr-FR","@id":"https:\/\/www.radper.com\/fr\/#\/schema\/logo\/image\/","url":"https:\/\/radper.com\/wp-content\/uploads\/2021\/04\/logo-wide-11.png","contentUrl":"https:\/\/radper.com\/wp-content\/uploads\/2021\/04\/logo-wide-11.png","width":250,"height":110,"caption":"radper"},"image":{"@id":"https:\/\/www.radper.com\/fr\/#\/schema\/logo\/image\/"}}]}},"_links":{"self":[{"href":"https:\/\/www.radper.com\/fr\/wp-json\/wp\/v2\/product\/40843","targetHints":{"allow":["GET"]}}],"collection":[{"href":"https:\/\/www.radper.com\/fr\/wp-json\/wp\/v2\/product"}],"about":[{"href":"https:\/\/www.radper.com\/fr\/wp-json\/wp\/v2\/types\/product"}],"wp:featuredmedia":[{"embeddable":true,"href":"https:\/\/www.radper.com\/fr\/wp-json\/wp\/v2\/media\/39464"}],"wp:attachment":[{"href":"https:\/\/www.radper.com\/fr\/wp-json\/wp\/v2\/media?parent=40843"}],"wp:term":[{"taxonomy":"product_brand","embeddable":true,"href":"https:\/\/www.radper.com\/fr\/wp-json\/wp\/v2\/product_brand?post=40843"},{"taxonomy":"product_cat","embeddable":true,"href":"https:\/\/www.radper.com\/fr\/wp-json\/wp\/v2\/product_cat?post=40843"},{"taxonomy":"product_tag","embeddable":true,"href":"https:\/\/www.radper.com\/fr\/wp-json\/wp\/v2\/product_tag?post=40843"}],"curies":[{"name":"wp","href":"https:\/\/api.w.org\/{rel}","templated":true}]}}