{"id":40844,"date":"2023-11-20T11:04:45","date_gmt":"2023-11-20T11:04:45","guid":{"rendered":"https:\/\/www.radper.com\/produit\/module-abs-1-3-de-10-cles-a-pipe-debouchees-6-6-pans-en-mm-94-sj10m\/"},"modified":"2025-08-12T14:43:56","modified_gmt":"2025-08-12T14:43:56","slug":"module-abs-1-3-10-cles-a-94-sj10m-sam","status":"publish","type":"product","link":"https:\/\/www.radper.com\/fr\/catalogues\/ppe-and-tools\/tightening-keys\/module-abs-1-3-10-cles-a-94-sj10m-sam\/","title":{"rendered":"Module 94-SJ10M ABS 1\/3 10 cl\u00e9s \u00e0 pipe 6 pans 8 \u00e0 19 mm SAM"},"content":{"rendered":"<h2 data-start=\"313\" data-end=\"410\"><strong data-start=\"316\" data-end=\"410\">Module ABS 1\/3 \u2013 Jeu de 10 cl\u00e9s \u00e0 pipe d\u00e9bouch\u00e9es 6 pans (8 \u00e0 19 mm) \u2013 SAM \u2013 R\u00e9f. 94-SJ10M<\/strong><\/h2>\n<p data-start=\"441\" data-end=\"916\">Le module <strong data-start=\"451\" data-end=\"463\">94-SJ10M<\/strong> de SAM est un <strong data-start=\"478\" data-end=\"527\">ensemble complet de 10 cl\u00e9s \u00e0 pipe d\u00e9bouch\u00e9es<\/strong> en millim\u00e8tres, con\u00e7u pour offrir praticit\u00e9 et organisation dans les ateliers. Pr\u00e9sent\u00e9es dans un module ABS 1\/3, ces cl\u00e9s sont adapt\u00e9es \u00e0 toutes les gammes de servantes d\u2019atelier et r\u00e9pondent aux normes de qualit\u00e9 et de pr\u00e9cision les plus strictes.<br data-start=\"777\" data-end=\"780\" \/>Elles permettent un acc\u00e8s optimal aux \u00e9crous, m\u00eame sur tiges filet\u00e9es longues, tout en garantissant confort d\u2019utilisation et durabilit\u00e9.<\/p>\n<h3 data-start=\"923\" data-end=\"959\"><strong data-start=\"927\" data-end=\"959\">Caract\u00e9ristiques principales du module 94-SJ10M<\/strong><\/h3>\n<ul data-start=\"960\" data-end=\"1328\">\n<li data-start=\"960\" data-end=\"1030\">\n<p data-start=\"962\" data-end=\"1030\"><strong data-start=\"962\" data-end=\"980\">Module ABS 1\/3<\/strong> compatible avec toutes les servantes d\u2019atelier.<\/p>\n<\/li>\n<li data-start=\"1031\" data-end=\"1105\">\n<p data-start=\"1033\" data-end=\"1105\"><strong data-start=\"1033\" data-end=\"1069\">Jeu de 10 cl\u00e9s \u00e0 pipe d\u00e9bouch\u00e9es<\/strong> 6 pans, finition polie brillante.<\/p>\n<\/li>\n<li data-start=\"1106\" data-end=\"1187\">\n<p data-start=\"1108\" data-end=\"1187\">Plage dimensionnelle : <strong data-start=\"1131\" data-end=\"1184\">8 &#8211; 10 &#8211; 11 &#8211; 12 &#8211; 13 &#8211; 14 &#8211; 16 &#8211; 17 &#8211; 18 &#8211; 19 mm<\/strong>.<\/p>\n<\/li>\n<li data-start=\"1188\" data-end=\"1230\">\n<p data-start=\"1190\" data-end=\"1230\">R\u00e9f\u00e9rence du module vide : <strong data-start=\"1217\" data-end=\"1227\">MOD-1A<\/strong>.<\/p>\n<\/li>\n<li data-start=\"1257\" data-end=\"1328\">\n<p data-start=\"1259\" data-end=\"1328\">Conception pour un rangement ordonn\u00e9 et un acc\u00e8s rapide aux outils.<\/p>\n<\/li>\n<\/ul>\n<h3 data-start=\"1335\" data-end=\"1365\"><strong data-start=\"1339\" data-end=\"1365\">Composition du coffret<\/strong><\/h3>\n<ul data-start=\"1366\" data-end=\"1541\">\n<li data-start=\"1366\" data-end=\"1501\">\n<p data-start=\"1368\" data-end=\"1501\">10 cl\u00e9s \u00e0 pipe d\u00e9bouch\u00e9es 6 pans (R\u00e9f. 94-SD&#8230;) :<br data-start=\"1418\" data-end=\"1421\" \/>8 mm \u2013 10 mm \u2013 11 mm \u2013 12 mm \u2013 13 mm \u2013 14 mm \u2013 16 mm \u2013 17 mm \u2013 18 mm \u2013 19 mm<\/p>\n<\/li>\n<li data-start=\"1502\" data-end=\"1541\">\n<p data-start=\"1504\" data-end=\"1541\">1 module ABS 1\/3 vide (R\u00e9f. MOD-1A)<\/p>\n<\/li>\n<\/ul>\n<h3 data-start=\"1548\" data-end=\"1574\"><strong data-start=\"1552\" data-end=\"1574\">Normes et s\u00e9curit\u00e9<\/strong><\/h3>\n<p data-start=\"1575\" data-end=\"1741\">Ce module et ses cl\u00e9s sont conformes aux normes <strong data-start=\"1623\" data-end=\"1725\">NF ISO 691, NF ISO 1711-1, NF ISO 2236, ISO 691, ISO 1711-1, DIN ISO 1711-1, DIN ISO 691, ISO 2236<\/strong>, garantissant :<\/p>\n<ul data-start=\"1742\" data-end=\"1905\">\n<li data-start=\"1742\" data-end=\"1781\">\n<p data-start=\"1744\" data-end=\"1781\">Des dimensions pr\u00e9cises et uniformes.<\/p>\n<\/li>\n<li data-start=\"1782\" data-end=\"1838\">\n<p data-start=\"1784\" data-end=\"1838\">Une r\u00e9sistance m\u00e9canique adapt\u00e9e aux usages intensifs.<\/p>\n<\/li>\n<li data-start=\"1839\" data-end=\"1905\">\n<p data-start=\"1841\" data-end=\"1905\">Une interchangeabilit\u00e9 parfaite avec les \u00e9quipements normalis\u00e9s.<\/p>\n<\/li>\n<\/ul>\n<h3 data-start=\"1912\" data-end=\"1947\"><strong data-start=\"1916\" data-end=\"1947\">Environnement et durabilit\u00e9<\/strong><\/h3>\n<p data-start=\"1948\" data-end=\"2471\">Les cl\u00e9s \u00e0 pipe sont fabriqu\u00e9es \u00e0 partir d\u2019acier de haute qualit\u00e9, assurant une <strong data-start=\"2028\" data-end=\"2051\">longue dur\u00e9e de vie<\/strong> et r\u00e9duisant la n\u00e9cessit\u00e9 de remplacement fr\u00e9quent.<br class=\"yoast-text-mark\" data-start=\"&gt;Le module ABS est &lt;strong data-start=\" data-end=\"2147\" \/>r\u00e9sistant aux chocs et r\u00e9utilisable, contribuant \u00e0 prolonger la dur\u00e9e d\u2019utilisation et \u00e0 limiter les d\u00e9chets plastiques.<br class=\"yoast-text-mark\" data-start=\"2248\" data-end=\"2251\" \/>&gt;En fin de vie, les composants m\u00e9talliques peuvent \u00eatre recycl\u00e9s, et le module ABS peut \u00eatre orient\u00e9 vers des fili\u00e8res de valorisation des plastiques, conform\u00e9ment aux bonnes pratiques environnementales dans les ateliers.<\/p>\n<h3 data-start=\"2478\" data-end=\"2498\"><strong data-start=\"2482\" data-end=\"2498\">Applications<\/strong><\/h3>\n<ul data-start=\"2499\" data-end=\"2676\">\n<li data-start=\"2499\" data-end=\"2538\">\n<p data-start=\"2501\" data-end=\"2538\">Entretien et maintenance m\u00e9canique.<\/p>\n<\/li>\n<li data-start=\"2539\" data-end=\"2604\">\n<p data-start=\"2541\" data-end=\"2604\">Travaux de montage et d\u00e9montage sur \u00e9crous et boulons 6 pans.<\/p>\n<\/li>\n<li data-start=\"2605\" data-end=\"2676\">\n<p data-start=\"2607\" data-end=\"2676\">Utilisation dans les ateliers, garages et environnements industriels.<\/p>\n<\/li>\n<\/ul>\n","protected":false},"excerpt":{"rendered":"<p>94-SJ10M<\/p>\n","protected":false},"featured_media":39468,"template":"","meta":{"_acf_changed":false},"product_brand":[],"product_cat":[13397],"product_tag":[],"class_list":{"0":"post-40844","1":"product","2":"type-product","3":"status-publish","4":"has-post-thumbnail","6":"product_cat-tightening-keys","7":"pa_marque-sam","9":"first","10":"instock","11":"featured","12":"taxable","13":"shipping-taxable","14":"purchasable","15":"product-type-simple"},"acf":[],"yoast_head":"<!-- This site is optimized with the Yoast SEO plugin v26.2 - https:\/\/yoast.com\/wordpress\/plugins\/seo\/ -->\n<title>Module 94-SJ10M ABS 1\/3 10 cl\u00e9s \u00e0 pipe 6 pans 8 \u00e0 19 mm SAM - Radper<\/title>\n<meta name=\"description\" content=\"94-SJ10M. Jeu de 10 cl\u00e9s \u00e0 pipe d\u00e9bouch\u00e9es SAM, module ABS 1\/3, tailles 8 \u00e0 19 mm. Qualit\u00e9 professionnelle, compatible servantes, normes NF et ISO.\" \/>\n<meta name=\"robots\" content=\"index, follow, max-snippet:-1, max-image-preview:large, max-video-preview:-1\" \/>\n<link rel=\"canonical\" href=\"https:\/\/www.radper.com\/fr\/catalogues\/ppe-and-tools\/tightening-keys\/module-abs-1-3-10-cles-a-94-sj10m-sam\/\" \/>\n<meta property=\"og:locale\" content=\"fr_FR\" \/>\n<meta property=\"og:type\" content=\"article\" \/>\n<meta property=\"og:title\" content=\"Module 94-SJ10M ABS 1\/3 10 cl\u00e9s \u00e0 pipe 6 pans 8 \u00e0 19 mm SAM - Radper\" \/>\n<meta property=\"og:description\" content=\"94-SJ10M. Jeu de 10 cl\u00e9s \u00e0 pipe d\u00e9bouch\u00e9es SAM, module ABS 1\/3, tailles 8 \u00e0 19 mm. Qualit\u00e9 professionnelle, compatible servantes, normes NF et ISO.\" \/>\n<meta property=\"og:url\" content=\"https:\/\/www.radper.com\/fr\/catalogues\/ppe-and-tools\/tightening-keys\/module-abs-1-3-10-cles-a-94-sj10m-sam\/\" \/>\n<meta property=\"og:site_name\" content=\"Radper\" \/>\n<meta property=\"article:modified_time\" content=\"2025-08-12T14:43:56+00:00\" \/>\n<meta property=\"og:image\" content=\"https:\/\/www.radper.com\/wp-content\/uploads\/2023\/11\/Photo-produit-94-SJ10M.jpeg\" \/>\n\t<meta property=\"og:image:width\" content=\"600\" \/>\n\t<meta property=\"og:image:height\" content=\"600\" \/>\n\t<meta property=\"og:image:type\" content=\"image\/jpeg\" \/>\n<meta name=\"twitter:card\" content=\"summary_large_image\" \/>\n<meta name=\"twitter:label1\" content=\"Dur\u00e9e de lecture estim\u00e9e\" \/>\n\t<meta name=\"twitter:data1\" content=\"2 minutes\" \/>\n<script type=\"application\/ld+json\" class=\"yoast-schema-graph\">{\"@context\":\"https:\/\/schema.org\",\"@graph\":[{\"@type\":\"WebPage\",\"@id\":\"https:\/\/www.radper.com\/fr\/catalogues\/ppe-and-tools\/tightening-keys\/module-abs-1-3-10-cles-a-94-sj10m-sam\/\",\"url\":\"https:\/\/www.radper.com\/fr\/catalogues\/ppe-and-tools\/tightening-keys\/module-abs-1-3-10-cles-a-94-sj10m-sam\/\",\"name\":\"Module 94-SJ10M ABS 1\/3 10 cl\u00e9s \u00e0 pipe 6 pans 8 \u00e0 19 mm SAM - Radper\",\"isPartOf\":{\"@id\":\"https:\/\/www.radper.com\/fr\/#website\"},\"primaryImageOfPage\":{\"@id\":\"https:\/\/www.radper.com\/fr\/catalogues\/ppe-and-tools\/tightening-keys\/module-abs-1-3-10-cles-a-94-sj10m-sam\/#primaryimage\"},\"image\":{\"@id\":\"https:\/\/www.radper.com\/fr\/catalogues\/ppe-and-tools\/tightening-keys\/module-abs-1-3-10-cles-a-94-sj10m-sam\/#primaryimage\"},\"thumbnailUrl\":\"https:\/\/www.radper.com\/wp-content\/uploads\/2023\/11\/Photo-produit-94-SJ10M.jpeg\",\"datePublished\":\"2023-11-20T11:04:45+00:00\",\"dateModified\":\"2025-08-12T14:43:56+00:00\",\"description\":\"94-SJ10M. Jeu de 10 cl\u00e9s \u00e0 pipe d\u00e9bouch\u00e9es SAM, module ABS 1\/3, tailles 8 \u00e0 19 mm. Qualit\u00e9 professionnelle, compatible servantes, normes NF et ISO.\",\"breadcrumb\":{\"@id\":\"https:\/\/www.radper.com\/fr\/catalogues\/ppe-and-tools\/tightening-keys\/module-abs-1-3-10-cles-a-94-sj10m-sam\/#breadcrumb\"},\"inLanguage\":\"fr-FR\",\"potentialAction\":[{\"@type\":\"ReadAction\",\"target\":[\"https:\/\/www.radper.com\/fr\/catalogues\/ppe-and-tools\/tightening-keys\/module-abs-1-3-10-cles-a-94-sj10m-sam\/\"]}]},{\"@type\":\"ImageObject\",\"inLanguage\":\"fr-FR\",\"@id\":\"https:\/\/www.radper.com\/fr\/catalogues\/ppe-and-tools\/tightening-keys\/module-abs-1-3-10-cles-a-94-sj10m-sam\/#primaryimage\",\"url\":\"https:\/\/www.radper.com\/wp-content\/uploads\/2023\/11\/Photo-produit-94-SJ10M.jpeg\",\"contentUrl\":\"https:\/\/www.radper.com\/wp-content\/uploads\/2023\/11\/Photo-produit-94-SJ10M.jpeg\",\"width\":600,\"height\":600},{\"@type\":\"BreadcrumbList\",\"@id\":\"https:\/\/www.radper.com\/fr\/catalogues\/ppe-and-tools\/tightening-keys\/module-abs-1-3-10-cles-a-94-sj10m-sam\/#breadcrumb\",\"itemListElement\":[{\"@type\":\"ListItem\",\"position\":1,\"name\":\"Accueil\",\"item\":\"https:\/\/www.radper.com\/fr\/\"},{\"@type\":\"ListItem\",\"position\":2,\"name\":\"Catalogue\",\"item\":\"https:\/\/www.radper.com\/fr\/catalogue\/\"},{\"@type\":\"ListItem\",\"position\":3,\"name\":\"Module 94-SJ10M ABS 1\/3 10 cl\u00e9s \u00e0 pipe 6 pans 8 \u00e0 19 mm SAM\"}]},{\"@type\":\"WebSite\",\"@id\":\"https:\/\/www.radper.com\/fr\/#website\",\"url\":\"https:\/\/www.radper.com\/fr\/\",\"name\":\"Radper\",\"description\":\"\",\"publisher\":{\"@id\":\"https:\/\/www.radper.com\/fr\/#organization\"},\"potentialAction\":[{\"@type\":\"SearchAction\",\"target\":{\"@type\":\"EntryPoint\",\"urlTemplate\":\"https:\/\/www.radper.com\/fr\/?s={search_term_string}\"},\"query-input\":{\"@type\":\"PropertyValueSpecification\",\"valueRequired\":true,\"valueName\":\"search_term_string\"}}],\"inLanguage\":\"fr-FR\"},{\"@type\":\"Organization\",\"@id\":\"https:\/\/www.radper.com\/fr\/#organization\",\"name\":\"radper\",\"url\":\"https:\/\/www.radper.com\/fr\/\",\"logo\":{\"@type\":\"ImageObject\",\"inLanguage\":\"fr-FR\",\"@id\":\"https:\/\/www.radper.com\/fr\/#\/schema\/logo\/image\/\",\"url\":\"https:\/\/radper.com\/wp-content\/uploads\/2021\/04\/logo-wide-11.png\",\"contentUrl\":\"https:\/\/radper.com\/wp-content\/uploads\/2021\/04\/logo-wide-11.png\",\"width\":250,\"height\":110,\"caption\":\"radper\"},\"image\":{\"@id\":\"https:\/\/www.radper.com\/fr\/#\/schema\/logo\/image\/\"}}]}<\/script>\n<!-- \/ Yoast SEO plugin. -->","yoast_head_json":{"title":"Module 94-SJ10M ABS 1\/3 10 cl\u00e9s \u00e0 pipe 6 pans 8 \u00e0 19 mm SAM - Radper","description":"94-SJ10M. Jeu de 10 cl\u00e9s \u00e0 pipe d\u00e9bouch\u00e9es SAM, module ABS 1\/3, tailles 8 \u00e0 19 mm. Qualit\u00e9 professionnelle, compatible servantes, normes NF et ISO.","robots":{"index":"index","follow":"follow","max-snippet":"max-snippet:-1","max-image-preview":"max-image-preview:large","max-video-preview":"max-video-preview:-1"},"canonical":"https:\/\/www.radper.com\/fr\/catalogues\/ppe-and-tools\/tightening-keys\/module-abs-1-3-10-cles-a-94-sj10m-sam\/","og_locale":"fr_FR","og_type":"article","og_title":"Module 94-SJ10M ABS 1\/3 10 cl\u00e9s \u00e0 pipe 6 pans 8 \u00e0 19 mm SAM - Radper","og_description":"94-SJ10M. Jeu de 10 cl\u00e9s \u00e0 pipe d\u00e9bouch\u00e9es SAM, module ABS 1\/3, tailles 8 \u00e0 19 mm. Qualit\u00e9 professionnelle, compatible servantes, normes NF et ISO.","og_url":"https:\/\/www.radper.com\/fr\/catalogues\/ppe-and-tools\/tightening-keys\/module-abs-1-3-10-cles-a-94-sj10m-sam\/","og_site_name":"Radper","article_modified_time":"2025-08-12T14:43:56+00:00","og_image":[{"width":600,"height":600,"url":"https:\/\/www.radper.com\/wp-content\/uploads\/2023\/11\/Photo-produit-94-SJ10M.jpeg","type":"image\/jpeg"}],"twitter_card":"summary_large_image","twitter_misc":{"Dur\u00e9e de lecture estim\u00e9e":"2 minutes"},"schema":{"@context":"https:\/\/schema.org","@graph":[{"@type":"WebPage","@id":"https:\/\/www.radper.com\/fr\/catalogues\/ppe-and-tools\/tightening-keys\/module-abs-1-3-10-cles-a-94-sj10m-sam\/","url":"https:\/\/www.radper.com\/fr\/catalogues\/ppe-and-tools\/tightening-keys\/module-abs-1-3-10-cles-a-94-sj10m-sam\/","name":"Module 94-SJ10M ABS 1\/3 10 cl\u00e9s \u00e0 pipe 6 pans 8 \u00e0 19 mm SAM - Radper","isPartOf":{"@id":"https:\/\/www.radper.com\/fr\/#website"},"primaryImageOfPage":{"@id":"https:\/\/www.radper.com\/fr\/catalogues\/ppe-and-tools\/tightening-keys\/module-abs-1-3-10-cles-a-94-sj10m-sam\/#primaryimage"},"image":{"@id":"https:\/\/www.radper.com\/fr\/catalogues\/ppe-and-tools\/tightening-keys\/module-abs-1-3-10-cles-a-94-sj10m-sam\/#primaryimage"},"thumbnailUrl":"https:\/\/www.radper.com\/wp-content\/uploads\/2023\/11\/Photo-produit-94-SJ10M.jpeg","datePublished":"2023-11-20T11:04:45+00:00","dateModified":"2025-08-12T14:43:56+00:00","description":"94-SJ10M. Jeu de 10 cl\u00e9s \u00e0 pipe d\u00e9bouch\u00e9es SAM, module ABS 1\/3, tailles 8 \u00e0 19 mm. Qualit\u00e9 professionnelle, compatible servantes, normes NF et ISO.","breadcrumb":{"@id":"https:\/\/www.radper.com\/fr\/catalogues\/ppe-and-tools\/tightening-keys\/module-abs-1-3-10-cles-a-94-sj10m-sam\/#breadcrumb"},"inLanguage":"fr-FR","potentialAction":[{"@type":"ReadAction","target":["https:\/\/www.radper.com\/fr\/catalogues\/ppe-and-tools\/tightening-keys\/module-abs-1-3-10-cles-a-94-sj10m-sam\/"]}]},{"@type":"ImageObject","inLanguage":"fr-FR","@id":"https:\/\/www.radper.com\/fr\/catalogues\/ppe-and-tools\/tightening-keys\/module-abs-1-3-10-cles-a-94-sj10m-sam\/#primaryimage","url":"https:\/\/www.radper.com\/wp-content\/uploads\/2023\/11\/Photo-produit-94-SJ10M.jpeg","contentUrl":"https:\/\/www.radper.com\/wp-content\/uploads\/2023\/11\/Photo-produit-94-SJ10M.jpeg","width":600,"height":600},{"@type":"BreadcrumbList","@id":"https:\/\/www.radper.com\/fr\/catalogues\/ppe-and-tools\/tightening-keys\/module-abs-1-3-10-cles-a-94-sj10m-sam\/#breadcrumb","itemListElement":[{"@type":"ListItem","position":1,"name":"Accueil","item":"https:\/\/www.radper.com\/fr\/"},{"@type":"ListItem","position":2,"name":"Catalogue","item":"https:\/\/www.radper.com\/fr\/catalogue\/"},{"@type":"ListItem","position":3,"name":"Module 94-SJ10M ABS 1\/3 10 cl\u00e9s \u00e0 pipe 6 pans 8 \u00e0 19 mm SAM"}]},{"@type":"WebSite","@id":"https:\/\/www.radper.com\/fr\/#website","url":"https:\/\/www.radper.com\/fr\/","name":"Radper","description":"","publisher":{"@id":"https:\/\/www.radper.com\/fr\/#organization"},"potentialAction":[{"@type":"SearchAction","target":{"@type":"EntryPoint","urlTemplate":"https:\/\/www.radper.com\/fr\/?s={search_term_string}"},"query-input":{"@type":"PropertyValueSpecification","valueRequired":true,"valueName":"search_term_string"}}],"inLanguage":"fr-FR"},{"@type":"Organization","@id":"https:\/\/www.radper.com\/fr\/#organization","name":"radper","url":"https:\/\/www.radper.com\/fr\/","logo":{"@type":"ImageObject","inLanguage":"fr-FR","@id":"https:\/\/www.radper.com\/fr\/#\/schema\/logo\/image\/","url":"https:\/\/radper.com\/wp-content\/uploads\/2021\/04\/logo-wide-11.png","contentUrl":"https:\/\/radper.com\/wp-content\/uploads\/2021\/04\/logo-wide-11.png","width":250,"height":110,"caption":"radper"},"image":{"@id":"https:\/\/www.radper.com\/fr\/#\/schema\/logo\/image\/"}}]}},"_links":{"self":[{"href":"https:\/\/www.radper.com\/fr\/wp-json\/wp\/v2\/product\/40844","targetHints":{"allow":["GET"]}}],"collection":[{"href":"https:\/\/www.radper.com\/fr\/wp-json\/wp\/v2\/product"}],"about":[{"href":"https:\/\/www.radper.com\/fr\/wp-json\/wp\/v2\/types\/product"}],"wp:featuredmedia":[{"embeddable":true,"href":"https:\/\/www.radper.com\/fr\/wp-json\/wp\/v2\/media\/39468"}],"wp:attachment":[{"href":"https:\/\/www.radper.com\/fr\/wp-json\/wp\/v2\/media?parent=40844"}],"wp:term":[{"taxonomy":"product_brand","embeddable":true,"href":"https:\/\/www.radper.com\/fr\/wp-json\/wp\/v2\/product_brand?post=40844"},{"taxonomy":"product_cat","embeddable":true,"href":"https:\/\/www.radper.com\/fr\/wp-json\/wp\/v2\/product_cat?post=40844"},{"taxonomy":"product_tag","embeddable":true,"href":"https:\/\/www.radper.com\/fr\/wp-json\/wp\/v2\/product_tag?post=40844"}],"curies":[{"name":"wp","href":"https:\/\/api.w.org\/{rel}","templated":true}]}}