{"id":40850,"date":"2023-11-20T11:04:49","date_gmt":"2023-11-20T11:04:49","guid":{"rendered":"https:\/\/www.radper.com\/produit\/sac-a-dos-textile-de-40-litres-avec-trolley-bag-5n\/"},"modified":"2025-03-13T00:42:21","modified_gmt":"2025-03-13T00:42:21","slug":"sac-a-dos-textile-de-40-litres-avec-trolley-bag-5n-sam","status":"publish","type":"product","link":"https:\/\/www.radper.com\/fr\/catalogues\/epi-outillage\/rangement-des-outils\/sac-a-dos-textile-de-40-litres-avec-trolley-bag-5n-sam\/","title":{"rendered":"Sac a dos textile de 40 litres avec TROLLEY BAG-5N SAM"},"content":{"rendered":"<p>Un sac porte-outils d&rsquo;intervention pour le transport des outils n\u00e9cessaires aux interventions de maintenance.<\/p>\n<p> Un sac \u00e0 dos pour vos outils pratique : <\/p>\n<p> 2 en 1, sac \u00e0 dos et trolley.<\/p>\n<p> Multiples poches (X7), et rangements int\u00e9rieurs\/ext\u00e9rieurs pour plus de modularit\u00e9 (permet le rangement d&rsquo;outils et l&rsquo;int\u00e9gration d&rsquo;un ordinateur portable 15&Prime;).<\/p>\n<p> Tissus r\u00e9fl\u00e9chissant pour plus de visibilit\u00e9 lors des op\u00e9rations en ext\u00e9rieur.<\/p>\n<p> Trolley t\u00e9lescopique.<\/p>\n<p> Porte \u00e9tiquette.<\/p>\n<p> Un sac \u00e0 dos pour vos outils confortable : <\/p>\n<p> Accessibilit\u00e9 optimale au contenu interne gr\u00e2ce \u00e0 sa grande ouverture 100%.<\/p>\n<p> Roulettes grandes dimensions et poign\u00e9e t\u00e9lescopique permettant un transport ais\u00e9.<\/p>\n<p> Bretelle matelass\u00e9e r\u00e9glable et poign\u00e9e confort.<\/p>\n<p> Un sac \u00e0 dos pour vos outils r\u00e9sistant : <\/p>\n<p> Textile 1200 deniers ultra r\u00e9sistant \u00e0 l&rsquo;usure et aux accrocs, \u00e9tanche aux projections de liquides.<\/p>\n<p> Zip gros diam\u00e8tre avec lani\u00e8re caoutchouc pour une utilisation avec des gants.<\/p>\n<p> Protection du dessous du sac.<\/p>\n<p> Bag vendu vide sans outils.<\/p>\n","protected":false},"excerpt":{"rendered":"<p>BAG-5N<\/p>\n","protected":false},"featured_media":39706,"template":"","meta":{"_acf_changed":false},"product_brand":[],"product_cat":[12900],"product_tag":[],"class_list":{"0":"post-40850","1":"product","2":"type-product","3":"status-publish","4":"has-post-thumbnail","6":"product_cat-rangement-des-outils","7":"pa_marque-sam","9":"first","10":"instock","11":"featured","12":"taxable","13":"shipping-taxable","14":"purchasable","15":"product-type-simple"},"acf":[],"yoast_head":"<!-- This site is optimized with the Yoast SEO plugin v26.2 - https:\/\/yoast.com\/wordpress\/plugins\/seo\/ -->\n<title>Sac a dos textile de 40 litres avec TROLLEY BAG-5N SAM - Radper<\/title>\n<meta name=\"robots\" content=\"index, follow, max-snippet:-1, max-image-preview:large, max-video-preview:-1\" \/>\n<link rel=\"canonical\" href=\"https:\/\/www.radper.com\/fr\/catalogues\/epi-outillage\/rangement-des-outils\/sac-a-dos-textile-de-40-litres-avec-trolley-bag-5n-sam\/\" \/>\n<meta property=\"og:locale\" content=\"fr_FR\" \/>\n<meta property=\"og:type\" content=\"article\" \/>\n<meta property=\"og:title\" content=\"Sac a dos textile de 40 litres avec TROLLEY BAG-5N SAM - Radper\" \/>\n<meta property=\"og:description\" content=\"BAG-5N\" \/>\n<meta property=\"og:url\" content=\"https:\/\/www.radper.com\/fr\/catalogues\/epi-outillage\/rangement-des-outils\/sac-a-dos-textile-de-40-litres-avec-trolley-bag-5n-sam\/\" \/>\n<meta property=\"og:site_name\" content=\"Radper\" \/>\n<meta property=\"article:modified_time\" content=\"2025-03-13T00:42:21+00:00\" \/>\n<meta property=\"og:image\" content=\"https:\/\/www.radper.com\/wp-content\/uploads\/2023\/11\/Photo-produit-BAG-5N.jpeg\" \/>\n\t<meta property=\"og:image:width\" content=\"600\" \/>\n\t<meta property=\"og:image:height\" content=\"600\" \/>\n\t<meta property=\"og:image:type\" content=\"image\/jpeg\" \/>\n<meta name=\"twitter:card\" content=\"summary_large_image\" \/>\n<meta name=\"twitter:label1\" content=\"Dur\u00e9e de lecture estim\u00e9e\" \/>\n\t<meta name=\"twitter:data1\" content=\"1 minute\" \/>\n<script type=\"application\/ld+json\" class=\"yoast-schema-graph\">{\"@context\":\"https:\/\/schema.org\",\"@graph\":[{\"@type\":\"WebPage\",\"@id\":\"https:\/\/www.radper.com\/fr\/catalogues\/epi-outillage\/rangement-des-outils\/sac-a-dos-textile-de-40-litres-avec-trolley-bag-5n-sam\/\",\"url\":\"https:\/\/www.radper.com\/fr\/catalogues\/epi-outillage\/rangement-des-outils\/sac-a-dos-textile-de-40-litres-avec-trolley-bag-5n-sam\/\",\"name\":\"Sac a dos textile de 40 litres avec TROLLEY BAG-5N SAM - Radper\",\"isPartOf\":{\"@id\":\"https:\/\/www.radper.com\/fr\/#website\"},\"primaryImageOfPage\":{\"@id\":\"https:\/\/www.radper.com\/fr\/catalogues\/epi-outillage\/rangement-des-outils\/sac-a-dos-textile-de-40-litres-avec-trolley-bag-5n-sam\/#primaryimage\"},\"image\":{\"@id\":\"https:\/\/www.radper.com\/fr\/catalogues\/epi-outillage\/rangement-des-outils\/sac-a-dos-textile-de-40-litres-avec-trolley-bag-5n-sam\/#primaryimage\"},\"thumbnailUrl\":\"https:\/\/www.radper.com\/wp-content\/uploads\/2023\/11\/Photo-produit-BAG-5N.jpeg\",\"datePublished\":\"2023-11-20T11:04:49+00:00\",\"dateModified\":\"2025-03-13T00:42:21+00:00\",\"breadcrumb\":{\"@id\":\"https:\/\/www.radper.com\/fr\/catalogues\/epi-outillage\/rangement-des-outils\/sac-a-dos-textile-de-40-litres-avec-trolley-bag-5n-sam\/#breadcrumb\"},\"inLanguage\":\"fr-FR\",\"potentialAction\":[{\"@type\":\"ReadAction\",\"target\":[\"https:\/\/www.radper.com\/fr\/catalogues\/epi-outillage\/rangement-des-outils\/sac-a-dos-textile-de-40-litres-avec-trolley-bag-5n-sam\/\"]}]},{\"@type\":\"ImageObject\",\"inLanguage\":\"fr-FR\",\"@id\":\"https:\/\/www.radper.com\/fr\/catalogues\/epi-outillage\/rangement-des-outils\/sac-a-dos-textile-de-40-litres-avec-trolley-bag-5n-sam\/#primaryimage\",\"url\":\"https:\/\/www.radper.com\/wp-content\/uploads\/2023\/11\/Photo-produit-BAG-5N.jpeg\",\"contentUrl\":\"https:\/\/www.radper.com\/wp-content\/uploads\/2023\/11\/Photo-produit-BAG-5N.jpeg\",\"width\":600,\"height\":600},{\"@type\":\"BreadcrumbList\",\"@id\":\"https:\/\/www.radper.com\/fr\/catalogues\/epi-outillage\/rangement-des-outils\/sac-a-dos-textile-de-40-litres-avec-trolley-bag-5n-sam\/#breadcrumb\",\"itemListElement\":[{\"@type\":\"ListItem\",\"position\":1,\"name\":\"Accueil\",\"item\":\"https:\/\/www.radper.com\/fr\/\"},{\"@type\":\"ListItem\",\"position\":2,\"name\":\"Catalogue\",\"item\":\"https:\/\/www.radper.com\/fr\/catalogue\/\"},{\"@type\":\"ListItem\",\"position\":3,\"name\":\"Sac a dos textile de 40 litres avec TROLLEY BAG-5N SAM\"}]},{\"@type\":\"WebSite\",\"@id\":\"https:\/\/www.radper.com\/fr\/#website\",\"url\":\"https:\/\/www.radper.com\/fr\/\",\"name\":\"Radper\",\"description\":\"\",\"publisher\":{\"@id\":\"https:\/\/www.radper.com\/fr\/#organization\"},\"potentialAction\":[{\"@type\":\"SearchAction\",\"target\":{\"@type\":\"EntryPoint\",\"urlTemplate\":\"https:\/\/www.radper.com\/fr\/?s={search_term_string}\"},\"query-input\":{\"@type\":\"PropertyValueSpecification\",\"valueRequired\":true,\"valueName\":\"search_term_string\"}}],\"inLanguage\":\"fr-FR\"},{\"@type\":\"Organization\",\"@id\":\"https:\/\/www.radper.com\/fr\/#organization\",\"name\":\"radper\",\"url\":\"https:\/\/www.radper.com\/fr\/\",\"logo\":{\"@type\":\"ImageObject\",\"inLanguage\":\"fr-FR\",\"@id\":\"https:\/\/www.radper.com\/fr\/#\/schema\/logo\/image\/\",\"url\":\"https:\/\/radper.com\/wp-content\/uploads\/2021\/04\/logo-wide-11.png\",\"contentUrl\":\"https:\/\/radper.com\/wp-content\/uploads\/2021\/04\/logo-wide-11.png\",\"width\":250,\"height\":110,\"caption\":\"radper\"},\"image\":{\"@id\":\"https:\/\/www.radper.com\/fr\/#\/schema\/logo\/image\/\"}}]}<\/script>\n<!-- \/ Yoast SEO plugin. -->","yoast_head_json":{"title":"Sac a dos textile de 40 litres avec TROLLEY BAG-5N SAM - Radper","robots":{"index":"index","follow":"follow","max-snippet":"max-snippet:-1","max-image-preview":"max-image-preview:large","max-video-preview":"max-video-preview:-1"},"canonical":"https:\/\/www.radper.com\/fr\/catalogues\/epi-outillage\/rangement-des-outils\/sac-a-dos-textile-de-40-litres-avec-trolley-bag-5n-sam\/","og_locale":"fr_FR","og_type":"article","og_title":"Sac a dos textile de 40 litres avec TROLLEY BAG-5N SAM - Radper","og_description":"BAG-5N","og_url":"https:\/\/www.radper.com\/fr\/catalogues\/epi-outillage\/rangement-des-outils\/sac-a-dos-textile-de-40-litres-avec-trolley-bag-5n-sam\/","og_site_name":"Radper","article_modified_time":"2025-03-13T00:42:21+00:00","og_image":[{"width":600,"height":600,"url":"https:\/\/www.radper.com\/wp-content\/uploads\/2023\/11\/Photo-produit-BAG-5N.jpeg","type":"image\/jpeg"}],"twitter_card":"summary_large_image","twitter_misc":{"Dur\u00e9e de lecture estim\u00e9e":"1 minute"},"schema":{"@context":"https:\/\/schema.org","@graph":[{"@type":"WebPage","@id":"https:\/\/www.radper.com\/fr\/catalogues\/epi-outillage\/rangement-des-outils\/sac-a-dos-textile-de-40-litres-avec-trolley-bag-5n-sam\/","url":"https:\/\/www.radper.com\/fr\/catalogues\/epi-outillage\/rangement-des-outils\/sac-a-dos-textile-de-40-litres-avec-trolley-bag-5n-sam\/","name":"Sac a dos textile de 40 litres avec TROLLEY BAG-5N SAM - Radper","isPartOf":{"@id":"https:\/\/www.radper.com\/fr\/#website"},"primaryImageOfPage":{"@id":"https:\/\/www.radper.com\/fr\/catalogues\/epi-outillage\/rangement-des-outils\/sac-a-dos-textile-de-40-litres-avec-trolley-bag-5n-sam\/#primaryimage"},"image":{"@id":"https:\/\/www.radper.com\/fr\/catalogues\/epi-outillage\/rangement-des-outils\/sac-a-dos-textile-de-40-litres-avec-trolley-bag-5n-sam\/#primaryimage"},"thumbnailUrl":"https:\/\/www.radper.com\/wp-content\/uploads\/2023\/11\/Photo-produit-BAG-5N.jpeg","datePublished":"2023-11-20T11:04:49+00:00","dateModified":"2025-03-13T00:42:21+00:00","breadcrumb":{"@id":"https:\/\/www.radper.com\/fr\/catalogues\/epi-outillage\/rangement-des-outils\/sac-a-dos-textile-de-40-litres-avec-trolley-bag-5n-sam\/#breadcrumb"},"inLanguage":"fr-FR","potentialAction":[{"@type":"ReadAction","target":["https:\/\/www.radper.com\/fr\/catalogues\/epi-outillage\/rangement-des-outils\/sac-a-dos-textile-de-40-litres-avec-trolley-bag-5n-sam\/"]}]},{"@type":"ImageObject","inLanguage":"fr-FR","@id":"https:\/\/www.radper.com\/fr\/catalogues\/epi-outillage\/rangement-des-outils\/sac-a-dos-textile-de-40-litres-avec-trolley-bag-5n-sam\/#primaryimage","url":"https:\/\/www.radper.com\/wp-content\/uploads\/2023\/11\/Photo-produit-BAG-5N.jpeg","contentUrl":"https:\/\/www.radper.com\/wp-content\/uploads\/2023\/11\/Photo-produit-BAG-5N.jpeg","width":600,"height":600},{"@type":"BreadcrumbList","@id":"https:\/\/www.radper.com\/fr\/catalogues\/epi-outillage\/rangement-des-outils\/sac-a-dos-textile-de-40-litres-avec-trolley-bag-5n-sam\/#breadcrumb","itemListElement":[{"@type":"ListItem","position":1,"name":"Accueil","item":"https:\/\/www.radper.com\/fr\/"},{"@type":"ListItem","position":2,"name":"Catalogue","item":"https:\/\/www.radper.com\/fr\/catalogue\/"},{"@type":"ListItem","position":3,"name":"Sac a dos textile de 40 litres avec TROLLEY BAG-5N SAM"}]},{"@type":"WebSite","@id":"https:\/\/www.radper.com\/fr\/#website","url":"https:\/\/www.radper.com\/fr\/","name":"Radper","description":"","publisher":{"@id":"https:\/\/www.radper.com\/fr\/#organization"},"potentialAction":[{"@type":"SearchAction","target":{"@type":"EntryPoint","urlTemplate":"https:\/\/www.radper.com\/fr\/?s={search_term_string}"},"query-input":{"@type":"PropertyValueSpecification","valueRequired":true,"valueName":"search_term_string"}}],"inLanguage":"fr-FR"},{"@type":"Organization","@id":"https:\/\/www.radper.com\/fr\/#organization","name":"radper","url":"https:\/\/www.radper.com\/fr\/","logo":{"@type":"ImageObject","inLanguage":"fr-FR","@id":"https:\/\/www.radper.com\/fr\/#\/schema\/logo\/image\/","url":"https:\/\/radper.com\/wp-content\/uploads\/2021\/04\/logo-wide-11.png","contentUrl":"https:\/\/radper.com\/wp-content\/uploads\/2021\/04\/logo-wide-11.png","width":250,"height":110,"caption":"radper"},"image":{"@id":"https:\/\/www.radper.com\/fr\/#\/schema\/logo\/image\/"}}]}},"_links":{"self":[{"href":"https:\/\/www.radper.com\/fr\/wp-json\/wp\/v2\/product\/40850","targetHints":{"allow":["GET"]}}],"collection":[{"href":"https:\/\/www.radper.com\/fr\/wp-json\/wp\/v2\/product"}],"about":[{"href":"https:\/\/www.radper.com\/fr\/wp-json\/wp\/v2\/types\/product"}],"wp:featuredmedia":[{"embeddable":true,"href":"https:\/\/www.radper.com\/fr\/wp-json\/wp\/v2\/media\/39706"}],"wp:attachment":[{"href":"https:\/\/www.radper.com\/fr\/wp-json\/wp\/v2\/media?parent=40850"}],"wp:term":[{"taxonomy":"product_brand","embeddable":true,"href":"https:\/\/www.radper.com\/fr\/wp-json\/wp\/v2\/product_brand?post=40850"},{"taxonomy":"product_cat","embeddable":true,"href":"https:\/\/www.radper.com\/fr\/wp-json\/wp\/v2\/product_cat?post=40850"},{"taxonomy":"product_tag","embeddable":true,"href":"https:\/\/www.radper.com\/fr\/wp-json\/wp\/v2\/product_tag?post=40850"}],"curies":[{"name":"wp","href":"https:\/\/api.w.org\/{rel}","templated":true}]}}