{"id":40851,"date":"2023-11-20T11:04:50","date_gmt":"2023-11-20T11:04:50","guid":{"rendered":"https:\/\/www.radper.com\/produit\/sac-a-outils-textile-de-30-litres-bag-6n\/"},"modified":"2025-03-13T00:42:19","modified_gmt":"2025-03-13T00:42:19","slug":"sac-a-outils-textile-de-30-litres-bag-6n-sam","status":"publish","type":"product","link":"https:\/\/www.radper.com\/fr\/catalogues\/epi-outillage\/rangement-des-outils\/sac-a-outils-textile-de-30-litres-bag-6n-sam\/","title":{"rendered":"Sac a outils textile de 30 litres BAG-6N SAM"},"content":{"rendered":"<p>BAG textile 30L.<\/p>\n<p> Ouverture par le dessus pour plus de confort.<\/p>\n<p> Dimensions 50 x 24 x25<\/p>\n<p> Pratique : <\/p>\n<p> Multiples rangements int\u00e9rieurs et ext\u00e9rieurs pour plus de modularit\u00e9<\/p>\n<p> Ouverture \u00e0 100% permettant l&rsquo;acc\u00e8s facile au contenu interne<\/p>\n<p> Compartiment pour monture de scie \u00e0 m\u00e9taux<\/p>\n<p> Confort : <\/p>\n<p> Tissus r\u00e9fl\u00e9chissant pour plus de visibilit\u00e9 lors des op\u00e9rations en ext\u00e9rieur<\/p>\n<p> Accessibilit\u00e9 au contenu interne optimal gr\u00e2ce \u00e0 sa grande ouverture<\/p>\n<p> Poign\u00e9e de transport antid\u00e9rapante<\/p>\n<p> Bandouli\u00e8re matelass\u00e9e r\u00e9glable<\/p>\n<p> Durabilit\u00e9 : <\/p>\n<p> Textile 1200 deniers haute r\u00e9sistance \u00e9tanche aux projections de liquides<\/p>\n<p> Zip gros diam\u00e8tre <\/p>\n<p> Fond du sac en polypropyl\u00e8ne \u00e9tanche.<\/p>\n<p> Bag vendu vide sans outils.<\/p>\n","protected":false},"excerpt":{"rendered":"<p>BAG-6N<\/p>\n","protected":false},"featured_media":39708,"template":"","meta":{"_acf_changed":false},"product_brand":[],"product_cat":[12900],"product_tag":[],"class_list":{"0":"post-40851","1":"product","2":"type-product","3":"status-publish","4":"has-post-thumbnail","6":"product_cat-rangement-des-outils","7":"pa_marque-sam","9":"first","10":"instock","11":"featured","12":"taxable","13":"shipping-taxable","14":"purchasable","15":"product-type-simple"},"acf":[],"yoast_head":"<!-- This site is optimized with the Yoast SEO plugin v26.2 - https:\/\/yoast.com\/wordpress\/plugins\/seo\/ -->\n<title>Sac a outils textile de 30 litres BAG-6N SAM - Radper<\/title>\n<meta name=\"robots\" content=\"index, follow, max-snippet:-1, max-image-preview:large, max-video-preview:-1\" \/>\n<link rel=\"canonical\" href=\"https:\/\/www.radper.com\/fr\/catalogues\/epi-outillage\/rangement-des-outils\/sac-a-outils-textile-de-30-litres-bag-6n-sam\/\" \/>\n<meta property=\"og:locale\" content=\"fr_FR\" \/>\n<meta property=\"og:type\" content=\"article\" \/>\n<meta property=\"og:title\" content=\"Sac a outils textile de 30 litres BAG-6N SAM - Radper\" \/>\n<meta property=\"og:description\" content=\"BAG-6N\" \/>\n<meta property=\"og:url\" content=\"https:\/\/www.radper.com\/fr\/catalogues\/epi-outillage\/rangement-des-outils\/sac-a-outils-textile-de-30-litres-bag-6n-sam\/\" \/>\n<meta property=\"og:site_name\" content=\"Radper\" \/>\n<meta property=\"article:modified_time\" content=\"2025-03-13T00:42:19+00:00\" \/>\n<meta property=\"og:image\" content=\"https:\/\/www.radper.com\/wp-content\/uploads\/2023\/11\/Photo-produit-BAG-6N.jpeg\" \/>\n\t<meta property=\"og:image:width\" content=\"600\" \/>\n\t<meta property=\"og:image:height\" content=\"600\" \/>\n\t<meta property=\"og:image:type\" content=\"image\/jpeg\" \/>\n<meta name=\"twitter:card\" content=\"summary_large_image\" \/>\n<meta name=\"twitter:label1\" content=\"Dur\u00e9e de lecture estim\u00e9e\" \/>\n\t<meta name=\"twitter:data1\" content=\"1 minute\" \/>\n<script type=\"application\/ld+json\" class=\"yoast-schema-graph\">{\"@context\":\"https:\/\/schema.org\",\"@graph\":[{\"@type\":\"WebPage\",\"@id\":\"https:\/\/www.radper.com\/fr\/catalogues\/epi-outillage\/rangement-des-outils\/sac-a-outils-textile-de-30-litres-bag-6n-sam\/\",\"url\":\"https:\/\/www.radper.com\/fr\/catalogues\/epi-outillage\/rangement-des-outils\/sac-a-outils-textile-de-30-litres-bag-6n-sam\/\",\"name\":\"Sac a outils textile de 30 litres BAG-6N SAM - Radper\",\"isPartOf\":{\"@id\":\"https:\/\/www.radper.com\/fr\/#website\"},\"primaryImageOfPage\":{\"@id\":\"https:\/\/www.radper.com\/fr\/catalogues\/epi-outillage\/rangement-des-outils\/sac-a-outils-textile-de-30-litres-bag-6n-sam\/#primaryimage\"},\"image\":{\"@id\":\"https:\/\/www.radper.com\/fr\/catalogues\/epi-outillage\/rangement-des-outils\/sac-a-outils-textile-de-30-litres-bag-6n-sam\/#primaryimage\"},\"thumbnailUrl\":\"https:\/\/www.radper.com\/wp-content\/uploads\/2023\/11\/Photo-produit-BAG-6N.jpeg\",\"datePublished\":\"2023-11-20T11:04:50+00:00\",\"dateModified\":\"2025-03-13T00:42:19+00:00\",\"breadcrumb\":{\"@id\":\"https:\/\/www.radper.com\/fr\/catalogues\/epi-outillage\/rangement-des-outils\/sac-a-outils-textile-de-30-litres-bag-6n-sam\/#breadcrumb\"},\"inLanguage\":\"fr-FR\",\"potentialAction\":[{\"@type\":\"ReadAction\",\"target\":[\"https:\/\/www.radper.com\/fr\/catalogues\/epi-outillage\/rangement-des-outils\/sac-a-outils-textile-de-30-litres-bag-6n-sam\/\"]}]},{\"@type\":\"ImageObject\",\"inLanguage\":\"fr-FR\",\"@id\":\"https:\/\/www.radper.com\/fr\/catalogues\/epi-outillage\/rangement-des-outils\/sac-a-outils-textile-de-30-litres-bag-6n-sam\/#primaryimage\",\"url\":\"https:\/\/www.radper.com\/wp-content\/uploads\/2023\/11\/Photo-produit-BAG-6N.jpeg\",\"contentUrl\":\"https:\/\/www.radper.com\/wp-content\/uploads\/2023\/11\/Photo-produit-BAG-6N.jpeg\",\"width\":600,\"height\":600},{\"@type\":\"BreadcrumbList\",\"@id\":\"https:\/\/www.radper.com\/fr\/catalogues\/epi-outillage\/rangement-des-outils\/sac-a-outils-textile-de-30-litres-bag-6n-sam\/#breadcrumb\",\"itemListElement\":[{\"@type\":\"ListItem\",\"position\":1,\"name\":\"Accueil\",\"item\":\"https:\/\/www.radper.com\/fr\/\"},{\"@type\":\"ListItem\",\"position\":2,\"name\":\"Catalogue\",\"item\":\"https:\/\/www.radper.com\/fr\/catalogue\/\"},{\"@type\":\"ListItem\",\"position\":3,\"name\":\"Sac a outils textile de 30 litres BAG-6N SAM\"}]},{\"@type\":\"WebSite\",\"@id\":\"https:\/\/www.radper.com\/fr\/#website\",\"url\":\"https:\/\/www.radper.com\/fr\/\",\"name\":\"Radper\",\"description\":\"\",\"publisher\":{\"@id\":\"https:\/\/www.radper.com\/fr\/#organization\"},\"potentialAction\":[{\"@type\":\"SearchAction\",\"target\":{\"@type\":\"EntryPoint\",\"urlTemplate\":\"https:\/\/www.radper.com\/fr\/?s={search_term_string}\"},\"query-input\":{\"@type\":\"PropertyValueSpecification\",\"valueRequired\":true,\"valueName\":\"search_term_string\"}}],\"inLanguage\":\"fr-FR\"},{\"@type\":\"Organization\",\"@id\":\"https:\/\/www.radper.com\/fr\/#organization\",\"name\":\"radper\",\"url\":\"https:\/\/www.radper.com\/fr\/\",\"logo\":{\"@type\":\"ImageObject\",\"inLanguage\":\"fr-FR\",\"@id\":\"https:\/\/www.radper.com\/fr\/#\/schema\/logo\/image\/\",\"url\":\"https:\/\/radper.com\/wp-content\/uploads\/2021\/04\/logo-wide-11.png\",\"contentUrl\":\"https:\/\/radper.com\/wp-content\/uploads\/2021\/04\/logo-wide-11.png\",\"width\":250,\"height\":110,\"caption\":\"radper\"},\"image\":{\"@id\":\"https:\/\/www.radper.com\/fr\/#\/schema\/logo\/image\/\"}}]}<\/script>\n<!-- \/ Yoast SEO plugin. -->","yoast_head_json":{"title":"Sac a outils textile de 30 litres BAG-6N SAM - Radper","robots":{"index":"index","follow":"follow","max-snippet":"max-snippet:-1","max-image-preview":"max-image-preview:large","max-video-preview":"max-video-preview:-1"},"canonical":"https:\/\/www.radper.com\/fr\/catalogues\/epi-outillage\/rangement-des-outils\/sac-a-outils-textile-de-30-litres-bag-6n-sam\/","og_locale":"fr_FR","og_type":"article","og_title":"Sac a outils textile de 30 litres BAG-6N SAM - Radper","og_description":"BAG-6N","og_url":"https:\/\/www.radper.com\/fr\/catalogues\/epi-outillage\/rangement-des-outils\/sac-a-outils-textile-de-30-litres-bag-6n-sam\/","og_site_name":"Radper","article_modified_time":"2025-03-13T00:42:19+00:00","og_image":[{"width":600,"height":600,"url":"https:\/\/www.radper.com\/wp-content\/uploads\/2023\/11\/Photo-produit-BAG-6N.jpeg","type":"image\/jpeg"}],"twitter_card":"summary_large_image","twitter_misc":{"Dur\u00e9e de lecture estim\u00e9e":"1 minute"},"schema":{"@context":"https:\/\/schema.org","@graph":[{"@type":"WebPage","@id":"https:\/\/www.radper.com\/fr\/catalogues\/epi-outillage\/rangement-des-outils\/sac-a-outils-textile-de-30-litres-bag-6n-sam\/","url":"https:\/\/www.radper.com\/fr\/catalogues\/epi-outillage\/rangement-des-outils\/sac-a-outils-textile-de-30-litres-bag-6n-sam\/","name":"Sac a outils textile de 30 litres BAG-6N SAM - Radper","isPartOf":{"@id":"https:\/\/www.radper.com\/fr\/#website"},"primaryImageOfPage":{"@id":"https:\/\/www.radper.com\/fr\/catalogues\/epi-outillage\/rangement-des-outils\/sac-a-outils-textile-de-30-litres-bag-6n-sam\/#primaryimage"},"image":{"@id":"https:\/\/www.radper.com\/fr\/catalogues\/epi-outillage\/rangement-des-outils\/sac-a-outils-textile-de-30-litres-bag-6n-sam\/#primaryimage"},"thumbnailUrl":"https:\/\/www.radper.com\/wp-content\/uploads\/2023\/11\/Photo-produit-BAG-6N.jpeg","datePublished":"2023-11-20T11:04:50+00:00","dateModified":"2025-03-13T00:42:19+00:00","breadcrumb":{"@id":"https:\/\/www.radper.com\/fr\/catalogues\/epi-outillage\/rangement-des-outils\/sac-a-outils-textile-de-30-litres-bag-6n-sam\/#breadcrumb"},"inLanguage":"fr-FR","potentialAction":[{"@type":"ReadAction","target":["https:\/\/www.radper.com\/fr\/catalogues\/epi-outillage\/rangement-des-outils\/sac-a-outils-textile-de-30-litres-bag-6n-sam\/"]}]},{"@type":"ImageObject","inLanguage":"fr-FR","@id":"https:\/\/www.radper.com\/fr\/catalogues\/epi-outillage\/rangement-des-outils\/sac-a-outils-textile-de-30-litres-bag-6n-sam\/#primaryimage","url":"https:\/\/www.radper.com\/wp-content\/uploads\/2023\/11\/Photo-produit-BAG-6N.jpeg","contentUrl":"https:\/\/www.radper.com\/wp-content\/uploads\/2023\/11\/Photo-produit-BAG-6N.jpeg","width":600,"height":600},{"@type":"BreadcrumbList","@id":"https:\/\/www.radper.com\/fr\/catalogues\/epi-outillage\/rangement-des-outils\/sac-a-outils-textile-de-30-litres-bag-6n-sam\/#breadcrumb","itemListElement":[{"@type":"ListItem","position":1,"name":"Accueil","item":"https:\/\/www.radper.com\/fr\/"},{"@type":"ListItem","position":2,"name":"Catalogue","item":"https:\/\/www.radper.com\/fr\/catalogue\/"},{"@type":"ListItem","position":3,"name":"Sac a outils textile de 30 litres BAG-6N SAM"}]},{"@type":"WebSite","@id":"https:\/\/www.radper.com\/fr\/#website","url":"https:\/\/www.radper.com\/fr\/","name":"Radper","description":"","publisher":{"@id":"https:\/\/www.radper.com\/fr\/#organization"},"potentialAction":[{"@type":"SearchAction","target":{"@type":"EntryPoint","urlTemplate":"https:\/\/www.radper.com\/fr\/?s={search_term_string}"},"query-input":{"@type":"PropertyValueSpecification","valueRequired":true,"valueName":"search_term_string"}}],"inLanguage":"fr-FR"},{"@type":"Organization","@id":"https:\/\/www.radper.com\/fr\/#organization","name":"radper","url":"https:\/\/www.radper.com\/fr\/","logo":{"@type":"ImageObject","inLanguage":"fr-FR","@id":"https:\/\/www.radper.com\/fr\/#\/schema\/logo\/image\/","url":"https:\/\/radper.com\/wp-content\/uploads\/2021\/04\/logo-wide-11.png","contentUrl":"https:\/\/radper.com\/wp-content\/uploads\/2021\/04\/logo-wide-11.png","width":250,"height":110,"caption":"radper"},"image":{"@id":"https:\/\/www.radper.com\/fr\/#\/schema\/logo\/image\/"}}]}},"_links":{"self":[{"href":"https:\/\/www.radper.com\/fr\/wp-json\/wp\/v2\/product\/40851","targetHints":{"allow":["GET"]}}],"collection":[{"href":"https:\/\/www.radper.com\/fr\/wp-json\/wp\/v2\/product"}],"about":[{"href":"https:\/\/www.radper.com\/fr\/wp-json\/wp\/v2\/types\/product"}],"wp:featuredmedia":[{"embeddable":true,"href":"https:\/\/www.radper.com\/fr\/wp-json\/wp\/v2\/media\/39708"}],"wp:attachment":[{"href":"https:\/\/www.radper.com\/fr\/wp-json\/wp\/v2\/media?parent=40851"}],"wp:term":[{"taxonomy":"product_brand","embeddable":true,"href":"https:\/\/www.radper.com\/fr\/wp-json\/wp\/v2\/product_brand?post=40851"},{"taxonomy":"product_cat","embeddable":true,"href":"https:\/\/www.radper.com\/fr\/wp-json\/wp\/v2\/product_cat?post=40851"},{"taxonomy":"product_tag","embeddable":true,"href":"https:\/\/www.radper.com\/fr\/wp-json\/wp\/v2\/product_tag?post=40851"}],"curies":[{"name":"wp","href":"https:\/\/api.w.org\/{rel}","templated":true}]}}