{"id":40855,"date":"2023-11-20T11:04:53","date_gmt":"2023-11-20T11:04:53","guid":{"rendered":"https:\/\/www.radper.com\/produit\/baladeuse-dinspection-ultra-plate-bal-35\/"},"modified":"2025-03-13T00:38:17","modified_gmt":"2025-03-13T00:38:17","slug":"baladeuse-dinspection-ultra-plate-bal-35-sam","status":"publish","type":"product","link":"https:\/\/www.radper.com\/fr\/catalogues\/epi-outillage\/equipement-de-latelier-et-de-la-personne\/baladeuse-dinspection-ultra-plate-bal-35-sam\/","title":{"rendered":"Baladeuse d&rsquo;inspection ultra plate BAL-35 SAM"},"content":{"rendered":"<p>Source de lumiere : SMD-LED.<\/p>\n<p> 2 modes : <\/p>\n<p> &#8211; 1 led\/ 70 lumens fonction lampe de poche.<\/p>\n<p> &#8211; 12 leds \/ 0 a 400 lumens fonction baladeuse avec variateur int\u00e8gre pour un \u00e9clairage \u00e0 bon escient permettant de maximiser le temps de fonctionnement.<\/p>\n<p> Temps de charge : 3 heures.<\/p>\n<p> Rechargeable via USB pour prise secteur 220V (fournie).<\/p>\n<p> Poids : 220 g.<\/p>\n<p> Dimensions : 302 x 34 x 44 mm.<\/p>\n<p> PUISSANTE : <\/p>\n<p> Eclairage extr\u00eamement puissant jusqu&rsquo;\u00e0 400 lumens.<\/p>\n<p> PLIABLE : <\/p>\n<p> Orientable \u00e0 180 degr\u00e9s dans les deux sens.<\/p>\n<p> ERGONOMIQUE : <\/p>\n<p> Baladeuse compacte et ultra plate (6 mm d&rsquo;\u00e9paisseur pour la partie lumineuse) pour \u00e9clairage optimal m\u00eame dans les endroits les plus restreints.<\/p>\n<p> PRATIQUE : <\/p>\n<p> Equip\u00e9e de 3 aimants puissants et d&rsquo;un crochet pour un accrochage et un positionnement flexible.<\/p>\n","protected":false},"excerpt":{"rendered":"<p>BAL-35<\/p>\n","protected":false},"featured_media":39716,"template":"","meta":{"_acf_changed":false},"product_brand":[],"product_cat":[12911],"product_tag":[],"class_list":{"0":"post-40855","1":"product","2":"type-product","3":"status-publish","4":"has-post-thumbnail","6":"product_cat-equipement-de-latelier-et-de-la-personne","7":"pa_marque-sam","9":"first","10":"instock","11":"featured","12":"taxable","13":"shipping-taxable","14":"purchasable","15":"product-type-simple"},"acf":[],"yoast_head":"<!-- This site is optimized with the Yoast SEO plugin v26.2 - https:\/\/yoast.com\/wordpress\/plugins\/seo\/ -->\n<title>Baladeuse d&#039;inspection ultra plate BAL-35 SAM - Radper<\/title>\n<meta name=\"robots\" content=\"index, follow, max-snippet:-1, max-image-preview:large, max-video-preview:-1\" \/>\n<link rel=\"canonical\" href=\"https:\/\/www.radper.com\/fr\/catalogues\/epi-outillage\/equipement-de-latelier-et-de-la-personne\/baladeuse-dinspection-ultra-plate-bal-35-sam\/\" \/>\n<meta property=\"og:locale\" content=\"fr_FR\" \/>\n<meta property=\"og:type\" content=\"article\" \/>\n<meta property=\"og:title\" content=\"Baladeuse d&#039;inspection ultra plate BAL-35 SAM - Radper\" \/>\n<meta property=\"og:description\" content=\"BAL-35\" \/>\n<meta property=\"og:url\" content=\"https:\/\/www.radper.com\/fr\/catalogues\/epi-outillage\/equipement-de-latelier-et-de-la-personne\/baladeuse-dinspection-ultra-plate-bal-35-sam\/\" \/>\n<meta property=\"og:site_name\" content=\"Radper\" \/>\n<meta property=\"article:modified_time\" content=\"2025-03-13T00:38:17+00:00\" \/>\n<meta property=\"og:image\" content=\"https:\/\/www.radper.com\/wp-content\/uploads\/2023\/11\/Photo-produit-BAL-35.jpeg\" \/>\n\t<meta property=\"og:image:width\" content=\"360\" \/>\n\t<meta property=\"og:image:height\" content=\"600\" \/>\n\t<meta property=\"og:image:type\" content=\"image\/jpeg\" \/>\n<meta name=\"twitter:card\" content=\"summary_large_image\" \/>\n<meta name=\"twitter:label1\" content=\"Dur\u00e9e de lecture estim\u00e9e\" \/>\n\t<meta name=\"twitter:data1\" content=\"1 minute\" \/>\n<script type=\"application\/ld+json\" class=\"yoast-schema-graph\">{\"@context\":\"https:\/\/schema.org\",\"@graph\":[{\"@type\":\"WebPage\",\"@id\":\"https:\/\/www.radper.com\/fr\/catalogues\/epi-outillage\/equipement-de-latelier-et-de-la-personne\/baladeuse-dinspection-ultra-plate-bal-35-sam\/\",\"url\":\"https:\/\/www.radper.com\/fr\/catalogues\/epi-outillage\/equipement-de-latelier-et-de-la-personne\/baladeuse-dinspection-ultra-plate-bal-35-sam\/\",\"name\":\"Baladeuse d'inspection ultra plate BAL-35 SAM - Radper\",\"isPartOf\":{\"@id\":\"https:\/\/www.radper.com\/fr\/#website\"},\"primaryImageOfPage\":{\"@id\":\"https:\/\/www.radper.com\/fr\/catalogues\/epi-outillage\/equipement-de-latelier-et-de-la-personne\/baladeuse-dinspection-ultra-plate-bal-35-sam\/#primaryimage\"},\"image\":{\"@id\":\"https:\/\/www.radper.com\/fr\/catalogues\/epi-outillage\/equipement-de-latelier-et-de-la-personne\/baladeuse-dinspection-ultra-plate-bal-35-sam\/#primaryimage\"},\"thumbnailUrl\":\"https:\/\/www.radper.com\/wp-content\/uploads\/2023\/11\/Photo-produit-BAL-35.jpeg\",\"datePublished\":\"2023-11-20T11:04:53+00:00\",\"dateModified\":\"2025-03-13T00:38:17+00:00\",\"breadcrumb\":{\"@id\":\"https:\/\/www.radper.com\/fr\/catalogues\/epi-outillage\/equipement-de-latelier-et-de-la-personne\/baladeuse-dinspection-ultra-plate-bal-35-sam\/#breadcrumb\"},\"inLanguage\":\"fr-FR\",\"potentialAction\":[{\"@type\":\"ReadAction\",\"target\":[\"https:\/\/www.radper.com\/fr\/catalogues\/epi-outillage\/equipement-de-latelier-et-de-la-personne\/baladeuse-dinspection-ultra-plate-bal-35-sam\/\"]}]},{\"@type\":\"ImageObject\",\"inLanguage\":\"fr-FR\",\"@id\":\"https:\/\/www.radper.com\/fr\/catalogues\/epi-outillage\/equipement-de-latelier-et-de-la-personne\/baladeuse-dinspection-ultra-plate-bal-35-sam\/#primaryimage\",\"url\":\"https:\/\/www.radper.com\/wp-content\/uploads\/2023\/11\/Photo-produit-BAL-35.jpeg\",\"contentUrl\":\"https:\/\/www.radper.com\/wp-content\/uploads\/2023\/11\/Photo-produit-BAL-35.jpeg\",\"width\":360,\"height\":600},{\"@type\":\"BreadcrumbList\",\"@id\":\"https:\/\/www.radper.com\/fr\/catalogues\/epi-outillage\/equipement-de-latelier-et-de-la-personne\/baladeuse-dinspection-ultra-plate-bal-35-sam\/#breadcrumb\",\"itemListElement\":[{\"@type\":\"ListItem\",\"position\":1,\"name\":\"Accueil\",\"item\":\"https:\/\/www.radper.com\/fr\/\"},{\"@type\":\"ListItem\",\"position\":2,\"name\":\"Catalogue\",\"item\":\"https:\/\/www.radper.com\/fr\/catalogue\/\"},{\"@type\":\"ListItem\",\"position\":3,\"name\":\"Baladeuse d&rsquo;inspection ultra plate BAL-35 SAM\"}]},{\"@type\":\"WebSite\",\"@id\":\"https:\/\/www.radper.com\/fr\/#website\",\"url\":\"https:\/\/www.radper.com\/fr\/\",\"name\":\"Radper\",\"description\":\"\",\"publisher\":{\"@id\":\"https:\/\/www.radper.com\/fr\/#organization\"},\"potentialAction\":[{\"@type\":\"SearchAction\",\"target\":{\"@type\":\"EntryPoint\",\"urlTemplate\":\"https:\/\/www.radper.com\/fr\/?s={search_term_string}\"},\"query-input\":{\"@type\":\"PropertyValueSpecification\",\"valueRequired\":true,\"valueName\":\"search_term_string\"}}],\"inLanguage\":\"fr-FR\"},{\"@type\":\"Organization\",\"@id\":\"https:\/\/www.radper.com\/fr\/#organization\",\"name\":\"radper\",\"url\":\"https:\/\/www.radper.com\/fr\/\",\"logo\":{\"@type\":\"ImageObject\",\"inLanguage\":\"fr-FR\",\"@id\":\"https:\/\/www.radper.com\/fr\/#\/schema\/logo\/image\/\",\"url\":\"https:\/\/radper.com\/wp-content\/uploads\/2021\/04\/logo-wide-11.png\",\"contentUrl\":\"https:\/\/radper.com\/wp-content\/uploads\/2021\/04\/logo-wide-11.png\",\"width\":250,\"height\":110,\"caption\":\"radper\"},\"image\":{\"@id\":\"https:\/\/www.radper.com\/fr\/#\/schema\/logo\/image\/\"}}]}<\/script>\n<!-- \/ Yoast SEO plugin. -->","yoast_head_json":{"title":"Baladeuse d'inspection ultra plate BAL-35 SAM - Radper","robots":{"index":"index","follow":"follow","max-snippet":"max-snippet:-1","max-image-preview":"max-image-preview:large","max-video-preview":"max-video-preview:-1"},"canonical":"https:\/\/www.radper.com\/fr\/catalogues\/epi-outillage\/equipement-de-latelier-et-de-la-personne\/baladeuse-dinspection-ultra-plate-bal-35-sam\/","og_locale":"fr_FR","og_type":"article","og_title":"Baladeuse d'inspection ultra plate BAL-35 SAM - Radper","og_description":"BAL-35","og_url":"https:\/\/www.radper.com\/fr\/catalogues\/epi-outillage\/equipement-de-latelier-et-de-la-personne\/baladeuse-dinspection-ultra-plate-bal-35-sam\/","og_site_name":"Radper","article_modified_time":"2025-03-13T00:38:17+00:00","og_image":[{"width":360,"height":600,"url":"https:\/\/www.radper.com\/wp-content\/uploads\/2023\/11\/Photo-produit-BAL-35.jpeg","type":"image\/jpeg"}],"twitter_card":"summary_large_image","twitter_misc":{"Dur\u00e9e de lecture estim\u00e9e":"1 minute"},"schema":{"@context":"https:\/\/schema.org","@graph":[{"@type":"WebPage","@id":"https:\/\/www.radper.com\/fr\/catalogues\/epi-outillage\/equipement-de-latelier-et-de-la-personne\/baladeuse-dinspection-ultra-plate-bal-35-sam\/","url":"https:\/\/www.radper.com\/fr\/catalogues\/epi-outillage\/equipement-de-latelier-et-de-la-personne\/baladeuse-dinspection-ultra-plate-bal-35-sam\/","name":"Baladeuse d'inspection ultra plate BAL-35 SAM - Radper","isPartOf":{"@id":"https:\/\/www.radper.com\/fr\/#website"},"primaryImageOfPage":{"@id":"https:\/\/www.radper.com\/fr\/catalogues\/epi-outillage\/equipement-de-latelier-et-de-la-personne\/baladeuse-dinspection-ultra-plate-bal-35-sam\/#primaryimage"},"image":{"@id":"https:\/\/www.radper.com\/fr\/catalogues\/epi-outillage\/equipement-de-latelier-et-de-la-personne\/baladeuse-dinspection-ultra-plate-bal-35-sam\/#primaryimage"},"thumbnailUrl":"https:\/\/www.radper.com\/wp-content\/uploads\/2023\/11\/Photo-produit-BAL-35.jpeg","datePublished":"2023-11-20T11:04:53+00:00","dateModified":"2025-03-13T00:38:17+00:00","breadcrumb":{"@id":"https:\/\/www.radper.com\/fr\/catalogues\/epi-outillage\/equipement-de-latelier-et-de-la-personne\/baladeuse-dinspection-ultra-plate-bal-35-sam\/#breadcrumb"},"inLanguage":"fr-FR","potentialAction":[{"@type":"ReadAction","target":["https:\/\/www.radper.com\/fr\/catalogues\/epi-outillage\/equipement-de-latelier-et-de-la-personne\/baladeuse-dinspection-ultra-plate-bal-35-sam\/"]}]},{"@type":"ImageObject","inLanguage":"fr-FR","@id":"https:\/\/www.radper.com\/fr\/catalogues\/epi-outillage\/equipement-de-latelier-et-de-la-personne\/baladeuse-dinspection-ultra-plate-bal-35-sam\/#primaryimage","url":"https:\/\/www.radper.com\/wp-content\/uploads\/2023\/11\/Photo-produit-BAL-35.jpeg","contentUrl":"https:\/\/www.radper.com\/wp-content\/uploads\/2023\/11\/Photo-produit-BAL-35.jpeg","width":360,"height":600},{"@type":"BreadcrumbList","@id":"https:\/\/www.radper.com\/fr\/catalogues\/epi-outillage\/equipement-de-latelier-et-de-la-personne\/baladeuse-dinspection-ultra-plate-bal-35-sam\/#breadcrumb","itemListElement":[{"@type":"ListItem","position":1,"name":"Accueil","item":"https:\/\/www.radper.com\/fr\/"},{"@type":"ListItem","position":2,"name":"Catalogue","item":"https:\/\/www.radper.com\/fr\/catalogue\/"},{"@type":"ListItem","position":3,"name":"Baladeuse d&rsquo;inspection ultra plate BAL-35 SAM"}]},{"@type":"WebSite","@id":"https:\/\/www.radper.com\/fr\/#website","url":"https:\/\/www.radper.com\/fr\/","name":"Radper","description":"","publisher":{"@id":"https:\/\/www.radper.com\/fr\/#organization"},"potentialAction":[{"@type":"SearchAction","target":{"@type":"EntryPoint","urlTemplate":"https:\/\/www.radper.com\/fr\/?s={search_term_string}"},"query-input":{"@type":"PropertyValueSpecification","valueRequired":true,"valueName":"search_term_string"}}],"inLanguage":"fr-FR"},{"@type":"Organization","@id":"https:\/\/www.radper.com\/fr\/#organization","name":"radper","url":"https:\/\/www.radper.com\/fr\/","logo":{"@type":"ImageObject","inLanguage":"fr-FR","@id":"https:\/\/www.radper.com\/fr\/#\/schema\/logo\/image\/","url":"https:\/\/radper.com\/wp-content\/uploads\/2021\/04\/logo-wide-11.png","contentUrl":"https:\/\/radper.com\/wp-content\/uploads\/2021\/04\/logo-wide-11.png","width":250,"height":110,"caption":"radper"},"image":{"@id":"https:\/\/www.radper.com\/fr\/#\/schema\/logo\/image\/"}}]}},"_links":{"self":[{"href":"https:\/\/www.radper.com\/fr\/wp-json\/wp\/v2\/product\/40855","targetHints":{"allow":["GET"]}}],"collection":[{"href":"https:\/\/www.radper.com\/fr\/wp-json\/wp\/v2\/product"}],"about":[{"href":"https:\/\/www.radper.com\/fr\/wp-json\/wp\/v2\/types\/product"}],"wp:featuredmedia":[{"embeddable":true,"href":"https:\/\/www.radper.com\/fr\/wp-json\/wp\/v2\/media\/39716"}],"wp:attachment":[{"href":"https:\/\/www.radper.com\/fr\/wp-json\/wp\/v2\/media?parent=40855"}],"wp:term":[{"taxonomy":"product_brand","embeddable":true,"href":"https:\/\/www.radper.com\/fr\/wp-json\/wp\/v2\/product_brand?post=40855"},{"taxonomy":"product_cat","embeddable":true,"href":"https:\/\/www.radper.com\/fr\/wp-json\/wp\/v2\/product_cat?post=40855"},{"taxonomy":"product_tag","embeddable":true,"href":"https:\/\/www.radper.com\/fr\/wp-json\/wp\/v2\/product_tag?post=40855"}],"curies":[{"name":"wp","href":"https:\/\/api.w.org\/{rel}","templated":true}]}}