{"id":40891,"date":"2023-11-20T11:05:19","date_gmt":"2023-11-20T11:05:19","guid":{"rendered":"https:\/\/www.radper.com\/produit\/servante-servi-630n-135-outils-maint-indust-mod-abs-cpp-135sv\/"},"modified":"2025-03-13T00:40:14","modified_gmt":"2025-03-13T00:40:14","slug":"servante-servi-630n-135-outils-maint-cpp-135sv-sam","status":"publish","type":"product","link":"https:\/\/www.radper.com\/fr\/catalogues\/epi-outillage\/metiers-et-compositions\/servante-servi-630n-135-outils-maint-cpp-135sv-sam\/","title":{"rendered":"Servante servi-630N &#8211; 135 outils maint indust mod abs CPP-135SV SAM"},"content":{"rendered":"<p>PRACTICITE : <\/p>\n<p> Nettoyage facile du plan de travail<\/p>\n<p> Rep\u00e9rage rapide de vos outils<\/p>\n<p> COMPOSITION : <\/p>\n<p> Plateau n\u00b01 : <\/p>\n<p> X 18 douilles 1\/2&rsquo;\u0091 : 10-11-12-13-14-15-16-17-18-19-20-21-22-23-24-27-30-32 mm.<\/p>\n<p> X 1 rallonge articul\u00e9e 1\/2&rsquo;\u0091.<\/p>\n<p> X 1 cliquet 1\/2&Prime;.<\/p>\n<p> X 1 poign\u00e9e coulissante \u00bd\u00a0\u00bb.<\/p>\n<p> X 1 cardan \u00bd\u00a0\u00bb.<\/p>\n<p> X 1 rallonge 1\/2&rsquo;\u0091.<\/p>\n<p> X 5 douilles 1\/2&rsquo;\u0091 longues.<\/p>\n<p> X 15 douilles 1\/4&rsquo;\u0091 : 3,5-4-4,5-5-5,5-6-7-8-9-10-11-12-13-14-15 mm.<\/p>\n<p> X 1 cliquet 1\/4&rsquo;\u0091.<\/p>\n<p> X 1 cardan 1\/4&rsquo;\u0091.<\/p>\n<p> X 2 rallonges 1\/4&rsquo;\u0091 : 50 et 100mm.<\/p>\n<p> X 1 rallonge 1\/4&rsquo;\u0091 flexible 150mm.<\/p>\n<p> X 1 poign\u00e9e coulissante 1\/4&rsquo;\u0091.<\/p>\n<p> X 1 tournevis porte douilles 1\/4&rsquo;\u0091.<\/p>\n<p> X 1 douille porte embout 1\/4&rsquo;\u0091.<\/p>\n<p> X 30 embouts.<\/p>\n<p> X 20 douilles tournevis \u00bc\u00a0\u00bb.<\/p>\n<p> X 5 douilles Torx\u00ae 1\/4&rsquo;\u0091 : 4-5-6-7-8.<\/p>\n<p> Plateau n\u00b02 : <\/p>\n<p> X 12 cl\u00e9s mixtes : 8-9-10-11-12-13-14-15-16-17-18-19 mm.<\/p>\n<p> X 11 tournevis : 7 fente, 4 Phillips\u00ae.<\/p>\n<p> X 1 cl\u00e9 \u00e0 molette. X 1 burin plat.<\/p>\n<p> Plateau n\u00b03 : <\/p>\n<p> X 1 massette.<\/p>\n<p> X 1 marteau 32mm.<\/p>\n<p> X 1 pince multiprise.<\/p>\n<p> X 1 pince coupante.<\/p>\n<p> X 1 pince universelle.<\/p>\n<p> X 1 pince \u00e0 becs droits.<\/p>\n<p> X 1 pince \u00e9tau.<\/p>\n<p> X 9 cl\u00e9s 6 pans longues \u00e0 t\u00eate sph\u00e9rique.<\/p>\n<p> X 9 cl\u00e9s Torx\u00ae courtes.<\/p>\n<p> X 9 cl\u00e9s R\u00e9sistorx courtes.<\/p>\n<p> X 5 chasse goupilles : 2,5-3,5-5-7-9 mm.<\/p>\n<p> X 1 pointeau.<\/p>\n<p> X 1 mesure courte 3 m.<\/p>\n<p> X 1 jeu de jauges d&rsquo;\u00e9paisseur.<\/p>\n","protected":false},"excerpt":{"rendered":"<p>CPP-135SV<\/p>\n","protected":false},"featured_media":39786,"template":"","meta":{"_acf_changed":false},"product_brand":[],"product_cat":[12910],"product_tag":[],"class_list":{"0":"post-40891","1":"product","2":"type-product","3":"status-publish","4":"has-post-thumbnail","6":"product_cat-metiers-et-compositions","7":"pa_marque-sam","9":"first","10":"instock","11":"featured","12":"taxable","13":"shipping-taxable","14":"purchasable","15":"product-type-simple"},"acf":[],"yoast_head":"<!-- This site is optimized with the Yoast SEO plugin v26.2 - https:\/\/yoast.com\/wordpress\/plugins\/seo\/ -->\n<title>Servante servi-630N - 135 outils maint indust mod abs CPP-135SV SAM - Radper<\/title>\n<meta name=\"robots\" content=\"index, follow, max-snippet:-1, max-image-preview:large, max-video-preview:-1\" \/>\n<link rel=\"canonical\" href=\"https:\/\/www.radper.com\/fr\/catalogues\/epi-outillage\/metiers-et-compositions\/servante-servi-630n-135-outils-maint-cpp-135sv-sam\/\" \/>\n<meta property=\"og:locale\" content=\"fr_FR\" \/>\n<meta property=\"og:type\" content=\"article\" \/>\n<meta property=\"og:title\" content=\"Servante servi-630N - 135 outils maint indust mod abs CPP-135SV SAM - Radper\" \/>\n<meta property=\"og:description\" content=\"CPP-135SV\" \/>\n<meta property=\"og:url\" content=\"https:\/\/www.radper.com\/fr\/catalogues\/epi-outillage\/metiers-et-compositions\/servante-servi-630n-135-outils-maint-cpp-135sv-sam\/\" \/>\n<meta property=\"og:site_name\" content=\"Radper\" \/>\n<meta property=\"article:modified_time\" content=\"2025-03-13T00:40:14+00:00\" \/>\n<meta property=\"og:image\" content=\"https:\/\/www.radper.com\/wp-content\/uploads\/2023\/11\/Photo-produit-CPP-135SV.jpeg\" \/>\n\t<meta property=\"og:image:width\" content=\"600\" \/>\n\t<meta property=\"og:image:height\" content=\"600\" \/>\n\t<meta property=\"og:image:type\" content=\"image\/jpeg\" \/>\n<meta name=\"twitter:card\" content=\"summary_large_image\" \/>\n<meta name=\"twitter:label1\" content=\"Dur\u00e9e de lecture estim\u00e9e\" \/>\n\t<meta name=\"twitter:data1\" content=\"1 minute\" \/>\n<script type=\"application\/ld+json\" class=\"yoast-schema-graph\">{\"@context\":\"https:\/\/schema.org\",\"@graph\":[{\"@type\":\"WebPage\",\"@id\":\"https:\/\/www.radper.com\/fr\/catalogues\/epi-outillage\/metiers-et-compositions\/servante-servi-630n-135-outils-maint-cpp-135sv-sam\/\",\"url\":\"https:\/\/www.radper.com\/fr\/catalogues\/epi-outillage\/metiers-et-compositions\/servante-servi-630n-135-outils-maint-cpp-135sv-sam\/\",\"name\":\"Servante servi-630N - 135 outils maint indust mod abs CPP-135SV SAM - Radper\",\"isPartOf\":{\"@id\":\"https:\/\/www.radper.com\/fr\/#website\"},\"primaryImageOfPage\":{\"@id\":\"https:\/\/www.radper.com\/fr\/catalogues\/epi-outillage\/metiers-et-compositions\/servante-servi-630n-135-outils-maint-cpp-135sv-sam\/#primaryimage\"},\"image\":{\"@id\":\"https:\/\/www.radper.com\/fr\/catalogues\/epi-outillage\/metiers-et-compositions\/servante-servi-630n-135-outils-maint-cpp-135sv-sam\/#primaryimage\"},\"thumbnailUrl\":\"https:\/\/www.radper.com\/wp-content\/uploads\/2023\/11\/Photo-produit-CPP-135SV.jpeg\",\"datePublished\":\"2023-11-20T11:05:19+00:00\",\"dateModified\":\"2025-03-13T00:40:14+00:00\",\"breadcrumb\":{\"@id\":\"https:\/\/www.radper.com\/fr\/catalogues\/epi-outillage\/metiers-et-compositions\/servante-servi-630n-135-outils-maint-cpp-135sv-sam\/#breadcrumb\"},\"inLanguage\":\"fr-FR\",\"potentialAction\":[{\"@type\":\"ReadAction\",\"target\":[\"https:\/\/www.radper.com\/fr\/catalogues\/epi-outillage\/metiers-et-compositions\/servante-servi-630n-135-outils-maint-cpp-135sv-sam\/\"]}]},{\"@type\":\"ImageObject\",\"inLanguage\":\"fr-FR\",\"@id\":\"https:\/\/www.radper.com\/fr\/catalogues\/epi-outillage\/metiers-et-compositions\/servante-servi-630n-135-outils-maint-cpp-135sv-sam\/#primaryimage\",\"url\":\"https:\/\/www.radper.com\/wp-content\/uploads\/2023\/11\/Photo-produit-CPP-135SV.jpeg\",\"contentUrl\":\"https:\/\/www.radper.com\/wp-content\/uploads\/2023\/11\/Photo-produit-CPP-135SV.jpeg\",\"width\":600,\"height\":600},{\"@type\":\"BreadcrumbList\",\"@id\":\"https:\/\/www.radper.com\/fr\/catalogues\/epi-outillage\/metiers-et-compositions\/servante-servi-630n-135-outils-maint-cpp-135sv-sam\/#breadcrumb\",\"itemListElement\":[{\"@type\":\"ListItem\",\"position\":1,\"name\":\"Accueil\",\"item\":\"https:\/\/www.radper.com\/fr\/\"},{\"@type\":\"ListItem\",\"position\":2,\"name\":\"Catalogue\",\"item\":\"https:\/\/www.radper.com\/fr\/catalogue\/\"},{\"@type\":\"ListItem\",\"position\":3,\"name\":\"Servante servi-630N &#8211; 135 outils maint indust mod abs CPP-135SV SAM\"}]},{\"@type\":\"WebSite\",\"@id\":\"https:\/\/www.radper.com\/fr\/#website\",\"url\":\"https:\/\/www.radper.com\/fr\/\",\"name\":\"Radper\",\"description\":\"\",\"publisher\":{\"@id\":\"https:\/\/www.radper.com\/fr\/#organization\"},\"potentialAction\":[{\"@type\":\"SearchAction\",\"target\":{\"@type\":\"EntryPoint\",\"urlTemplate\":\"https:\/\/www.radper.com\/fr\/?s={search_term_string}\"},\"query-input\":{\"@type\":\"PropertyValueSpecification\",\"valueRequired\":true,\"valueName\":\"search_term_string\"}}],\"inLanguage\":\"fr-FR\"},{\"@type\":\"Organization\",\"@id\":\"https:\/\/www.radper.com\/fr\/#organization\",\"name\":\"radper\",\"url\":\"https:\/\/www.radper.com\/fr\/\",\"logo\":{\"@type\":\"ImageObject\",\"inLanguage\":\"fr-FR\",\"@id\":\"https:\/\/www.radper.com\/fr\/#\/schema\/logo\/image\/\",\"url\":\"https:\/\/radper.com\/wp-content\/uploads\/2021\/04\/logo-wide-11.png\",\"contentUrl\":\"https:\/\/radper.com\/wp-content\/uploads\/2021\/04\/logo-wide-11.png\",\"width\":250,\"height\":110,\"caption\":\"radper\"},\"image\":{\"@id\":\"https:\/\/www.radper.com\/fr\/#\/schema\/logo\/image\/\"}}]}<\/script>\n<!-- \/ Yoast SEO plugin. -->","yoast_head_json":{"title":"Servante servi-630N - 135 outils maint indust mod abs CPP-135SV SAM - Radper","robots":{"index":"index","follow":"follow","max-snippet":"max-snippet:-1","max-image-preview":"max-image-preview:large","max-video-preview":"max-video-preview:-1"},"canonical":"https:\/\/www.radper.com\/fr\/catalogues\/epi-outillage\/metiers-et-compositions\/servante-servi-630n-135-outils-maint-cpp-135sv-sam\/","og_locale":"fr_FR","og_type":"article","og_title":"Servante servi-630N - 135 outils maint indust mod abs CPP-135SV SAM - Radper","og_description":"CPP-135SV","og_url":"https:\/\/www.radper.com\/fr\/catalogues\/epi-outillage\/metiers-et-compositions\/servante-servi-630n-135-outils-maint-cpp-135sv-sam\/","og_site_name":"Radper","article_modified_time":"2025-03-13T00:40:14+00:00","og_image":[{"width":600,"height":600,"url":"https:\/\/www.radper.com\/wp-content\/uploads\/2023\/11\/Photo-produit-CPP-135SV.jpeg","type":"image\/jpeg"}],"twitter_card":"summary_large_image","twitter_misc":{"Dur\u00e9e de lecture estim\u00e9e":"1 minute"},"schema":{"@context":"https:\/\/schema.org","@graph":[{"@type":"WebPage","@id":"https:\/\/www.radper.com\/fr\/catalogues\/epi-outillage\/metiers-et-compositions\/servante-servi-630n-135-outils-maint-cpp-135sv-sam\/","url":"https:\/\/www.radper.com\/fr\/catalogues\/epi-outillage\/metiers-et-compositions\/servante-servi-630n-135-outils-maint-cpp-135sv-sam\/","name":"Servante servi-630N - 135 outils maint indust mod abs CPP-135SV SAM - Radper","isPartOf":{"@id":"https:\/\/www.radper.com\/fr\/#website"},"primaryImageOfPage":{"@id":"https:\/\/www.radper.com\/fr\/catalogues\/epi-outillage\/metiers-et-compositions\/servante-servi-630n-135-outils-maint-cpp-135sv-sam\/#primaryimage"},"image":{"@id":"https:\/\/www.radper.com\/fr\/catalogues\/epi-outillage\/metiers-et-compositions\/servante-servi-630n-135-outils-maint-cpp-135sv-sam\/#primaryimage"},"thumbnailUrl":"https:\/\/www.radper.com\/wp-content\/uploads\/2023\/11\/Photo-produit-CPP-135SV.jpeg","datePublished":"2023-11-20T11:05:19+00:00","dateModified":"2025-03-13T00:40:14+00:00","breadcrumb":{"@id":"https:\/\/www.radper.com\/fr\/catalogues\/epi-outillage\/metiers-et-compositions\/servante-servi-630n-135-outils-maint-cpp-135sv-sam\/#breadcrumb"},"inLanguage":"fr-FR","potentialAction":[{"@type":"ReadAction","target":["https:\/\/www.radper.com\/fr\/catalogues\/epi-outillage\/metiers-et-compositions\/servante-servi-630n-135-outils-maint-cpp-135sv-sam\/"]}]},{"@type":"ImageObject","inLanguage":"fr-FR","@id":"https:\/\/www.radper.com\/fr\/catalogues\/epi-outillage\/metiers-et-compositions\/servante-servi-630n-135-outils-maint-cpp-135sv-sam\/#primaryimage","url":"https:\/\/www.radper.com\/wp-content\/uploads\/2023\/11\/Photo-produit-CPP-135SV.jpeg","contentUrl":"https:\/\/www.radper.com\/wp-content\/uploads\/2023\/11\/Photo-produit-CPP-135SV.jpeg","width":600,"height":600},{"@type":"BreadcrumbList","@id":"https:\/\/www.radper.com\/fr\/catalogues\/epi-outillage\/metiers-et-compositions\/servante-servi-630n-135-outils-maint-cpp-135sv-sam\/#breadcrumb","itemListElement":[{"@type":"ListItem","position":1,"name":"Accueil","item":"https:\/\/www.radper.com\/fr\/"},{"@type":"ListItem","position":2,"name":"Catalogue","item":"https:\/\/www.radper.com\/fr\/catalogue\/"},{"@type":"ListItem","position":3,"name":"Servante servi-630N &#8211; 135 outils maint indust mod abs CPP-135SV SAM"}]},{"@type":"WebSite","@id":"https:\/\/www.radper.com\/fr\/#website","url":"https:\/\/www.radper.com\/fr\/","name":"Radper","description":"","publisher":{"@id":"https:\/\/www.radper.com\/fr\/#organization"},"potentialAction":[{"@type":"SearchAction","target":{"@type":"EntryPoint","urlTemplate":"https:\/\/www.radper.com\/fr\/?s={search_term_string}"},"query-input":{"@type":"PropertyValueSpecification","valueRequired":true,"valueName":"search_term_string"}}],"inLanguage":"fr-FR"},{"@type":"Organization","@id":"https:\/\/www.radper.com\/fr\/#organization","name":"radper","url":"https:\/\/www.radper.com\/fr\/","logo":{"@type":"ImageObject","inLanguage":"fr-FR","@id":"https:\/\/www.radper.com\/fr\/#\/schema\/logo\/image\/","url":"https:\/\/radper.com\/wp-content\/uploads\/2021\/04\/logo-wide-11.png","contentUrl":"https:\/\/radper.com\/wp-content\/uploads\/2021\/04\/logo-wide-11.png","width":250,"height":110,"caption":"radper"},"image":{"@id":"https:\/\/www.radper.com\/fr\/#\/schema\/logo\/image\/"}}]}},"_links":{"self":[{"href":"https:\/\/www.radper.com\/fr\/wp-json\/wp\/v2\/product\/40891","targetHints":{"allow":["GET"]}}],"collection":[{"href":"https:\/\/www.radper.com\/fr\/wp-json\/wp\/v2\/product"}],"about":[{"href":"https:\/\/www.radper.com\/fr\/wp-json\/wp\/v2\/types\/product"}],"wp:featuredmedia":[{"embeddable":true,"href":"https:\/\/www.radper.com\/fr\/wp-json\/wp\/v2\/media\/39786"}],"wp:attachment":[{"href":"https:\/\/www.radper.com\/fr\/wp-json\/wp\/v2\/media?parent=40891"}],"wp:term":[{"taxonomy":"product_brand","embeddable":true,"href":"https:\/\/www.radper.com\/fr\/wp-json\/wp\/v2\/product_brand?post=40891"},{"taxonomy":"product_cat","embeddable":true,"href":"https:\/\/www.radper.com\/fr\/wp-json\/wp\/v2\/product_cat?post=40891"},{"taxonomy":"product_tag","embeddable":true,"href":"https:\/\/www.radper.com\/fr\/wp-json\/wp\/v2\/product_tag?post=40891"}],"curies":[{"name":"wp","href":"https:\/\/api.w.org\/{rel}","templated":true}]}}