{"id":40915,"date":"2023-11-20T11:05:33","date_gmt":"2023-11-20T11:05:33","guid":{"rendered":"https:\/\/www.radper.com\/produit\/cle-dynamometrique-dynatech-25-nm-cliquet-amovible-1-4-dytc-25-1\/"},"modified":"2025-03-13T00:43:03","modified_gmt":"2025-03-13T00:43:03","slug":"cle-dynamometrique-dynatech-25-nm-cliquet-dytc-25-1-sam","status":"publish","type":"product","link":"https:\/\/www.radper.com\/fr\/catalogues\/epi-outillage\/outillage\/serrage-controle\/cle-dynamometrique-dynatech-25-nm-cliquet-dytc-25-1-sam\/","title":{"rendered":"Cle dynamometrique dynatech 25 NM cliquet amovible 1\/4 DYTC-25-1 SAM"},"content":{"rendered":"<p>Cl\u00e9 polyvalente et pr\u00e9cise permettant de r\u00e9aliser de multiples interventions sans changer d&rsquo;outil.<\/p>\n<p> R\u00e9p\u00e9tabilit\u00e9 garantie pour assurer la s\u00e9curit\u00e9 de vos serrages.<\/p>\n<p> Utilisation de la cl\u00e9 en desserrage par retournement de l&#8217;embout.<\/p>\n<p> ERGONOMIE : <\/p>\n<p> Poign\u00e9e qui r\u00e9siste aux hydrocarbures, solvants, liquide de frein et p\u00e9trole.<\/p>\n<p> Prise en main efficace et confortable pour l&rsquo;op\u00e9rateur r\u00e9duisant les risques de TMS.<\/p>\n<p> CONFORT : <\/p>\n<p> \u00c9chelle en Nm avec grande plage d&rsquo;utilisation allant de 1 \u00e0 1 000 Nm, permettant d&rsquo;avoir le bon outil pour toutes les situations possibles.<\/p>\n<p> Cl\u00e9 fournie avec certificat d&rsquo;\u00e9talonnage 3 points dans un \u00e9tui plastique ou en coffret suivant le nombre d&rsquo;accessoires.<\/p>\n<p> PR\u00c9CISION : <\/p>\n<p> Pr\u00e9cision garantie \u00e0 +\/- 3% jusqu&rsquo;\u00e0 5000 cycles, soit 25% de mieux que la norme ISO 6789 (sauf mod\u00e8les avec capacit\u00e9 1-5Nm : +\/- 6%).<\/p>\n<p> Nouveau ressort endurant \u00e0 des essais de fatigue de 1 000 000 de cycles au couple maxi de chaque cl\u00e9.<\/p>\n<p> Rep\u00e8re sur la poign\u00e9e pour un positionnement parfait du point d&rsquo;appui assurant des serrages pr\u00e9cis.<\/p>\n<p> Chaque cl\u00e9 est num\u00e9rot\u00e9e et livr\u00e9e avec un constat de v\u00e9rification conform\u00e9ment \u00e0 la norme NF EN ISO 6789-1.<\/p>\n<p> Cl\u00e9 m\u00e9canique \u00e0 d\u00e9clenchement.<\/p>\n<p> Type II &#8211; Classe A.<\/p>\n","protected":false},"excerpt":{"rendered":"<p>DYTC-25-1<\/p>\n","protected":false},"featured_media":39832,"template":"","meta":{"_acf_changed":false},"product_brand":[],"product_cat":[12914],"product_tag":[],"class_list":{"0":"post-40915","1":"product","2":"type-product","3":"status-publish","4":"has-post-thumbnail","6":"product_cat-serrage-controle","7":"pa_marque-sam","9":"first","10":"instock","11":"featured","12":"taxable","13":"shipping-taxable","14":"purchasable","15":"product-type-simple"},"acf":[],"yoast_head":"<!-- This site is optimized with the Yoast SEO plugin v26.2 - https:\/\/yoast.com\/wordpress\/plugins\/seo\/ -->\n<title>Cle dynamometrique dynatech 25 NM cliquet amovible 1\/4 DYTC-25-1 SAM - Radper<\/title>\n<meta name=\"robots\" content=\"index, follow, max-snippet:-1, max-image-preview:large, max-video-preview:-1\" \/>\n<link rel=\"canonical\" href=\"https:\/\/www.radper.com\/fr\/catalogues\/epi-outillage\/outillage\/serrage-controle\/cle-dynamometrique-dynatech-25-nm-cliquet-dytc-25-1-sam\/\" \/>\n<meta property=\"og:locale\" content=\"fr_FR\" \/>\n<meta property=\"og:type\" content=\"article\" \/>\n<meta property=\"og:title\" content=\"Cle dynamometrique dynatech 25 NM cliquet amovible 1\/4 DYTC-25-1 SAM - Radper\" \/>\n<meta property=\"og:description\" content=\"DYTC-25-1\" \/>\n<meta property=\"og:url\" content=\"https:\/\/www.radper.com\/fr\/catalogues\/epi-outillage\/outillage\/serrage-controle\/cle-dynamometrique-dynatech-25-nm-cliquet-dytc-25-1-sam\/\" \/>\n<meta property=\"og:site_name\" content=\"Radper\" \/>\n<meta property=\"article:modified_time\" content=\"2025-03-13T00:43:03+00:00\" \/>\n<meta property=\"og:image\" content=\"https:\/\/www.radper.com\/wp-content\/uploads\/2023\/11\/Photo-produit-DYTC-25-1.jpeg\" \/>\n\t<meta property=\"og:image:width\" content=\"600\" \/>\n\t<meta property=\"og:image:height\" content=\"600\" \/>\n\t<meta property=\"og:image:type\" content=\"image\/jpeg\" \/>\n<meta name=\"twitter:card\" content=\"summary_large_image\" \/>\n<meta name=\"twitter:label1\" content=\"Dur\u00e9e de lecture estim\u00e9e\" \/>\n\t<meta name=\"twitter:data1\" content=\"1 minute\" \/>\n<script type=\"application\/ld+json\" class=\"yoast-schema-graph\">{\"@context\":\"https:\/\/schema.org\",\"@graph\":[{\"@type\":\"WebPage\",\"@id\":\"https:\/\/www.radper.com\/fr\/catalogues\/epi-outillage\/outillage\/serrage-controle\/cle-dynamometrique-dynatech-25-nm-cliquet-dytc-25-1-sam\/\",\"url\":\"https:\/\/www.radper.com\/fr\/catalogues\/epi-outillage\/outillage\/serrage-controle\/cle-dynamometrique-dynatech-25-nm-cliquet-dytc-25-1-sam\/\",\"name\":\"Cle dynamometrique dynatech 25 NM cliquet amovible 1\/4 DYTC-25-1 SAM - Radper\",\"isPartOf\":{\"@id\":\"https:\/\/www.radper.com\/fr\/#website\"},\"primaryImageOfPage\":{\"@id\":\"https:\/\/www.radper.com\/fr\/catalogues\/epi-outillage\/outillage\/serrage-controle\/cle-dynamometrique-dynatech-25-nm-cliquet-dytc-25-1-sam\/#primaryimage\"},\"image\":{\"@id\":\"https:\/\/www.radper.com\/fr\/catalogues\/epi-outillage\/outillage\/serrage-controle\/cle-dynamometrique-dynatech-25-nm-cliquet-dytc-25-1-sam\/#primaryimage\"},\"thumbnailUrl\":\"https:\/\/www.radper.com\/wp-content\/uploads\/2023\/11\/Photo-produit-DYTC-25-1.jpeg\",\"datePublished\":\"2023-11-20T11:05:33+00:00\",\"dateModified\":\"2025-03-13T00:43:03+00:00\",\"breadcrumb\":{\"@id\":\"https:\/\/www.radper.com\/fr\/catalogues\/epi-outillage\/outillage\/serrage-controle\/cle-dynamometrique-dynatech-25-nm-cliquet-dytc-25-1-sam\/#breadcrumb\"},\"inLanguage\":\"fr-FR\",\"potentialAction\":[{\"@type\":\"ReadAction\",\"target\":[\"https:\/\/www.radper.com\/fr\/catalogues\/epi-outillage\/outillage\/serrage-controle\/cle-dynamometrique-dynatech-25-nm-cliquet-dytc-25-1-sam\/\"]}]},{\"@type\":\"ImageObject\",\"inLanguage\":\"fr-FR\",\"@id\":\"https:\/\/www.radper.com\/fr\/catalogues\/epi-outillage\/outillage\/serrage-controle\/cle-dynamometrique-dynatech-25-nm-cliquet-dytc-25-1-sam\/#primaryimage\",\"url\":\"https:\/\/www.radper.com\/wp-content\/uploads\/2023\/11\/Photo-produit-DYTC-25-1.jpeg\",\"contentUrl\":\"https:\/\/www.radper.com\/wp-content\/uploads\/2023\/11\/Photo-produit-DYTC-25-1.jpeg\",\"width\":600,\"height\":600},{\"@type\":\"BreadcrumbList\",\"@id\":\"https:\/\/www.radper.com\/fr\/catalogues\/epi-outillage\/outillage\/serrage-controle\/cle-dynamometrique-dynatech-25-nm-cliquet-dytc-25-1-sam\/#breadcrumb\",\"itemListElement\":[{\"@type\":\"ListItem\",\"position\":1,\"name\":\"Accueil\",\"item\":\"https:\/\/www.radper.com\/fr\/\"},{\"@type\":\"ListItem\",\"position\":2,\"name\":\"Catalogue\",\"item\":\"https:\/\/www.radper.com\/fr\/catalogue\/\"},{\"@type\":\"ListItem\",\"position\":3,\"name\":\"Cle dynamometrique dynatech 25 NM cliquet amovible 1\/4 DYTC-25-1 SAM\"}]},{\"@type\":\"WebSite\",\"@id\":\"https:\/\/www.radper.com\/fr\/#website\",\"url\":\"https:\/\/www.radper.com\/fr\/\",\"name\":\"Radper\",\"description\":\"\",\"publisher\":{\"@id\":\"https:\/\/www.radper.com\/fr\/#organization\"},\"potentialAction\":[{\"@type\":\"SearchAction\",\"target\":{\"@type\":\"EntryPoint\",\"urlTemplate\":\"https:\/\/www.radper.com\/fr\/?s={search_term_string}\"},\"query-input\":{\"@type\":\"PropertyValueSpecification\",\"valueRequired\":true,\"valueName\":\"search_term_string\"}}],\"inLanguage\":\"fr-FR\"},{\"@type\":\"Organization\",\"@id\":\"https:\/\/www.radper.com\/fr\/#organization\",\"name\":\"radper\",\"url\":\"https:\/\/www.radper.com\/fr\/\",\"logo\":{\"@type\":\"ImageObject\",\"inLanguage\":\"fr-FR\",\"@id\":\"https:\/\/www.radper.com\/fr\/#\/schema\/logo\/image\/\",\"url\":\"https:\/\/radper.com\/wp-content\/uploads\/2021\/04\/logo-wide-11.png\",\"contentUrl\":\"https:\/\/radper.com\/wp-content\/uploads\/2021\/04\/logo-wide-11.png\",\"width\":250,\"height\":110,\"caption\":\"radper\"},\"image\":{\"@id\":\"https:\/\/www.radper.com\/fr\/#\/schema\/logo\/image\/\"}}]}<\/script>\n<!-- \/ Yoast SEO plugin. -->","yoast_head_json":{"title":"Cle dynamometrique dynatech 25 NM cliquet amovible 1\/4 DYTC-25-1 SAM - Radper","robots":{"index":"index","follow":"follow","max-snippet":"max-snippet:-1","max-image-preview":"max-image-preview:large","max-video-preview":"max-video-preview:-1"},"canonical":"https:\/\/www.radper.com\/fr\/catalogues\/epi-outillage\/outillage\/serrage-controle\/cle-dynamometrique-dynatech-25-nm-cliquet-dytc-25-1-sam\/","og_locale":"fr_FR","og_type":"article","og_title":"Cle dynamometrique dynatech 25 NM cliquet amovible 1\/4 DYTC-25-1 SAM - Radper","og_description":"DYTC-25-1","og_url":"https:\/\/www.radper.com\/fr\/catalogues\/epi-outillage\/outillage\/serrage-controle\/cle-dynamometrique-dynatech-25-nm-cliquet-dytc-25-1-sam\/","og_site_name":"Radper","article_modified_time":"2025-03-13T00:43:03+00:00","og_image":[{"width":600,"height":600,"url":"https:\/\/www.radper.com\/wp-content\/uploads\/2023\/11\/Photo-produit-DYTC-25-1.jpeg","type":"image\/jpeg"}],"twitter_card":"summary_large_image","twitter_misc":{"Dur\u00e9e de lecture estim\u00e9e":"1 minute"},"schema":{"@context":"https:\/\/schema.org","@graph":[{"@type":"WebPage","@id":"https:\/\/www.radper.com\/fr\/catalogues\/epi-outillage\/outillage\/serrage-controle\/cle-dynamometrique-dynatech-25-nm-cliquet-dytc-25-1-sam\/","url":"https:\/\/www.radper.com\/fr\/catalogues\/epi-outillage\/outillage\/serrage-controle\/cle-dynamometrique-dynatech-25-nm-cliquet-dytc-25-1-sam\/","name":"Cle dynamometrique dynatech 25 NM cliquet amovible 1\/4 DYTC-25-1 SAM - Radper","isPartOf":{"@id":"https:\/\/www.radper.com\/fr\/#website"},"primaryImageOfPage":{"@id":"https:\/\/www.radper.com\/fr\/catalogues\/epi-outillage\/outillage\/serrage-controle\/cle-dynamometrique-dynatech-25-nm-cliquet-dytc-25-1-sam\/#primaryimage"},"image":{"@id":"https:\/\/www.radper.com\/fr\/catalogues\/epi-outillage\/outillage\/serrage-controle\/cle-dynamometrique-dynatech-25-nm-cliquet-dytc-25-1-sam\/#primaryimage"},"thumbnailUrl":"https:\/\/www.radper.com\/wp-content\/uploads\/2023\/11\/Photo-produit-DYTC-25-1.jpeg","datePublished":"2023-11-20T11:05:33+00:00","dateModified":"2025-03-13T00:43:03+00:00","breadcrumb":{"@id":"https:\/\/www.radper.com\/fr\/catalogues\/epi-outillage\/outillage\/serrage-controle\/cle-dynamometrique-dynatech-25-nm-cliquet-dytc-25-1-sam\/#breadcrumb"},"inLanguage":"fr-FR","potentialAction":[{"@type":"ReadAction","target":["https:\/\/www.radper.com\/fr\/catalogues\/epi-outillage\/outillage\/serrage-controle\/cle-dynamometrique-dynatech-25-nm-cliquet-dytc-25-1-sam\/"]}]},{"@type":"ImageObject","inLanguage":"fr-FR","@id":"https:\/\/www.radper.com\/fr\/catalogues\/epi-outillage\/outillage\/serrage-controle\/cle-dynamometrique-dynatech-25-nm-cliquet-dytc-25-1-sam\/#primaryimage","url":"https:\/\/www.radper.com\/wp-content\/uploads\/2023\/11\/Photo-produit-DYTC-25-1.jpeg","contentUrl":"https:\/\/www.radper.com\/wp-content\/uploads\/2023\/11\/Photo-produit-DYTC-25-1.jpeg","width":600,"height":600},{"@type":"BreadcrumbList","@id":"https:\/\/www.radper.com\/fr\/catalogues\/epi-outillage\/outillage\/serrage-controle\/cle-dynamometrique-dynatech-25-nm-cliquet-dytc-25-1-sam\/#breadcrumb","itemListElement":[{"@type":"ListItem","position":1,"name":"Accueil","item":"https:\/\/www.radper.com\/fr\/"},{"@type":"ListItem","position":2,"name":"Catalogue","item":"https:\/\/www.radper.com\/fr\/catalogue\/"},{"@type":"ListItem","position":3,"name":"Cle dynamometrique dynatech 25 NM cliquet amovible 1\/4 DYTC-25-1 SAM"}]},{"@type":"WebSite","@id":"https:\/\/www.radper.com\/fr\/#website","url":"https:\/\/www.radper.com\/fr\/","name":"Radper","description":"","publisher":{"@id":"https:\/\/www.radper.com\/fr\/#organization"},"potentialAction":[{"@type":"SearchAction","target":{"@type":"EntryPoint","urlTemplate":"https:\/\/www.radper.com\/fr\/?s={search_term_string}"},"query-input":{"@type":"PropertyValueSpecification","valueRequired":true,"valueName":"search_term_string"}}],"inLanguage":"fr-FR"},{"@type":"Organization","@id":"https:\/\/www.radper.com\/fr\/#organization","name":"radper","url":"https:\/\/www.radper.com\/fr\/","logo":{"@type":"ImageObject","inLanguage":"fr-FR","@id":"https:\/\/www.radper.com\/fr\/#\/schema\/logo\/image\/","url":"https:\/\/radper.com\/wp-content\/uploads\/2021\/04\/logo-wide-11.png","contentUrl":"https:\/\/radper.com\/wp-content\/uploads\/2021\/04\/logo-wide-11.png","width":250,"height":110,"caption":"radper"},"image":{"@id":"https:\/\/www.radper.com\/fr\/#\/schema\/logo\/image\/"}}]}},"_links":{"self":[{"href":"https:\/\/www.radper.com\/fr\/wp-json\/wp\/v2\/product\/40915","targetHints":{"allow":["GET"]}}],"collection":[{"href":"https:\/\/www.radper.com\/fr\/wp-json\/wp\/v2\/product"}],"about":[{"href":"https:\/\/www.radper.com\/fr\/wp-json\/wp\/v2\/types\/product"}],"wp:featuredmedia":[{"embeddable":true,"href":"https:\/\/www.radper.com\/fr\/wp-json\/wp\/v2\/media\/39832"}],"wp:attachment":[{"href":"https:\/\/www.radper.com\/fr\/wp-json\/wp\/v2\/media?parent=40915"}],"wp:term":[{"taxonomy":"product_brand","embeddable":true,"href":"https:\/\/www.radper.com\/fr\/wp-json\/wp\/v2\/product_brand?post=40915"},{"taxonomy":"product_cat","embeddable":true,"href":"https:\/\/www.radper.com\/fr\/wp-json\/wp\/v2\/product_cat?post=40915"},{"taxonomy":"product_tag","embeddable":true,"href":"https:\/\/www.radper.com\/fr\/wp-json\/wp\/v2\/product_tag?post=40915"}],"curies":[{"name":"wp","href":"https:\/\/api.w.org\/{rel}","templated":true}]}}