{"id":41191,"date":"2023-11-24T19:51:27","date_gmt":"2023-11-24T19:51:27","guid":{"rendered":"https:\/\/www.radper.com\/produit\/relais-hr707-2p-ac24v-hankuk-relais\/"},"modified":"2025-08-04T13:05:01","modified_gmt":"2025-08-04T13:05:01","slug":"relais-hr707-2p-ac24v-hankuk-relais","status":"publish","type":"product","link":"https:\/\/www.radper.com\/fr\/catalogues\/materiel-electrique\/relais-et-modules-optocoupleurs\/relais-hr707-2p-ac24v-hankuk-relais\/","title":{"rendered":"Relais HR707-2P AC24V HANKUK RELAIS"},"content":{"rendered":"<h2 data-start=\"295\" data-end=\"339\"><strong data-start=\"298\" data-end=\"339\">Relais HR707-2P AC24V<\/strong><\/h2>\n<p data-start=\"373\" data-end=\"896\">Le <strong data-start=\"376\" data-end=\"407\">HANKUK RELAY HR707-2P AC24V<\/strong> fait partie de la s\u00e9rie 707, r\u00e9put\u00e9e pour sa <strong data-start=\"453\" data-end=\"466\">fiabilit\u00e9<\/strong>, sa <strong data-start=\"471\" data-end=\"494\">longue dur\u00e9e de vie<\/strong> et ses <strong data-start=\"502\" data-end=\"529\">performances constantes<\/strong> en environnement industriel. Avec sa configuration <strong data-start=\"581\" data-end=\"601\">DPDT (2NO + 2NC)<\/strong>, il permet une commutation polyvalente adapt\u00e9e \u00e0 de nombreuses applications d\u2019automatisation et de commande.<br data-start=\"710\" data-end=\"713\" \/>Dot\u00e9 d\u2019une <strong data-start=\"724\" data-end=\"739\">base octale<\/strong>, de <strong data-start=\"744\" data-end=\"776\">contacts en alliage d\u2019argent<\/strong> et d\u2019un <strong data-start=\"785\" data-end=\"811\">indicateur LED int\u00e9gr\u00e9<\/strong>, il combine praticit\u00e9, durabilit\u00e9 et contr\u00f4le visuel instantan\u00e9 de l\u2019\u00e9tat du relais.<\/p>\n<h3 data-start=\"1672\" data-end=\"1692\"><strong data-start=\"1676\" data-end=\"1692\">Points forts<\/strong><\/h3>\n<ul data-start=\"1693\" data-end=\"2123\">\n<li data-start=\"1693\" data-end=\"1774\">\n<p data-start=\"1695\" data-end=\"1774\"><strong data-start=\"1695\" data-end=\"1714\">Haute fiabilit\u00e9<\/strong> gr\u00e2ce \u00e0 une conception robuste et des mat\u00e9riaux de qualit\u00e9.<\/p>\n<\/li>\n<li data-start=\"1775\" data-end=\"1837\">\n<p data-start=\"1777\" data-end=\"1837\"><strong data-start=\"1777\" data-end=\"1800\">Longue dur\u00e9e de vie<\/strong> avec 1 million de cycles m\u00e9caniques.<\/p>\n<\/li>\n<li data-start=\"1838\" data-end=\"1917\">\n<p data-start=\"1840\" data-end=\"1917\"><strong data-start=\"1840\" data-end=\"1855\">Polyvalence<\/strong> avec contacts DPDT pour une utilisation dans divers circuits.<\/p>\n<\/li>\n<li data-start=\"1918\" data-end=\"1982\">\n<p data-start=\"1920\" data-end=\"1982\"><strong data-start=\"1920\" data-end=\"1948\">Contr\u00f4le visuel imm\u00e9diat<\/strong> gr\u00e2ce \u00e0 l\u2019indicateur LED int\u00e9gr\u00e9.<\/p>\n<\/li>\n<li data-start=\"1983\" data-end=\"2063\">\n<p data-start=\"1985\" data-end=\"2063\"><strong data-start=\"1985\" data-end=\"2012\">Protection \u00e9lectronique<\/strong> en option contre les surtensions et la contre-EMF.<\/p>\n<\/li>\n<li data-start=\"2064\" data-end=\"2123\">\n<p data-start=\"2066\" data-end=\"2123\"><strong data-start=\"2066\" data-end=\"2096\">Compatibilit\u00e9 industrielle<\/strong> avec base octale standard.<\/p>\n<\/li>\n<\/ul>\n<h3 data-start=\"2130\" data-end=\"2159\"><strong data-start=\"2134\" data-end=\"2159\">Applications typiques<\/strong><\/h3>\n<ul data-start=\"2160\" data-end=\"2338\">\n<li data-start=\"2160\" data-end=\"2190\">\n<p data-start=\"2162\" data-end=\"2190\">Automatisation industrielle.<\/p>\n<\/li>\n<li data-start=\"2191\" data-end=\"2243\">\n<p data-start=\"2193\" data-end=\"2243\">Commande de moteurs et syst\u00e8mes \u00e9lectrom\u00e9caniques.<\/p>\n<\/li>\n<li data-start=\"2244\" data-end=\"2291\">\n<p data-start=\"2246\" data-end=\"2291\">Tableaux \u00e9lectriques et armoires de contr\u00f4le.<\/p>\n<\/li>\n<li data-start=\"2292\" data-end=\"2338\">\n<p data-start=\"2294\" data-end=\"2338\">Commande et signalisation dans syst\u00e8mes PLC.<\/p>\n<\/li>\n<\/ul>\n<p data-start=\"2357\" data-end=\"2517\"><strong data-start=\"2357\" data-end=\"2419\">\u27a1\ufe0f Quelle est la configuration des contacts de ce relais ?<\/strong><br data-start=\"2419\" data-end=\"2422\" \/>Ce mod\u00e8le est en <strong data-start=\"2439\" data-end=\"2459\">DPDT (2NO + 2NC)<\/strong>, ce qui offre une grande flexibilit\u00e9 pour la commutation.<\/p>\n<p data-start=\"2519\" data-end=\"2693\"><strong data-start=\"2519\" data-end=\"2575\">\u27a1\ufe0f Le relais est-il prot\u00e9g\u00e9 contre les surtensions ?<\/strong><br data-start=\"2575\" data-end=\"2578\" \/>Oui, un mod\u00e8le avec protection est disponible pour prot\u00e9ger vos circuits \u00e9lectroniques des effets de la contre-EMF.<\/p>\n<p data-start=\"2695\" data-end=\"2784\"><strong data-start=\"2695\" data-end=\"2739\">\u27a1\ufe0f Peut-on visualiser l\u2019\u00e9tat du relais ?<\/strong><br data-start=\"2739\" data-end=\"2742\" \/>Oui, gr\u00e2ce \u00e0 l\u2019<strong data-start=\"2757\" data-end=\"2783\">indicateur LED int\u00e9gr\u00e9<\/strong>.<\/p>\n<p data-start=\"2786\" data-end=\"2908\"><strong data-start=\"2786\" data-end=\"2830\">\u27a1\ufe0f Proposez-vous un devis personnalis\u00e9 ?<\/strong><br data-start=\"2830\" data-end=\"2833\" \/>Oui, <a href=\"https:\/\/www.radper.com\/fr\/demande-de-devis\/\">Radper fournit des <strong data-start=\"2857\" data-end=\"2889\">devis gratuits et sur mesure<\/strong> selon vos besoins.<\/a><\/p>\n","protected":false},"excerpt":{"rendered":"<p>HR707-2P AC24V<\/p>\n","protected":false},"featured_media":45007,"template":"","meta":{"_acf_changed":false},"product_brand":[],"product_cat":[6550],"product_tag":[],"class_list":{"0":"post-41191","1":"product","2":"type-product","3":"status-publish","4":"has-post-thumbnail","6":"product_cat-relais-et-modules-optocoupleurs","7":"pa_marque-hankuk-relay","9":"first","10":"instock","11":"featured","12":"taxable","13":"shipping-taxable","14":"purchasable","15":"product-type-simple"},"acf":[],"yoast_head":"<!-- This site is optimized with the Yoast SEO plugin v26.2 - https:\/\/yoast.com\/wordpress\/plugins\/seo\/ -->\n<title>Relais HR707-2P AC24V HANKUK RELAIS - Radper<\/title>\n<meta name=\"description\" content=\"Relais HR707-2P AC24V HANKUK, 10A, DPDT (2NO+2NC), LED, base octale, alliage d\u2019argent, 1M cycles m\u00e9caniques. Id\u00e9al automatisation et contr\u00f4le industriel.\" \/>\n<meta name=\"robots\" content=\"index, follow, max-snippet:-1, max-image-preview:large, max-video-preview:-1\" \/>\n<link rel=\"canonical\" href=\"https:\/\/www.radper.com\/fr\/catalogues\/materiel-electrique\/relais-et-modules-optocoupleurs\/relais-hr707-2p-ac24v-hankuk-relais\/\" \/>\n<meta property=\"og:locale\" content=\"fr_FR\" \/>\n<meta property=\"og:type\" content=\"article\" \/>\n<meta property=\"og:title\" content=\"Relais HR707-2P AC24V HANKUK RELAIS - Radper\" \/>\n<meta property=\"og:description\" content=\"Relais HR707-2P AC24V HANKUK, 10A, DPDT (2NO+2NC), LED, base octale, alliage d\u2019argent, 1M cycles m\u00e9caniques. Id\u00e9al automatisation et contr\u00f4le industriel.\" \/>\n<meta property=\"og:url\" content=\"https:\/\/www.radper.com\/fr\/catalogues\/materiel-electrique\/relais-et-modules-optocoupleurs\/relais-hr707-2p-ac24v-hankuk-relais\/\" \/>\n<meta property=\"og:site_name\" content=\"Radper\" \/>\n<meta property=\"article:modified_time\" content=\"2025-08-04T13:05:01+00:00\" \/>\n<meta property=\"og:image\" content=\"https:\/\/www.radper.com\/wp-content\/uploads\/2023\/11\/HR707-2P-AC24V.png\" \/>\n\t<meta property=\"og:image:width\" content=\"600\" \/>\n\t<meta property=\"og:image:height\" content=\"600\" \/>\n\t<meta property=\"og:image:type\" content=\"image\/png\" \/>\n<meta name=\"twitter:card\" content=\"summary_large_image\" \/>\n<meta name=\"twitter:label1\" content=\"Dur\u00e9e de lecture estim\u00e9e\" \/>\n\t<meta name=\"twitter:data1\" content=\"2 minutes\" \/>\n<script type=\"application\/ld+json\" class=\"yoast-schema-graph\">{\"@context\":\"https:\/\/schema.org\",\"@graph\":[{\"@type\":\"WebPage\",\"@id\":\"https:\/\/www.radper.com\/fr\/catalogues\/materiel-electrique\/relais-et-modules-optocoupleurs\/relais-hr707-2p-ac24v-hankuk-relais\/\",\"url\":\"https:\/\/www.radper.com\/fr\/catalogues\/materiel-electrique\/relais-et-modules-optocoupleurs\/relais-hr707-2p-ac24v-hankuk-relais\/\",\"name\":\"Relais HR707-2P AC24V HANKUK RELAIS - Radper\",\"isPartOf\":{\"@id\":\"https:\/\/www.radper.com\/fr\/#website\"},\"primaryImageOfPage\":{\"@id\":\"https:\/\/www.radper.com\/fr\/catalogues\/materiel-electrique\/relais-et-modules-optocoupleurs\/relais-hr707-2p-ac24v-hankuk-relais\/#primaryimage\"},\"image\":{\"@id\":\"https:\/\/www.radper.com\/fr\/catalogues\/materiel-electrique\/relais-et-modules-optocoupleurs\/relais-hr707-2p-ac24v-hankuk-relais\/#primaryimage\"},\"thumbnailUrl\":\"https:\/\/www.radper.com\/wp-content\/uploads\/2023\/11\/HR707-2P-AC24V.png\",\"datePublished\":\"2023-11-24T19:51:27+00:00\",\"dateModified\":\"2025-08-04T13:05:01+00:00\",\"description\":\"Relais HR707-2P AC24V HANKUK, 10A, DPDT (2NO+2NC), LED, base octale, alliage d\u2019argent, 1M cycles m\u00e9caniques. Id\u00e9al automatisation et contr\u00f4le industriel.\",\"breadcrumb\":{\"@id\":\"https:\/\/www.radper.com\/fr\/catalogues\/materiel-electrique\/relais-et-modules-optocoupleurs\/relais-hr707-2p-ac24v-hankuk-relais\/#breadcrumb\"},\"inLanguage\":\"fr-FR\",\"potentialAction\":[{\"@type\":\"ReadAction\",\"target\":[\"https:\/\/www.radper.com\/fr\/catalogues\/materiel-electrique\/relais-et-modules-optocoupleurs\/relais-hr707-2p-ac24v-hankuk-relais\/\"]}]},{\"@type\":\"ImageObject\",\"inLanguage\":\"fr-FR\",\"@id\":\"https:\/\/www.radper.com\/fr\/catalogues\/materiel-electrique\/relais-et-modules-optocoupleurs\/relais-hr707-2p-ac24v-hankuk-relais\/#primaryimage\",\"url\":\"https:\/\/www.radper.com\/wp-content\/uploads\/2023\/11\/HR707-2P-AC24V.png\",\"contentUrl\":\"https:\/\/www.radper.com\/wp-content\/uploads\/2023\/11\/HR707-2P-AC24V.png\",\"width\":600,\"height\":600},{\"@type\":\"BreadcrumbList\",\"@id\":\"https:\/\/www.radper.com\/fr\/catalogues\/materiel-electrique\/relais-et-modules-optocoupleurs\/relais-hr707-2p-ac24v-hankuk-relais\/#breadcrumb\",\"itemListElement\":[{\"@type\":\"ListItem\",\"position\":1,\"name\":\"Accueil\",\"item\":\"https:\/\/www.radper.com\/fr\/\"},{\"@type\":\"ListItem\",\"position\":2,\"name\":\"Catalogue\",\"item\":\"https:\/\/www.radper.com\/fr\/catalogue\/\"},{\"@type\":\"ListItem\",\"position\":3,\"name\":\"Relais HR707-2P AC24V HANKUK RELAIS\"}]},{\"@type\":\"WebSite\",\"@id\":\"https:\/\/www.radper.com\/fr\/#website\",\"url\":\"https:\/\/www.radper.com\/fr\/\",\"name\":\"Radper\",\"description\":\"\",\"publisher\":{\"@id\":\"https:\/\/www.radper.com\/fr\/#organization\"},\"potentialAction\":[{\"@type\":\"SearchAction\",\"target\":{\"@type\":\"EntryPoint\",\"urlTemplate\":\"https:\/\/www.radper.com\/fr\/?s={search_term_string}\"},\"query-input\":{\"@type\":\"PropertyValueSpecification\",\"valueRequired\":true,\"valueName\":\"search_term_string\"}}],\"inLanguage\":\"fr-FR\"},{\"@type\":\"Organization\",\"@id\":\"https:\/\/www.radper.com\/fr\/#organization\",\"name\":\"radper\",\"url\":\"https:\/\/www.radper.com\/fr\/\",\"logo\":{\"@type\":\"ImageObject\",\"inLanguage\":\"fr-FR\",\"@id\":\"https:\/\/www.radper.com\/fr\/#\/schema\/logo\/image\/\",\"url\":\"https:\/\/radper.com\/wp-content\/uploads\/2021\/04\/logo-wide-11.png\",\"contentUrl\":\"https:\/\/radper.com\/wp-content\/uploads\/2021\/04\/logo-wide-11.png\",\"width\":250,\"height\":110,\"caption\":\"radper\"},\"image\":{\"@id\":\"https:\/\/www.radper.com\/fr\/#\/schema\/logo\/image\/\"}}]}<\/script>\n<!-- \/ Yoast SEO plugin. -->","yoast_head_json":{"title":"Relais HR707-2P AC24V HANKUK RELAIS - Radper","description":"Relais HR707-2P AC24V HANKUK, 10A, DPDT (2NO+2NC), LED, base octale, alliage d\u2019argent, 1M cycles m\u00e9caniques. Id\u00e9al automatisation et contr\u00f4le industriel.","robots":{"index":"index","follow":"follow","max-snippet":"max-snippet:-1","max-image-preview":"max-image-preview:large","max-video-preview":"max-video-preview:-1"},"canonical":"https:\/\/www.radper.com\/fr\/catalogues\/materiel-electrique\/relais-et-modules-optocoupleurs\/relais-hr707-2p-ac24v-hankuk-relais\/","og_locale":"fr_FR","og_type":"article","og_title":"Relais HR707-2P AC24V HANKUK RELAIS - Radper","og_description":"Relais HR707-2P AC24V HANKUK, 10A, DPDT (2NO+2NC), LED, base octale, alliage d\u2019argent, 1M cycles m\u00e9caniques. Id\u00e9al automatisation et contr\u00f4le industriel.","og_url":"https:\/\/www.radper.com\/fr\/catalogues\/materiel-electrique\/relais-et-modules-optocoupleurs\/relais-hr707-2p-ac24v-hankuk-relais\/","og_site_name":"Radper","article_modified_time":"2025-08-04T13:05:01+00:00","og_image":[{"width":600,"height":600,"url":"https:\/\/www.radper.com\/wp-content\/uploads\/2023\/11\/HR707-2P-AC24V.png","type":"image\/png"}],"twitter_card":"summary_large_image","twitter_misc":{"Dur\u00e9e de lecture estim\u00e9e":"2 minutes"},"schema":{"@context":"https:\/\/schema.org","@graph":[{"@type":"WebPage","@id":"https:\/\/www.radper.com\/fr\/catalogues\/materiel-electrique\/relais-et-modules-optocoupleurs\/relais-hr707-2p-ac24v-hankuk-relais\/","url":"https:\/\/www.radper.com\/fr\/catalogues\/materiel-electrique\/relais-et-modules-optocoupleurs\/relais-hr707-2p-ac24v-hankuk-relais\/","name":"Relais HR707-2P AC24V HANKUK RELAIS - Radper","isPartOf":{"@id":"https:\/\/www.radper.com\/fr\/#website"},"primaryImageOfPage":{"@id":"https:\/\/www.radper.com\/fr\/catalogues\/materiel-electrique\/relais-et-modules-optocoupleurs\/relais-hr707-2p-ac24v-hankuk-relais\/#primaryimage"},"image":{"@id":"https:\/\/www.radper.com\/fr\/catalogues\/materiel-electrique\/relais-et-modules-optocoupleurs\/relais-hr707-2p-ac24v-hankuk-relais\/#primaryimage"},"thumbnailUrl":"https:\/\/www.radper.com\/wp-content\/uploads\/2023\/11\/HR707-2P-AC24V.png","datePublished":"2023-11-24T19:51:27+00:00","dateModified":"2025-08-04T13:05:01+00:00","description":"Relais HR707-2P AC24V HANKUK, 10A, DPDT (2NO+2NC), LED, base octale, alliage d\u2019argent, 1M cycles m\u00e9caniques. Id\u00e9al automatisation et contr\u00f4le industriel.","breadcrumb":{"@id":"https:\/\/www.radper.com\/fr\/catalogues\/materiel-electrique\/relais-et-modules-optocoupleurs\/relais-hr707-2p-ac24v-hankuk-relais\/#breadcrumb"},"inLanguage":"fr-FR","potentialAction":[{"@type":"ReadAction","target":["https:\/\/www.radper.com\/fr\/catalogues\/materiel-electrique\/relais-et-modules-optocoupleurs\/relais-hr707-2p-ac24v-hankuk-relais\/"]}]},{"@type":"ImageObject","inLanguage":"fr-FR","@id":"https:\/\/www.radper.com\/fr\/catalogues\/materiel-electrique\/relais-et-modules-optocoupleurs\/relais-hr707-2p-ac24v-hankuk-relais\/#primaryimage","url":"https:\/\/www.radper.com\/wp-content\/uploads\/2023\/11\/HR707-2P-AC24V.png","contentUrl":"https:\/\/www.radper.com\/wp-content\/uploads\/2023\/11\/HR707-2P-AC24V.png","width":600,"height":600},{"@type":"BreadcrumbList","@id":"https:\/\/www.radper.com\/fr\/catalogues\/materiel-electrique\/relais-et-modules-optocoupleurs\/relais-hr707-2p-ac24v-hankuk-relais\/#breadcrumb","itemListElement":[{"@type":"ListItem","position":1,"name":"Accueil","item":"https:\/\/www.radper.com\/fr\/"},{"@type":"ListItem","position":2,"name":"Catalogue","item":"https:\/\/www.radper.com\/fr\/catalogue\/"},{"@type":"ListItem","position":3,"name":"Relais HR707-2P AC24V HANKUK RELAIS"}]},{"@type":"WebSite","@id":"https:\/\/www.radper.com\/fr\/#website","url":"https:\/\/www.radper.com\/fr\/","name":"Radper","description":"","publisher":{"@id":"https:\/\/www.radper.com\/fr\/#organization"},"potentialAction":[{"@type":"SearchAction","target":{"@type":"EntryPoint","urlTemplate":"https:\/\/www.radper.com\/fr\/?s={search_term_string}"},"query-input":{"@type":"PropertyValueSpecification","valueRequired":true,"valueName":"search_term_string"}}],"inLanguage":"fr-FR"},{"@type":"Organization","@id":"https:\/\/www.radper.com\/fr\/#organization","name":"radper","url":"https:\/\/www.radper.com\/fr\/","logo":{"@type":"ImageObject","inLanguage":"fr-FR","@id":"https:\/\/www.radper.com\/fr\/#\/schema\/logo\/image\/","url":"https:\/\/radper.com\/wp-content\/uploads\/2021\/04\/logo-wide-11.png","contentUrl":"https:\/\/radper.com\/wp-content\/uploads\/2021\/04\/logo-wide-11.png","width":250,"height":110,"caption":"radper"},"image":{"@id":"https:\/\/www.radper.com\/fr\/#\/schema\/logo\/image\/"}}]}},"_links":{"self":[{"href":"https:\/\/www.radper.com\/fr\/wp-json\/wp\/v2\/product\/41191","targetHints":{"allow":["GET"]}}],"collection":[{"href":"https:\/\/www.radper.com\/fr\/wp-json\/wp\/v2\/product"}],"about":[{"href":"https:\/\/www.radper.com\/fr\/wp-json\/wp\/v2\/types\/product"}],"wp:featuredmedia":[{"embeddable":true,"href":"https:\/\/www.radper.com\/fr\/wp-json\/wp\/v2\/media\/45007"}],"wp:attachment":[{"href":"https:\/\/www.radper.com\/fr\/wp-json\/wp\/v2\/media?parent=41191"}],"wp:term":[{"taxonomy":"product_brand","embeddable":true,"href":"https:\/\/www.radper.com\/fr\/wp-json\/wp\/v2\/product_brand?post=41191"},{"taxonomy":"product_cat","embeddable":true,"href":"https:\/\/www.radper.com\/fr\/wp-json\/wp\/v2\/product_cat?post=41191"},{"taxonomy":"product_tag","embeddable":true,"href":"https:\/\/www.radper.com\/fr\/wp-json\/wp\/v2\/product_tag?post=41191"}],"curies":[{"name":"wp","href":"https:\/\/api.w.org\/{rel}","templated":true}]}}