{"id":41195,"date":"2023-11-24T19:51:29","date_gmt":"2023-11-24T19:51:29","guid":{"rendered":"https:\/\/www.radper.com\/produit\/relais-a-usage-general-hr710-2p-ac110v\/"},"modified":"2025-08-29T08:15:49","modified_gmt":"2025-08-29T08:15:49","slug":"relais-a-usage-general-hr710-2p-ac110v","status":"publish","type":"product","link":"https:\/\/www.radper.com\/fr\/catalogues\/materiel-electrique\/relais-et-modules-optocoupleurs\/relais-a-usage-general-hr710-2p-ac110v\/","title":{"rendered":"Relais \u00e0 usage g\u00e9n\u00e9ral HR710-2P AC110V"},"content":{"rendered":"<h3 data-start=\"143\" data-end=\"201\">HR710-2P AC110V \u2013 Relais \u00e0 usage g\u00e9n\u00e9ral \u2013 S\u00e9rie HR71<\/h3>\n<p data-start=\"231\" data-end=\"622\">Le <strong data-start=\"234\" data-end=\"253\">HR710-2P AC110V<\/strong> appartient \u00e0 la <strong data-start=\"270\" data-end=\"285\">s\u00e9rie HR710<\/strong>, des relais de type cube compacts et fiables, largement utilis\u00e9s dans les applications industrielles et de commande. Con\u00e7u avec un <strong data-start=\"417\" data-end=\"454\">bo\u00eetier compact au style ICE Cube<\/strong>, ce relais associe <strong data-start=\"474\" data-end=\"506\">contacts en alliage d\u2019argent<\/strong> et <strong data-start=\"510\" data-end=\"528\">indicateur LED<\/strong>, garantissant une performance durable et une grande visibilit\u00e9 de l\u2019\u00e9tat de fonctionnement.<\/p>\n<p data-start=\"624\" data-end=\"962\">Gr\u00e2ce \u00e0 sa conception robuste, sa <strong data-start=\"658\" data-end=\"681\">longue dur\u00e9e de vie<\/strong> et sa <strong data-start=\"688\" data-end=\"707\">haute fiabilit\u00e9<\/strong>, il est adapt\u00e9 aux environnements industriels exigeants. De plus, il existe en version avec <strong data-start=\"800\" data-end=\"861\">protection contre les surtensions (Serge protection type)<\/strong>, permettant de prot\u00e9ger les automates (PLC) et \u00e9quipements \u00e9lectroniques des effets de retour EMF.<\/p>\n<h3 data-start=\"964\" data-end=\"983\">Avantages cl\u00e9s du HR710-2P<\/h3>\n<ul data-start=\"984\" data-end=\"1349\">\n<li data-start=\"984\" data-end=\"1058\">\n<p data-start=\"986\" data-end=\"1058\"><strong data-start=\"988\" data-end=\"1001\">Compacit\u00e9<\/strong> : design cube type (ICE Cube) pour int\u00e9gration facile.<\/p>\n<\/li>\n<li data-start=\"1059\" data-end=\"1108\">\n<p data-start=\"1061\" data-end=\"1108\"><strong data-start=\"1063\" data-end=\"1082\">Haute fiabilit\u00e9<\/strong> et longue dur\u00e9e de vie.<\/p>\n<\/li>\n<li data-start=\"1109\" data-end=\"1181\">\n<p data-start=\"1111\" data-end=\"1181\"><strong data-start=\"1113\" data-end=\"1145\">Contacts en alliage d\u2019argent<\/strong> pour une excellente conductivit\u00e9.<\/p>\n<\/li>\n<li data-start=\"1182\" data-end=\"1246\">\n<p data-start=\"1184\" data-end=\"1246\"><strong data-start=\"1186\" data-end=\"1212\">Indicateur LED int\u00e9gr\u00e9<\/strong> pour un contr\u00f4le visuel rapide.<\/p>\n<\/li>\n<li data-start=\"1247\" data-end=\"1349\">\n<p data-start=\"1249\" data-end=\"1349\"><strong data-start=\"1251\" data-end=\"1301\">Protection optionnelle contre surtension (EMF)<\/strong> pour s\u00e9curiser les dispositifs \u00e9lectroniques.<\/p>\n<\/li>\n<\/ul>\n<h3 data-start=\"1351\" data-end=\"1377\">Applications typiques<\/h3>\n<ul data-start=\"1378\" data-end=\"1583\">\n<li data-start=\"1378\" data-end=\"1410\">\n<p data-start=\"1380\" data-end=\"1410\">Automatisation industrielle.<\/p>\n<\/li>\n<li data-start=\"1411\" data-end=\"1464\">\n<p data-start=\"1413\" data-end=\"1464\">Commande de moteurs et d\u2019\u00e9quipements \u00e9lectriques.<\/p>\n<\/li>\n<li data-start=\"1465\" data-end=\"1527\">\n<p data-start=\"1467\" data-end=\"1527\">Protection et signalisation dans les syst\u00e8mes de contr\u00f4le.<\/p>\n<\/li>\n<li data-start=\"1528\" data-end=\"1583\">\n<p data-start=\"1530\" data-end=\"1583\">Int\u00e9gration dans les automates programmables (PLC).<\/p>\n<\/li>\n<\/ul>\n<h3 data-start=\"2035\" data-end=\"2066\">Engagement environnemental<\/h3>\n<p data-start=\"2067\" data-end=\"2399\">La s\u00e9rie <strong data-start=\"2076\" data-end=\"2085\">HR710<\/strong> est con\u00e7ue pour limiter les risques de dysfonctionnement et prolonger la dur\u00e9e de vie des \u00e9quipements connect\u00e9s. Gr\u00e2ce \u00e0 sa protection optionnelle contre les surtensions, ce relais contribue \u00e0 <strong data-start=\"2279\" data-end=\"2396\">r\u00e9duire les pannes, \u00e9viter le gaspillage d\u2019\u00e9quipements et renforcer la durabilit\u00e9 des installations industrielles<\/strong>.<\/p>\n<p data-start=\"2410\" data-end=\"2549\"><strong data-start=\"2410\" data-end=\"2459\">\u27a1\ufe0f Ce relais poss\u00e8de-t-il un indicateur d\u2019\u00e9tat ?<\/strong><br data-start=\"2459\" data-end=\"2462\" \/>Oui, il est \u00e9quip\u00e9 d\u2019un <strong data-start=\"2486\" data-end=\"2503\">LED indicator<\/strong> pour visualiser son \u00e9tat de fonctionnement.<\/p>\n<p data-start=\"2551\" data-end=\"2729\"><strong data-start=\"2551\" data-end=\"2631\">\u27a1\ufe0f Le relais HR710-2P AC110V offre-t-il une protection contre les surtensions ?<\/strong><br data-start=\"2631\" data-end=\"2634\" \/>Oui, une version avec <strong data-start=\"2656\" data-end=\"2676\">Serge protection<\/strong> est disponible, prot\u00e9geant contre les retours EMF.<\/p>\n<p data-start=\"2731\" data-end=\"2885\"><strong data-start=\"2731\" data-end=\"2776\">\u27a1\ufe0f Quelle est la dur\u00e9e de vie de ce relais ?<\/strong><br data-start=\"2776\" data-end=\"2779\" \/>Il est con\u00e7u pour une <strong data-start=\"2801\" data-end=\"2848\">longue dur\u00e9e de vie et une fiabilit\u00e9 \u00e9lev\u00e9e<\/strong> dans des conditions industrielles.<\/p>\n","protected":false},"excerpt":{"rendered":"<p>HR710-2P AC110V<\/p>\n","protected":false},"featured_media":41280,"template":"","meta":{"_acf_changed":false},"product_brand":[],"product_cat":[6550],"product_tag":[],"class_list":{"0":"post-41195","1":"product","2":"type-product","3":"status-publish","4":"has-post-thumbnail","6":"product_cat-relais-et-modules-optocoupleurs","7":"pa_marque-hanyoung-nux","9":"first","10":"instock","11":"featured","12":"taxable","13":"shipping-taxable","14":"purchasable","15":"product-type-simple"},"acf":[],"yoast_head":"<!-- This site is optimized with the Yoast SEO plugin v26.2 - https:\/\/yoast.com\/wordpress\/plugins\/seo\/ -->\n<title>Relais \u00e0 usage g\u00e9n\u00e9ral HR710-2P AC110V - Radper<\/title>\n<meta name=\"description\" content=\"Relais HR710-2P AC110V : compact type cube, contacts argent, LED indicator et haute fiabilit\u00e9 pour applications industrielles. Devis via Radper.\" \/>\n<meta name=\"robots\" content=\"index, follow, max-snippet:-1, max-image-preview:large, max-video-preview:-1\" \/>\n<link rel=\"canonical\" href=\"https:\/\/www.radper.com\/fr\/catalogues\/materiel-electrique\/relais-et-modules-optocoupleurs\/relais-a-usage-general-hr710-2p-ac110v\/\" \/>\n<meta property=\"og:locale\" content=\"fr_FR\" \/>\n<meta property=\"og:type\" content=\"article\" \/>\n<meta property=\"og:title\" content=\"Relais \u00e0 usage g\u00e9n\u00e9ral HR710-2P AC110V - Radper\" \/>\n<meta property=\"og:description\" content=\"Relais HR710-2P AC110V : compact type cube, contacts argent, LED indicator et haute fiabilit\u00e9 pour applications industrielles. Devis via Radper.\" \/>\n<meta property=\"og:url\" content=\"https:\/\/www.radper.com\/fr\/catalogues\/materiel-electrique\/relais-et-modules-optocoupleurs\/relais-a-usage-general-hr710-2p-ac110v\/\" \/>\n<meta property=\"og:site_name\" content=\"Radper\" \/>\n<meta property=\"article:modified_time\" content=\"2025-08-29T08:15:49+00:00\" \/>\n<meta property=\"og:image\" content=\"https:\/\/www.radper.com\/wp-content\/uploads\/2023\/11\/HR710-2P-AC110V.jpg\" \/>\n\t<meta property=\"og:image:width\" content=\"400\" \/>\n\t<meta property=\"og:image:height\" content=\"400\" \/>\n\t<meta property=\"og:image:type\" content=\"image\/jpeg\" \/>\n<meta name=\"twitter:card\" content=\"summary_large_image\" \/>\n<meta name=\"twitter:label1\" content=\"Dur\u00e9e de lecture estim\u00e9e\" \/>\n\t<meta name=\"twitter:data1\" content=\"2 minutes\" \/>\n<script type=\"application\/ld+json\" class=\"yoast-schema-graph\">{\"@context\":\"https:\/\/schema.org\",\"@graph\":[{\"@type\":\"WebPage\",\"@id\":\"https:\/\/www.radper.com\/fr\/catalogues\/materiel-electrique\/relais-et-modules-optocoupleurs\/relais-a-usage-general-hr710-2p-ac110v\/\",\"url\":\"https:\/\/www.radper.com\/fr\/catalogues\/materiel-electrique\/relais-et-modules-optocoupleurs\/relais-a-usage-general-hr710-2p-ac110v\/\",\"name\":\"Relais \u00e0 usage g\u00e9n\u00e9ral HR710-2P AC110V - Radper\",\"isPartOf\":{\"@id\":\"https:\/\/www.radper.com\/fr\/#website\"},\"primaryImageOfPage\":{\"@id\":\"https:\/\/www.radper.com\/fr\/catalogues\/materiel-electrique\/relais-et-modules-optocoupleurs\/relais-a-usage-general-hr710-2p-ac110v\/#primaryimage\"},\"image\":{\"@id\":\"https:\/\/www.radper.com\/fr\/catalogues\/materiel-electrique\/relais-et-modules-optocoupleurs\/relais-a-usage-general-hr710-2p-ac110v\/#primaryimage\"},\"thumbnailUrl\":\"https:\/\/www.radper.com\/wp-content\/uploads\/2023\/11\/HR710-2P-AC110V.jpg\",\"datePublished\":\"2023-11-24T19:51:29+00:00\",\"dateModified\":\"2025-08-29T08:15:49+00:00\",\"description\":\"Relais HR710-2P AC110V : compact type cube, contacts argent, LED indicator et haute fiabilit\u00e9 pour applications industrielles. Devis via Radper.\",\"breadcrumb\":{\"@id\":\"https:\/\/www.radper.com\/fr\/catalogues\/materiel-electrique\/relais-et-modules-optocoupleurs\/relais-a-usage-general-hr710-2p-ac110v\/#breadcrumb\"},\"inLanguage\":\"fr-FR\",\"potentialAction\":[{\"@type\":\"ReadAction\",\"target\":[\"https:\/\/www.radper.com\/fr\/catalogues\/materiel-electrique\/relais-et-modules-optocoupleurs\/relais-a-usage-general-hr710-2p-ac110v\/\"]}]},{\"@type\":\"ImageObject\",\"inLanguage\":\"fr-FR\",\"@id\":\"https:\/\/www.radper.com\/fr\/catalogues\/materiel-electrique\/relais-et-modules-optocoupleurs\/relais-a-usage-general-hr710-2p-ac110v\/#primaryimage\",\"url\":\"https:\/\/www.radper.com\/wp-content\/uploads\/2023\/11\/HR710-2P-AC110V.jpg\",\"contentUrl\":\"https:\/\/www.radper.com\/wp-content\/uploads\/2023\/11\/HR710-2P-AC110V.jpg\",\"width\":400,\"height\":400},{\"@type\":\"BreadcrumbList\",\"@id\":\"https:\/\/www.radper.com\/fr\/catalogues\/materiel-electrique\/relais-et-modules-optocoupleurs\/relais-a-usage-general-hr710-2p-ac110v\/#breadcrumb\",\"itemListElement\":[{\"@type\":\"ListItem\",\"position\":1,\"name\":\"Accueil\",\"item\":\"https:\/\/www.radper.com\/fr\/\"},{\"@type\":\"ListItem\",\"position\":2,\"name\":\"Catalogue\",\"item\":\"https:\/\/www.radper.com\/fr\/catalogue\/\"},{\"@type\":\"ListItem\",\"position\":3,\"name\":\"Relais \u00e0 usage g\u00e9n\u00e9ral HR710-2P AC110V\"}]},{\"@type\":\"WebSite\",\"@id\":\"https:\/\/www.radper.com\/fr\/#website\",\"url\":\"https:\/\/www.radper.com\/fr\/\",\"name\":\"Radper\",\"description\":\"\",\"publisher\":{\"@id\":\"https:\/\/www.radper.com\/fr\/#organization\"},\"potentialAction\":[{\"@type\":\"SearchAction\",\"target\":{\"@type\":\"EntryPoint\",\"urlTemplate\":\"https:\/\/www.radper.com\/fr\/?s={search_term_string}\"},\"query-input\":{\"@type\":\"PropertyValueSpecification\",\"valueRequired\":true,\"valueName\":\"search_term_string\"}}],\"inLanguage\":\"fr-FR\"},{\"@type\":\"Organization\",\"@id\":\"https:\/\/www.radper.com\/fr\/#organization\",\"name\":\"radper\",\"url\":\"https:\/\/www.radper.com\/fr\/\",\"logo\":{\"@type\":\"ImageObject\",\"inLanguage\":\"fr-FR\",\"@id\":\"https:\/\/www.radper.com\/fr\/#\/schema\/logo\/image\/\",\"url\":\"https:\/\/radper.com\/wp-content\/uploads\/2021\/04\/logo-wide-11.png\",\"contentUrl\":\"https:\/\/radper.com\/wp-content\/uploads\/2021\/04\/logo-wide-11.png\",\"width\":250,\"height\":110,\"caption\":\"radper\"},\"image\":{\"@id\":\"https:\/\/www.radper.com\/fr\/#\/schema\/logo\/image\/\"}}]}<\/script>\n<!-- \/ Yoast SEO plugin. -->","yoast_head_json":{"title":"Relais \u00e0 usage g\u00e9n\u00e9ral HR710-2P AC110V - Radper","description":"Relais HR710-2P AC110V : compact type cube, contacts argent, LED indicator et haute fiabilit\u00e9 pour applications industrielles. Devis via Radper.","robots":{"index":"index","follow":"follow","max-snippet":"max-snippet:-1","max-image-preview":"max-image-preview:large","max-video-preview":"max-video-preview:-1"},"canonical":"https:\/\/www.radper.com\/fr\/catalogues\/materiel-electrique\/relais-et-modules-optocoupleurs\/relais-a-usage-general-hr710-2p-ac110v\/","og_locale":"fr_FR","og_type":"article","og_title":"Relais \u00e0 usage g\u00e9n\u00e9ral HR710-2P AC110V - Radper","og_description":"Relais HR710-2P AC110V : compact type cube, contacts argent, LED indicator et haute fiabilit\u00e9 pour applications industrielles. Devis via Radper.","og_url":"https:\/\/www.radper.com\/fr\/catalogues\/materiel-electrique\/relais-et-modules-optocoupleurs\/relais-a-usage-general-hr710-2p-ac110v\/","og_site_name":"Radper","article_modified_time":"2025-08-29T08:15:49+00:00","og_image":[{"width":400,"height":400,"url":"https:\/\/www.radper.com\/wp-content\/uploads\/2023\/11\/HR710-2P-AC110V.jpg","type":"image\/jpeg"}],"twitter_card":"summary_large_image","twitter_misc":{"Dur\u00e9e de lecture estim\u00e9e":"2 minutes"},"schema":{"@context":"https:\/\/schema.org","@graph":[{"@type":"WebPage","@id":"https:\/\/www.radper.com\/fr\/catalogues\/materiel-electrique\/relais-et-modules-optocoupleurs\/relais-a-usage-general-hr710-2p-ac110v\/","url":"https:\/\/www.radper.com\/fr\/catalogues\/materiel-electrique\/relais-et-modules-optocoupleurs\/relais-a-usage-general-hr710-2p-ac110v\/","name":"Relais \u00e0 usage g\u00e9n\u00e9ral HR710-2P AC110V - Radper","isPartOf":{"@id":"https:\/\/www.radper.com\/fr\/#website"},"primaryImageOfPage":{"@id":"https:\/\/www.radper.com\/fr\/catalogues\/materiel-electrique\/relais-et-modules-optocoupleurs\/relais-a-usage-general-hr710-2p-ac110v\/#primaryimage"},"image":{"@id":"https:\/\/www.radper.com\/fr\/catalogues\/materiel-electrique\/relais-et-modules-optocoupleurs\/relais-a-usage-general-hr710-2p-ac110v\/#primaryimage"},"thumbnailUrl":"https:\/\/www.radper.com\/wp-content\/uploads\/2023\/11\/HR710-2P-AC110V.jpg","datePublished":"2023-11-24T19:51:29+00:00","dateModified":"2025-08-29T08:15:49+00:00","description":"Relais HR710-2P AC110V : compact type cube, contacts argent, LED indicator et haute fiabilit\u00e9 pour applications industrielles. Devis via Radper.","breadcrumb":{"@id":"https:\/\/www.radper.com\/fr\/catalogues\/materiel-electrique\/relais-et-modules-optocoupleurs\/relais-a-usage-general-hr710-2p-ac110v\/#breadcrumb"},"inLanguage":"fr-FR","potentialAction":[{"@type":"ReadAction","target":["https:\/\/www.radper.com\/fr\/catalogues\/materiel-electrique\/relais-et-modules-optocoupleurs\/relais-a-usage-general-hr710-2p-ac110v\/"]}]},{"@type":"ImageObject","inLanguage":"fr-FR","@id":"https:\/\/www.radper.com\/fr\/catalogues\/materiel-electrique\/relais-et-modules-optocoupleurs\/relais-a-usage-general-hr710-2p-ac110v\/#primaryimage","url":"https:\/\/www.radper.com\/wp-content\/uploads\/2023\/11\/HR710-2P-AC110V.jpg","contentUrl":"https:\/\/www.radper.com\/wp-content\/uploads\/2023\/11\/HR710-2P-AC110V.jpg","width":400,"height":400},{"@type":"BreadcrumbList","@id":"https:\/\/www.radper.com\/fr\/catalogues\/materiel-electrique\/relais-et-modules-optocoupleurs\/relais-a-usage-general-hr710-2p-ac110v\/#breadcrumb","itemListElement":[{"@type":"ListItem","position":1,"name":"Accueil","item":"https:\/\/www.radper.com\/fr\/"},{"@type":"ListItem","position":2,"name":"Catalogue","item":"https:\/\/www.radper.com\/fr\/catalogue\/"},{"@type":"ListItem","position":3,"name":"Relais \u00e0 usage g\u00e9n\u00e9ral HR710-2P AC110V"}]},{"@type":"WebSite","@id":"https:\/\/www.radper.com\/fr\/#website","url":"https:\/\/www.radper.com\/fr\/","name":"Radper","description":"","publisher":{"@id":"https:\/\/www.radper.com\/fr\/#organization"},"potentialAction":[{"@type":"SearchAction","target":{"@type":"EntryPoint","urlTemplate":"https:\/\/www.radper.com\/fr\/?s={search_term_string}"},"query-input":{"@type":"PropertyValueSpecification","valueRequired":true,"valueName":"search_term_string"}}],"inLanguage":"fr-FR"},{"@type":"Organization","@id":"https:\/\/www.radper.com\/fr\/#organization","name":"radper","url":"https:\/\/www.radper.com\/fr\/","logo":{"@type":"ImageObject","inLanguage":"fr-FR","@id":"https:\/\/www.radper.com\/fr\/#\/schema\/logo\/image\/","url":"https:\/\/radper.com\/wp-content\/uploads\/2021\/04\/logo-wide-11.png","contentUrl":"https:\/\/radper.com\/wp-content\/uploads\/2021\/04\/logo-wide-11.png","width":250,"height":110,"caption":"radper"},"image":{"@id":"https:\/\/www.radper.com\/fr\/#\/schema\/logo\/image\/"}}]}},"_links":{"self":[{"href":"https:\/\/www.radper.com\/fr\/wp-json\/wp\/v2\/product\/41195","targetHints":{"allow":["GET"]}}],"collection":[{"href":"https:\/\/www.radper.com\/fr\/wp-json\/wp\/v2\/product"}],"about":[{"href":"https:\/\/www.radper.com\/fr\/wp-json\/wp\/v2\/types\/product"}],"wp:featuredmedia":[{"embeddable":true,"href":"https:\/\/www.radper.com\/fr\/wp-json\/wp\/v2\/media\/41280"}],"wp:attachment":[{"href":"https:\/\/www.radper.com\/fr\/wp-json\/wp\/v2\/media?parent=41195"}],"wp:term":[{"taxonomy":"product_brand","embeddable":true,"href":"https:\/\/www.radper.com\/fr\/wp-json\/wp\/v2\/product_brand?post=41195"},{"taxonomy":"product_cat","embeddable":true,"href":"https:\/\/www.radper.com\/fr\/wp-json\/wp\/v2\/product_cat?post=41195"},{"taxonomy":"product_tag","embeddable":true,"href":"https:\/\/www.radper.com\/fr\/wp-json\/wp\/v2\/product_tag?post=41195"}],"curies":[{"name":"wp","href":"https:\/\/api.w.org\/{rel}","templated":true}]}}