{"id":41245,"date":"2023-11-24T19:52:00","date_gmt":"2023-11-24T19:52:00","guid":{"rendered":"https:\/\/www.radper.com\/produit\/interrupteur-de-deconnexion-abb-1sca022371r5680\/"},"modified":"2025-07-31T09:56:30","modified_gmt":"2025-07-31T09:56:30","slug":"interrupteur-de-deconnexion-1sca022371r5680-abb","status":"publish","type":"product","link":"https:\/\/www.radper.com\/fr\/catalogues\/materiel-electrique\/contacteur-2\/interrupteur-de-deconnexion-1sca022371r5680-abb\/","title":{"rendered":"Interrupteur de d\u00e9connexion 1SCA022371R5680 ABB"},"content":{"rendered":"<p>Interrupteur de d\u00e9connexion ABB 1SCA022371R5680<\/p>\n<h3 data-start=\"385\" data-end=\"454\">Interrupteur-sectionneur 4P ABB OT45ET4 \u2013 R\u00e9f. 1SCA022371R5680<\/h3>\n<p data-start=\"456\" data-end=\"762\">L\u2019interrupteur-sectionneur <strong data-start=\"483\" data-end=\"498\">ABB OT45ET4<\/strong> r\u00e9f. <strong data-start=\"504\" data-end=\"523\">1SCA022371R5680<\/strong> est con\u00e7u pour assurer une isolation fiable et s\u00e9curis\u00e9e des circuits \u00e9lectriques. De type t\u00e9trapolaire (4 p\u00f4les), il est id\u00e9al pour les applications industrielles exigeantes n\u00e9cessitant un pouvoir de coupure et de commutation performant.<\/p>\n<h3 data-start=\"1323\" data-end=\"1355\">Avantages et applications<\/h3>\n<ul data-start=\"1357\" data-end=\"1591\">\n<li data-start=\"1357\" data-end=\"1451\">\n<p data-start=\"1359\" data-end=\"1451\">Fiable pour les coupures d\u2019urgence, les op\u00e9rations de maintenance ou d\u2019isolement \u00e9lectrique.<\/p>\n<\/li>\n<li data-start=\"1452\" data-end=\"1522\">\n<p data-start=\"1454\" data-end=\"1522\">Compatible avec les installations industrielles et tertiaires en BT.<\/p>\n<\/li>\n<li data-start=\"1523\" data-end=\"1591\">\n<p data-start=\"1525\" data-end=\"1591\">Conforme \u00e0 la norme <strong data-start=\"1545\" data-end=\"1560\">IEC 60947-3<\/strong> (appareillage de commutation).<\/p>\n<\/li>\n<\/ul>\n<h3 data-start=\"1593\" data-end=\"1626\">Normes et certifications<\/h3>\n<p data-start=\"1628\" data-end=\"1718\">Ce produit ABB b\u00e9n\u00e9ficie des certifications et conformit\u00e9s suivantes (selon la gamme OT) :<\/p>\n<ul data-start=\"1719\" data-end=\"1854\">\n<li data-start=\"1719\" data-end=\"1772\">\n<p data-start=\"1721\" data-end=\"1772\"><strong data-start=\"1721\" data-end=\"1731\">UL 508<\/strong>, <strong data-start=\"1733\" data-end=\"1745\">CSA 22.2<\/strong> pour les versions OT16\u202663.<\/p>\n<\/li>\n<li data-start=\"1773\" data-end=\"1854\">\n<p data-start=\"1775\" data-end=\"1854\"><strong data-start=\"1775\" data-end=\"1790\">IEC 60947-3<\/strong> : exigences de performance pour les interrupteurs-sectionneurs.<\/p>\n<\/li>\n<\/ul>\n<p><strong data-start=\"2590\" data-end=\"2629\">\u27a1\ufe0fRadper peut-il proposer une offre ?<\/strong><br data-start=\"2629\" data-end=\"2632\" \/>Oui. Radper met \u00e0 votre disposition un\u00a0<a href=\"https:\/\/www.radper.com\/fr\/demande-de-devis\/\"><strong data-start=\"2671\" data-end=\"2704\">service de devis personnalis\u00e9<\/strong><\/a>\u00a0selon vos quantit\u00e9s et besoins sp\u00e9cifiques.<\/p>\n","protected":false},"excerpt":{"rendered":"<p>1SCA022371R5680<\/p>\n","protected":false},"featured_media":41013,"template":"","meta":{"_acf_changed":false},"product_brand":[],"product_cat":[784],"product_tag":[],"class_list":{"0":"post-41245","1":"product","2":"type-product","3":"status-publish","4":"has-post-thumbnail","6":"product_cat-contacteur-2","7":"pa_marque-abb","9":"first","10":"instock","11":"featured","12":"taxable","13":"shipping-taxable","14":"product-type-simple"},"acf":[],"yoast_head":"<!-- This site is optimized with the Yoast SEO plugin v26.2 - https:\/\/yoast.com\/wordpress\/plugins\/seo\/ -->\n<title>Interrupteur de d\u00e9connexion 1SCA022371R5680 ABB - Radper<\/title>\n<meta name=\"description\" content=\"Interrupteur-sectionneur ABB OT45ET4 4P 60A r\u00e9f. 1SCA022371R5680 \u2013 Isolation fiable pour applications industrielles. Devis personnalis\u00e9 via Radper.\" \/>\n<meta name=\"robots\" content=\"index, follow, max-snippet:-1, max-image-preview:large, max-video-preview:-1\" \/>\n<link rel=\"canonical\" href=\"https:\/\/www.radper.com\/fr\/catalogues\/materiel-electrique\/contacteur-2\/interrupteur-de-deconnexion-1sca022371r5680-abb\/\" \/>\n<meta property=\"og:locale\" content=\"fr_FR\" \/>\n<meta property=\"og:type\" content=\"article\" \/>\n<meta property=\"og:title\" content=\"Interrupteur de d\u00e9connexion 1SCA022371R5680 ABB - Radper\" \/>\n<meta property=\"og:description\" content=\"Interrupteur-sectionneur ABB OT45ET4 4P 60A r\u00e9f. 1SCA022371R5680 \u2013 Isolation fiable pour applications industrielles. Devis personnalis\u00e9 via Radper.\" \/>\n<meta property=\"og:url\" content=\"https:\/\/www.radper.com\/fr\/catalogues\/materiel-electrique\/contacteur-2\/interrupteur-de-deconnexion-1sca022371r5680-abb\/\" \/>\n<meta property=\"og:site_name\" content=\"Radper\" \/>\n<meta property=\"article:modified_time\" content=\"2025-07-31T09:56:30+00:00\" \/>\n<meta property=\"og:image\" content=\"https:\/\/www.radper.com\/wp-content\/uploads\/2023\/11\/1SCA022371R5680.png\" \/>\n\t<meta property=\"og:image:width\" content=\"600\" \/>\n\t<meta property=\"og:image:height\" content=\"600\" \/>\n\t<meta property=\"og:image:type\" content=\"image\/png\" \/>\n<meta name=\"twitter:card\" content=\"summary_large_image\" \/>\n<meta name=\"twitter:label1\" content=\"Dur\u00e9e de lecture estim\u00e9e\" \/>\n\t<meta name=\"twitter:data1\" content=\"1 minute\" \/>\n<script type=\"application\/ld+json\" class=\"yoast-schema-graph\">{\"@context\":\"https:\/\/schema.org\",\"@graph\":[{\"@type\":\"WebPage\",\"@id\":\"https:\/\/www.radper.com\/fr\/catalogues\/materiel-electrique\/contacteur-2\/interrupteur-de-deconnexion-1sca022371r5680-abb\/\",\"url\":\"https:\/\/www.radper.com\/fr\/catalogues\/materiel-electrique\/contacteur-2\/interrupteur-de-deconnexion-1sca022371r5680-abb\/\",\"name\":\"Interrupteur de d\u00e9connexion 1SCA022371R5680 ABB - Radper\",\"isPartOf\":{\"@id\":\"https:\/\/www.radper.com\/fr\/#website\"},\"primaryImageOfPage\":{\"@id\":\"https:\/\/www.radper.com\/fr\/catalogues\/materiel-electrique\/contacteur-2\/interrupteur-de-deconnexion-1sca022371r5680-abb\/#primaryimage\"},\"image\":{\"@id\":\"https:\/\/www.radper.com\/fr\/catalogues\/materiel-electrique\/contacteur-2\/interrupteur-de-deconnexion-1sca022371r5680-abb\/#primaryimage\"},\"thumbnailUrl\":\"https:\/\/www.radper.com\/wp-content\/uploads\/2023\/11\/1SCA022371R5680.png\",\"datePublished\":\"2023-11-24T19:52:00+00:00\",\"dateModified\":\"2025-07-31T09:56:30+00:00\",\"description\":\"Interrupteur-sectionneur ABB OT45ET4 4P 60A r\u00e9f. 1SCA022371R5680 \u2013 Isolation fiable pour applications industrielles. Devis personnalis\u00e9 via Radper.\",\"breadcrumb\":{\"@id\":\"https:\/\/www.radper.com\/fr\/catalogues\/materiel-electrique\/contacteur-2\/interrupteur-de-deconnexion-1sca022371r5680-abb\/#breadcrumb\"},\"inLanguage\":\"fr-FR\",\"potentialAction\":[{\"@type\":\"ReadAction\",\"target\":[\"https:\/\/www.radper.com\/fr\/catalogues\/materiel-electrique\/contacteur-2\/interrupteur-de-deconnexion-1sca022371r5680-abb\/\"]}]},{\"@type\":\"ImageObject\",\"inLanguage\":\"fr-FR\",\"@id\":\"https:\/\/www.radper.com\/fr\/catalogues\/materiel-electrique\/contacteur-2\/interrupteur-de-deconnexion-1sca022371r5680-abb\/#primaryimage\",\"url\":\"https:\/\/www.radper.com\/wp-content\/uploads\/2023\/11\/1SCA022371R5680.png\",\"contentUrl\":\"https:\/\/www.radper.com\/wp-content\/uploads\/2023\/11\/1SCA022371R5680.png\",\"width\":600,\"height\":600},{\"@type\":\"BreadcrumbList\",\"@id\":\"https:\/\/www.radper.com\/fr\/catalogues\/materiel-electrique\/contacteur-2\/interrupteur-de-deconnexion-1sca022371r5680-abb\/#breadcrumb\",\"itemListElement\":[{\"@type\":\"ListItem\",\"position\":1,\"name\":\"Accueil\",\"item\":\"https:\/\/www.radper.com\/fr\/\"},{\"@type\":\"ListItem\",\"position\":2,\"name\":\"Catalogue\",\"item\":\"https:\/\/www.radper.com\/fr\/catalogue\/\"},{\"@type\":\"ListItem\",\"position\":3,\"name\":\"Interrupteur de d\u00e9connexion 1SCA022371R5680 ABB\"}]},{\"@type\":\"WebSite\",\"@id\":\"https:\/\/www.radper.com\/fr\/#website\",\"url\":\"https:\/\/www.radper.com\/fr\/\",\"name\":\"Radper\",\"description\":\"\",\"publisher\":{\"@id\":\"https:\/\/www.radper.com\/fr\/#organization\"},\"potentialAction\":[{\"@type\":\"SearchAction\",\"target\":{\"@type\":\"EntryPoint\",\"urlTemplate\":\"https:\/\/www.radper.com\/fr\/?s={search_term_string}\"},\"query-input\":{\"@type\":\"PropertyValueSpecification\",\"valueRequired\":true,\"valueName\":\"search_term_string\"}}],\"inLanguage\":\"fr-FR\"},{\"@type\":\"Organization\",\"@id\":\"https:\/\/www.radper.com\/fr\/#organization\",\"name\":\"radper\",\"url\":\"https:\/\/www.radper.com\/fr\/\",\"logo\":{\"@type\":\"ImageObject\",\"inLanguage\":\"fr-FR\",\"@id\":\"https:\/\/www.radper.com\/fr\/#\/schema\/logo\/image\/\",\"url\":\"https:\/\/radper.com\/wp-content\/uploads\/2021\/04\/logo-wide-11.png\",\"contentUrl\":\"https:\/\/radper.com\/wp-content\/uploads\/2021\/04\/logo-wide-11.png\",\"width\":250,\"height\":110,\"caption\":\"radper\"},\"image\":{\"@id\":\"https:\/\/www.radper.com\/fr\/#\/schema\/logo\/image\/\"}}]}<\/script>\n<!-- \/ Yoast SEO plugin. -->","yoast_head_json":{"title":"Interrupteur de d\u00e9connexion 1SCA022371R5680 ABB - Radper","description":"Interrupteur-sectionneur ABB OT45ET4 4P 60A r\u00e9f. 1SCA022371R5680 \u2013 Isolation fiable pour applications industrielles. Devis personnalis\u00e9 via Radper.","robots":{"index":"index","follow":"follow","max-snippet":"max-snippet:-1","max-image-preview":"max-image-preview:large","max-video-preview":"max-video-preview:-1"},"canonical":"https:\/\/www.radper.com\/fr\/catalogues\/materiel-electrique\/contacteur-2\/interrupteur-de-deconnexion-1sca022371r5680-abb\/","og_locale":"fr_FR","og_type":"article","og_title":"Interrupteur de d\u00e9connexion 1SCA022371R5680 ABB - Radper","og_description":"Interrupteur-sectionneur ABB OT45ET4 4P 60A r\u00e9f. 1SCA022371R5680 \u2013 Isolation fiable pour applications industrielles. Devis personnalis\u00e9 via Radper.","og_url":"https:\/\/www.radper.com\/fr\/catalogues\/materiel-electrique\/contacteur-2\/interrupteur-de-deconnexion-1sca022371r5680-abb\/","og_site_name":"Radper","article_modified_time":"2025-07-31T09:56:30+00:00","og_image":[{"width":600,"height":600,"url":"https:\/\/www.radper.com\/wp-content\/uploads\/2023\/11\/1SCA022371R5680.png","type":"image\/png"}],"twitter_card":"summary_large_image","twitter_misc":{"Dur\u00e9e de lecture estim\u00e9e":"1 minute"},"schema":{"@context":"https:\/\/schema.org","@graph":[{"@type":"WebPage","@id":"https:\/\/www.radper.com\/fr\/catalogues\/materiel-electrique\/contacteur-2\/interrupteur-de-deconnexion-1sca022371r5680-abb\/","url":"https:\/\/www.radper.com\/fr\/catalogues\/materiel-electrique\/contacteur-2\/interrupteur-de-deconnexion-1sca022371r5680-abb\/","name":"Interrupteur de d\u00e9connexion 1SCA022371R5680 ABB - Radper","isPartOf":{"@id":"https:\/\/www.radper.com\/fr\/#website"},"primaryImageOfPage":{"@id":"https:\/\/www.radper.com\/fr\/catalogues\/materiel-electrique\/contacteur-2\/interrupteur-de-deconnexion-1sca022371r5680-abb\/#primaryimage"},"image":{"@id":"https:\/\/www.radper.com\/fr\/catalogues\/materiel-electrique\/contacteur-2\/interrupteur-de-deconnexion-1sca022371r5680-abb\/#primaryimage"},"thumbnailUrl":"https:\/\/www.radper.com\/wp-content\/uploads\/2023\/11\/1SCA022371R5680.png","datePublished":"2023-11-24T19:52:00+00:00","dateModified":"2025-07-31T09:56:30+00:00","description":"Interrupteur-sectionneur ABB OT45ET4 4P 60A r\u00e9f. 1SCA022371R5680 \u2013 Isolation fiable pour applications industrielles. Devis personnalis\u00e9 via Radper.","breadcrumb":{"@id":"https:\/\/www.radper.com\/fr\/catalogues\/materiel-electrique\/contacteur-2\/interrupteur-de-deconnexion-1sca022371r5680-abb\/#breadcrumb"},"inLanguage":"fr-FR","potentialAction":[{"@type":"ReadAction","target":["https:\/\/www.radper.com\/fr\/catalogues\/materiel-electrique\/contacteur-2\/interrupteur-de-deconnexion-1sca022371r5680-abb\/"]}]},{"@type":"ImageObject","inLanguage":"fr-FR","@id":"https:\/\/www.radper.com\/fr\/catalogues\/materiel-electrique\/contacteur-2\/interrupteur-de-deconnexion-1sca022371r5680-abb\/#primaryimage","url":"https:\/\/www.radper.com\/wp-content\/uploads\/2023\/11\/1SCA022371R5680.png","contentUrl":"https:\/\/www.radper.com\/wp-content\/uploads\/2023\/11\/1SCA022371R5680.png","width":600,"height":600},{"@type":"BreadcrumbList","@id":"https:\/\/www.radper.com\/fr\/catalogues\/materiel-electrique\/contacteur-2\/interrupteur-de-deconnexion-1sca022371r5680-abb\/#breadcrumb","itemListElement":[{"@type":"ListItem","position":1,"name":"Accueil","item":"https:\/\/www.radper.com\/fr\/"},{"@type":"ListItem","position":2,"name":"Catalogue","item":"https:\/\/www.radper.com\/fr\/catalogue\/"},{"@type":"ListItem","position":3,"name":"Interrupteur de d\u00e9connexion 1SCA022371R5680 ABB"}]},{"@type":"WebSite","@id":"https:\/\/www.radper.com\/fr\/#website","url":"https:\/\/www.radper.com\/fr\/","name":"Radper","description":"","publisher":{"@id":"https:\/\/www.radper.com\/fr\/#organization"},"potentialAction":[{"@type":"SearchAction","target":{"@type":"EntryPoint","urlTemplate":"https:\/\/www.radper.com\/fr\/?s={search_term_string}"},"query-input":{"@type":"PropertyValueSpecification","valueRequired":true,"valueName":"search_term_string"}}],"inLanguage":"fr-FR"},{"@type":"Organization","@id":"https:\/\/www.radper.com\/fr\/#organization","name":"radper","url":"https:\/\/www.radper.com\/fr\/","logo":{"@type":"ImageObject","inLanguage":"fr-FR","@id":"https:\/\/www.radper.com\/fr\/#\/schema\/logo\/image\/","url":"https:\/\/radper.com\/wp-content\/uploads\/2021\/04\/logo-wide-11.png","contentUrl":"https:\/\/radper.com\/wp-content\/uploads\/2021\/04\/logo-wide-11.png","width":250,"height":110,"caption":"radper"},"image":{"@id":"https:\/\/www.radper.com\/fr\/#\/schema\/logo\/image\/"}}]}},"_links":{"self":[{"href":"https:\/\/www.radper.com\/fr\/wp-json\/wp\/v2\/product\/41245","targetHints":{"allow":["GET"]}}],"collection":[{"href":"https:\/\/www.radper.com\/fr\/wp-json\/wp\/v2\/product"}],"about":[{"href":"https:\/\/www.radper.com\/fr\/wp-json\/wp\/v2\/types\/product"}],"wp:featuredmedia":[{"embeddable":true,"href":"https:\/\/www.radper.com\/fr\/wp-json\/wp\/v2\/media\/41013"}],"wp:attachment":[{"href":"https:\/\/www.radper.com\/fr\/wp-json\/wp\/v2\/media?parent=41245"}],"wp:term":[{"taxonomy":"product_brand","embeddable":true,"href":"https:\/\/www.radper.com\/fr\/wp-json\/wp\/v2\/product_brand?post=41245"},{"taxonomy":"product_cat","embeddable":true,"href":"https:\/\/www.radper.com\/fr\/wp-json\/wp\/v2\/product_cat?post=41245"},{"taxonomy":"product_tag","embeddable":true,"href":"https:\/\/www.radper.com\/fr\/wp-json\/wp\/v2\/product_tag?post=41245"}],"curies":[{"name":"wp","href":"https:\/\/api.w.org\/{rel}","templated":true}]}}