{"id":44375,"date":"2025-04-22T10:32:45","date_gmt":"2025-04-22T10:32:45","guid":{"rendered":"https:\/\/www.radper.com\/?post_type=product&#038;p=44375"},"modified":"2025-05-07T08:17:07","modified_gmt":"2025-05-07T08:17:07","slug":"disjoncteur-3vl27-12-1em43-0aa0-siemens","status":"publish","type":"product","link":"https:\/\/www.radper.com\/fr\/catalogues\/materiel-electrique\/protecteurs-disjoncteurs\/disjoncteur-3vl27-12-1em43-0aa0-siemens\/","title":{"rendered":"Disjoncteur 3VL2712-1EM43-0AA0 \u00e9quivalent 3VA1112-5GF46-&#8230; SIEMENS"},"content":{"rendered":"<h3 class=\"\" data-start=\"137\" data-end=\"257\"><strong data-start=\"141\" data-end=\"257\">Disjoncteur Siemens VL160N 125A \u2013 4 p\u00f4les \u2013 Icu 55 kA \u2013 3VL2712-1EM43-0AA0\u00a0<\/strong><\/h3>\n<p class=\"\" data-start=\"292\" data-end=\"600\">Ce mod\u00e8le\u00a0<strong data-start=\"451\" data-end=\"461\">VL160N<\/strong>\u00a04 p\u00f4les, courant assign\u00e9\u00a0<strong data-start=\"487\" data-end=\"496\">125 A<\/strong>, int\u00e8gre un d\u00e9clencheur thermique-magn\u00e9tique\u00a0<strong data-start=\"542\" data-end=\"553\">TM (LI)<\/strong>\u00a0r\u00e9glable (100\u2026125 A) et un d\u00e9clencheur instantan\u00e9 pour courts-circuits (625 A \u2192 1 250 A). Il garantit un\u00a0<strong data-start=\"659\" data-end=\"704\">pouvoir de coupure Icu = 55 kA \u00e0 415 V CA<\/strong>\u00a0(Ics identique), avec une tension d\u2019emploi jusqu\u2019\u00e0\u00a0<strong data-start=\"756\" data-end=\"768\">690 V CA<\/strong>\u00a0ou\u00a0<strong data-start=\"772\" data-end=\"784\">500 V CC<\/strong>. Sa construction offre une dur\u00e9e de vie \u00e9lectrique de\u00a0<strong data-start=\"839\" data-end=\"856\">10 000 cycles<\/strong>\u00a0et m\u00e9canique de\u00a0<strong data-start=\"873\" data-end=\"890\">20 000 cycles<\/strong>, dans une plage de fonctionnement de\u00a0<strong data-start=\"928\" data-end=\"945\">0 \u00b0C \u00e0 +70 \u00b0C<\/strong>\u00a0(stockage \u201340 \u00b0C \u00e0 +80 \u00b0C).<br data-start=\"531\" data-end=\"534\" \/><em data-start=\"534\" data-end=\"600\">Son successeur est le 3VA1112-5GF46-&#8230;<\/em><\/p>\n<h3 class=\"\" data-start=\"0\" data-end=\"43\">Disjoncteurs Siemens s\u00e9rie 3VL \u2013 VL160N<\/h3>\n<p class=\"\" data-start=\"45\" data-end=\"357\">Les disjoncteurs de la s\u00e9rie\u00a0<strong data-start=\"74\" data-end=\"81\">3VL<\/strong>\u00a0de Siemens offrent une protection robuste contre les surcharges et les courts-circuits dans les environnements industriels, tertiaires et r\u00e9sidentiels. La gamme\u00a0<strong data-start=\"243\" data-end=\"253\">VL160N<\/strong>\u00a0associe compacit\u00e9 et performance, avec des mod\u00e8les jusqu\u2019\u00e0\u00a0<strong data-start=\"313\" data-end=\"325\">690 V CA<\/strong>\u00a0et un pouvoir de coupure \u00e9lev\u00e9.<\/p>\n<h3 class=\"\" data-start=\"1963\" data-end=\"1980\"><strong data-start=\"1967\" data-end=\"1980\">Avantages<\/strong><\/h3>\n<ul data-start=\"1982\" data-end=\"2640\">\n<li class=\"\" data-start=\"1982\" data-end=\"2087\">\n<p class=\"\" data-start=\"1984\" data-end=\"2087\">Excellente capacit\u00e9 de coupure jusqu\u2019\u00e0 55 kA \u00e0 415 V pour une haute s\u00e9curit\u00e9 en cas de court-circuit.<\/p>\n<\/li>\n<li class=\"\" data-start=\"2088\" data-end=\"2206\">\n<p class=\"\" data-start=\"2090\" data-end=\"2206\">R\u00e9glages pr\u00e9cis de la protection thermique et magn\u00e9tique pour s\u2019adapter aux besoins sp\u00e9cifiques des installations.<\/p>\n<\/li>\n<li class=\"\" data-start=\"2207\" data-end=\"2307\">\n<p class=\"\" data-start=\"2209\" data-end=\"2307\">Longue dur\u00e9e de vie m\u00e9canique et \u00e9lectrique, garantissant fiabilit\u00e9 et robustesse dans le temps.<\/p>\n<\/li>\n<li class=\"\" data-start=\"2308\" data-end=\"2402\">\n<p class=\"\" data-start=\"2310\" data-end=\"2402\">Compatible avec des environnements industriels exigeants, jusqu\u2019\u00e0 70 \u00b0C en fonctionnement.<\/p>\n<\/li>\n<li class=\"\" data-start=\"2403\" data-end=\"2497\">\n<p class=\"\" data-start=\"2405\" data-end=\"2497\">Raccordement frontal facile avec bornes \u00e0 cage, adapt\u00e9 \u00e0 divers types de c\u00e2bles et barres.<\/p>\n<\/li>\n<li class=\"\" data-start=\"2498\" data-end=\"2562\">\n<p class=\"\" data-start=\"2500\" data-end=\"2562\">Possibilit\u00e9 d\u2019ajout de commande motoris\u00e9e selon les besoins.<\/p>\n<\/li>\n<\/ul>\n<h3 class=\"\" data-start=\"1568\" data-end=\"1588\"><strong data-start=\"1572\" data-end=\"1588\">Applications<\/strong><\/h3>\n<p class=\"\" data-start=\"1590\" data-end=\"1891\">Con\u00e7u pour la protection des lignes et \u00e9quipements dans les syst\u00e8mes de distribution \u00e9lectrique moyenne puissance. Particuli\u00e8rement adapt\u00e9 aux environnements industriels, aux tableaux de distribution et aux installations n\u00e9cessitant un haut niveau de fiabilit\u00e9 en cas de surcharge ou de court-circuit.<\/p>\n<p class=\"\" data-start=\"1911\" data-end=\"2039\"><strong data-start=\"1911\" data-end=\"1966\">\u27a1\ufe0fLe disjoncteur inclut-il des contacts auxiliaires ?<\/strong><br data-start=\"1966\" data-end=\"1969\" \/>Non, il est fourni sans contact auxiliaire ou d\u00e9clencheur additionnel.<\/p>\n<p class=\"\" data-start=\"2041\" data-end=\"2151\"><strong data-start=\"2041\" data-end=\"2095\">\u27a1\ufe0fPeut-il \u00eatre utilis\u00e9 avec une commande motoris\u00e9e ?<\/strong><br data-start=\"2095\" data-end=\"2098\" \/>Oui, une commande motoris\u00e9e est disponible en option.<\/p>\n","protected":false},"excerpt":{"rendered":"<p>3VL27-12-1EM43-0AA0<\/p>\n","protected":false},"featured_media":12154,"template":"","meta":{"_acf_changed":false},"product_brand":[],"product_cat":[716],"product_tag":[],"class_list":{"0":"post-44375","1":"product","2":"type-product","3":"status-publish","4":"has-post-thumbnail","6":"product_cat-protecteurs-disjoncteurs","7":"pa_marque-siemens","9":"first","10":"instock","11":"taxable","12":"shipping-taxable","13":"purchasable","14":"product-type-simple"},"acf":[],"yoast_head":"<!-- This site is optimized with the Yoast SEO plugin v26.2 - https:\/\/yoast.com\/wordpress\/plugins\/seo\/ -->\n<title>Disjoncteur 3VL2712-1EM43-0AA0 \u00e9quivalent 3VA1112-5GF46-... SIEMENS - Radper<\/title>\n<meta name=\"description\" content=\"Siemens 3VL2712-1EM43-0AA0 : disjoncteur 125 A, Icu 55 kA. Performant et robuste. Solutions adapt\u00e9es et accompagnement personnalis\u00e9 avec Radper.\" \/>\n<meta name=\"robots\" content=\"index, follow, max-snippet:-1, max-image-preview:large, max-video-preview:-1\" \/>\n<link rel=\"canonical\" href=\"https:\/\/www.radper.com\/fr\/catalogues\/materiel-electrique\/protecteurs-disjoncteurs\/disjoncteur-3vl27-12-1em43-0aa0-siemens\/\" \/>\n<meta property=\"og:locale\" content=\"fr_FR\" \/>\n<meta property=\"og:type\" content=\"article\" \/>\n<meta property=\"og:title\" content=\"Disjoncteur 3VL2712-1EM43-0AA0 \u00e9quivalent 3VA1112-5GF46-... SIEMENS - Radper\" \/>\n<meta property=\"og:description\" content=\"Siemens 3VL2712-1EM43-0AA0 : disjoncteur 125 A, Icu 55 kA. Performant et robuste. Solutions adapt\u00e9es et accompagnement personnalis\u00e9 avec Radper.\" \/>\n<meta property=\"og:url\" content=\"https:\/\/www.radper.com\/fr\/catalogues\/materiel-electrique\/protecteurs-disjoncteurs\/disjoncteur-3vl27-12-1em43-0aa0-siemens\/\" \/>\n<meta property=\"og:site_name\" content=\"Radper\" \/>\n<meta property=\"article:modified_time\" content=\"2025-05-07T08:17:07+00:00\" \/>\n<meta property=\"og:image\" content=\"https:\/\/www.radper.com\/wp-content\/uploads\/2022\/05\/3VL2712-1EM43-0AA0.jpg\" \/>\n\t<meta property=\"og:image:width\" content=\"600\" \/>\n\t<meta property=\"og:image:height\" content=\"600\" \/>\n\t<meta property=\"og:image:type\" content=\"image\/jpeg\" \/>\n<meta name=\"twitter:card\" content=\"summary_large_image\" \/>\n<meta name=\"twitter:label1\" content=\"Dur\u00e9e de lecture estim\u00e9e\" \/>\n\t<meta name=\"twitter:data1\" content=\"2 minutes\" \/>\n<script type=\"application\/ld+json\" class=\"yoast-schema-graph\">{\"@context\":\"https:\/\/schema.org\",\"@graph\":[{\"@type\":\"WebPage\",\"@id\":\"https:\/\/www.radper.com\/fr\/catalogues\/materiel-electrique\/protecteurs-disjoncteurs\/disjoncteur-3vl27-12-1em43-0aa0-siemens\/\",\"url\":\"https:\/\/www.radper.com\/fr\/catalogues\/materiel-electrique\/protecteurs-disjoncteurs\/disjoncteur-3vl27-12-1em43-0aa0-siemens\/\",\"name\":\"Disjoncteur 3VL2712-1EM43-0AA0 \u00e9quivalent 3VA1112-5GF46-... SIEMENS - Radper\",\"isPartOf\":{\"@id\":\"https:\/\/www.radper.com\/fr\/#website\"},\"primaryImageOfPage\":{\"@id\":\"https:\/\/www.radper.com\/fr\/catalogues\/materiel-electrique\/protecteurs-disjoncteurs\/disjoncteur-3vl27-12-1em43-0aa0-siemens\/#primaryimage\"},\"image\":{\"@id\":\"https:\/\/www.radper.com\/fr\/catalogues\/materiel-electrique\/protecteurs-disjoncteurs\/disjoncteur-3vl27-12-1em43-0aa0-siemens\/#primaryimage\"},\"thumbnailUrl\":\"https:\/\/www.radper.com\/wp-content\/uploads\/2022\/05\/3VL2712-1EM43-0AA0.jpg\",\"datePublished\":\"2025-04-22T10:32:45+00:00\",\"dateModified\":\"2025-05-07T08:17:07+00:00\",\"description\":\"Siemens 3VL2712-1EM43-0AA0 : disjoncteur 125 A, Icu 55 kA. Performant et robuste. Solutions adapt\u00e9es et accompagnement personnalis\u00e9 avec Radper.\",\"breadcrumb\":{\"@id\":\"https:\/\/www.radper.com\/fr\/catalogues\/materiel-electrique\/protecteurs-disjoncteurs\/disjoncteur-3vl27-12-1em43-0aa0-siemens\/#breadcrumb\"},\"inLanguage\":\"fr-FR\",\"potentialAction\":[{\"@type\":\"ReadAction\",\"target\":[\"https:\/\/www.radper.com\/fr\/catalogues\/materiel-electrique\/protecteurs-disjoncteurs\/disjoncteur-3vl27-12-1em43-0aa0-siemens\/\"]}]},{\"@type\":\"ImageObject\",\"inLanguage\":\"fr-FR\",\"@id\":\"https:\/\/www.radper.com\/fr\/catalogues\/materiel-electrique\/protecteurs-disjoncteurs\/disjoncteur-3vl27-12-1em43-0aa0-siemens\/#primaryimage\",\"url\":\"https:\/\/www.radper.com\/wp-content\/uploads\/2022\/05\/3VL2712-1EM43-0AA0.jpg\",\"contentUrl\":\"https:\/\/www.radper.com\/wp-content\/uploads\/2022\/05\/3VL2712-1EM43-0AA0.jpg\",\"width\":600,\"height\":600},{\"@type\":\"BreadcrumbList\",\"@id\":\"https:\/\/www.radper.com\/fr\/catalogues\/materiel-electrique\/protecteurs-disjoncteurs\/disjoncteur-3vl27-12-1em43-0aa0-siemens\/#breadcrumb\",\"itemListElement\":[{\"@type\":\"ListItem\",\"position\":1,\"name\":\"Accueil\",\"item\":\"https:\/\/www.radper.com\/fr\/\"},{\"@type\":\"ListItem\",\"position\":2,\"name\":\"Catalogue\",\"item\":\"https:\/\/www.radper.com\/fr\/catalogue\/\"},{\"@type\":\"ListItem\",\"position\":3,\"name\":\"Disjoncteur 3VL2712-1EM43-0AA0 \u00e9quivalent 3VA1112-5GF46-&#8230; SIEMENS\"}]},{\"@type\":\"WebSite\",\"@id\":\"https:\/\/www.radper.com\/fr\/#website\",\"url\":\"https:\/\/www.radper.com\/fr\/\",\"name\":\"Radper\",\"description\":\"\",\"publisher\":{\"@id\":\"https:\/\/www.radper.com\/fr\/#organization\"},\"potentialAction\":[{\"@type\":\"SearchAction\",\"target\":{\"@type\":\"EntryPoint\",\"urlTemplate\":\"https:\/\/www.radper.com\/fr\/?s={search_term_string}\"},\"query-input\":{\"@type\":\"PropertyValueSpecification\",\"valueRequired\":true,\"valueName\":\"search_term_string\"}}],\"inLanguage\":\"fr-FR\"},{\"@type\":\"Organization\",\"@id\":\"https:\/\/www.radper.com\/fr\/#organization\",\"name\":\"radper\",\"url\":\"https:\/\/www.radper.com\/fr\/\",\"logo\":{\"@type\":\"ImageObject\",\"inLanguage\":\"fr-FR\",\"@id\":\"https:\/\/www.radper.com\/fr\/#\/schema\/logo\/image\/\",\"url\":\"https:\/\/radper.com\/wp-content\/uploads\/2021\/04\/logo-wide-11.png\",\"contentUrl\":\"https:\/\/radper.com\/wp-content\/uploads\/2021\/04\/logo-wide-11.png\",\"width\":250,\"height\":110,\"caption\":\"radper\"},\"image\":{\"@id\":\"https:\/\/www.radper.com\/fr\/#\/schema\/logo\/image\/\"}}]}<\/script>\n<!-- \/ Yoast SEO plugin. -->","yoast_head_json":{"title":"Disjoncteur 3VL2712-1EM43-0AA0 \u00e9quivalent 3VA1112-5GF46-... SIEMENS - Radper","description":"Siemens 3VL2712-1EM43-0AA0 : disjoncteur 125 A, Icu 55 kA. Performant et robuste. Solutions adapt\u00e9es et accompagnement personnalis\u00e9 avec Radper.","robots":{"index":"index","follow":"follow","max-snippet":"max-snippet:-1","max-image-preview":"max-image-preview:large","max-video-preview":"max-video-preview:-1"},"canonical":"https:\/\/www.radper.com\/fr\/catalogues\/materiel-electrique\/protecteurs-disjoncteurs\/disjoncteur-3vl27-12-1em43-0aa0-siemens\/","og_locale":"fr_FR","og_type":"article","og_title":"Disjoncteur 3VL2712-1EM43-0AA0 \u00e9quivalent 3VA1112-5GF46-... SIEMENS - Radper","og_description":"Siemens 3VL2712-1EM43-0AA0 : disjoncteur 125 A, Icu 55 kA. Performant et robuste. Solutions adapt\u00e9es et accompagnement personnalis\u00e9 avec Radper.","og_url":"https:\/\/www.radper.com\/fr\/catalogues\/materiel-electrique\/protecteurs-disjoncteurs\/disjoncteur-3vl27-12-1em43-0aa0-siemens\/","og_site_name":"Radper","article_modified_time":"2025-05-07T08:17:07+00:00","og_image":[{"width":600,"height":600,"url":"https:\/\/www.radper.com\/wp-content\/uploads\/2022\/05\/3VL2712-1EM43-0AA0.jpg","type":"image\/jpeg"}],"twitter_card":"summary_large_image","twitter_misc":{"Dur\u00e9e de lecture estim\u00e9e":"2 minutes"},"schema":{"@context":"https:\/\/schema.org","@graph":[{"@type":"WebPage","@id":"https:\/\/www.radper.com\/fr\/catalogues\/materiel-electrique\/protecteurs-disjoncteurs\/disjoncteur-3vl27-12-1em43-0aa0-siemens\/","url":"https:\/\/www.radper.com\/fr\/catalogues\/materiel-electrique\/protecteurs-disjoncteurs\/disjoncteur-3vl27-12-1em43-0aa0-siemens\/","name":"Disjoncteur 3VL2712-1EM43-0AA0 \u00e9quivalent 3VA1112-5GF46-... SIEMENS - Radper","isPartOf":{"@id":"https:\/\/www.radper.com\/fr\/#website"},"primaryImageOfPage":{"@id":"https:\/\/www.radper.com\/fr\/catalogues\/materiel-electrique\/protecteurs-disjoncteurs\/disjoncteur-3vl27-12-1em43-0aa0-siemens\/#primaryimage"},"image":{"@id":"https:\/\/www.radper.com\/fr\/catalogues\/materiel-electrique\/protecteurs-disjoncteurs\/disjoncteur-3vl27-12-1em43-0aa0-siemens\/#primaryimage"},"thumbnailUrl":"https:\/\/www.radper.com\/wp-content\/uploads\/2022\/05\/3VL2712-1EM43-0AA0.jpg","datePublished":"2025-04-22T10:32:45+00:00","dateModified":"2025-05-07T08:17:07+00:00","description":"Siemens 3VL2712-1EM43-0AA0 : disjoncteur 125 A, Icu 55 kA. Performant et robuste. Solutions adapt\u00e9es et accompagnement personnalis\u00e9 avec Radper.","breadcrumb":{"@id":"https:\/\/www.radper.com\/fr\/catalogues\/materiel-electrique\/protecteurs-disjoncteurs\/disjoncteur-3vl27-12-1em43-0aa0-siemens\/#breadcrumb"},"inLanguage":"fr-FR","potentialAction":[{"@type":"ReadAction","target":["https:\/\/www.radper.com\/fr\/catalogues\/materiel-electrique\/protecteurs-disjoncteurs\/disjoncteur-3vl27-12-1em43-0aa0-siemens\/"]}]},{"@type":"ImageObject","inLanguage":"fr-FR","@id":"https:\/\/www.radper.com\/fr\/catalogues\/materiel-electrique\/protecteurs-disjoncteurs\/disjoncteur-3vl27-12-1em43-0aa0-siemens\/#primaryimage","url":"https:\/\/www.radper.com\/wp-content\/uploads\/2022\/05\/3VL2712-1EM43-0AA0.jpg","contentUrl":"https:\/\/www.radper.com\/wp-content\/uploads\/2022\/05\/3VL2712-1EM43-0AA0.jpg","width":600,"height":600},{"@type":"BreadcrumbList","@id":"https:\/\/www.radper.com\/fr\/catalogues\/materiel-electrique\/protecteurs-disjoncteurs\/disjoncteur-3vl27-12-1em43-0aa0-siemens\/#breadcrumb","itemListElement":[{"@type":"ListItem","position":1,"name":"Accueil","item":"https:\/\/www.radper.com\/fr\/"},{"@type":"ListItem","position":2,"name":"Catalogue","item":"https:\/\/www.radper.com\/fr\/catalogue\/"},{"@type":"ListItem","position":3,"name":"Disjoncteur 3VL2712-1EM43-0AA0 \u00e9quivalent 3VA1112-5GF46-&#8230; SIEMENS"}]},{"@type":"WebSite","@id":"https:\/\/www.radper.com\/fr\/#website","url":"https:\/\/www.radper.com\/fr\/","name":"Radper","description":"","publisher":{"@id":"https:\/\/www.radper.com\/fr\/#organization"},"potentialAction":[{"@type":"SearchAction","target":{"@type":"EntryPoint","urlTemplate":"https:\/\/www.radper.com\/fr\/?s={search_term_string}"},"query-input":{"@type":"PropertyValueSpecification","valueRequired":true,"valueName":"search_term_string"}}],"inLanguage":"fr-FR"},{"@type":"Organization","@id":"https:\/\/www.radper.com\/fr\/#organization","name":"radper","url":"https:\/\/www.radper.com\/fr\/","logo":{"@type":"ImageObject","inLanguage":"fr-FR","@id":"https:\/\/www.radper.com\/fr\/#\/schema\/logo\/image\/","url":"https:\/\/radper.com\/wp-content\/uploads\/2021\/04\/logo-wide-11.png","contentUrl":"https:\/\/radper.com\/wp-content\/uploads\/2021\/04\/logo-wide-11.png","width":250,"height":110,"caption":"radper"},"image":{"@id":"https:\/\/www.radper.com\/fr\/#\/schema\/logo\/image\/"}}]}},"_links":{"self":[{"href":"https:\/\/www.radper.com\/fr\/wp-json\/wp\/v2\/product\/44375","targetHints":{"allow":["GET"]}}],"collection":[{"href":"https:\/\/www.radper.com\/fr\/wp-json\/wp\/v2\/product"}],"about":[{"href":"https:\/\/www.radper.com\/fr\/wp-json\/wp\/v2\/types\/product"}],"wp:featuredmedia":[{"embeddable":true,"href":"https:\/\/www.radper.com\/fr\/wp-json\/wp\/v2\/media\/12154"}],"wp:attachment":[{"href":"https:\/\/www.radper.com\/fr\/wp-json\/wp\/v2\/media?parent=44375"}],"wp:term":[{"taxonomy":"product_brand","embeddable":true,"href":"https:\/\/www.radper.com\/fr\/wp-json\/wp\/v2\/product_brand?post=44375"},{"taxonomy":"product_cat","embeddable":true,"href":"https:\/\/www.radper.com\/fr\/wp-json\/wp\/v2\/product_cat?post=44375"},{"taxonomy":"product_tag","embeddable":true,"href":"https:\/\/www.radper.com\/fr\/wp-json\/wp\/v2\/product_tag?post=44375"}],"curies":[{"name":"wp","href":"https:\/\/api.w.org\/{rel}","templated":true}]}}