{"id":44393,"date":"2025-04-23T10:58:35","date_gmt":"2025-04-23T10:58:35","guid":{"rendered":"https:\/\/www.radper.com\/?post_type=product&#038;p=44393"},"modified":"2025-06-24T14:10:33","modified_gmt":"2025-06-24T14:10:33","slug":"regulateur-de-temperature-tk4h-14rr-autonics","status":"publish","type":"product","link":"https:\/\/www.radper.com\/fr\/catalogues\/controle-de-process\/regulateurs-controleurs\/regulateur-de-temperature-tk4h-14rr-autonics\/","title":{"rendered":"R\u00e9gulateur de temp\u00e9rature TK4H-14RR Autonics"},"content":{"rendered":"<h2 data-start=\"292\" data-end=\"396\">R\u00e9gulateur de temp\u00e9rature TK4H-14RR Autonics \u2013 4 sorties \u2013 PID \/ ON-OFF \u2013 Entr\u00e9es universelles \u2013 IP65<\/h2>\n<p data-start=\"398\" data-end=\"910\">Le <strong data-start=\"401\" data-end=\"423\">TK4H-14RR Autonics<\/strong> est un <strong data-start=\"431\" data-end=\"474\">r\u00e9gulateur de temp\u00e9rature multifonction<\/strong> compact dot\u00e9 d\u2019un <strong data-start=\"493\" data-end=\"521\">afficheur LED 4 chiffres<\/strong> et d\u2019un <strong data-start=\"530\" data-end=\"550\">bo\u00eetier 48&#215;48 mm<\/strong>. Compatible avec une large vari\u00e9t\u00e9 de sondes thermocouples, RTD et signaux analogiques, il prend en charge plusieurs m\u00e9thodes de contr\u00f4le telles que <strong data-start=\"700\" data-end=\"710\">ON\/OFF<\/strong>, <strong data-start=\"712\" data-end=\"719\">PID<\/strong>, <strong data-start=\"721\" data-end=\"727\">PI<\/strong>, <strong data-start=\"729\" data-end=\"734\">P<\/strong> ou <strong data-start=\"738\" data-end=\"744\">PD<\/strong>. Gr\u00e2ce \u00e0 sa <strong data-start=\"757\" data-end=\"788\">sortie relais 250 VAC \/ 3 A<\/strong> et ses nombreuses options d\u2019alarme et d\u2019entr\u00e9e (CT, digitales), il s\u2019adapte \u00e0 de nombreuses configurations industrielles.<\/p>\n<h3 data-start=\"917\" data-end=\"954\">Avantages du TK4H-14RR Autonics<\/h3>\n<ul data-start=\"956\" data-end=\"1486\">\n<li data-start=\"956\" data-end=\"1045\">\n<p data-start=\"958\" data-end=\"1045\"><strong data-start=\"958\" data-end=\"982\">Polyvalence d\u2019entr\u00e9e<\/strong> : prend en charge thermocouples, RTD, signaux 0-10 V \/ 4-20 mA<\/p>\n<\/li>\n<li data-start=\"1046\" data-end=\"1106\">\n<p data-start=\"1048\" data-end=\"1106\"><strong data-start=\"1048\" data-end=\"1071\">Affichage LED clair<\/strong> avec pr\u00e9cision jusqu\u2019\u00e0 \u00b10,3 % F.S.<\/p>\n<\/li>\n<li data-start=\"1107\" data-end=\"1169\">\n<p data-start=\"1109\" data-end=\"1169\"><strong data-start=\"1109\" data-end=\"1144\">M\u00e9thodes de contr\u00f4le ajustables<\/strong> : PID, ON\/OFF, P, PI, PD<\/p>\n<\/li>\n<li data-start=\"1170\" data-end=\"1267\">\n<p data-start=\"1172\" data-end=\"1267\"><strong data-start=\"1172\" data-end=\"1190\">R\u00e9glage pr\u00e9cis<\/strong> des param\u00e8tres PID, hyst\u00e9r\u00e9sis, bande proportionnelle, temps int\u00e9gral\/d\u00e9riv\u00e9<\/p>\n<\/li>\n<li data-start=\"1268\" data-end=\"1349\">\n<p data-start=\"1270\" data-end=\"1349\"><strong data-start=\"1270\" data-end=\"1294\">Bo\u00eetier frontal IP65<\/strong> : id\u00e9al pour les environnements industriels difficiles<\/p>\n<\/li>\n<li data-start=\"1350\" data-end=\"1411\">\n<p data-start=\"1352\" data-end=\"1411\"><strong data-start=\"1352\" data-end=\"1389\">Sorties relais 2 \u00d7 250 V AC \/ 3 A<\/strong> + alarme configurable<\/p>\n<\/li>\n<li data-start=\"1412\" data-end=\"1486\">\n<p data-start=\"1414\" data-end=\"1486\"><strong data-start=\"1414\" data-end=\"1456\">Cycle d\u2019\u00e9chantillonnage rapide (50 ms)<\/strong> pour une r\u00e9activit\u00e9 imm\u00e9diate<\/p>\n<\/li>\n<\/ul>\n<h3 data-start=\"1493\" data-end=\"1526\">Applications industrielles<\/h3>\n<p data-start=\"1528\" data-end=\"1582\">Le TK4H-14RR Autonics convient aux secteurs suivants :<\/p>\n<ul data-start=\"1584\" data-end=\"1886\">\n<li data-start=\"1584\" data-end=\"1632\">\n<p data-start=\"1586\" data-end=\"1632\"><strong data-start=\"1586\" data-end=\"1630\">Contr\u00f4le thermique des fours industriels<\/strong><\/p>\n<\/li>\n<li data-start=\"1633\" data-end=\"1698\">\n<p data-start=\"1635\" data-end=\"1698\"><strong data-start=\"1635\" data-end=\"1696\">R\u00e9gulation de temp\u00e9rature dans les machines de production<\/strong><\/p>\n<\/li>\n<li data-start=\"1699\" data-end=\"1762\">\n<p data-start=\"1701\" data-end=\"1762\"><strong data-start=\"1701\" data-end=\"1760\">Syst\u00e8mes de chauffage et de refroidissement industriels<\/strong><\/p>\n<\/li>\n<li data-start=\"1763\" data-end=\"1825\">\n<p data-start=\"1765\" data-end=\"1825\"><strong data-start=\"1765\" data-end=\"1823\">Automatisation dans l\u2019agroalimentaire ou la plasturgie<\/strong><\/p>\n<\/li>\n<li data-start=\"1826\" data-end=\"1886\">\n<p data-start=\"1828\" data-end=\"1886\"><strong data-start=\"1828\" data-end=\"1886\">Process de maintien thermique ou de variation cyclique<\/strong><\/p>\n<\/li>\n<\/ul>\n<p data-start=\"1888\" data-end=\"2070\">Sa compatibilit\u00e9 avec diff\u00e9rentes <strong data-start=\"1922\" data-end=\"1959\">entr\u00e9es analogiques et num\u00e9riques<\/strong>, ainsi que son <strong data-start=\"1975\" data-end=\"2002\">double relais de sortie<\/strong>, en fait un choix robuste pour les syst\u00e8mes exigeants en pr\u00e9cision.<\/p>\n<h3 data-start=\"2077\" data-end=\"2111\">Environnement et robustesse<\/h3>\n<p data-start=\"2113\" data-end=\"2524\">Le r\u00e9gulateur est con\u00e7u pour fonctionner de <strong data-start=\"2157\" data-end=\"2176\">-10 \u00b0C \u00e0 +50 \u00b0C<\/strong> avec une humidit\u00e9 relative de <strong data-start=\"2207\" data-end=\"2220\">35 \u00e0 85 %<\/strong> sans condensation. Sa <strong data-start=\"2243\" data-end=\"2263\">double isolation<\/strong> assure une protection renforc\u00e9e entre les circuits d&rsquo;entr\u00e9e et d\u2019alimentation (jusqu&rsquo;\u00e0 <strong data-start=\"2351\" data-end=\"2362\">2 000 V<\/strong> de tenue di\u00e9lectrique). Avec un indice de protection <strong data-start=\"2416\" data-end=\"2434\">IP65 \u00e0 l\u2019avant<\/strong>, il r\u00e9siste aux poussi\u00e8res et aux \u00e9claboussures, garantissant ainsi une long\u00e9vit\u00e9 accrue.<\/p>\n<h3 data-start=\"2531\" data-end=\"2562\">Compatibilit\u00e9 et options<\/h3>\n<ul data-start=\"2564\" data-end=\"2835\">\n<li data-start=\"2564\" data-end=\"2626\">\n<p data-start=\"2566\" data-end=\"2626\"><strong data-start=\"2566\" data-end=\"2589\">Entr\u00e9es disponibles<\/strong> : thermocouples, RTD, 0-10V, 4-20 mA<\/p>\n<\/li>\n<li data-start=\"2627\" data-end=\"2664\">\n<p data-start=\"2629\" data-end=\"2664\"><strong data-start=\"2629\" data-end=\"2647\">Sorties relais<\/strong> : 2 \u00d7 relais 3 A<\/p>\n<\/li>\n<li data-start=\"2665\" data-end=\"2709\">\n<p data-start=\"2667\" data-end=\"2709\"><strong data-start=\"2667\" data-end=\"2691\">Entr\u00e9es optionnelles<\/strong> : CT et digitales<\/p>\n<\/li>\n<li data-start=\"2710\" data-end=\"2772\">\n<p data-start=\"2712\" data-end=\"2772\"><strong data-start=\"2712\" data-end=\"2732\">Affichage pr\u00e9cis<\/strong> : \u00b11 digit selon capteur et temp\u00e9rature<\/p>\n<\/li>\n<li data-start=\"2773\" data-end=\"2835\">\n<p data-start=\"2775\" data-end=\"2835\"><strong data-start=\"2775\" data-end=\"2799\">Contr\u00f4le PID complet<\/strong> avec r\u00e9glage de tous les param\u00e8tres<\/p>\n<\/li>\n<\/ul>\n<p data-start=\"2892\" data-end=\"3089\"><strong data-start=\"2892\" data-end=\"2979\">\u27a1\ufe0fCe produit convient-il au contr\u00f4le de temp\u00e9rature en chauffage et refroidissement ?<\/strong><br data-start=\"2979\" data-end=\"2982\" \/>Oui, le TK4H-14RR est parfaitement adapt\u00e9 pour la r\u00e9gulation bidirectionnelle avec ses deux sorties relais.<\/p>\n<p data-start=\"3091\" data-end=\"3249\"><strong data-start=\"3091\" data-end=\"3146\">\u27a1\ufe0fEst-il possible de recevoir un devis personnalis\u00e9 ?<\/strong><br data-start=\"3146\" data-end=\"3149\" \/>Bien s\u00fbr. <strong data-start=\"3159\" data-end=\"3198\">Radper propose des devis sur mesure<\/strong>, adapt\u00e9s \u00e0 vos besoins techniques et quantitatifs.<\/p>\n<p data-start=\"3251\" data-end=\"3440\"><strong data-start=\"3251\" data-end=\"3307\">\u27a1\ufe0fComment puis-je \u00eatre s\u00fbr de bien choisir ce mod\u00e8le ?<\/strong><br data-start=\"3307\" data-end=\"3310\" \/>Notre \u00e9quipe d\u2019experts techniques vous accompagne <strong data-start=\"3360\" data-end=\"3408\">gratuitement avant, pendant et apr\u00e8s l\u2019achat<\/strong> pour garantir un choix optimal.<\/p>\n<p data-start=\"3442\" data-end=\"3607\"><strong data-start=\"3442\" data-end=\"3500\">\u27a1\ufe0fLa livraison est-elle assur\u00e9e en dehors de la France ?<\/strong><br data-start=\"3500\" data-end=\"3503\" \/>Oui, <strong data-start=\"3508\" data-end=\"3563\">Radper livre partout en France et \u00e0 l\u2019international<\/strong>, avec des options adapt\u00e9es \u00e0 chaque r\u00e9gion.<\/p>\n","protected":false},"excerpt":{"rendered":"<p>TK4H-14RR<\/p>\n","protected":false},"featured_media":44394,"template":"","meta":{"_acf_changed":false},"product_brand":[],"product_cat":[13849],"product_tag":[],"class_list":{"0":"post-44393","1":"product","2":"type-product","3":"status-publish","4":"has-post-thumbnail","6":"product_cat-regulateurs-controleurs","7":"pa_marque-autonics","9":"first","10":"instock","11":"taxable","12":"shipping-taxable","13":"purchasable","14":"product-type-simple"},"acf":[],"yoast_head":"<!-- This site is optimized with the Yoast SEO plugin v26.2 - https:\/\/yoast.com\/wordpress\/plugins\/seo\/ -->\n<title>R\u00e9gulateur de temp\u00e9rature TK4H-14RR Autonics - Radper<\/title>\n<meta name=\"description\" content=\"D\u00e9couvrez le r\u00e9gulateur de temp\u00e9rature TK4H-14RR d&#039;Autonics : affichage LED, contr\u00f4le PID, entr\u00e9es multiples. Accompagnement personnalis\u00e9 avec Radper.\" \/>\n<meta name=\"robots\" content=\"index, follow, max-snippet:-1, max-image-preview:large, max-video-preview:-1\" \/>\n<link rel=\"canonical\" href=\"https:\/\/www.radper.com\/fr\/catalogues\/controle-de-process\/regulateurs-controleurs\/regulateur-de-temperature-tk4h-14rr-autonics\/\" \/>\n<meta property=\"og:locale\" content=\"fr_FR\" \/>\n<meta property=\"og:type\" content=\"article\" \/>\n<meta property=\"og:title\" content=\"R\u00e9gulateur de temp\u00e9rature TK4H-14RR Autonics - Radper\" \/>\n<meta property=\"og:description\" content=\"D\u00e9couvrez le r\u00e9gulateur de temp\u00e9rature TK4H-14RR d&#039;Autonics : affichage LED, contr\u00f4le PID, entr\u00e9es multiples. Accompagnement personnalis\u00e9 avec Radper.\" \/>\n<meta property=\"og:url\" content=\"https:\/\/www.radper.com\/fr\/catalogues\/controle-de-process\/regulateurs-controleurs\/regulateur-de-temperature-tk4h-14rr-autonics\/\" \/>\n<meta property=\"og:site_name\" content=\"Radper\" \/>\n<meta property=\"article:modified_time\" content=\"2025-06-24T14:10:33+00:00\" \/>\n<meta property=\"og:image\" content=\"https:\/\/www.radper.com\/wp-content\/uploads\/2025\/04\/Untitled-design-8.png\" \/>\n\t<meta property=\"og:image:width\" content=\"600\" \/>\n\t<meta property=\"og:image:height\" content=\"600\" \/>\n\t<meta property=\"og:image:type\" content=\"image\/png\" \/>\n<meta name=\"twitter:card\" content=\"summary_large_image\" \/>\n<meta name=\"twitter:label1\" content=\"Dur\u00e9e de lecture estim\u00e9e\" \/>\n\t<meta name=\"twitter:data1\" content=\"3 minutes\" \/>\n<script type=\"application\/ld+json\" class=\"yoast-schema-graph\">{\"@context\":\"https:\/\/schema.org\",\"@graph\":[{\"@type\":\"WebPage\",\"@id\":\"https:\/\/www.radper.com\/fr\/catalogues\/controle-de-process\/regulateurs-controleurs\/regulateur-de-temperature-tk4h-14rr-autonics\/\",\"url\":\"https:\/\/www.radper.com\/fr\/catalogues\/controle-de-process\/regulateurs-controleurs\/regulateur-de-temperature-tk4h-14rr-autonics\/\",\"name\":\"R\u00e9gulateur de temp\u00e9rature TK4H-14RR Autonics - Radper\",\"isPartOf\":{\"@id\":\"https:\/\/www.radper.com\/fr\/#website\"},\"primaryImageOfPage\":{\"@id\":\"https:\/\/www.radper.com\/fr\/catalogues\/controle-de-process\/regulateurs-controleurs\/regulateur-de-temperature-tk4h-14rr-autonics\/#primaryimage\"},\"image\":{\"@id\":\"https:\/\/www.radper.com\/fr\/catalogues\/controle-de-process\/regulateurs-controleurs\/regulateur-de-temperature-tk4h-14rr-autonics\/#primaryimage\"},\"thumbnailUrl\":\"https:\/\/www.radper.com\/wp-content\/uploads\/2025\/04\/Untitled-design-8.png\",\"datePublished\":\"2025-04-23T10:58:35+00:00\",\"dateModified\":\"2025-06-24T14:10:33+00:00\",\"description\":\"D\u00e9couvrez le r\u00e9gulateur de temp\u00e9rature TK4H-14RR d'Autonics : affichage LED, contr\u00f4le PID, entr\u00e9es multiples. Accompagnement personnalis\u00e9 avec Radper.\",\"breadcrumb\":{\"@id\":\"https:\/\/www.radper.com\/fr\/catalogues\/controle-de-process\/regulateurs-controleurs\/regulateur-de-temperature-tk4h-14rr-autonics\/#breadcrumb\"},\"inLanguage\":\"fr-FR\",\"potentialAction\":[{\"@type\":\"ReadAction\",\"target\":[\"https:\/\/www.radper.com\/fr\/catalogues\/controle-de-process\/regulateurs-controleurs\/regulateur-de-temperature-tk4h-14rr-autonics\/\"]}]},{\"@type\":\"ImageObject\",\"inLanguage\":\"fr-FR\",\"@id\":\"https:\/\/www.radper.com\/fr\/catalogues\/controle-de-process\/regulateurs-controleurs\/regulateur-de-temperature-tk4h-14rr-autonics\/#primaryimage\",\"url\":\"https:\/\/www.radper.com\/wp-content\/uploads\/2025\/04\/Untitled-design-8.png\",\"contentUrl\":\"https:\/\/www.radper.com\/wp-content\/uploads\/2025\/04\/Untitled-design-8.png\",\"width\":600,\"height\":600},{\"@type\":\"BreadcrumbList\",\"@id\":\"https:\/\/www.radper.com\/fr\/catalogues\/controle-de-process\/regulateurs-controleurs\/regulateur-de-temperature-tk4h-14rr-autonics\/#breadcrumb\",\"itemListElement\":[{\"@type\":\"ListItem\",\"position\":1,\"name\":\"Accueil\",\"item\":\"https:\/\/www.radper.com\/fr\/\"},{\"@type\":\"ListItem\",\"position\":2,\"name\":\"Catalogue\",\"item\":\"https:\/\/www.radper.com\/fr\/catalogue\/\"},{\"@type\":\"ListItem\",\"position\":3,\"name\":\"R\u00e9gulateur de temp\u00e9rature TK4H-14RR Autonics\"}]},{\"@type\":\"WebSite\",\"@id\":\"https:\/\/www.radper.com\/fr\/#website\",\"url\":\"https:\/\/www.radper.com\/fr\/\",\"name\":\"Radper\",\"description\":\"\",\"publisher\":{\"@id\":\"https:\/\/www.radper.com\/fr\/#organization\"},\"potentialAction\":[{\"@type\":\"SearchAction\",\"target\":{\"@type\":\"EntryPoint\",\"urlTemplate\":\"https:\/\/www.radper.com\/fr\/?s={search_term_string}\"},\"query-input\":{\"@type\":\"PropertyValueSpecification\",\"valueRequired\":true,\"valueName\":\"search_term_string\"}}],\"inLanguage\":\"fr-FR\"},{\"@type\":\"Organization\",\"@id\":\"https:\/\/www.radper.com\/fr\/#organization\",\"name\":\"radper\",\"url\":\"https:\/\/www.radper.com\/fr\/\",\"logo\":{\"@type\":\"ImageObject\",\"inLanguage\":\"fr-FR\",\"@id\":\"https:\/\/www.radper.com\/fr\/#\/schema\/logo\/image\/\",\"url\":\"https:\/\/radper.com\/wp-content\/uploads\/2021\/04\/logo-wide-11.png\",\"contentUrl\":\"https:\/\/radper.com\/wp-content\/uploads\/2021\/04\/logo-wide-11.png\",\"width\":250,\"height\":110,\"caption\":\"radper\"},\"image\":{\"@id\":\"https:\/\/www.radper.com\/fr\/#\/schema\/logo\/image\/\"}}]}<\/script>\n<!-- \/ Yoast SEO plugin. -->","yoast_head_json":{"title":"R\u00e9gulateur de temp\u00e9rature TK4H-14RR Autonics - Radper","description":"D\u00e9couvrez le r\u00e9gulateur de temp\u00e9rature TK4H-14RR d'Autonics : affichage LED, contr\u00f4le PID, entr\u00e9es multiples. Accompagnement personnalis\u00e9 avec Radper.","robots":{"index":"index","follow":"follow","max-snippet":"max-snippet:-1","max-image-preview":"max-image-preview:large","max-video-preview":"max-video-preview:-1"},"canonical":"https:\/\/www.radper.com\/fr\/catalogues\/controle-de-process\/regulateurs-controleurs\/regulateur-de-temperature-tk4h-14rr-autonics\/","og_locale":"fr_FR","og_type":"article","og_title":"R\u00e9gulateur de temp\u00e9rature TK4H-14RR Autonics - Radper","og_description":"D\u00e9couvrez le r\u00e9gulateur de temp\u00e9rature TK4H-14RR d'Autonics : affichage LED, contr\u00f4le PID, entr\u00e9es multiples. Accompagnement personnalis\u00e9 avec Radper.","og_url":"https:\/\/www.radper.com\/fr\/catalogues\/controle-de-process\/regulateurs-controleurs\/regulateur-de-temperature-tk4h-14rr-autonics\/","og_site_name":"Radper","article_modified_time":"2025-06-24T14:10:33+00:00","og_image":[{"width":600,"height":600,"url":"https:\/\/www.radper.com\/wp-content\/uploads\/2025\/04\/Untitled-design-8.png","type":"image\/png"}],"twitter_card":"summary_large_image","twitter_misc":{"Dur\u00e9e de lecture estim\u00e9e":"3 minutes"},"schema":{"@context":"https:\/\/schema.org","@graph":[{"@type":"WebPage","@id":"https:\/\/www.radper.com\/fr\/catalogues\/controle-de-process\/regulateurs-controleurs\/regulateur-de-temperature-tk4h-14rr-autonics\/","url":"https:\/\/www.radper.com\/fr\/catalogues\/controle-de-process\/regulateurs-controleurs\/regulateur-de-temperature-tk4h-14rr-autonics\/","name":"R\u00e9gulateur de temp\u00e9rature TK4H-14RR Autonics - Radper","isPartOf":{"@id":"https:\/\/www.radper.com\/fr\/#website"},"primaryImageOfPage":{"@id":"https:\/\/www.radper.com\/fr\/catalogues\/controle-de-process\/regulateurs-controleurs\/regulateur-de-temperature-tk4h-14rr-autonics\/#primaryimage"},"image":{"@id":"https:\/\/www.radper.com\/fr\/catalogues\/controle-de-process\/regulateurs-controleurs\/regulateur-de-temperature-tk4h-14rr-autonics\/#primaryimage"},"thumbnailUrl":"https:\/\/www.radper.com\/wp-content\/uploads\/2025\/04\/Untitled-design-8.png","datePublished":"2025-04-23T10:58:35+00:00","dateModified":"2025-06-24T14:10:33+00:00","description":"D\u00e9couvrez le r\u00e9gulateur de temp\u00e9rature TK4H-14RR d'Autonics : affichage LED, contr\u00f4le PID, entr\u00e9es multiples. Accompagnement personnalis\u00e9 avec Radper.","breadcrumb":{"@id":"https:\/\/www.radper.com\/fr\/catalogues\/controle-de-process\/regulateurs-controleurs\/regulateur-de-temperature-tk4h-14rr-autonics\/#breadcrumb"},"inLanguage":"fr-FR","potentialAction":[{"@type":"ReadAction","target":["https:\/\/www.radper.com\/fr\/catalogues\/controle-de-process\/regulateurs-controleurs\/regulateur-de-temperature-tk4h-14rr-autonics\/"]}]},{"@type":"ImageObject","inLanguage":"fr-FR","@id":"https:\/\/www.radper.com\/fr\/catalogues\/controle-de-process\/regulateurs-controleurs\/regulateur-de-temperature-tk4h-14rr-autonics\/#primaryimage","url":"https:\/\/www.radper.com\/wp-content\/uploads\/2025\/04\/Untitled-design-8.png","contentUrl":"https:\/\/www.radper.com\/wp-content\/uploads\/2025\/04\/Untitled-design-8.png","width":600,"height":600},{"@type":"BreadcrumbList","@id":"https:\/\/www.radper.com\/fr\/catalogues\/controle-de-process\/regulateurs-controleurs\/regulateur-de-temperature-tk4h-14rr-autonics\/#breadcrumb","itemListElement":[{"@type":"ListItem","position":1,"name":"Accueil","item":"https:\/\/www.radper.com\/fr\/"},{"@type":"ListItem","position":2,"name":"Catalogue","item":"https:\/\/www.radper.com\/fr\/catalogue\/"},{"@type":"ListItem","position":3,"name":"R\u00e9gulateur de temp\u00e9rature TK4H-14RR Autonics"}]},{"@type":"WebSite","@id":"https:\/\/www.radper.com\/fr\/#website","url":"https:\/\/www.radper.com\/fr\/","name":"Radper","description":"","publisher":{"@id":"https:\/\/www.radper.com\/fr\/#organization"},"potentialAction":[{"@type":"SearchAction","target":{"@type":"EntryPoint","urlTemplate":"https:\/\/www.radper.com\/fr\/?s={search_term_string}"},"query-input":{"@type":"PropertyValueSpecification","valueRequired":true,"valueName":"search_term_string"}}],"inLanguage":"fr-FR"},{"@type":"Organization","@id":"https:\/\/www.radper.com\/fr\/#organization","name":"radper","url":"https:\/\/www.radper.com\/fr\/","logo":{"@type":"ImageObject","inLanguage":"fr-FR","@id":"https:\/\/www.radper.com\/fr\/#\/schema\/logo\/image\/","url":"https:\/\/radper.com\/wp-content\/uploads\/2021\/04\/logo-wide-11.png","contentUrl":"https:\/\/radper.com\/wp-content\/uploads\/2021\/04\/logo-wide-11.png","width":250,"height":110,"caption":"radper"},"image":{"@id":"https:\/\/www.radper.com\/fr\/#\/schema\/logo\/image\/"}}]}},"_links":{"self":[{"href":"https:\/\/www.radper.com\/fr\/wp-json\/wp\/v2\/product\/44393","targetHints":{"allow":["GET"]}}],"collection":[{"href":"https:\/\/www.radper.com\/fr\/wp-json\/wp\/v2\/product"}],"about":[{"href":"https:\/\/www.radper.com\/fr\/wp-json\/wp\/v2\/types\/product"}],"wp:featuredmedia":[{"embeddable":true,"href":"https:\/\/www.radper.com\/fr\/wp-json\/wp\/v2\/media\/44394"}],"wp:attachment":[{"href":"https:\/\/www.radper.com\/fr\/wp-json\/wp\/v2\/media?parent=44393"}],"wp:term":[{"taxonomy":"product_brand","embeddable":true,"href":"https:\/\/www.radper.com\/fr\/wp-json\/wp\/v2\/product_brand?post=44393"},{"taxonomy":"product_cat","embeddable":true,"href":"https:\/\/www.radper.com\/fr\/wp-json\/wp\/v2\/product_cat?post=44393"},{"taxonomy":"product_tag","embeddable":true,"href":"https:\/\/www.radper.com\/fr\/wp-json\/wp\/v2\/product_tag?post=44393"}],"curies":[{"name":"wp","href":"https:\/\/api.w.org\/{rel}","templated":true}]}}