{"id":44415,"date":"2025-04-23T15:05:28","date_gmt":"2025-04-23T15:05:28","guid":{"rendered":"https:\/\/www.radper.com\/?post_type=product&#038;p=44415"},"modified":"2025-06-24T13:21:07","modified_gmt":"2025-06-24T13:21:07","slug":"capteur-pr12-4dn-autonics","status":"publish","type":"product","link":"https:\/\/www.radper.com\/fr\/catalogues\/controle-de-process\/detecteurs-de-proximite\/capteur-pr12-4dn-autonics\/","title":{"rendered":"Capteur PR12-4DN Autonics"},"content":{"rendered":"<article class=\"text-token-text-primary w-full\" dir=\"auto\" data-testid=\"conversation-turn-144\" data-scroll-anchor=\"true\">\n<div class=\"text-base my-auto mx-auto py-5 [--thread-content-margin:--spacing(4)] @[37rem]:[--thread-content-margin:--spacing(6)] @[70rem]:[--thread-content-margin:--spacing(12)] px-(--thread-content-margin)\">\n<div class=\"[--thread-content-max-width:32rem] @[34rem]:[--thread-content-max-width:40rem] @[64rem]:[--thread-content-max-width:48rem] mx-auto flex max-w-(--thread-content-max-width) flex-1 text-base gap-4 md:gap-5 lg:gap-6 group\/turn-messages focus-visible:outline-hidden\">\n<div class=\"group\/conversation-turn relative flex w-full min-w-0 flex-col agent-turn\">\n<div class=\"relative flex-col gap-1 md:gap-3\">\n<div class=\"flex max-w-full flex-col grow\">\n<div class=\"min-h-8 text-message relative flex w-full flex-col items-end gap-2 text-start break-words whitespace-normal [.text-message+&amp;]:mt-5\" dir=\"auto\" data-message-author-role=\"assistant\" data-message-id=\"473ac06f-c770-4ddf-b227-972911261886\" data-message-model-slug=\"o4-mini\">\n<div class=\"flex w-full flex-col gap-1 empty:hidden first:pt-[3px]\">\n<div class=\"markdown prose dark:prose-invert w-full break-words dark\">\n<h2 data-start=\"205\" data-end=\"288\">D\u00e9tecteur de proximit\u00e9 inductif PR12-4DN \u2013 \u00d812 mm \u2013 4 mm \u2013 DC 12-24 V \u2013 Autonics<\/h2>\n<p data-start=\"290\" data-end=\"780\">Le <strong data-start=\"293\" data-end=\"314\">PR12-4DN Autonics<\/strong> est un d\u00e9tecteur de proximit\u00e9 inductif de type non-affleurant (non-flush) con\u00e7u pour des applications industrielles n\u00e9cessitant une d\u00e9tection pr\u00e9cise \u00e0 courte distance. Avec un diam\u00e8tre de capteur de 12 mm, une distance de d\u00e9tection de 4 mm et une sortie NPN, ce capteur assure une d\u00e9tection stable et fiable sur des cibles m\u00e9talliques. Il est id\u00e9al pour les environnements exigeants gr\u00e2ce \u00e0 sa robustesse, sa protection IP67 et ses circuits de protection int\u00e9gr\u00e9s.<\/p>\n<h2 data-start=\"787\" data-end=\"799\">Avantages<\/h2>\n<p data-start=\"801\" data-end=\"1449\">Le capteur inductif <strong data-start=\"821\" data-end=\"842\">PR12-4DN Autonics<\/strong> se distingue par sa <strong data-start=\"863\" data-end=\"896\">r\u00e9ponse rapide jusqu\u2019\u00e0 500 Hz<\/strong>, adapt\u00e9e aux processus industriels \u00e0 cadence \u00e9lev\u00e9e. Gr\u00e2ce \u00e0 sa <strong data-start=\"961\" data-end=\"980\">protection IP67<\/strong>, il r\u00e9siste efficacement \u00e0 la poussi\u00e8re, \u00e0 l\u2019humidit\u00e9 et aux projections d\u2019eau, ce qui en fait un choix fiable pour les lignes de production en environnement contraignant. Son <strong data-start=\"1157\" data-end=\"1194\">bo\u00eetier robuste en laiton nickel\u00e9<\/strong> et ses composants internes prot\u00e9g\u00e9s contre les surtensions, les inversions de polarit\u00e9 et les surintensit\u00e9s garantissent une longue dur\u00e9e de vie. L&rsquo;indicateur LED int\u00e9gr\u00e9 permet un diagnostic visuel imm\u00e9diat, simplifiant l&rsquo;installation et la maintenance.<\/p>\n<h2 data-start=\"1456\" data-end=\"1471\">Applications<\/h2>\n<p data-start=\"1473\" data-end=\"1520\">Le d\u00e9tecteur <strong data-start=\"1486\" data-end=\"1498\">PR12-4DN<\/strong> est recommand\u00e9 pour :<\/p>\n<ul data-start=\"1521\" data-end=\"1679\">\n<li data-start=\"1521\" data-end=\"1562\">\n<p data-start=\"1523\" data-end=\"1562\">Les cha\u00eenes de production automatis\u00e9es,<\/p>\n<\/li>\n<li data-start=\"1563\" data-end=\"1605\">\n<p data-start=\"1565\" data-end=\"1605\">Le positionnement de pi\u00e8ces m\u00e9talliques,<\/p>\n<\/li>\n<li data-start=\"1606\" data-end=\"1634\">\n<p data-start=\"1608\" data-end=\"1634\">Les syst\u00e8mes de convoyage,<\/p>\n<\/li>\n<li data-start=\"1635\" data-end=\"1679\">\n<p data-start=\"1637\" data-end=\"1679\">Les machines-outils et robots industriels.<\/p>\n<\/li>\n<\/ul>\n<p data-start=\"1681\" data-end=\"1817\">Sa structure non-affleurante permet de mieux absorber les contraintes m\u00e9caniques tout en optimisant la stabilit\u00e9 du signal de d\u00e9tection.<\/p>\n<h2 data-start=\"1824\" data-end=\"1849\">Normes &amp; Environnement<\/h2>\n<p data-start=\"1851\" data-end=\"2222\">Con\u00e7u selon les normes <strong data-start=\"1874\" data-end=\"1881\">IEC<\/strong>, le PR12-4DN offre une <strong data-start=\"1905\" data-end=\"1945\">r\u00e9sistance di\u00e9lectrique de 1 500 VAC<\/strong>, une <strong data-start=\"1951\" data-end=\"1987\">r\u00e9sistance \u00e0 l\u2019isolation \u2265 50 M\u03a9<\/strong>, ainsi qu&rsquo;une <strong data-start=\"2002\" data-end=\"2051\">r\u00e9silience aux vibrations et chocs m\u00e9caniques<\/strong> (jusqu\u2019\u00e0 50 G). Il fonctionne dans une large plage de temp\u00e9rature de <strong data-start=\"2121\" data-end=\"2136\">-25 \u00e0 70 \u00b0C<\/strong> et supporte des taux d\u2019humidit\u00e9 compris entre <strong data-start=\"2183\" data-end=\"2202\">35 % et 95 % RH<\/strong>, sans condensation.<\/p>\n<p data-start=\"2237\" data-end=\"2298\"><strong>\u27a1\ufe0fCe capteur est-il compatible avec une alimentation 24 V ?<\/strong><\/p>\n<p data-start=\"2299\" data-end=\"2405\">Oui, il fonctionne sur une plage de <strong data-start=\"2335\" data-end=\"2350\">10 \u00e0 30 VDC<\/strong>, avec une alimentation recommand\u00e9e de <strong data-start=\"2389\" data-end=\"2404\">12 \u00e0 24 VDC<\/strong>.<\/p>\n<p data-start=\"2407\" data-end=\"2467\"><strong data-start=\"2375\" data-end=\"2457\">\u27a1\ufe0fQuelle est la charge maximale admissible sur la sortie ?<\/strong><\/p>\n<p data-start=\"2468\" data-end=\"2553\">Le <strong data-start=\"2471\" data-end=\"2505\">courant de sortie est \u2264 200 mA<\/strong>, avec une tension r\u00e9siduelle maximale de 1,5 V.<\/p>\n<p data-start=\"2555\" data-end=\"2612\"><strong data-start=\"2375\" data-end=\"2457\">\u27a1\ufe0fPeut-on utiliser ce capteur en environnement humide ?<\/strong><\/p>\n<p data-start=\"2613\" data-end=\"2722\">Oui, sa <strong data-start=\"2621\" data-end=\"2640\">protection IP67<\/strong> lui permet d\u2019\u00eatre utilis\u00e9 dans des zones humides ou expos\u00e9es \u00e0 des \u00e9claboussures.<\/p>\n<p data-start=\"2724\" data-end=\"2797\"><strong data-start=\"2375\" data-end=\"2457\">\u27a1\ufe0fEst-il possible d\u2019obtenir un devis personnalis\u00e9 pour ce produit ?<\/strong><\/p>\n<p data-start=\"2798\" data-end=\"2929\">Absolument. Sur <strong data-start=\"2814\" data-end=\"2824\">Radper<\/strong>, <a href=\"https:\/\/www.radper.com\/fr\/demande-de-devis\/\">vous pouvez demander gratuitement un devis personnalis\u00e9 pour ce produit ou pour une s\u00e9lection compl\u00e8te.<\/a><\/p>\n<p data-start=\"2931\" data-end=\"2988\"><strong data-start=\"2375\" data-end=\"2457\">\u27a1\ufe0fRadper propose-t-il un accompagnement technique ?<\/strong><\/p>\n<p data-start=\"2989\" data-end=\"3132\">Oui. Une \u00e9quipe d\u2019experts vous accompagne\u00a0afin de garantir une solution adapt\u00e9e \u00e0 vos besoins industriels.<\/p>\n<p data-start=\"3134\" data-end=\"3200\"><strong>\u27a1\ufe0fQuelle est la disponibilit\u00e9 et le d\u00e9lai de livraison ?<\/strong><\/p>\n<p data-start=\"3201\" data-end=\"3300\">Radper livre partout et rapidement. <a href=\"https:\/\/www.radper.com\/fr\/contact\/\">Contactez-nous pour conna\u00eetre les disponibilit\u00e9s en temps r\u00e9el.<\/a><\/p>\n<\/div>\n<\/div>\n<\/div>\n<\/div>\n<\/div>\n<\/div>\n<\/div>\n<\/div>\n<\/article>\n","protected":false},"excerpt":{"rendered":"<p><strong data-start=\"41\" data-end=\"53\">PR12-4DN<\/strong><\/p>\n","protected":false},"featured_media":44416,"template":"","meta":{"_acf_changed":false},"product_brand":[],"product_cat":[2256],"product_tag":[],"class_list":{"0":"post-44415","1":"product","2":"type-product","3":"status-publish","4":"has-post-thumbnail","6":"product_cat-detecteurs-de-proximite","7":"pa_marque-autonics","9":"first","10":"instock","11":"taxable","12":"shipping-taxable","13":"purchasable","14":"product-type-simple"},"acf":[],"yoast_head":"<!-- This site is optimized with the Yoast SEO plugin v26.2 - https:\/\/yoast.com\/wordpress\/plugins\/seo\/ -->\n<title>Capteur PR12-4DN Autonics - Radper<\/title>\n<meta name=\"description\" content=\"PR12-4DN Autonics : capteur inductif \u00d812mm avec d\u00e9tection jusqu\u2019\u00e0 4mm, fr\u00e9quence 500Hz, IP67. S\u00e9curis\u00e9 et performant, solutions sur mesure avec Radper.\" \/>\n<meta name=\"robots\" content=\"index, follow, max-snippet:-1, max-image-preview:large, max-video-preview:-1\" \/>\n<link rel=\"canonical\" href=\"https:\/\/www.radper.com\/fr\/catalogues\/controle-de-process\/detecteurs-de-proximite\/capteur-pr12-4dn-autonics\/\" \/>\n<meta property=\"og:locale\" content=\"fr_FR\" \/>\n<meta property=\"og:type\" content=\"article\" \/>\n<meta property=\"og:title\" content=\"Capteur PR12-4DN Autonics - Radper\" \/>\n<meta property=\"og:description\" content=\"PR12-4DN Autonics : capteur inductif \u00d812mm avec d\u00e9tection jusqu\u2019\u00e0 4mm, fr\u00e9quence 500Hz, IP67. S\u00e9curis\u00e9 et performant, solutions sur mesure avec Radper.\" \/>\n<meta property=\"og:url\" content=\"https:\/\/www.radper.com\/fr\/catalogues\/controle-de-process\/detecteurs-de-proximite\/capteur-pr12-4dn-autonics\/\" \/>\n<meta property=\"og:site_name\" content=\"Radper\" \/>\n<meta property=\"article:modified_time\" content=\"2025-06-24T13:21:07+00:00\" \/>\n<meta property=\"og:image\" content=\"https:\/\/www.radper.com\/wp-content\/uploads\/2025\/04\/Untitled-design-15.png\" \/>\n\t<meta property=\"og:image:width\" content=\"600\" \/>\n\t<meta property=\"og:image:height\" content=\"600\" \/>\n\t<meta property=\"og:image:type\" content=\"image\/png\" \/>\n<meta name=\"twitter:card\" content=\"summary_large_image\" \/>\n<meta name=\"twitter:label1\" content=\"Dur\u00e9e de lecture estim\u00e9e\" \/>\n\t<meta name=\"twitter:data1\" content=\"3 minutes\" \/>\n<script type=\"application\/ld+json\" class=\"yoast-schema-graph\">{\"@context\":\"https:\/\/schema.org\",\"@graph\":[{\"@type\":\"WebPage\",\"@id\":\"https:\/\/www.radper.com\/fr\/catalogues\/controle-de-process\/detecteurs-de-proximite\/capteur-pr12-4dn-autonics\/\",\"url\":\"https:\/\/www.radper.com\/fr\/catalogues\/controle-de-process\/detecteurs-de-proximite\/capteur-pr12-4dn-autonics\/\",\"name\":\"Capteur PR12-4DN Autonics - Radper\",\"isPartOf\":{\"@id\":\"https:\/\/www.radper.com\/fr\/#website\"},\"primaryImageOfPage\":{\"@id\":\"https:\/\/www.radper.com\/fr\/catalogues\/controle-de-process\/detecteurs-de-proximite\/capteur-pr12-4dn-autonics\/#primaryimage\"},\"image\":{\"@id\":\"https:\/\/www.radper.com\/fr\/catalogues\/controle-de-process\/detecteurs-de-proximite\/capteur-pr12-4dn-autonics\/#primaryimage\"},\"thumbnailUrl\":\"https:\/\/www.radper.com\/wp-content\/uploads\/2025\/04\/Untitled-design-15.png\",\"datePublished\":\"2025-04-23T15:05:28+00:00\",\"dateModified\":\"2025-06-24T13:21:07+00:00\",\"description\":\"PR12-4DN Autonics : capteur inductif \u00d812mm avec d\u00e9tection jusqu\u2019\u00e0 4mm, fr\u00e9quence 500Hz, IP67. S\u00e9curis\u00e9 et performant, solutions sur mesure avec Radper.\",\"breadcrumb\":{\"@id\":\"https:\/\/www.radper.com\/fr\/catalogues\/controle-de-process\/detecteurs-de-proximite\/capteur-pr12-4dn-autonics\/#breadcrumb\"},\"inLanguage\":\"fr-FR\",\"potentialAction\":[{\"@type\":\"ReadAction\",\"target\":[\"https:\/\/www.radper.com\/fr\/catalogues\/controle-de-process\/detecteurs-de-proximite\/capteur-pr12-4dn-autonics\/\"]}]},{\"@type\":\"ImageObject\",\"inLanguage\":\"fr-FR\",\"@id\":\"https:\/\/www.radper.com\/fr\/catalogues\/controle-de-process\/detecteurs-de-proximite\/capteur-pr12-4dn-autonics\/#primaryimage\",\"url\":\"https:\/\/www.radper.com\/wp-content\/uploads\/2025\/04\/Untitled-design-15.png\",\"contentUrl\":\"https:\/\/www.radper.com\/wp-content\/uploads\/2025\/04\/Untitled-design-15.png\",\"width\":600,\"height\":600},{\"@type\":\"BreadcrumbList\",\"@id\":\"https:\/\/www.radper.com\/fr\/catalogues\/controle-de-process\/detecteurs-de-proximite\/capteur-pr12-4dn-autonics\/#breadcrumb\",\"itemListElement\":[{\"@type\":\"ListItem\",\"position\":1,\"name\":\"Accueil\",\"item\":\"https:\/\/www.radper.com\/fr\/\"},{\"@type\":\"ListItem\",\"position\":2,\"name\":\"Catalogue\",\"item\":\"https:\/\/www.radper.com\/fr\/catalogue\/\"},{\"@type\":\"ListItem\",\"position\":3,\"name\":\"Capteur PR12-4DN Autonics\"}]},{\"@type\":\"WebSite\",\"@id\":\"https:\/\/www.radper.com\/fr\/#website\",\"url\":\"https:\/\/www.radper.com\/fr\/\",\"name\":\"Radper\",\"description\":\"\",\"publisher\":{\"@id\":\"https:\/\/www.radper.com\/fr\/#organization\"},\"potentialAction\":[{\"@type\":\"SearchAction\",\"target\":{\"@type\":\"EntryPoint\",\"urlTemplate\":\"https:\/\/www.radper.com\/fr\/?s={search_term_string}\"},\"query-input\":{\"@type\":\"PropertyValueSpecification\",\"valueRequired\":true,\"valueName\":\"search_term_string\"}}],\"inLanguage\":\"fr-FR\"},{\"@type\":\"Organization\",\"@id\":\"https:\/\/www.radper.com\/fr\/#organization\",\"name\":\"radper\",\"url\":\"https:\/\/www.radper.com\/fr\/\",\"logo\":{\"@type\":\"ImageObject\",\"inLanguage\":\"fr-FR\",\"@id\":\"https:\/\/www.radper.com\/fr\/#\/schema\/logo\/image\/\",\"url\":\"https:\/\/radper.com\/wp-content\/uploads\/2021\/04\/logo-wide-11.png\",\"contentUrl\":\"https:\/\/radper.com\/wp-content\/uploads\/2021\/04\/logo-wide-11.png\",\"width\":250,\"height\":110,\"caption\":\"radper\"},\"image\":{\"@id\":\"https:\/\/www.radper.com\/fr\/#\/schema\/logo\/image\/\"}}]}<\/script>\n<!-- \/ Yoast SEO plugin. -->","yoast_head_json":{"title":"Capteur PR12-4DN Autonics - Radper","description":"PR12-4DN Autonics : capteur inductif \u00d812mm avec d\u00e9tection jusqu\u2019\u00e0 4mm, fr\u00e9quence 500Hz, IP67. S\u00e9curis\u00e9 et performant, solutions sur mesure avec Radper.","robots":{"index":"index","follow":"follow","max-snippet":"max-snippet:-1","max-image-preview":"max-image-preview:large","max-video-preview":"max-video-preview:-1"},"canonical":"https:\/\/www.radper.com\/fr\/catalogues\/controle-de-process\/detecteurs-de-proximite\/capteur-pr12-4dn-autonics\/","og_locale":"fr_FR","og_type":"article","og_title":"Capteur PR12-4DN Autonics - Radper","og_description":"PR12-4DN Autonics : capteur inductif \u00d812mm avec d\u00e9tection jusqu\u2019\u00e0 4mm, fr\u00e9quence 500Hz, IP67. S\u00e9curis\u00e9 et performant, solutions sur mesure avec Radper.","og_url":"https:\/\/www.radper.com\/fr\/catalogues\/controle-de-process\/detecteurs-de-proximite\/capteur-pr12-4dn-autonics\/","og_site_name":"Radper","article_modified_time":"2025-06-24T13:21:07+00:00","og_image":[{"width":600,"height":600,"url":"https:\/\/www.radper.com\/wp-content\/uploads\/2025\/04\/Untitled-design-15.png","type":"image\/png"}],"twitter_card":"summary_large_image","twitter_misc":{"Dur\u00e9e de lecture estim\u00e9e":"3 minutes"},"schema":{"@context":"https:\/\/schema.org","@graph":[{"@type":"WebPage","@id":"https:\/\/www.radper.com\/fr\/catalogues\/controle-de-process\/detecteurs-de-proximite\/capteur-pr12-4dn-autonics\/","url":"https:\/\/www.radper.com\/fr\/catalogues\/controle-de-process\/detecteurs-de-proximite\/capteur-pr12-4dn-autonics\/","name":"Capteur PR12-4DN Autonics - Radper","isPartOf":{"@id":"https:\/\/www.radper.com\/fr\/#website"},"primaryImageOfPage":{"@id":"https:\/\/www.radper.com\/fr\/catalogues\/controle-de-process\/detecteurs-de-proximite\/capteur-pr12-4dn-autonics\/#primaryimage"},"image":{"@id":"https:\/\/www.radper.com\/fr\/catalogues\/controle-de-process\/detecteurs-de-proximite\/capteur-pr12-4dn-autonics\/#primaryimage"},"thumbnailUrl":"https:\/\/www.radper.com\/wp-content\/uploads\/2025\/04\/Untitled-design-15.png","datePublished":"2025-04-23T15:05:28+00:00","dateModified":"2025-06-24T13:21:07+00:00","description":"PR12-4DN Autonics : capteur inductif \u00d812mm avec d\u00e9tection jusqu\u2019\u00e0 4mm, fr\u00e9quence 500Hz, IP67. S\u00e9curis\u00e9 et performant, solutions sur mesure avec Radper.","breadcrumb":{"@id":"https:\/\/www.radper.com\/fr\/catalogues\/controle-de-process\/detecteurs-de-proximite\/capteur-pr12-4dn-autonics\/#breadcrumb"},"inLanguage":"fr-FR","potentialAction":[{"@type":"ReadAction","target":["https:\/\/www.radper.com\/fr\/catalogues\/controle-de-process\/detecteurs-de-proximite\/capteur-pr12-4dn-autonics\/"]}]},{"@type":"ImageObject","inLanguage":"fr-FR","@id":"https:\/\/www.radper.com\/fr\/catalogues\/controle-de-process\/detecteurs-de-proximite\/capteur-pr12-4dn-autonics\/#primaryimage","url":"https:\/\/www.radper.com\/wp-content\/uploads\/2025\/04\/Untitled-design-15.png","contentUrl":"https:\/\/www.radper.com\/wp-content\/uploads\/2025\/04\/Untitled-design-15.png","width":600,"height":600},{"@type":"BreadcrumbList","@id":"https:\/\/www.radper.com\/fr\/catalogues\/controle-de-process\/detecteurs-de-proximite\/capteur-pr12-4dn-autonics\/#breadcrumb","itemListElement":[{"@type":"ListItem","position":1,"name":"Accueil","item":"https:\/\/www.radper.com\/fr\/"},{"@type":"ListItem","position":2,"name":"Catalogue","item":"https:\/\/www.radper.com\/fr\/catalogue\/"},{"@type":"ListItem","position":3,"name":"Capteur PR12-4DN Autonics"}]},{"@type":"WebSite","@id":"https:\/\/www.radper.com\/fr\/#website","url":"https:\/\/www.radper.com\/fr\/","name":"Radper","description":"","publisher":{"@id":"https:\/\/www.radper.com\/fr\/#organization"},"potentialAction":[{"@type":"SearchAction","target":{"@type":"EntryPoint","urlTemplate":"https:\/\/www.radper.com\/fr\/?s={search_term_string}"},"query-input":{"@type":"PropertyValueSpecification","valueRequired":true,"valueName":"search_term_string"}}],"inLanguage":"fr-FR"},{"@type":"Organization","@id":"https:\/\/www.radper.com\/fr\/#organization","name":"radper","url":"https:\/\/www.radper.com\/fr\/","logo":{"@type":"ImageObject","inLanguage":"fr-FR","@id":"https:\/\/www.radper.com\/fr\/#\/schema\/logo\/image\/","url":"https:\/\/radper.com\/wp-content\/uploads\/2021\/04\/logo-wide-11.png","contentUrl":"https:\/\/radper.com\/wp-content\/uploads\/2021\/04\/logo-wide-11.png","width":250,"height":110,"caption":"radper"},"image":{"@id":"https:\/\/www.radper.com\/fr\/#\/schema\/logo\/image\/"}}]}},"_links":{"self":[{"href":"https:\/\/www.radper.com\/fr\/wp-json\/wp\/v2\/product\/44415","targetHints":{"allow":["GET"]}}],"collection":[{"href":"https:\/\/www.radper.com\/fr\/wp-json\/wp\/v2\/product"}],"about":[{"href":"https:\/\/www.radper.com\/fr\/wp-json\/wp\/v2\/types\/product"}],"wp:featuredmedia":[{"embeddable":true,"href":"https:\/\/www.radper.com\/fr\/wp-json\/wp\/v2\/media\/44416"}],"wp:attachment":[{"href":"https:\/\/www.radper.com\/fr\/wp-json\/wp\/v2\/media?parent=44415"}],"wp:term":[{"taxonomy":"product_brand","embeddable":true,"href":"https:\/\/www.radper.com\/fr\/wp-json\/wp\/v2\/product_brand?post=44415"},{"taxonomy":"product_cat","embeddable":true,"href":"https:\/\/www.radper.com\/fr\/wp-json\/wp\/v2\/product_cat?post=44415"},{"taxonomy":"product_tag","embeddable":true,"href":"https:\/\/www.radper.com\/fr\/wp-json\/wp\/v2\/product_tag?post=44415"}],"curies":[{"name":"wp","href":"https:\/\/api.w.org\/{rel}","templated":true}]}}