{"id":44436,"date":"2025-04-24T09:49:45","date_gmt":"2025-04-24T09:49:45","guid":{"rendered":"https:\/\/www.radper.com\/?post_type=product&#038;p=44436"},"modified":"2025-04-24T09:49:48","modified_gmt":"2025-04-24T09:49:48","slug":"regulateur-de-temperature-tk4m-12rn-autonics","status":"publish","type":"product","link":"https:\/\/www.radper.com\/fr\/catalogues\/controle-de-process\/regulateurs-controleurs\/regulateur-de-temperature-tk4m-12rn-autonics\/","title":{"rendered":"R\u00e9gulateur de temp\u00e9rature TK4M-12RN Autonics"},"content":{"rendered":"<p class=\"\" data-start=\"347\" data-end=\"634\"><strong>Le r\u00e9gulateur TK4M-12RN d\u2019Autonics<\/strong> assure une r\u00e9gulation de temp\u00e9rature avanc\u00e9e avec une compatibilit\u00e9 \u00e9largie pour les signaux d\u2019entr\u00e9e analogiques, thermocouples et RTD. Il se distingue par son <strong>affichage LED clair<\/strong>, une <strong>structure IP65<\/strong> en fa\u00e7ade et une pr\u00e9cision de contr\u00f4le remarquable.<\/p>\n<h2 class=\"\" data-start=\"2624\" data-end=\"2639\">Avantages<\/h2>\n<ul data-start=\"2641\" data-end=\"3138\">\n<li class=\"\" data-start=\"2641\" data-end=\"2732\">\n<p class=\"\" data-start=\"2643\" data-end=\"2732\"><strong data-start=\"2643\" data-end=\"2662\">Contr\u00f4le pr\u00e9cis<\/strong> via plusieurs modes PID, adapt\u00e9 aux processus thermiques exigeants.<\/p>\n<\/li>\n<li class=\"\" data-start=\"2733\" data-end=\"2831\">\n<p class=\"\" data-start=\"2735\" data-end=\"2831\"><strong data-start=\"2735\" data-end=\"2760\">Compatibilit\u00e9 \u00e9tendue<\/strong> avec de nombreux types de thermocouples, RTD et signaux analogiques.<\/p>\n<\/li>\n<li class=\"\" data-start=\"2832\" data-end=\"2914\">\n<p class=\"\" data-start=\"2834\" data-end=\"2914\"><strong data-start=\"2834\" data-end=\"2853\">Protection IP65<\/strong> sur la fa\u00e7ade, id\u00e9ale pour les environnements industriels.<\/p>\n<\/li>\n<li class=\"\" data-start=\"2915\" data-end=\"2984\">\n<p class=\"\" data-start=\"2917\" data-end=\"2984\"><strong data-start=\"2917\" data-end=\"2940\">Affichage LED clair<\/strong> pour une lecture instantan\u00e9e des valeurs.<\/p>\n<\/li>\n<li class=\"\" data-start=\"2985\" data-end=\"3072\">\n<p class=\"\" data-start=\"2987\" data-end=\"3072\"><strong data-start=\"2987\" data-end=\"3029\">Cycle d\u2019\u00e9chantillonnage rapide (50 ms)<\/strong> assurant une r\u00e9ponse dynamique efficace.<\/p>\n<\/li>\n<li class=\"\" data-start=\"3073\" data-end=\"3138\">\n<p class=\"\" data-start=\"3075\" data-end=\"3138\"><strong data-start=\"3075\" data-end=\"3101\">Configuration flexible<\/strong> avec entr\u00e9es\/sorties optionnelles.<\/p>\n<\/li>\n<\/ul>\n<h2 class=\"\" data-start=\"3145\" data-end=\"3163\">Applications<\/h2>\n<p class=\"\" data-start=\"3165\" data-end=\"3309\">Le r\u00e9gulateur TK4M-12RN est adapt\u00e9 aux applications n\u00e9cessitant une r\u00e9gulation de temp\u00e9rature fine et polyvalente, notamment dans les secteurs :<\/p>\n<ul data-start=\"3311\" data-end=\"3493\">\n<li class=\"\" data-start=\"3311\" data-end=\"3347\">\n<p class=\"\" data-start=\"3313\" data-end=\"3347\">De l\u2019automatisation industrielle<\/p>\n<\/li>\n<li class=\"\" data-start=\"3348\" data-end=\"3383\">\n<p class=\"\" data-start=\"3350\" data-end=\"3383\">De la fabrication de plastiques<\/p>\n<\/li>\n<li class=\"\" data-start=\"3384\" data-end=\"3423\">\n<p class=\"\" data-start=\"3386\" data-end=\"3423\">Du contr\u00f4le de processus thermiques<\/p>\n<\/li>\n<li class=\"\" data-start=\"3424\" data-end=\"3493\">\n<p class=\"\" data-start=\"3426\" data-end=\"3493\">Des fours industriels et \u00e9quipements de chauffage\/refroidissement<\/p>\n<\/li>\n<\/ul>\n<p class=\"\" data-start=\"3510\" data-end=\"3668\"><strong data-start=\"3510\" data-end=\"3576\">\u27a1\ufe0fLe r\u00e9gulateur TK4M-12RN accepte-t-il des signaux analogiques ?<\/strong><br data-start=\"3576\" data-end=\"3579\" \/>Oui, il accepte les signaux analogiques 0-100 mV, 0-5V, 1-5V, 0-10V, 0-20 mA, et 4-20 mA.<\/p>\n<p class=\"\" data-start=\"3670\" data-end=\"3851\"><strong data-start=\"3670\" data-end=\"3730\">\u27a1\ufe0fPeut-on utiliser ce r\u00e9gulateur en environnement humide ?<\/strong><br data-start=\"3730\" data-end=\"3733\" \/>Oui, il est adapt\u00e9 aux environnements jusqu\u2019\u00e0 85 % d\u2019humidit\u00e9 (sans condensation), avec une protection IP65 \u00e0 l\u2019avant.<\/p>\n<p class=\"\" data-start=\"3853\" data-end=\"3984\"><strong data-start=\"3853\" data-end=\"3913\">\u27a1\ufe0fQuel type de contr\u00f4le ce r\u00e9gulateur prend-il en charge ?<\/strong><br data-start=\"3913\" data-end=\"3916\" \/>Il prend en charge ON\/OFF, P, PI, PD et PID pour un r\u00e9glage optimal.<\/p>\n","protected":false},"excerpt":{"rendered":"<p>TK4M-12RN<\/p>\n","protected":false},"featured_media":44406,"template":"","meta":{"_acf_changed":false},"product_brand":[],"product_cat":[13849],"product_tag":[],"class_list":{"0":"post-44436","1":"product","2":"type-product","3":"status-publish","4":"has-post-thumbnail","6":"product_cat-regulateurs-controleurs","7":"pa_marque-autonics","9":"first","10":"instock","11":"taxable","12":"shipping-taxable","13":"purchasable","14":"product-type-simple"},"acf":[],"yoast_head":"<!-- This site is optimized with the Yoast SEO plugin v26.2 - https:\/\/yoast.com\/wordpress\/plugins\/seo\/ -->\n<title>R\u00e9gulateur de temp\u00e9rature TK4M-12RN Autonics - Radper<\/title>\n<meta name=\"description\" content=\"R\u00e9gulateur TK4M-12RN Autonics : contr\u00f4le PID rapide, entr\u00e9e analogique\/thermocouple\/RTD. Accompagnement personnalis\u00e9 avec Radper.\" \/>\n<meta name=\"robots\" content=\"index, follow, max-snippet:-1, max-image-preview:large, max-video-preview:-1\" \/>\n<link rel=\"canonical\" href=\"https:\/\/www.radper.com\/fr\/catalogues\/controle-de-process\/regulateurs-controleurs\/regulateur-de-temperature-tk4m-12rn-autonics\/\" \/>\n<meta property=\"og:locale\" content=\"fr_FR\" \/>\n<meta property=\"og:type\" content=\"article\" \/>\n<meta property=\"og:title\" content=\"R\u00e9gulateur de temp\u00e9rature TK4M-12RN Autonics - Radper\" \/>\n<meta property=\"og:description\" content=\"R\u00e9gulateur TK4M-12RN Autonics : contr\u00f4le PID rapide, entr\u00e9e analogique\/thermocouple\/RTD. Accompagnement personnalis\u00e9 avec Radper.\" \/>\n<meta property=\"og:url\" content=\"https:\/\/www.radper.com\/fr\/catalogues\/controle-de-process\/regulateurs-controleurs\/regulateur-de-temperature-tk4m-12rn-autonics\/\" \/>\n<meta property=\"og:site_name\" content=\"Radper\" \/>\n<meta property=\"article:modified_time\" content=\"2025-04-24T09:49:48+00:00\" \/>\n<meta property=\"og:image\" content=\"https:\/\/www.radper.com\/wp-content\/uploads\/2025\/04\/Untitled-design-12.png\" \/>\n\t<meta property=\"og:image:width\" content=\"600\" \/>\n\t<meta property=\"og:image:height\" content=\"600\" \/>\n\t<meta property=\"og:image:type\" content=\"image\/png\" \/>\n<meta name=\"twitter:card\" content=\"summary_large_image\" \/>\n<meta name=\"twitter:label1\" content=\"Dur\u00e9e de lecture estim\u00e9e\" \/>\n\t<meta name=\"twitter:data1\" content=\"2 minutes\" \/>\n<script type=\"application\/ld+json\" class=\"yoast-schema-graph\">{\"@context\":\"https:\/\/schema.org\",\"@graph\":[{\"@type\":\"WebPage\",\"@id\":\"https:\/\/www.radper.com\/fr\/catalogues\/controle-de-process\/regulateurs-controleurs\/regulateur-de-temperature-tk4m-12rn-autonics\/\",\"url\":\"https:\/\/www.radper.com\/fr\/catalogues\/controle-de-process\/regulateurs-controleurs\/regulateur-de-temperature-tk4m-12rn-autonics\/\",\"name\":\"R\u00e9gulateur de temp\u00e9rature TK4M-12RN Autonics - Radper\",\"isPartOf\":{\"@id\":\"https:\/\/www.radper.com\/fr\/#website\"},\"primaryImageOfPage\":{\"@id\":\"https:\/\/www.radper.com\/fr\/catalogues\/controle-de-process\/regulateurs-controleurs\/regulateur-de-temperature-tk4m-12rn-autonics\/#primaryimage\"},\"image\":{\"@id\":\"https:\/\/www.radper.com\/fr\/catalogues\/controle-de-process\/regulateurs-controleurs\/regulateur-de-temperature-tk4m-12rn-autonics\/#primaryimage\"},\"thumbnailUrl\":\"https:\/\/www.radper.com\/wp-content\/uploads\/2025\/04\/Untitled-design-12.png\",\"datePublished\":\"2025-04-24T09:49:45+00:00\",\"dateModified\":\"2025-04-24T09:49:48+00:00\",\"description\":\"R\u00e9gulateur TK4M-12RN Autonics : contr\u00f4le PID rapide, entr\u00e9e analogique\/thermocouple\/RTD. Accompagnement personnalis\u00e9 avec Radper.\",\"breadcrumb\":{\"@id\":\"https:\/\/www.radper.com\/fr\/catalogues\/controle-de-process\/regulateurs-controleurs\/regulateur-de-temperature-tk4m-12rn-autonics\/#breadcrumb\"},\"inLanguage\":\"fr-FR\",\"potentialAction\":[{\"@type\":\"ReadAction\",\"target\":[\"https:\/\/www.radper.com\/fr\/catalogues\/controle-de-process\/regulateurs-controleurs\/regulateur-de-temperature-tk4m-12rn-autonics\/\"]}]},{\"@type\":\"ImageObject\",\"inLanguage\":\"fr-FR\",\"@id\":\"https:\/\/www.radper.com\/fr\/catalogues\/controle-de-process\/regulateurs-controleurs\/regulateur-de-temperature-tk4m-12rn-autonics\/#primaryimage\",\"url\":\"https:\/\/www.radper.com\/wp-content\/uploads\/2025\/04\/Untitled-design-12.png\",\"contentUrl\":\"https:\/\/www.radper.com\/wp-content\/uploads\/2025\/04\/Untitled-design-12.png\",\"width\":600,\"height\":600},{\"@type\":\"BreadcrumbList\",\"@id\":\"https:\/\/www.radper.com\/fr\/catalogues\/controle-de-process\/regulateurs-controleurs\/regulateur-de-temperature-tk4m-12rn-autonics\/#breadcrumb\",\"itemListElement\":[{\"@type\":\"ListItem\",\"position\":1,\"name\":\"Accueil\",\"item\":\"https:\/\/www.radper.com\/fr\/\"},{\"@type\":\"ListItem\",\"position\":2,\"name\":\"Catalogue\",\"item\":\"https:\/\/www.radper.com\/fr\/catalogue\/\"},{\"@type\":\"ListItem\",\"position\":3,\"name\":\"R\u00e9gulateur de temp\u00e9rature TK4M-12RN Autonics\"}]},{\"@type\":\"WebSite\",\"@id\":\"https:\/\/www.radper.com\/fr\/#website\",\"url\":\"https:\/\/www.radper.com\/fr\/\",\"name\":\"Radper\",\"description\":\"\",\"publisher\":{\"@id\":\"https:\/\/www.radper.com\/fr\/#organization\"},\"potentialAction\":[{\"@type\":\"SearchAction\",\"target\":{\"@type\":\"EntryPoint\",\"urlTemplate\":\"https:\/\/www.radper.com\/fr\/?s={search_term_string}\"},\"query-input\":{\"@type\":\"PropertyValueSpecification\",\"valueRequired\":true,\"valueName\":\"search_term_string\"}}],\"inLanguage\":\"fr-FR\"},{\"@type\":\"Organization\",\"@id\":\"https:\/\/www.radper.com\/fr\/#organization\",\"name\":\"radper\",\"url\":\"https:\/\/www.radper.com\/fr\/\",\"logo\":{\"@type\":\"ImageObject\",\"inLanguage\":\"fr-FR\",\"@id\":\"https:\/\/www.radper.com\/fr\/#\/schema\/logo\/image\/\",\"url\":\"https:\/\/radper.com\/wp-content\/uploads\/2021\/04\/logo-wide-11.png\",\"contentUrl\":\"https:\/\/radper.com\/wp-content\/uploads\/2021\/04\/logo-wide-11.png\",\"width\":250,\"height\":110,\"caption\":\"radper\"},\"image\":{\"@id\":\"https:\/\/www.radper.com\/fr\/#\/schema\/logo\/image\/\"}}]}<\/script>\n<!-- \/ Yoast SEO plugin. -->","yoast_head_json":{"title":"R\u00e9gulateur de temp\u00e9rature TK4M-12RN Autonics - Radper","description":"R\u00e9gulateur TK4M-12RN Autonics : contr\u00f4le PID rapide, entr\u00e9e analogique\/thermocouple\/RTD. Accompagnement personnalis\u00e9 avec Radper.","robots":{"index":"index","follow":"follow","max-snippet":"max-snippet:-1","max-image-preview":"max-image-preview:large","max-video-preview":"max-video-preview:-1"},"canonical":"https:\/\/www.radper.com\/fr\/catalogues\/controle-de-process\/regulateurs-controleurs\/regulateur-de-temperature-tk4m-12rn-autonics\/","og_locale":"fr_FR","og_type":"article","og_title":"R\u00e9gulateur de temp\u00e9rature TK4M-12RN Autonics - Radper","og_description":"R\u00e9gulateur TK4M-12RN Autonics : contr\u00f4le PID rapide, entr\u00e9e analogique\/thermocouple\/RTD. Accompagnement personnalis\u00e9 avec Radper.","og_url":"https:\/\/www.radper.com\/fr\/catalogues\/controle-de-process\/regulateurs-controleurs\/regulateur-de-temperature-tk4m-12rn-autonics\/","og_site_name":"Radper","article_modified_time":"2025-04-24T09:49:48+00:00","og_image":[{"width":600,"height":600,"url":"https:\/\/www.radper.com\/wp-content\/uploads\/2025\/04\/Untitled-design-12.png","type":"image\/png"}],"twitter_card":"summary_large_image","twitter_misc":{"Dur\u00e9e de lecture estim\u00e9e":"2 minutes"},"schema":{"@context":"https:\/\/schema.org","@graph":[{"@type":"WebPage","@id":"https:\/\/www.radper.com\/fr\/catalogues\/controle-de-process\/regulateurs-controleurs\/regulateur-de-temperature-tk4m-12rn-autonics\/","url":"https:\/\/www.radper.com\/fr\/catalogues\/controle-de-process\/regulateurs-controleurs\/regulateur-de-temperature-tk4m-12rn-autonics\/","name":"R\u00e9gulateur de temp\u00e9rature TK4M-12RN Autonics - Radper","isPartOf":{"@id":"https:\/\/www.radper.com\/fr\/#website"},"primaryImageOfPage":{"@id":"https:\/\/www.radper.com\/fr\/catalogues\/controle-de-process\/regulateurs-controleurs\/regulateur-de-temperature-tk4m-12rn-autonics\/#primaryimage"},"image":{"@id":"https:\/\/www.radper.com\/fr\/catalogues\/controle-de-process\/regulateurs-controleurs\/regulateur-de-temperature-tk4m-12rn-autonics\/#primaryimage"},"thumbnailUrl":"https:\/\/www.radper.com\/wp-content\/uploads\/2025\/04\/Untitled-design-12.png","datePublished":"2025-04-24T09:49:45+00:00","dateModified":"2025-04-24T09:49:48+00:00","description":"R\u00e9gulateur TK4M-12RN Autonics : contr\u00f4le PID rapide, entr\u00e9e analogique\/thermocouple\/RTD. Accompagnement personnalis\u00e9 avec Radper.","breadcrumb":{"@id":"https:\/\/www.radper.com\/fr\/catalogues\/controle-de-process\/regulateurs-controleurs\/regulateur-de-temperature-tk4m-12rn-autonics\/#breadcrumb"},"inLanguage":"fr-FR","potentialAction":[{"@type":"ReadAction","target":["https:\/\/www.radper.com\/fr\/catalogues\/controle-de-process\/regulateurs-controleurs\/regulateur-de-temperature-tk4m-12rn-autonics\/"]}]},{"@type":"ImageObject","inLanguage":"fr-FR","@id":"https:\/\/www.radper.com\/fr\/catalogues\/controle-de-process\/regulateurs-controleurs\/regulateur-de-temperature-tk4m-12rn-autonics\/#primaryimage","url":"https:\/\/www.radper.com\/wp-content\/uploads\/2025\/04\/Untitled-design-12.png","contentUrl":"https:\/\/www.radper.com\/wp-content\/uploads\/2025\/04\/Untitled-design-12.png","width":600,"height":600},{"@type":"BreadcrumbList","@id":"https:\/\/www.radper.com\/fr\/catalogues\/controle-de-process\/regulateurs-controleurs\/regulateur-de-temperature-tk4m-12rn-autonics\/#breadcrumb","itemListElement":[{"@type":"ListItem","position":1,"name":"Accueil","item":"https:\/\/www.radper.com\/fr\/"},{"@type":"ListItem","position":2,"name":"Catalogue","item":"https:\/\/www.radper.com\/fr\/catalogue\/"},{"@type":"ListItem","position":3,"name":"R\u00e9gulateur de temp\u00e9rature TK4M-12RN Autonics"}]},{"@type":"WebSite","@id":"https:\/\/www.radper.com\/fr\/#website","url":"https:\/\/www.radper.com\/fr\/","name":"Radper","description":"","publisher":{"@id":"https:\/\/www.radper.com\/fr\/#organization"},"potentialAction":[{"@type":"SearchAction","target":{"@type":"EntryPoint","urlTemplate":"https:\/\/www.radper.com\/fr\/?s={search_term_string}"},"query-input":{"@type":"PropertyValueSpecification","valueRequired":true,"valueName":"search_term_string"}}],"inLanguage":"fr-FR"},{"@type":"Organization","@id":"https:\/\/www.radper.com\/fr\/#organization","name":"radper","url":"https:\/\/www.radper.com\/fr\/","logo":{"@type":"ImageObject","inLanguage":"fr-FR","@id":"https:\/\/www.radper.com\/fr\/#\/schema\/logo\/image\/","url":"https:\/\/radper.com\/wp-content\/uploads\/2021\/04\/logo-wide-11.png","contentUrl":"https:\/\/radper.com\/wp-content\/uploads\/2021\/04\/logo-wide-11.png","width":250,"height":110,"caption":"radper"},"image":{"@id":"https:\/\/www.radper.com\/fr\/#\/schema\/logo\/image\/"}}]}},"_links":{"self":[{"href":"https:\/\/www.radper.com\/fr\/wp-json\/wp\/v2\/product\/44436","targetHints":{"allow":["GET"]}}],"collection":[{"href":"https:\/\/www.radper.com\/fr\/wp-json\/wp\/v2\/product"}],"about":[{"href":"https:\/\/www.radper.com\/fr\/wp-json\/wp\/v2\/types\/product"}],"wp:featuredmedia":[{"embeddable":true,"href":"https:\/\/www.radper.com\/fr\/wp-json\/wp\/v2\/media\/44406"}],"wp:attachment":[{"href":"https:\/\/www.radper.com\/fr\/wp-json\/wp\/v2\/media?parent=44436"}],"wp:term":[{"taxonomy":"product_brand","embeddable":true,"href":"https:\/\/www.radper.com\/fr\/wp-json\/wp\/v2\/product_brand?post=44436"},{"taxonomy":"product_cat","embeddable":true,"href":"https:\/\/www.radper.com\/fr\/wp-json\/wp\/v2\/product_cat?post=44436"},{"taxonomy":"product_tag","embeddable":true,"href":"https:\/\/www.radper.com\/fr\/wp-json\/wp\/v2\/product_tag?post=44436"}],"curies":[{"name":"wp","href":"https:\/\/api.w.org\/{rel}","templated":true}]}}