{"id":44524,"date":"2025-05-02T10:14:03","date_gmt":"2025-05-02T10:14:03","guid":{"rendered":"https:\/\/www.radper.com\/?post_type=product&#038;p=44524"},"modified":"2025-07-31T09:30:22","modified_gmt":"2025-07-31T09:30:22","slug":"interrupteur-differentiel-5sv4646-0-4p-63-a-400-v-siemens","status":"publish","type":"product","link":"https:\/\/www.radper.com\/fr\/catalogues\/materiel-electrique\/contacteur-2\/interrupteur-differentiel-5sv4646-0-4p-63-a-400-v-siemens\/","title":{"rendered":"Interrupteur diff\u00e9rentiel 5SV4646-0 4P 63 A 400 V SIEMENS"},"content":{"rendered":"<h2 class=\"\" data-start=\"283\" data-end=\"364\">Interrupteur diff\u00e9rentiel 4P \u2013 Type AC 300 mA, 63 A, 400 V \u2013 Siemens 5SV4646-0<\/h2>\n<p class=\"\" data-start=\"404\" data-end=\"939\">L\u2019interrupteur diff\u00e9rentiel Siemens 5SV4646-0, issu de la gamme SENTRON, est un dispositif de protection 4 p\u00f4les de type AC, con\u00e7u pour d\u00e9tecter les courants de d\u00e9faut \u00e0 la terre jusqu\u2019\u00e0 300 mA. Non retard\u00e9 et conforme aux exigences de l\u2019installation encastrable DIN 43880, il assure une s\u00e9curit\u00e9 renforc\u00e9e dans les r\u00e9seaux 230\/400 V. Il est destin\u00e9 \u00e0 une installation sur rail DIN et offre une dur\u00e9e de vie m\u00e9canique typique de 10 000 cycles. L&rsquo;utilisation de cet appareil doit \u00eatre conforme aux r\u00e9glementations nationales en vigueur.<\/p>\n<p class=\"\" data-start=\"1949\" data-end=\"2138\"><strong data-start=\"1949\" data-end=\"2005\">\u27a1\ufe0fCe produit peut-il \u00eatre utilis\u00e9 dans tous les pays ?<\/strong><br data-start=\"2005\" data-end=\"2008\" \/>Non. Son usage d\u00e9pend des r\u00e9glementations locales. Il est imp\u00e9ratif de se r\u00e9f\u00e9rer aux normes nationales d&rsquo;installation en vigueur.<\/p>\n<p class=\"\" data-start=\"2140\" data-end=\"2263\"><strong data-start=\"2140\" data-end=\"2201\">\u27a1\ufe0fQuel est le type de courant diff\u00e9rentiel pris en charge ?<\/strong><br data-start=\"2201\" data-end=\"2204\" \/>Type AC \u2013 pour courants de d\u00e9fauts alternatifs sinuso\u00efdaux.<\/p>\n<p class=\"\" data-start=\"2265\" data-end=\"2371\"><strong data-start=\"2265\" data-end=\"2330\">\u27a1\ufe0fEst-il possible de le monter dans n\u2019importe quelle position ?<\/strong><br data-start=\"2330\" data-end=\"2333\" \/>Oui, la position de montage est libre.<\/p>\n","protected":false},"excerpt":{"rendered":"<p data-start=\"283\" data-end=\"364\">5SV4646-0<\/p>\n","protected":false},"featured_media":44525,"template":"","meta":{"_acf_changed":false},"product_brand":[],"product_cat":[784],"product_tag":[],"class_list":{"0":"post-44524","1":"product","2":"type-product","3":"status-publish","4":"has-post-thumbnail","6":"product_cat-contacteur-2","7":"pa_marque-siemens","9":"first","10":"instock","11":"taxable","12":"shipping-taxable","13":"purchasable","14":"product-type-simple"},"acf":[],"yoast_head":"<!-- This site is optimized with the Yoast SEO plugin v26.2 - https:\/\/yoast.com\/wordpress\/plugins\/seo\/ -->\n<title>Interrupteur diff\u00e9rentiel 5SV4646-0 4P 63 A 400 V SIEMENS - Radper<\/title>\n<meta name=\"description\" content=\"Interrupteur diff\u00e9rentiel Siemens 5SV4646-0, 4P 63 A, 300 mA, 400 V. Produit fiable \u00e0 d\u00e9couvrir sur Radper, marketplace d\u00e9di\u00e9e \u00e0 l\u2019industrie.\" \/>\n<meta name=\"robots\" content=\"index, follow, max-snippet:-1, max-image-preview:large, max-video-preview:-1\" \/>\n<link rel=\"canonical\" href=\"https:\/\/www.radper.com\/fr\/catalogues\/materiel-electrique\/contacteur-2\/interrupteur-differentiel-5sv4646-0-4p-63-a-400-v-siemens\/\" \/>\n<meta property=\"og:locale\" content=\"fr_FR\" \/>\n<meta property=\"og:type\" content=\"article\" \/>\n<meta property=\"og:title\" content=\"Interrupteur diff\u00e9rentiel 5SV4646-0 4P 63 A 400 V SIEMENS - Radper\" \/>\n<meta property=\"og:description\" content=\"Interrupteur diff\u00e9rentiel Siemens 5SV4646-0, 4P 63 A, 300 mA, 400 V. Produit fiable \u00e0 d\u00e9couvrir sur Radper, marketplace d\u00e9di\u00e9e \u00e0 l\u2019industrie.\" \/>\n<meta property=\"og:url\" content=\"https:\/\/www.radper.com\/fr\/catalogues\/materiel-electrique\/contacteur-2\/interrupteur-differentiel-5sv4646-0-4p-63-a-400-v-siemens\/\" \/>\n<meta property=\"og:site_name\" content=\"Radper\" \/>\n<meta property=\"article:modified_time\" content=\"2025-07-31T09:30:22+00:00\" \/>\n<meta property=\"og:image\" content=\"https:\/\/www.radper.com\/wp-content\/uploads\/2025\/05\/5SV4646-0-Siemens.png\" \/>\n\t<meta property=\"og:image:width\" content=\"600\" \/>\n\t<meta property=\"og:image:height\" content=\"600\" \/>\n\t<meta property=\"og:image:type\" content=\"image\/png\" \/>\n<meta name=\"twitter:card\" content=\"summary_large_image\" \/>\n<meta name=\"twitter:label1\" content=\"Dur\u00e9e de lecture estim\u00e9e\" \/>\n\t<meta name=\"twitter:data1\" content=\"2 minutes\" \/>\n<script type=\"application\/ld+json\" class=\"yoast-schema-graph\">{\"@context\":\"https:\/\/schema.org\",\"@graph\":[{\"@type\":\"WebPage\",\"@id\":\"https:\/\/www.radper.com\/fr\/catalogues\/materiel-electrique\/contacteur-2\/interrupteur-differentiel-5sv4646-0-4p-63-a-400-v-siemens\/\",\"url\":\"https:\/\/www.radper.com\/fr\/catalogues\/materiel-electrique\/contacteur-2\/interrupteur-differentiel-5sv4646-0-4p-63-a-400-v-siemens\/\",\"name\":\"Interrupteur diff\u00e9rentiel 5SV4646-0 4P 63 A 400 V SIEMENS - Radper\",\"isPartOf\":{\"@id\":\"https:\/\/www.radper.com\/fr\/#website\"},\"primaryImageOfPage\":{\"@id\":\"https:\/\/www.radper.com\/fr\/catalogues\/materiel-electrique\/contacteur-2\/interrupteur-differentiel-5sv4646-0-4p-63-a-400-v-siemens\/#primaryimage\"},\"image\":{\"@id\":\"https:\/\/www.radper.com\/fr\/catalogues\/materiel-electrique\/contacteur-2\/interrupteur-differentiel-5sv4646-0-4p-63-a-400-v-siemens\/#primaryimage\"},\"thumbnailUrl\":\"https:\/\/www.radper.com\/wp-content\/uploads\/2025\/05\/5SV4646-0-Siemens.png\",\"datePublished\":\"2025-05-02T10:14:03+00:00\",\"dateModified\":\"2025-07-31T09:30:22+00:00\",\"description\":\"Interrupteur diff\u00e9rentiel Siemens 5SV4646-0, 4P 63 A, 300 mA, 400 V. Produit fiable \u00e0 d\u00e9couvrir sur Radper, marketplace d\u00e9di\u00e9e \u00e0 l\u2019industrie.\",\"breadcrumb\":{\"@id\":\"https:\/\/www.radper.com\/fr\/catalogues\/materiel-electrique\/contacteur-2\/interrupteur-differentiel-5sv4646-0-4p-63-a-400-v-siemens\/#breadcrumb\"},\"inLanguage\":\"fr-FR\",\"potentialAction\":[{\"@type\":\"ReadAction\",\"target\":[\"https:\/\/www.radper.com\/fr\/catalogues\/materiel-electrique\/contacteur-2\/interrupteur-differentiel-5sv4646-0-4p-63-a-400-v-siemens\/\"]}]},{\"@type\":\"ImageObject\",\"inLanguage\":\"fr-FR\",\"@id\":\"https:\/\/www.radper.com\/fr\/catalogues\/materiel-electrique\/contacteur-2\/interrupteur-differentiel-5sv4646-0-4p-63-a-400-v-siemens\/#primaryimage\",\"url\":\"https:\/\/www.radper.com\/wp-content\/uploads\/2025\/05\/5SV4646-0-Siemens.png\",\"contentUrl\":\"https:\/\/www.radper.com\/wp-content\/uploads\/2025\/05\/5SV4646-0-Siemens.png\",\"width\":600,\"height\":600},{\"@type\":\"BreadcrumbList\",\"@id\":\"https:\/\/www.radper.com\/fr\/catalogues\/materiel-electrique\/contacteur-2\/interrupteur-differentiel-5sv4646-0-4p-63-a-400-v-siemens\/#breadcrumb\",\"itemListElement\":[{\"@type\":\"ListItem\",\"position\":1,\"name\":\"Accueil\",\"item\":\"https:\/\/www.radper.com\/fr\/\"},{\"@type\":\"ListItem\",\"position\":2,\"name\":\"Catalogue\",\"item\":\"https:\/\/www.radper.com\/fr\/catalogue\/\"},{\"@type\":\"ListItem\",\"position\":3,\"name\":\"Interrupteur diff\u00e9rentiel 5SV4646-0 4P 63 A 400 V SIEMENS\"}]},{\"@type\":\"WebSite\",\"@id\":\"https:\/\/www.radper.com\/fr\/#website\",\"url\":\"https:\/\/www.radper.com\/fr\/\",\"name\":\"Radper\",\"description\":\"\",\"publisher\":{\"@id\":\"https:\/\/www.radper.com\/fr\/#organization\"},\"potentialAction\":[{\"@type\":\"SearchAction\",\"target\":{\"@type\":\"EntryPoint\",\"urlTemplate\":\"https:\/\/www.radper.com\/fr\/?s={search_term_string}\"},\"query-input\":{\"@type\":\"PropertyValueSpecification\",\"valueRequired\":true,\"valueName\":\"search_term_string\"}}],\"inLanguage\":\"fr-FR\"},{\"@type\":\"Organization\",\"@id\":\"https:\/\/www.radper.com\/fr\/#organization\",\"name\":\"radper\",\"url\":\"https:\/\/www.radper.com\/fr\/\",\"logo\":{\"@type\":\"ImageObject\",\"inLanguage\":\"fr-FR\",\"@id\":\"https:\/\/www.radper.com\/fr\/#\/schema\/logo\/image\/\",\"url\":\"https:\/\/radper.com\/wp-content\/uploads\/2021\/04\/logo-wide-11.png\",\"contentUrl\":\"https:\/\/radper.com\/wp-content\/uploads\/2021\/04\/logo-wide-11.png\",\"width\":250,\"height\":110,\"caption\":\"radper\"},\"image\":{\"@id\":\"https:\/\/www.radper.com\/fr\/#\/schema\/logo\/image\/\"}}]}<\/script>\n<!-- \/ Yoast SEO plugin. -->","yoast_head_json":{"title":"Interrupteur diff\u00e9rentiel 5SV4646-0 4P 63 A 400 V SIEMENS - Radper","description":"Interrupteur diff\u00e9rentiel Siemens 5SV4646-0, 4P 63 A, 300 mA, 400 V. Produit fiable \u00e0 d\u00e9couvrir sur Radper, marketplace d\u00e9di\u00e9e \u00e0 l\u2019industrie.","robots":{"index":"index","follow":"follow","max-snippet":"max-snippet:-1","max-image-preview":"max-image-preview:large","max-video-preview":"max-video-preview:-1"},"canonical":"https:\/\/www.radper.com\/fr\/catalogues\/materiel-electrique\/contacteur-2\/interrupteur-differentiel-5sv4646-0-4p-63-a-400-v-siemens\/","og_locale":"fr_FR","og_type":"article","og_title":"Interrupteur diff\u00e9rentiel 5SV4646-0 4P 63 A 400 V SIEMENS - Radper","og_description":"Interrupteur diff\u00e9rentiel Siemens 5SV4646-0, 4P 63 A, 300 mA, 400 V. Produit fiable \u00e0 d\u00e9couvrir sur Radper, marketplace d\u00e9di\u00e9e \u00e0 l\u2019industrie.","og_url":"https:\/\/www.radper.com\/fr\/catalogues\/materiel-electrique\/contacteur-2\/interrupteur-differentiel-5sv4646-0-4p-63-a-400-v-siemens\/","og_site_name":"Radper","article_modified_time":"2025-07-31T09:30:22+00:00","og_image":[{"width":600,"height":600,"url":"https:\/\/www.radper.com\/wp-content\/uploads\/2025\/05\/5SV4646-0-Siemens.png","type":"image\/png"}],"twitter_card":"summary_large_image","twitter_misc":{"Dur\u00e9e de lecture estim\u00e9e":"2 minutes"},"schema":{"@context":"https:\/\/schema.org","@graph":[{"@type":"WebPage","@id":"https:\/\/www.radper.com\/fr\/catalogues\/materiel-electrique\/contacteur-2\/interrupteur-differentiel-5sv4646-0-4p-63-a-400-v-siemens\/","url":"https:\/\/www.radper.com\/fr\/catalogues\/materiel-electrique\/contacteur-2\/interrupteur-differentiel-5sv4646-0-4p-63-a-400-v-siemens\/","name":"Interrupteur diff\u00e9rentiel 5SV4646-0 4P 63 A 400 V SIEMENS - Radper","isPartOf":{"@id":"https:\/\/www.radper.com\/fr\/#website"},"primaryImageOfPage":{"@id":"https:\/\/www.radper.com\/fr\/catalogues\/materiel-electrique\/contacteur-2\/interrupteur-differentiel-5sv4646-0-4p-63-a-400-v-siemens\/#primaryimage"},"image":{"@id":"https:\/\/www.radper.com\/fr\/catalogues\/materiel-electrique\/contacteur-2\/interrupteur-differentiel-5sv4646-0-4p-63-a-400-v-siemens\/#primaryimage"},"thumbnailUrl":"https:\/\/www.radper.com\/wp-content\/uploads\/2025\/05\/5SV4646-0-Siemens.png","datePublished":"2025-05-02T10:14:03+00:00","dateModified":"2025-07-31T09:30:22+00:00","description":"Interrupteur diff\u00e9rentiel Siemens 5SV4646-0, 4P 63 A, 300 mA, 400 V. Produit fiable \u00e0 d\u00e9couvrir sur Radper, marketplace d\u00e9di\u00e9e \u00e0 l\u2019industrie.","breadcrumb":{"@id":"https:\/\/www.radper.com\/fr\/catalogues\/materiel-electrique\/contacteur-2\/interrupteur-differentiel-5sv4646-0-4p-63-a-400-v-siemens\/#breadcrumb"},"inLanguage":"fr-FR","potentialAction":[{"@type":"ReadAction","target":["https:\/\/www.radper.com\/fr\/catalogues\/materiel-electrique\/contacteur-2\/interrupteur-differentiel-5sv4646-0-4p-63-a-400-v-siemens\/"]}]},{"@type":"ImageObject","inLanguage":"fr-FR","@id":"https:\/\/www.radper.com\/fr\/catalogues\/materiel-electrique\/contacteur-2\/interrupteur-differentiel-5sv4646-0-4p-63-a-400-v-siemens\/#primaryimage","url":"https:\/\/www.radper.com\/wp-content\/uploads\/2025\/05\/5SV4646-0-Siemens.png","contentUrl":"https:\/\/www.radper.com\/wp-content\/uploads\/2025\/05\/5SV4646-0-Siemens.png","width":600,"height":600},{"@type":"BreadcrumbList","@id":"https:\/\/www.radper.com\/fr\/catalogues\/materiel-electrique\/contacteur-2\/interrupteur-differentiel-5sv4646-0-4p-63-a-400-v-siemens\/#breadcrumb","itemListElement":[{"@type":"ListItem","position":1,"name":"Accueil","item":"https:\/\/www.radper.com\/fr\/"},{"@type":"ListItem","position":2,"name":"Catalogue","item":"https:\/\/www.radper.com\/fr\/catalogue\/"},{"@type":"ListItem","position":3,"name":"Interrupteur diff\u00e9rentiel 5SV4646-0 4P 63 A 400 V SIEMENS"}]},{"@type":"WebSite","@id":"https:\/\/www.radper.com\/fr\/#website","url":"https:\/\/www.radper.com\/fr\/","name":"Radper","description":"","publisher":{"@id":"https:\/\/www.radper.com\/fr\/#organization"},"potentialAction":[{"@type":"SearchAction","target":{"@type":"EntryPoint","urlTemplate":"https:\/\/www.radper.com\/fr\/?s={search_term_string}"},"query-input":{"@type":"PropertyValueSpecification","valueRequired":true,"valueName":"search_term_string"}}],"inLanguage":"fr-FR"},{"@type":"Organization","@id":"https:\/\/www.radper.com\/fr\/#organization","name":"radper","url":"https:\/\/www.radper.com\/fr\/","logo":{"@type":"ImageObject","inLanguage":"fr-FR","@id":"https:\/\/www.radper.com\/fr\/#\/schema\/logo\/image\/","url":"https:\/\/radper.com\/wp-content\/uploads\/2021\/04\/logo-wide-11.png","contentUrl":"https:\/\/radper.com\/wp-content\/uploads\/2021\/04\/logo-wide-11.png","width":250,"height":110,"caption":"radper"},"image":{"@id":"https:\/\/www.radper.com\/fr\/#\/schema\/logo\/image\/"}}]}},"_links":{"self":[{"href":"https:\/\/www.radper.com\/fr\/wp-json\/wp\/v2\/product\/44524","targetHints":{"allow":["GET"]}}],"collection":[{"href":"https:\/\/www.radper.com\/fr\/wp-json\/wp\/v2\/product"}],"about":[{"href":"https:\/\/www.radper.com\/fr\/wp-json\/wp\/v2\/types\/product"}],"wp:featuredmedia":[{"embeddable":true,"href":"https:\/\/www.radper.com\/fr\/wp-json\/wp\/v2\/media\/44525"}],"wp:attachment":[{"href":"https:\/\/www.radper.com\/fr\/wp-json\/wp\/v2\/media?parent=44524"}],"wp:term":[{"taxonomy":"product_brand","embeddable":true,"href":"https:\/\/www.radper.com\/fr\/wp-json\/wp\/v2\/product_brand?post=44524"},{"taxonomy":"product_cat","embeddable":true,"href":"https:\/\/www.radper.com\/fr\/wp-json\/wp\/v2\/product_cat?post=44524"},{"taxonomy":"product_tag","embeddable":true,"href":"https:\/\/www.radper.com\/fr\/wp-json\/wp\/v2\/product_tag?post=44524"}],"curies":[{"name":"wp","href":"https:\/\/api.w.org\/{rel}","templated":true}]}}