{"id":44695,"date":"2025-05-21T11:54:41","date_gmt":"2025-05-21T11:54:41","guid":{"rendered":"https:\/\/www.radper.com\/?post_type=product&#038;p=44695"},"modified":"2025-05-21T13:07:27","modified_gmt":"2025-05-21T13:07:27","slug":"unite-differentiel-5sm2-632-0-3p-40-a-siemens","status":"publish","type":"product","link":"https:\/\/www.radper.com\/fr\/catalogues\/materiel-electrique\/contacteur-2\/unite-differentiel-5sm2-632-0-3p-40-a-siemens\/","title":{"rendered":"Unit\u00e9 diff\u00e9rentiel 5SM2 632-0 3P 40 A Siemens"},"content":{"rendered":"<h3 class=\"\" data-start=\"103\" data-end=\"188\"><strong data-start=\"107\" data-end=\"188\">Unit\u00e9 diff\u00e9rentiel Siemens 5SM2 632-0 \u2013 3 p\u00f4les, Type AC, 40 A, 300 mA, 400 V<\/strong><\/h3>\n<p class=\"\" data-start=\"190\" data-end=\"556\">L\u2019unit\u00e9 diff\u00e9rentiel <strong data-start=\"211\" data-end=\"225\">5SM2 632-0<\/strong> de la gamme <strong data-start=\"238\" data-end=\"249\">SENTRON<\/strong> est un dispositif de protection contre les d\u00e9fauts de courant r\u00e9siduel, con\u00e7u pour une utilisation avec les disjoncteurs miniatures <strong data-start=\"382\" data-end=\"389\">5SY<\/strong>. Ce mod\u00e8le tripolaire, de type <strong data-start=\"421\" data-end=\"427\">AC<\/strong>, d\u00e9tecte rapidement les courants de fuite \u00e0 la terre et assure ainsi la s\u00e9curit\u00e9 des personnes et des installations \u00e9lectriques.<\/p>\n<h3 class=\"\" data-start=\"1810\" data-end=\"1829\"><strong data-start=\"1814\" data-end=\"1827\">Avantages<\/strong><\/h3>\n<ul data-start=\"1831\" data-end=\"2375\">\n<li class=\"\" data-start=\"1831\" data-end=\"1925\">\n<p class=\"\" data-start=\"1833\" data-end=\"1925\"><strong data-start=\"1833\" data-end=\"1854\">Protection fiable<\/strong> contre les d\u00e9fauts \u00e0 la terre gr\u00e2ce au seuil diff\u00e9rentiel de 300 mA.<\/p>\n<\/li>\n<li class=\"\" data-start=\"1926\" data-end=\"2022\">\n<p class=\"\" data-start=\"1928\" data-end=\"2022\">Compatible avec la gamme de disjoncteurs miniatures <strong data-start=\"1980\" data-end=\"1987\">5SY<\/strong> pour une installation modulable.<\/p>\n<\/li>\n<li class=\"\" data-start=\"2023\" data-end=\"2131\">\n<p class=\"\" data-start=\"2025\" data-end=\"2131\"><strong data-start=\"2025\" data-end=\"2036\">Type AC<\/strong>, d\u00e9tectant uniquement les courants alternatifs r\u00e9siduels, adapt\u00e9 aux installations standard.<\/p>\n<\/li>\n<li class=\"\" data-start=\"2132\" data-end=\"2217\">\n<p class=\"\" data-start=\"2134\" data-end=\"2217\">Construction robuste avec une <strong data-start=\"2164\" data-end=\"2197\">longue dur\u00e9e de vie m\u00e9canique<\/strong> de 10 000 cycles.<\/p>\n<\/li>\n<li class=\"\" data-start=\"2218\" data-end=\"2322\">\n<p class=\"\" data-start=\"2220\" data-end=\"2322\">Conforme aux normes de s\u00e9curit\u00e9 internationales, avec une r\u00e9sistance aux surtensions jusqu\u2019\u00e0 4000 V.<\/p>\n<\/li>\n<li class=\"\" data-start=\"2323\" data-end=\"2375\">\n<p class=\"\" data-start=\"2325\" data-end=\"2375\"><strong data-start=\"2325\" data-end=\"2343\">Montage facile<\/strong> sur rail DIN, position libre.<\/p>\n<\/li>\n<\/ul>\n<h3 class=\"\" data-start=\"2382\" data-end=\"2404\"><strong data-start=\"2386\" data-end=\"2402\">Applications<\/strong><\/h3>\n<p class=\"\" data-start=\"2406\" data-end=\"2643\">L\u2019unit\u00e9 diff\u00e9rentiel 5SM2 est con\u00e7ue pour prot\u00e9ger les circuits \u00e9lectriques dans les b\u00e2timents r\u00e9sidentiels, tertiaires et infrastructures, en d\u00e9tectant rapidement les fuites de courant pouvant causer des \u00e9lectrocutions ou des incendies.<\/p>\n<h3 class=\"\" data-start=\"2650\" data-end=\"2701\"><strong data-start=\"2654\" data-end=\"2699\">Environnement et conditions d\u2019utilisation<\/strong><\/h3>\n<ul data-start=\"2703\" data-end=\"2986\">\n<li class=\"\" data-start=\"2703\" data-end=\"2760\">\n<p class=\"\" data-start=\"2705\" data-end=\"2760\">Temp\u00e9rature de fonctionnement : de <strong data-start=\"2740\" data-end=\"2758\">-5 \u00b0C \u00e0 +45 \u00b0C<\/strong><\/p>\n<\/li>\n<li class=\"\" data-start=\"2761\" data-end=\"2813\">\n<p class=\"\" data-start=\"2763\" data-end=\"2813\">Temp\u00e9rature de stockage : de <strong data-start=\"2792\" data-end=\"2811\">-40 \u00b0C \u00e0 +75 \u00b0C<\/strong><\/p>\n<\/li>\n<li class=\"\" data-start=\"2814\" data-end=\"2877\">\n<p class=\"\" data-start=\"2816\" data-end=\"2877\">Connectique adapt\u00e9e pour des conducteurs jusqu\u2019\u00e0 <strong data-start=\"2865\" data-end=\"2875\">25 mm\u00b2<\/strong><\/p>\n<\/li>\n<li class=\"\" data-start=\"2878\" data-end=\"2931\">\n<p class=\"\" data-start=\"2880\" data-end=\"2931\">Couple de serrage recommand\u00e9 : entre 2,5 et 3 N\u00b7m<\/p>\n<\/li>\n<li class=\"\" data-start=\"2932\" data-end=\"2986\">\n<p class=\"\" data-start=\"2934\" data-end=\"2986\">Protection contre les faux d\u00e9clenchements int\u00e9gr\u00e9e<\/p>\n<\/li>\n<\/ul>\n<p class=\"\" data-start=\"3008\" data-end=\"3121\"><strong data-start=\"3008\" data-end=\"3055\">\u27a1\ufe0fPeut-on ajuster le seuil de d\u00e9clenchement ?<\/strong><br data-start=\"3055\" data-end=\"3058\" \/>Non, le seuil de d\u00e9clenchement est fixe \u00e0 300 mA sur ce mod\u00e8le.<\/p>\n<p class=\"\" data-start=\"3123\" data-end=\"3229\"><strong data-start=\"3123\" data-end=\"3175\">\u27a1\ufe0fCe dispositif peut-il \u00eatre utilis\u00e9 en triphas\u00e9 ?<\/strong><br data-start=\"3175\" data-end=\"3178\" \/>Oui, il est tripolaire et prot\u00e8ge les trois phases.<\/p>\n<p class=\"\" data-start=\"3231\" data-end=\"3351\"><strong data-start=\"3231\" data-end=\"3291\">\u27a1\ufe0fEst-il possible de r\u00e9gler un d\u00e9lai sur ce diff\u00e9rentiel ?<\/strong><br data-start=\"3291\" data-end=\"3294\" \/>Non, ce mod\u00e8le ne dispose pas de temporisation \u00e0 l\u2019arr\u00eat.<\/p>\n","protected":false},"excerpt":{"rendered":"<p>5SM2 632-0<\/p>\n","protected":false},"featured_media":44696,"template":"","meta":{"_acf_changed":false},"product_brand":[],"product_cat":[784],"product_tag":[],"class_list":{"0":"post-44695","1":"product","2":"type-product","3":"status-publish","4":"has-post-thumbnail","6":"product_cat-contacteur-2","7":"pa_marque-siemens","9":"first","10":"instock","11":"taxable","12":"shipping-taxable","13":"purchasable","14":"product-type-simple"},"acf":[],"yoast_head":"<!-- This site is optimized with the Yoast SEO plugin v26.2 - https:\/\/yoast.com\/wordpress\/plugins\/seo\/ -->\n<title>Unit\u00e9 diff\u00e9rentiel 5SM2 632-0 3P 40 A Siemens - Radper<\/title>\n<meta name=\"description\" content=\"Unit\u00e9 diff\u00e9rentiel Siemens 5SM2 632-0, 3 P, 40 A, 300 mA type AC, protection fiable pour installations r\u00e9sidentielle et tertiaire, disponible sur Radper.\" \/>\n<meta name=\"robots\" content=\"index, follow, max-snippet:-1, max-image-preview:large, max-video-preview:-1\" \/>\n<link rel=\"canonical\" href=\"https:\/\/www.radper.com\/fr\/catalogues\/materiel-electrique\/contacteur-2\/unite-differentiel-5sm2-632-0-3p-40-a-siemens\/\" \/>\n<meta property=\"og:locale\" content=\"fr_FR\" \/>\n<meta property=\"og:type\" content=\"article\" \/>\n<meta property=\"og:title\" content=\"Unit\u00e9 diff\u00e9rentiel 5SM2 632-0 3P 40 A Siemens - Radper\" \/>\n<meta property=\"og:description\" content=\"Unit\u00e9 diff\u00e9rentiel Siemens 5SM2 632-0, 3 P, 40 A, 300 mA type AC, protection fiable pour installations r\u00e9sidentielle et tertiaire, disponible sur Radper.\" \/>\n<meta property=\"og:url\" content=\"https:\/\/www.radper.com\/fr\/catalogues\/materiel-electrique\/contacteur-2\/unite-differentiel-5sm2-632-0-3p-40-a-siemens\/\" \/>\n<meta property=\"og:site_name\" content=\"Radper\" \/>\n<meta property=\"article:modified_time\" content=\"2025-05-21T13:07:27+00:00\" \/>\n<meta property=\"og:image\" content=\"https:\/\/www.radper.com\/wp-content\/uploads\/2025\/05\/5SM2-632-0-SIEMENS.png\" \/>\n\t<meta property=\"og:image:width\" content=\"600\" \/>\n\t<meta property=\"og:image:height\" content=\"600\" \/>\n\t<meta property=\"og:image:type\" content=\"image\/png\" \/>\n<meta name=\"twitter:card\" content=\"summary_large_image\" \/>\n<meta name=\"twitter:label1\" content=\"Dur\u00e9e de lecture estim\u00e9e\" \/>\n\t<meta name=\"twitter:data1\" content=\"2 minutes\" \/>\n<script type=\"application\/ld+json\" class=\"yoast-schema-graph\">{\"@context\":\"https:\/\/schema.org\",\"@graph\":[{\"@type\":\"WebPage\",\"@id\":\"https:\/\/www.radper.com\/fr\/catalogues\/materiel-electrique\/contacteur-2\/unite-differentiel-5sm2-632-0-3p-40-a-siemens\/\",\"url\":\"https:\/\/www.radper.com\/fr\/catalogues\/materiel-electrique\/contacteur-2\/unite-differentiel-5sm2-632-0-3p-40-a-siemens\/\",\"name\":\"Unit\u00e9 diff\u00e9rentiel 5SM2 632-0 3P 40 A Siemens - Radper\",\"isPartOf\":{\"@id\":\"https:\/\/www.radper.com\/fr\/#website\"},\"primaryImageOfPage\":{\"@id\":\"https:\/\/www.radper.com\/fr\/catalogues\/materiel-electrique\/contacteur-2\/unite-differentiel-5sm2-632-0-3p-40-a-siemens\/#primaryimage\"},\"image\":{\"@id\":\"https:\/\/www.radper.com\/fr\/catalogues\/materiel-electrique\/contacteur-2\/unite-differentiel-5sm2-632-0-3p-40-a-siemens\/#primaryimage\"},\"thumbnailUrl\":\"https:\/\/www.radper.com\/wp-content\/uploads\/2025\/05\/5SM2-632-0-SIEMENS.png\",\"datePublished\":\"2025-05-21T11:54:41+00:00\",\"dateModified\":\"2025-05-21T13:07:27+00:00\",\"description\":\"Unit\u00e9 diff\u00e9rentiel Siemens 5SM2 632-0, 3 P, 40 A, 300 mA type AC, protection fiable pour installations r\u00e9sidentielle et tertiaire, disponible sur Radper.\",\"breadcrumb\":{\"@id\":\"https:\/\/www.radper.com\/fr\/catalogues\/materiel-electrique\/contacteur-2\/unite-differentiel-5sm2-632-0-3p-40-a-siemens\/#breadcrumb\"},\"inLanguage\":\"fr-FR\",\"potentialAction\":[{\"@type\":\"ReadAction\",\"target\":[\"https:\/\/www.radper.com\/fr\/catalogues\/materiel-electrique\/contacteur-2\/unite-differentiel-5sm2-632-0-3p-40-a-siemens\/\"]}]},{\"@type\":\"ImageObject\",\"inLanguage\":\"fr-FR\",\"@id\":\"https:\/\/www.radper.com\/fr\/catalogues\/materiel-electrique\/contacteur-2\/unite-differentiel-5sm2-632-0-3p-40-a-siemens\/#primaryimage\",\"url\":\"https:\/\/www.radper.com\/wp-content\/uploads\/2025\/05\/5SM2-632-0-SIEMENS.png\",\"contentUrl\":\"https:\/\/www.radper.com\/wp-content\/uploads\/2025\/05\/5SM2-632-0-SIEMENS.png\",\"width\":600,\"height\":600},{\"@type\":\"BreadcrumbList\",\"@id\":\"https:\/\/www.radper.com\/fr\/catalogues\/materiel-electrique\/contacteur-2\/unite-differentiel-5sm2-632-0-3p-40-a-siemens\/#breadcrumb\",\"itemListElement\":[{\"@type\":\"ListItem\",\"position\":1,\"name\":\"Accueil\",\"item\":\"https:\/\/www.radper.com\/fr\/\"},{\"@type\":\"ListItem\",\"position\":2,\"name\":\"Catalogue\",\"item\":\"https:\/\/www.radper.com\/fr\/catalogue\/\"},{\"@type\":\"ListItem\",\"position\":3,\"name\":\"Unit\u00e9 diff\u00e9rentiel 5SM2 632-0 3P 40 A Siemens\"}]},{\"@type\":\"WebSite\",\"@id\":\"https:\/\/www.radper.com\/fr\/#website\",\"url\":\"https:\/\/www.radper.com\/fr\/\",\"name\":\"Radper\",\"description\":\"\",\"publisher\":{\"@id\":\"https:\/\/www.radper.com\/fr\/#organization\"},\"potentialAction\":[{\"@type\":\"SearchAction\",\"target\":{\"@type\":\"EntryPoint\",\"urlTemplate\":\"https:\/\/www.radper.com\/fr\/?s={search_term_string}\"},\"query-input\":{\"@type\":\"PropertyValueSpecification\",\"valueRequired\":true,\"valueName\":\"search_term_string\"}}],\"inLanguage\":\"fr-FR\"},{\"@type\":\"Organization\",\"@id\":\"https:\/\/www.radper.com\/fr\/#organization\",\"name\":\"radper\",\"url\":\"https:\/\/www.radper.com\/fr\/\",\"logo\":{\"@type\":\"ImageObject\",\"inLanguage\":\"fr-FR\",\"@id\":\"https:\/\/www.radper.com\/fr\/#\/schema\/logo\/image\/\",\"url\":\"https:\/\/radper.com\/wp-content\/uploads\/2021\/04\/logo-wide-11.png\",\"contentUrl\":\"https:\/\/radper.com\/wp-content\/uploads\/2021\/04\/logo-wide-11.png\",\"width\":250,\"height\":110,\"caption\":\"radper\"},\"image\":{\"@id\":\"https:\/\/www.radper.com\/fr\/#\/schema\/logo\/image\/\"}}]}<\/script>\n<!-- \/ Yoast SEO plugin. -->","yoast_head_json":{"title":"Unit\u00e9 diff\u00e9rentiel 5SM2 632-0 3P 40 A Siemens - Radper","description":"Unit\u00e9 diff\u00e9rentiel Siemens 5SM2 632-0, 3 P, 40 A, 300 mA type AC, protection fiable pour installations r\u00e9sidentielle et tertiaire, disponible sur Radper.","robots":{"index":"index","follow":"follow","max-snippet":"max-snippet:-1","max-image-preview":"max-image-preview:large","max-video-preview":"max-video-preview:-1"},"canonical":"https:\/\/www.radper.com\/fr\/catalogues\/materiel-electrique\/contacteur-2\/unite-differentiel-5sm2-632-0-3p-40-a-siemens\/","og_locale":"fr_FR","og_type":"article","og_title":"Unit\u00e9 diff\u00e9rentiel 5SM2 632-0 3P 40 A Siemens - Radper","og_description":"Unit\u00e9 diff\u00e9rentiel Siemens 5SM2 632-0, 3 P, 40 A, 300 mA type AC, protection fiable pour installations r\u00e9sidentielle et tertiaire, disponible sur Radper.","og_url":"https:\/\/www.radper.com\/fr\/catalogues\/materiel-electrique\/contacteur-2\/unite-differentiel-5sm2-632-0-3p-40-a-siemens\/","og_site_name":"Radper","article_modified_time":"2025-05-21T13:07:27+00:00","og_image":[{"width":600,"height":600,"url":"https:\/\/www.radper.com\/wp-content\/uploads\/2025\/05\/5SM2-632-0-SIEMENS.png","type":"image\/png"}],"twitter_card":"summary_large_image","twitter_misc":{"Dur\u00e9e de lecture estim\u00e9e":"2 minutes"},"schema":{"@context":"https:\/\/schema.org","@graph":[{"@type":"WebPage","@id":"https:\/\/www.radper.com\/fr\/catalogues\/materiel-electrique\/contacteur-2\/unite-differentiel-5sm2-632-0-3p-40-a-siemens\/","url":"https:\/\/www.radper.com\/fr\/catalogues\/materiel-electrique\/contacteur-2\/unite-differentiel-5sm2-632-0-3p-40-a-siemens\/","name":"Unit\u00e9 diff\u00e9rentiel 5SM2 632-0 3P 40 A Siemens - Radper","isPartOf":{"@id":"https:\/\/www.radper.com\/fr\/#website"},"primaryImageOfPage":{"@id":"https:\/\/www.radper.com\/fr\/catalogues\/materiel-electrique\/contacteur-2\/unite-differentiel-5sm2-632-0-3p-40-a-siemens\/#primaryimage"},"image":{"@id":"https:\/\/www.radper.com\/fr\/catalogues\/materiel-electrique\/contacteur-2\/unite-differentiel-5sm2-632-0-3p-40-a-siemens\/#primaryimage"},"thumbnailUrl":"https:\/\/www.radper.com\/wp-content\/uploads\/2025\/05\/5SM2-632-0-SIEMENS.png","datePublished":"2025-05-21T11:54:41+00:00","dateModified":"2025-05-21T13:07:27+00:00","description":"Unit\u00e9 diff\u00e9rentiel Siemens 5SM2 632-0, 3 P, 40 A, 300 mA type AC, protection fiable pour installations r\u00e9sidentielle et tertiaire, disponible sur Radper.","breadcrumb":{"@id":"https:\/\/www.radper.com\/fr\/catalogues\/materiel-electrique\/contacteur-2\/unite-differentiel-5sm2-632-0-3p-40-a-siemens\/#breadcrumb"},"inLanguage":"fr-FR","potentialAction":[{"@type":"ReadAction","target":["https:\/\/www.radper.com\/fr\/catalogues\/materiel-electrique\/contacteur-2\/unite-differentiel-5sm2-632-0-3p-40-a-siemens\/"]}]},{"@type":"ImageObject","inLanguage":"fr-FR","@id":"https:\/\/www.radper.com\/fr\/catalogues\/materiel-electrique\/contacteur-2\/unite-differentiel-5sm2-632-0-3p-40-a-siemens\/#primaryimage","url":"https:\/\/www.radper.com\/wp-content\/uploads\/2025\/05\/5SM2-632-0-SIEMENS.png","contentUrl":"https:\/\/www.radper.com\/wp-content\/uploads\/2025\/05\/5SM2-632-0-SIEMENS.png","width":600,"height":600},{"@type":"BreadcrumbList","@id":"https:\/\/www.radper.com\/fr\/catalogues\/materiel-electrique\/contacteur-2\/unite-differentiel-5sm2-632-0-3p-40-a-siemens\/#breadcrumb","itemListElement":[{"@type":"ListItem","position":1,"name":"Accueil","item":"https:\/\/www.radper.com\/fr\/"},{"@type":"ListItem","position":2,"name":"Catalogue","item":"https:\/\/www.radper.com\/fr\/catalogue\/"},{"@type":"ListItem","position":3,"name":"Unit\u00e9 diff\u00e9rentiel 5SM2 632-0 3P 40 A Siemens"}]},{"@type":"WebSite","@id":"https:\/\/www.radper.com\/fr\/#website","url":"https:\/\/www.radper.com\/fr\/","name":"Radper","description":"","publisher":{"@id":"https:\/\/www.radper.com\/fr\/#organization"},"potentialAction":[{"@type":"SearchAction","target":{"@type":"EntryPoint","urlTemplate":"https:\/\/www.radper.com\/fr\/?s={search_term_string}"},"query-input":{"@type":"PropertyValueSpecification","valueRequired":true,"valueName":"search_term_string"}}],"inLanguage":"fr-FR"},{"@type":"Organization","@id":"https:\/\/www.radper.com\/fr\/#organization","name":"radper","url":"https:\/\/www.radper.com\/fr\/","logo":{"@type":"ImageObject","inLanguage":"fr-FR","@id":"https:\/\/www.radper.com\/fr\/#\/schema\/logo\/image\/","url":"https:\/\/radper.com\/wp-content\/uploads\/2021\/04\/logo-wide-11.png","contentUrl":"https:\/\/radper.com\/wp-content\/uploads\/2021\/04\/logo-wide-11.png","width":250,"height":110,"caption":"radper"},"image":{"@id":"https:\/\/www.radper.com\/fr\/#\/schema\/logo\/image\/"}}]}},"_links":{"self":[{"href":"https:\/\/www.radper.com\/fr\/wp-json\/wp\/v2\/product\/44695","targetHints":{"allow":["GET"]}}],"collection":[{"href":"https:\/\/www.radper.com\/fr\/wp-json\/wp\/v2\/product"}],"about":[{"href":"https:\/\/www.radper.com\/fr\/wp-json\/wp\/v2\/types\/product"}],"wp:featuredmedia":[{"embeddable":true,"href":"https:\/\/www.radper.com\/fr\/wp-json\/wp\/v2\/media\/44696"}],"wp:attachment":[{"href":"https:\/\/www.radper.com\/fr\/wp-json\/wp\/v2\/media?parent=44695"}],"wp:term":[{"taxonomy":"product_brand","embeddable":true,"href":"https:\/\/www.radper.com\/fr\/wp-json\/wp\/v2\/product_brand?post=44695"},{"taxonomy":"product_cat","embeddable":true,"href":"https:\/\/www.radper.com\/fr\/wp-json\/wp\/v2\/product_cat?post=44695"},{"taxonomy":"product_tag","embeddable":true,"href":"https:\/\/www.radper.com\/fr\/wp-json\/wp\/v2\/product_tag?post=44695"}],"curies":[{"name":"wp","href":"https:\/\/api.w.org\/{rel}","templated":true}]}}