{"id":45022,"date":"2025-08-05T13:13:20","date_gmt":"2025-08-05T13:13:20","guid":{"rendered":"https:\/\/www.radper.com\/?post_type=product&#038;p=45022"},"modified":"2025-08-19T13:11:25","modified_gmt":"2025-08-19T13:11:25","slug":"contact-auxiliaire-3ld9200-5b-1no1nc-siemens","status":"publish","type":"product","link":"https:\/\/www.radper.com\/fr\/catalogues\/materiel-electrique\/accessoire\/contact-auxiliaire-3ld9200-5b-1no1nc-siemens\/","title":{"rendered":"Contact auxiliaire 3LD9200-5B 1NO+1NC Siemens"},"content":{"rendered":"<h3 data-start=\"174\" data-end=\"276\"><strong data-start=\"178\" data-end=\"276\">3LD9200-5B Siemens contact auxiliaire 1NO + 1NC pour commutateurs principaux et d&rsquo;arr\u00eat d&rsquo;urgence \u2013 Montage avant<\/strong><\/h3>\n<p data-start=\"278\" data-end=\"688\">Le <strong data-start=\"281\" data-end=\"303\">3LD9200-5B Siemens<\/strong> est un contact auxiliaire con\u00e7u pour les commutateurs principaux et d\u2019arr\u00eat d\u2019urgence de la gamme <strong data-start=\"402\" data-end=\"410\">3LD2<\/strong> et pour les disjoncteurs moul\u00e9s <strong data-start=\"443\" data-end=\"454\">3LD5 UL<\/strong> en montage avant. Il est dot\u00e9 de deux contacts auxiliaires (1 NO + 1 NC) avec comportement diff\u00e9renci\u00e9 \u00e0 l\u2019ouverture et \u00e0 la fermeture pour une meilleure fiabilit\u00e9 de signalisation et de commande dans les installations industrielles.<\/p>\n<ul>\n<li data-start=\"278\" data-end=\"688\">Ce module auxiliaire est parfaitement adapt\u00e9 pour assurer la signalisation ou l\u2019interverrouillage des \u00e9quipements de commande Siemens, offrant s\u00e9curit\u00e9, robustesse et compatibilit\u00e9 avec les normes industrielles.<\/li>\n<\/ul>\n","protected":false},"excerpt":{"rendered":"<p>3LD9200-5B<\/p>\n","protected":false},"featured_media":45023,"template":"","meta":{"_acf_changed":false},"product_brand":[],"product_cat":[602],"product_tag":[],"class_list":{"0":"post-45022","1":"product","2":"type-product","3":"status-publish","4":"has-post-thumbnail","6":"product_cat-accessoire","7":"pa_marque-siemens-en","9":"first","10":"instock","11":"taxable","12":"shipping-taxable","13":"purchasable","14":"product-type-simple"},"acf":[],"yoast_head":"<!-- This site is optimized with the Yoast SEO plugin v26.2 - https:\/\/yoast.com\/wordpress\/plugins\/seo\/ -->\n<title>Contact auxiliaire 3LD9200-5B 1NO+1NC Siemens - Radper<\/title>\n<meta name=\"description\" content=\"D\u00e9couvrez le contact auxiliaire 3LD9200-5B Siemens (1NO+1NC), montage avant pour commutateurs principaux 3LD2 et 3LD5 UL. Devis via Radper.\" \/>\n<meta name=\"robots\" content=\"index, follow, max-snippet:-1, max-image-preview:large, max-video-preview:-1\" \/>\n<link rel=\"canonical\" href=\"https:\/\/www.radper.com\/fr\/catalogues\/materiel-electrique\/accessoire\/contact-auxiliaire-3ld9200-5b-1no1nc-siemens\/\" \/>\n<meta property=\"og:locale\" content=\"fr_FR\" \/>\n<meta property=\"og:type\" content=\"article\" \/>\n<meta property=\"og:title\" content=\"Contact auxiliaire 3LD9200-5B 1NO+1NC Siemens - Radper\" \/>\n<meta property=\"og:description\" content=\"D\u00e9couvrez le contact auxiliaire 3LD9200-5B Siemens (1NO+1NC), montage avant pour commutateurs principaux 3LD2 et 3LD5 UL. Devis via Radper.\" \/>\n<meta property=\"og:url\" content=\"https:\/\/www.radper.com\/fr\/catalogues\/materiel-electrique\/accessoire\/contact-auxiliaire-3ld9200-5b-1no1nc-siemens\/\" \/>\n<meta property=\"og:site_name\" content=\"Radper\" \/>\n<meta property=\"article:modified_time\" content=\"2025-08-19T13:11:25+00:00\" \/>\n<meta property=\"og:image\" content=\"https:\/\/www.radper.com\/wp-content\/uploads\/2025\/08\/3LD9200-5B-Siemens.png\" \/>\n\t<meta property=\"og:image:width\" content=\"600\" \/>\n\t<meta property=\"og:image:height\" content=\"600\" \/>\n\t<meta property=\"og:image:type\" content=\"image\/png\" \/>\n<meta name=\"twitter:card\" content=\"summary_large_image\" \/>\n<meta name=\"twitter:label1\" content=\"Dur\u00e9e de lecture estim\u00e9e\" \/>\n\t<meta name=\"twitter:data1\" content=\"1 minute\" \/>\n<script type=\"application\/ld+json\" class=\"yoast-schema-graph\">{\"@context\":\"https:\/\/schema.org\",\"@graph\":[{\"@type\":\"WebPage\",\"@id\":\"https:\/\/www.radper.com\/fr\/catalogues\/materiel-electrique\/accessoire\/contact-auxiliaire-3ld9200-5b-1no1nc-siemens\/\",\"url\":\"https:\/\/www.radper.com\/fr\/catalogues\/materiel-electrique\/accessoire\/contact-auxiliaire-3ld9200-5b-1no1nc-siemens\/\",\"name\":\"Contact auxiliaire 3LD9200-5B 1NO+1NC Siemens - Radper\",\"isPartOf\":{\"@id\":\"https:\/\/www.radper.com\/fr\/#website\"},\"primaryImageOfPage\":{\"@id\":\"https:\/\/www.radper.com\/fr\/catalogues\/materiel-electrique\/accessoire\/contact-auxiliaire-3ld9200-5b-1no1nc-siemens\/#primaryimage\"},\"image\":{\"@id\":\"https:\/\/www.radper.com\/fr\/catalogues\/materiel-electrique\/accessoire\/contact-auxiliaire-3ld9200-5b-1no1nc-siemens\/#primaryimage\"},\"thumbnailUrl\":\"https:\/\/www.radper.com\/wp-content\/uploads\/2025\/08\/3LD9200-5B-Siemens.png\",\"datePublished\":\"2025-08-05T13:13:20+00:00\",\"dateModified\":\"2025-08-19T13:11:25+00:00\",\"description\":\"D\u00e9couvrez le contact auxiliaire 3LD9200-5B Siemens (1NO+1NC), montage avant pour commutateurs principaux 3LD2 et 3LD5 UL. Devis via Radper.\",\"breadcrumb\":{\"@id\":\"https:\/\/www.radper.com\/fr\/catalogues\/materiel-electrique\/accessoire\/contact-auxiliaire-3ld9200-5b-1no1nc-siemens\/#breadcrumb\"},\"inLanguage\":\"fr-FR\",\"potentialAction\":[{\"@type\":\"ReadAction\",\"target\":[\"https:\/\/www.radper.com\/fr\/catalogues\/materiel-electrique\/accessoire\/contact-auxiliaire-3ld9200-5b-1no1nc-siemens\/\"]}]},{\"@type\":\"ImageObject\",\"inLanguage\":\"fr-FR\",\"@id\":\"https:\/\/www.radper.com\/fr\/catalogues\/materiel-electrique\/accessoire\/contact-auxiliaire-3ld9200-5b-1no1nc-siemens\/#primaryimage\",\"url\":\"https:\/\/www.radper.com\/wp-content\/uploads\/2025\/08\/3LD9200-5B-Siemens.png\",\"contentUrl\":\"https:\/\/www.radper.com\/wp-content\/uploads\/2025\/08\/3LD9200-5B-Siemens.png\",\"width\":600,\"height\":600},{\"@type\":\"BreadcrumbList\",\"@id\":\"https:\/\/www.radper.com\/fr\/catalogues\/materiel-electrique\/accessoire\/contact-auxiliaire-3ld9200-5b-1no1nc-siemens\/#breadcrumb\",\"itemListElement\":[{\"@type\":\"ListItem\",\"position\":1,\"name\":\"Accueil\",\"item\":\"https:\/\/www.radper.com\/fr\/\"},{\"@type\":\"ListItem\",\"position\":2,\"name\":\"Catalogue\",\"item\":\"https:\/\/www.radper.com\/fr\/catalogue\/\"},{\"@type\":\"ListItem\",\"position\":3,\"name\":\"Contact auxiliaire 3LD9200-5B 1NO+1NC Siemens\"}]},{\"@type\":\"WebSite\",\"@id\":\"https:\/\/www.radper.com\/fr\/#website\",\"url\":\"https:\/\/www.radper.com\/fr\/\",\"name\":\"Radper\",\"description\":\"\",\"publisher\":{\"@id\":\"https:\/\/www.radper.com\/fr\/#organization\"},\"potentialAction\":[{\"@type\":\"SearchAction\",\"target\":{\"@type\":\"EntryPoint\",\"urlTemplate\":\"https:\/\/www.radper.com\/fr\/?s={search_term_string}\"},\"query-input\":{\"@type\":\"PropertyValueSpecification\",\"valueRequired\":true,\"valueName\":\"search_term_string\"}}],\"inLanguage\":\"fr-FR\"},{\"@type\":\"Organization\",\"@id\":\"https:\/\/www.radper.com\/fr\/#organization\",\"name\":\"radper\",\"url\":\"https:\/\/www.radper.com\/fr\/\",\"logo\":{\"@type\":\"ImageObject\",\"inLanguage\":\"fr-FR\",\"@id\":\"https:\/\/www.radper.com\/fr\/#\/schema\/logo\/image\/\",\"url\":\"https:\/\/radper.com\/wp-content\/uploads\/2021\/04\/logo-wide-11.png\",\"contentUrl\":\"https:\/\/radper.com\/wp-content\/uploads\/2021\/04\/logo-wide-11.png\",\"width\":250,\"height\":110,\"caption\":\"radper\"},\"image\":{\"@id\":\"https:\/\/www.radper.com\/fr\/#\/schema\/logo\/image\/\"}}]}<\/script>\n<!-- \/ Yoast SEO plugin. -->","yoast_head_json":{"title":"Contact auxiliaire 3LD9200-5B 1NO+1NC Siemens - Radper","description":"D\u00e9couvrez le contact auxiliaire 3LD9200-5B Siemens (1NO+1NC), montage avant pour commutateurs principaux 3LD2 et 3LD5 UL. Devis via Radper.","robots":{"index":"index","follow":"follow","max-snippet":"max-snippet:-1","max-image-preview":"max-image-preview:large","max-video-preview":"max-video-preview:-1"},"canonical":"https:\/\/www.radper.com\/fr\/catalogues\/materiel-electrique\/accessoire\/contact-auxiliaire-3ld9200-5b-1no1nc-siemens\/","og_locale":"fr_FR","og_type":"article","og_title":"Contact auxiliaire 3LD9200-5B 1NO+1NC Siemens - Radper","og_description":"D\u00e9couvrez le contact auxiliaire 3LD9200-5B Siemens (1NO+1NC), montage avant pour commutateurs principaux 3LD2 et 3LD5 UL. Devis via Radper.","og_url":"https:\/\/www.radper.com\/fr\/catalogues\/materiel-electrique\/accessoire\/contact-auxiliaire-3ld9200-5b-1no1nc-siemens\/","og_site_name":"Radper","article_modified_time":"2025-08-19T13:11:25+00:00","og_image":[{"width":600,"height":600,"url":"https:\/\/www.radper.com\/wp-content\/uploads\/2025\/08\/3LD9200-5B-Siemens.png","type":"image\/png"}],"twitter_card":"summary_large_image","twitter_misc":{"Dur\u00e9e de lecture estim\u00e9e":"1 minute"},"schema":{"@context":"https:\/\/schema.org","@graph":[{"@type":"WebPage","@id":"https:\/\/www.radper.com\/fr\/catalogues\/materiel-electrique\/accessoire\/contact-auxiliaire-3ld9200-5b-1no1nc-siemens\/","url":"https:\/\/www.radper.com\/fr\/catalogues\/materiel-electrique\/accessoire\/contact-auxiliaire-3ld9200-5b-1no1nc-siemens\/","name":"Contact auxiliaire 3LD9200-5B 1NO+1NC Siemens - Radper","isPartOf":{"@id":"https:\/\/www.radper.com\/fr\/#website"},"primaryImageOfPage":{"@id":"https:\/\/www.radper.com\/fr\/catalogues\/materiel-electrique\/accessoire\/contact-auxiliaire-3ld9200-5b-1no1nc-siemens\/#primaryimage"},"image":{"@id":"https:\/\/www.radper.com\/fr\/catalogues\/materiel-electrique\/accessoire\/contact-auxiliaire-3ld9200-5b-1no1nc-siemens\/#primaryimage"},"thumbnailUrl":"https:\/\/www.radper.com\/wp-content\/uploads\/2025\/08\/3LD9200-5B-Siemens.png","datePublished":"2025-08-05T13:13:20+00:00","dateModified":"2025-08-19T13:11:25+00:00","description":"D\u00e9couvrez le contact auxiliaire 3LD9200-5B Siemens (1NO+1NC), montage avant pour commutateurs principaux 3LD2 et 3LD5 UL. Devis via Radper.","breadcrumb":{"@id":"https:\/\/www.radper.com\/fr\/catalogues\/materiel-electrique\/accessoire\/contact-auxiliaire-3ld9200-5b-1no1nc-siemens\/#breadcrumb"},"inLanguage":"fr-FR","potentialAction":[{"@type":"ReadAction","target":["https:\/\/www.radper.com\/fr\/catalogues\/materiel-electrique\/accessoire\/contact-auxiliaire-3ld9200-5b-1no1nc-siemens\/"]}]},{"@type":"ImageObject","inLanguage":"fr-FR","@id":"https:\/\/www.radper.com\/fr\/catalogues\/materiel-electrique\/accessoire\/contact-auxiliaire-3ld9200-5b-1no1nc-siemens\/#primaryimage","url":"https:\/\/www.radper.com\/wp-content\/uploads\/2025\/08\/3LD9200-5B-Siemens.png","contentUrl":"https:\/\/www.radper.com\/wp-content\/uploads\/2025\/08\/3LD9200-5B-Siemens.png","width":600,"height":600},{"@type":"BreadcrumbList","@id":"https:\/\/www.radper.com\/fr\/catalogues\/materiel-electrique\/accessoire\/contact-auxiliaire-3ld9200-5b-1no1nc-siemens\/#breadcrumb","itemListElement":[{"@type":"ListItem","position":1,"name":"Accueil","item":"https:\/\/www.radper.com\/fr\/"},{"@type":"ListItem","position":2,"name":"Catalogue","item":"https:\/\/www.radper.com\/fr\/catalogue\/"},{"@type":"ListItem","position":3,"name":"Contact auxiliaire 3LD9200-5B 1NO+1NC Siemens"}]},{"@type":"WebSite","@id":"https:\/\/www.radper.com\/fr\/#website","url":"https:\/\/www.radper.com\/fr\/","name":"Radper","description":"","publisher":{"@id":"https:\/\/www.radper.com\/fr\/#organization"},"potentialAction":[{"@type":"SearchAction","target":{"@type":"EntryPoint","urlTemplate":"https:\/\/www.radper.com\/fr\/?s={search_term_string}"},"query-input":{"@type":"PropertyValueSpecification","valueRequired":true,"valueName":"search_term_string"}}],"inLanguage":"fr-FR"},{"@type":"Organization","@id":"https:\/\/www.radper.com\/fr\/#organization","name":"radper","url":"https:\/\/www.radper.com\/fr\/","logo":{"@type":"ImageObject","inLanguage":"fr-FR","@id":"https:\/\/www.radper.com\/fr\/#\/schema\/logo\/image\/","url":"https:\/\/radper.com\/wp-content\/uploads\/2021\/04\/logo-wide-11.png","contentUrl":"https:\/\/radper.com\/wp-content\/uploads\/2021\/04\/logo-wide-11.png","width":250,"height":110,"caption":"radper"},"image":{"@id":"https:\/\/www.radper.com\/fr\/#\/schema\/logo\/image\/"}}]}},"_links":{"self":[{"href":"https:\/\/www.radper.com\/fr\/wp-json\/wp\/v2\/product\/45022","targetHints":{"allow":["GET"]}}],"collection":[{"href":"https:\/\/www.radper.com\/fr\/wp-json\/wp\/v2\/product"}],"about":[{"href":"https:\/\/www.radper.com\/fr\/wp-json\/wp\/v2\/types\/product"}],"wp:featuredmedia":[{"embeddable":true,"href":"https:\/\/www.radper.com\/fr\/wp-json\/wp\/v2\/media\/45023"}],"wp:attachment":[{"href":"https:\/\/www.radper.com\/fr\/wp-json\/wp\/v2\/media?parent=45022"}],"wp:term":[{"taxonomy":"product_brand","embeddable":true,"href":"https:\/\/www.radper.com\/fr\/wp-json\/wp\/v2\/product_brand?post=45022"},{"taxonomy":"product_cat","embeddable":true,"href":"https:\/\/www.radper.com\/fr\/wp-json\/wp\/v2\/product_cat?post=45022"},{"taxonomy":"product_tag","embeddable":true,"href":"https:\/\/www.radper.com\/fr\/wp-json\/wp\/v2\/product_tag?post=45022"}],"curies":[{"name":"wp","href":"https:\/\/api.w.org\/{rel}","templated":true}]}}