{"id":45058,"date":"2025-08-07T09:26:40","date_gmt":"2025-08-07T09:26:40","guid":{"rendered":"https:\/\/www.radper.com\/?post_type=product&#038;p=45058"},"modified":"2025-08-07T09:26:44","modified_gmt":"2025-08-07T09:26:44","slug":"interrupteur-sectionneur-ge-dilos3-250a-730497","status":"publish","type":"product","link":"https:\/\/www.radper.com\/fr\/catalogues\/materiel-electrique\/contacteur-2\/interrupteur-sectionneur-ge-dilos3-250a-730497\/","title":{"rendered":"Interrupteur-sectionneur DILOS 730497 3 250A 3P+N mural GE"},"content":{"rendered":"<h2 data-start=\"187\" data-end=\"271\">Interrupteur-Sectionneur GE DILOS 3 \u2013 250A \u2013 3P+N \u2013 Montage mural \u2013 R\u00e9f. 730497<\/h2>\n<p data-start=\"360\" data-end=\"790\">L\u2019<strong data-start=\"362\" data-end=\"401\">interrupteur-sectionneur GE DILOS 3<\/strong> (r\u00e9f. 730497) est un dispositif de coupure fiable con\u00e7u pour les applications industrielles exigeantes. Avec une intensit\u00e9 assign\u00e9e de 250 A et une configuration 3P+N, il offre une coupure visible et une excellente tenue aux courts-circuits. Cet appareil assure une <strong data-start=\"668\" data-end=\"709\">s\u00e9paration physique claire du circuit<\/strong>, indispensable pour garantir la s\u00e9curit\u00e9 des interventions et des installations.<\/p>\n<p data-start=\"792\" data-end=\"964\">Polyvalent et conforme aux normes internationales (IEC 60947-3, CEI 17-11\u2026), le DILOS 3 convient parfaitement aux environnements basse tension jusqu&rsquo;\u00e0 690 V AC ou 250 V DC.<\/p>\n<h3 data-start=\"1906\" data-end=\"1938\">S\u00e9curit\u00e9 &amp; fonctionnalit\u00e9<\/h3>\n<ul data-start=\"1940\" data-end=\"2274\">\n<li data-start=\"1940\" data-end=\"2014\">\n<p data-start=\"1942\" data-end=\"2014\">Coupure visible avec <strong data-start=\"1963\" data-end=\"2014\">protection transparente du m\u00e9canisme de contact<\/strong><\/p>\n<\/li>\n<li data-start=\"2015\" data-end=\"2067\">\n<p data-start=\"2017\" data-end=\"2067\"><strong data-start=\"2017\" data-end=\"2054\">Indicateur de position de contact<\/strong> bien visible<\/p>\n<\/li>\n<li data-start=\"2068\" data-end=\"2145\">\n<p data-start=\"2070\" data-end=\"2145\">Utilisable comme <strong data-start=\"2087\" data-end=\"2113\">interrupteur principal<\/strong> ou <strong data-start=\"2117\" data-end=\"2145\">interrupteur de s\u00e9curit\u00e9<\/strong><\/p>\n<\/li>\n<li data-start=\"2146\" data-end=\"2233\">\n<p data-start=\"2148\" data-end=\"2233\">Id\u00e9al pour assurer la <strong data-start=\"2170\" data-end=\"2195\">s\u00e9paration galvanique<\/strong> pendant les op\u00e9rations de maintenance<\/p>\n<\/li>\n<li data-start=\"2234\" data-end=\"2274\">\n<p data-start=\"2236\" data-end=\"2274\">Conforme aux normes CEI, VDE, BS et NF<\/p>\n<\/li>\n<\/ul>\n<h3 data-start=\"2281\" data-end=\"2314\">Environnement &amp; conformit\u00e9<\/h3>\n<ul data-start=\"2316\" data-end=\"2681\">\n<li data-start=\"2316\" data-end=\"2392\">\n<p data-start=\"2318\" data-end=\"2392\">Conception industrielle robuste pour une <strong data-start=\"2359\" data-end=\"2382\">utilisation durable<\/strong> et fiable<\/p>\n<\/li>\n<li data-start=\"2393\" data-end=\"2536\">\n<p data-start=\"2395\" data-end=\"2446\">Conforme aux principales normes internationales :<\/p>\n<ul data-start=\"2449\" data-end=\"2536\">\n<li data-start=\"2449\" data-end=\"2474\">\n<p data-start=\"2451\" data-end=\"2474\">IEC 60947-1 \/ 60947-3<\/p>\n<\/li>\n<li data-start=\"2477\" data-end=\"2506\">\n<p data-start=\"2479\" data-end=\"2506\">CEI 17-11, BSNBNEN60947-3<\/p>\n<\/li>\n<li data-start=\"2509\" data-end=\"2536\">\n<p data-start=\"2511\" data-end=\"2536\">DIN VDE 0660, NFC 63130<\/p>\n<\/li>\n<\/ul>\n<\/li>\n<li data-start=\"2537\" data-end=\"2590\">\n<p data-start=\"2539\" data-end=\"2590\"><strong data-start=\"2539\" data-end=\"2560\">Homologation KEMA<\/strong> \u2013 gage de qualit\u00e9 et s\u00e9curit\u00e9<\/p>\n<\/li>\n<li data-start=\"2591\" data-end=\"2681\">\n<p data-start=\"2593\" data-end=\"2681\">Faible impact environnemental gr\u00e2ce \u00e0 une conception optimis\u00e9e et des mat\u00e9riaux durables<\/p>\n<\/li>\n<\/ul>\n<h3 data-start=\"2688\" data-end=\"2713\">Applications types (730497)<\/h3>\n<ul data-start=\"2715\" data-end=\"2885\">\n<li data-start=\"2715\" data-end=\"2768\">\n<p data-start=\"2717\" data-end=\"2768\">Installations industrielles, tertiaires, r\u00e9seaux BT<\/p>\n<\/li>\n<li data-start=\"2769\" data-end=\"2795\">\n<p data-start=\"2771\" data-end=\"2795\">Armoires de distribution<\/p>\n<\/li>\n<li data-start=\"2796\" data-end=\"2836\">\n<p data-start=\"2798\" data-end=\"2836\">S\u00e9curit\u00e9 des \u00e9quipements de production<\/p>\n<\/li>\n<li data-start=\"2837\" data-end=\"2885\">\n<p data-start=\"2839\" data-end=\"2885\">Protection de charges r\u00e9sistives et inductives<\/p>\n<\/li>\n<\/ul>\n<p><strong data-start=\"3720\" data-end=\"3766\">\u27a1\ufe0f Proposez-vous des devis personnalis\u00e9s ?<\/strong><br data-start=\"3766\" data-end=\"3769\" \/>Oui, Radper vous offre des devis gratuits sur mesure.<br data-start=\"3822\" data-end=\"3825\" \/><a class=\"cursor-pointer\" href=\"https:\/\/www.radper.com\/fr\/demande-de-devis\/\" target=\"_new\" rel=\"noopener\" data-start=\"3828\" data-end=\"3881\">\u27a4 Demander un devis ici<\/a><\/p>\n","protected":false},"excerpt":{"rendered":"<p data-start=\"187\" data-end=\"271\">730497<\/p>\n","protected":false},"featured_media":45059,"template":"","meta":{"_acf_changed":false},"product_brand":[],"product_cat":[784],"product_tag":[],"class_list":{"0":"post-45058","1":"product","2":"type-product","3":"status-publish","4":"has-post-thumbnail","6":"product_cat-contacteur-2","7":"pa_marque-general-electric","9":"first","10":"instock","11":"taxable","12":"shipping-taxable","13":"product-type-simple"},"acf":[],"yoast_head":"<!-- This site is optimized with the Yoast SEO plugin v26.2 - https:\/\/yoast.com\/wordpress\/plugins\/seo\/ -->\n<title>Interrupteur-sectionneur DILOS 730497 3 250A 3P+N mural GE - Radper<\/title>\n<meta name=\"description\" content=\"Interrupteur-sectionneur mural GE DILOS 3 250A \u2013 3P+N. Coupure visible, conformit\u00e9 IEC 60947-3, haute tenue aux courts-circuits. 730497.\" \/>\n<meta name=\"robots\" content=\"index, follow, max-snippet:-1, max-image-preview:large, max-video-preview:-1\" \/>\n<link rel=\"canonical\" href=\"https:\/\/www.radper.com\/fr\/catalogues\/materiel-electrique\/contacteur-2\/interrupteur-sectionneur-ge-dilos3-250a-730497\/\" \/>\n<meta property=\"og:locale\" content=\"fr_FR\" \/>\n<meta property=\"og:type\" content=\"article\" \/>\n<meta property=\"og:title\" content=\"Interrupteur-sectionneur DILOS 730497 3 250A 3P+N mural GE - Radper\" \/>\n<meta property=\"og:description\" content=\"Interrupteur-sectionneur mural GE DILOS 3 250A \u2013 3P+N. Coupure visible, conformit\u00e9 IEC 60947-3, haute tenue aux courts-circuits. 730497.\" \/>\n<meta property=\"og:url\" content=\"https:\/\/www.radper.com\/fr\/catalogues\/materiel-electrique\/contacteur-2\/interrupteur-sectionneur-ge-dilos3-250a-730497\/\" \/>\n<meta property=\"og:site_name\" content=\"Radper\" \/>\n<meta property=\"article:modified_time\" content=\"2025-08-07T09:26:44+00:00\" \/>\n<meta property=\"og:image\" content=\"https:\/\/www.radper.com\/wp-content\/uploads\/2025\/08\/730497-GE.png\" \/>\n\t<meta property=\"og:image:width\" content=\"600\" \/>\n\t<meta property=\"og:image:height\" content=\"600\" \/>\n\t<meta property=\"og:image:type\" content=\"image\/png\" \/>\n<meta name=\"twitter:card\" content=\"summary_large_image\" \/>\n<meta name=\"twitter:label1\" content=\"Dur\u00e9e de lecture estim\u00e9e\" \/>\n\t<meta name=\"twitter:data1\" content=\"2 minutes\" \/>\n<script type=\"application\/ld+json\" class=\"yoast-schema-graph\">{\"@context\":\"https:\/\/schema.org\",\"@graph\":[{\"@type\":\"WebPage\",\"@id\":\"https:\/\/www.radper.com\/fr\/catalogues\/materiel-electrique\/contacteur-2\/interrupteur-sectionneur-ge-dilos3-250a-730497\/\",\"url\":\"https:\/\/www.radper.com\/fr\/catalogues\/materiel-electrique\/contacteur-2\/interrupteur-sectionneur-ge-dilos3-250a-730497\/\",\"name\":\"Interrupteur-sectionneur DILOS 730497 3 250A 3P+N mural GE - Radper\",\"isPartOf\":{\"@id\":\"https:\/\/www.radper.com\/fr\/#website\"},\"primaryImageOfPage\":{\"@id\":\"https:\/\/www.radper.com\/fr\/catalogues\/materiel-electrique\/contacteur-2\/interrupteur-sectionneur-ge-dilos3-250a-730497\/#primaryimage\"},\"image\":{\"@id\":\"https:\/\/www.radper.com\/fr\/catalogues\/materiel-electrique\/contacteur-2\/interrupteur-sectionneur-ge-dilos3-250a-730497\/#primaryimage\"},\"thumbnailUrl\":\"https:\/\/www.radper.com\/wp-content\/uploads\/2025\/08\/730497-GE.png\",\"datePublished\":\"2025-08-07T09:26:40+00:00\",\"dateModified\":\"2025-08-07T09:26:44+00:00\",\"description\":\"Interrupteur-sectionneur mural GE DILOS 3 250A \u2013 3P+N. Coupure visible, conformit\u00e9 IEC 60947-3, haute tenue aux courts-circuits. 730497.\",\"breadcrumb\":{\"@id\":\"https:\/\/www.radper.com\/fr\/catalogues\/materiel-electrique\/contacteur-2\/interrupteur-sectionneur-ge-dilos3-250a-730497\/#breadcrumb\"},\"inLanguage\":\"fr-FR\",\"potentialAction\":[{\"@type\":\"ReadAction\",\"target\":[\"https:\/\/www.radper.com\/fr\/catalogues\/materiel-electrique\/contacteur-2\/interrupteur-sectionneur-ge-dilos3-250a-730497\/\"]}]},{\"@type\":\"ImageObject\",\"inLanguage\":\"fr-FR\",\"@id\":\"https:\/\/www.radper.com\/fr\/catalogues\/materiel-electrique\/contacteur-2\/interrupteur-sectionneur-ge-dilos3-250a-730497\/#primaryimage\",\"url\":\"https:\/\/www.radper.com\/wp-content\/uploads\/2025\/08\/730497-GE.png\",\"contentUrl\":\"https:\/\/www.radper.com\/wp-content\/uploads\/2025\/08\/730497-GE.png\",\"width\":600,\"height\":600},{\"@type\":\"BreadcrumbList\",\"@id\":\"https:\/\/www.radper.com\/fr\/catalogues\/materiel-electrique\/contacteur-2\/interrupteur-sectionneur-ge-dilos3-250a-730497\/#breadcrumb\",\"itemListElement\":[{\"@type\":\"ListItem\",\"position\":1,\"name\":\"Accueil\",\"item\":\"https:\/\/www.radper.com\/fr\/\"},{\"@type\":\"ListItem\",\"position\":2,\"name\":\"Catalogue\",\"item\":\"https:\/\/www.radper.com\/fr\/catalogue\/\"},{\"@type\":\"ListItem\",\"position\":3,\"name\":\"Interrupteur-sectionneur DILOS 730497 3 250A 3P+N mural GE\"}]},{\"@type\":\"WebSite\",\"@id\":\"https:\/\/www.radper.com\/fr\/#website\",\"url\":\"https:\/\/www.radper.com\/fr\/\",\"name\":\"Radper\",\"description\":\"\",\"publisher\":{\"@id\":\"https:\/\/www.radper.com\/fr\/#organization\"},\"potentialAction\":[{\"@type\":\"SearchAction\",\"target\":{\"@type\":\"EntryPoint\",\"urlTemplate\":\"https:\/\/www.radper.com\/fr\/?s={search_term_string}\"},\"query-input\":{\"@type\":\"PropertyValueSpecification\",\"valueRequired\":true,\"valueName\":\"search_term_string\"}}],\"inLanguage\":\"fr-FR\"},{\"@type\":\"Organization\",\"@id\":\"https:\/\/www.radper.com\/fr\/#organization\",\"name\":\"radper\",\"url\":\"https:\/\/www.radper.com\/fr\/\",\"logo\":{\"@type\":\"ImageObject\",\"inLanguage\":\"fr-FR\",\"@id\":\"https:\/\/www.radper.com\/fr\/#\/schema\/logo\/image\/\",\"url\":\"https:\/\/radper.com\/wp-content\/uploads\/2021\/04\/logo-wide-11.png\",\"contentUrl\":\"https:\/\/radper.com\/wp-content\/uploads\/2021\/04\/logo-wide-11.png\",\"width\":250,\"height\":110,\"caption\":\"radper\"},\"image\":{\"@id\":\"https:\/\/www.radper.com\/fr\/#\/schema\/logo\/image\/\"}}]}<\/script>\n<!-- \/ Yoast SEO plugin. -->","yoast_head_json":{"title":"Interrupteur-sectionneur DILOS 730497 3 250A 3P+N mural GE - Radper","description":"Interrupteur-sectionneur mural GE DILOS 3 250A \u2013 3P+N. Coupure visible, conformit\u00e9 IEC 60947-3, haute tenue aux courts-circuits. 730497.","robots":{"index":"index","follow":"follow","max-snippet":"max-snippet:-1","max-image-preview":"max-image-preview:large","max-video-preview":"max-video-preview:-1"},"canonical":"https:\/\/www.radper.com\/fr\/catalogues\/materiel-electrique\/contacteur-2\/interrupteur-sectionneur-ge-dilos3-250a-730497\/","og_locale":"fr_FR","og_type":"article","og_title":"Interrupteur-sectionneur DILOS 730497 3 250A 3P+N mural GE - Radper","og_description":"Interrupteur-sectionneur mural GE DILOS 3 250A \u2013 3P+N. Coupure visible, conformit\u00e9 IEC 60947-3, haute tenue aux courts-circuits. 730497.","og_url":"https:\/\/www.radper.com\/fr\/catalogues\/materiel-electrique\/contacteur-2\/interrupteur-sectionneur-ge-dilos3-250a-730497\/","og_site_name":"Radper","article_modified_time":"2025-08-07T09:26:44+00:00","og_image":[{"width":600,"height":600,"url":"https:\/\/www.radper.com\/wp-content\/uploads\/2025\/08\/730497-GE.png","type":"image\/png"}],"twitter_card":"summary_large_image","twitter_misc":{"Dur\u00e9e de lecture estim\u00e9e":"2 minutes"},"schema":{"@context":"https:\/\/schema.org","@graph":[{"@type":"WebPage","@id":"https:\/\/www.radper.com\/fr\/catalogues\/materiel-electrique\/contacteur-2\/interrupteur-sectionneur-ge-dilos3-250a-730497\/","url":"https:\/\/www.radper.com\/fr\/catalogues\/materiel-electrique\/contacteur-2\/interrupteur-sectionneur-ge-dilos3-250a-730497\/","name":"Interrupteur-sectionneur DILOS 730497 3 250A 3P+N mural GE - Radper","isPartOf":{"@id":"https:\/\/www.radper.com\/fr\/#website"},"primaryImageOfPage":{"@id":"https:\/\/www.radper.com\/fr\/catalogues\/materiel-electrique\/contacteur-2\/interrupteur-sectionneur-ge-dilos3-250a-730497\/#primaryimage"},"image":{"@id":"https:\/\/www.radper.com\/fr\/catalogues\/materiel-electrique\/contacteur-2\/interrupteur-sectionneur-ge-dilos3-250a-730497\/#primaryimage"},"thumbnailUrl":"https:\/\/www.radper.com\/wp-content\/uploads\/2025\/08\/730497-GE.png","datePublished":"2025-08-07T09:26:40+00:00","dateModified":"2025-08-07T09:26:44+00:00","description":"Interrupteur-sectionneur mural GE DILOS 3 250A \u2013 3P+N. Coupure visible, conformit\u00e9 IEC 60947-3, haute tenue aux courts-circuits. 730497.","breadcrumb":{"@id":"https:\/\/www.radper.com\/fr\/catalogues\/materiel-electrique\/contacteur-2\/interrupteur-sectionneur-ge-dilos3-250a-730497\/#breadcrumb"},"inLanguage":"fr-FR","potentialAction":[{"@type":"ReadAction","target":["https:\/\/www.radper.com\/fr\/catalogues\/materiel-electrique\/contacteur-2\/interrupteur-sectionneur-ge-dilos3-250a-730497\/"]}]},{"@type":"ImageObject","inLanguage":"fr-FR","@id":"https:\/\/www.radper.com\/fr\/catalogues\/materiel-electrique\/contacteur-2\/interrupteur-sectionneur-ge-dilos3-250a-730497\/#primaryimage","url":"https:\/\/www.radper.com\/wp-content\/uploads\/2025\/08\/730497-GE.png","contentUrl":"https:\/\/www.radper.com\/wp-content\/uploads\/2025\/08\/730497-GE.png","width":600,"height":600},{"@type":"BreadcrumbList","@id":"https:\/\/www.radper.com\/fr\/catalogues\/materiel-electrique\/contacteur-2\/interrupteur-sectionneur-ge-dilos3-250a-730497\/#breadcrumb","itemListElement":[{"@type":"ListItem","position":1,"name":"Accueil","item":"https:\/\/www.radper.com\/fr\/"},{"@type":"ListItem","position":2,"name":"Catalogue","item":"https:\/\/www.radper.com\/fr\/catalogue\/"},{"@type":"ListItem","position":3,"name":"Interrupteur-sectionneur DILOS 730497 3 250A 3P+N mural GE"}]},{"@type":"WebSite","@id":"https:\/\/www.radper.com\/fr\/#website","url":"https:\/\/www.radper.com\/fr\/","name":"Radper","description":"","publisher":{"@id":"https:\/\/www.radper.com\/fr\/#organization"},"potentialAction":[{"@type":"SearchAction","target":{"@type":"EntryPoint","urlTemplate":"https:\/\/www.radper.com\/fr\/?s={search_term_string}"},"query-input":{"@type":"PropertyValueSpecification","valueRequired":true,"valueName":"search_term_string"}}],"inLanguage":"fr-FR"},{"@type":"Organization","@id":"https:\/\/www.radper.com\/fr\/#organization","name":"radper","url":"https:\/\/www.radper.com\/fr\/","logo":{"@type":"ImageObject","inLanguage":"fr-FR","@id":"https:\/\/www.radper.com\/fr\/#\/schema\/logo\/image\/","url":"https:\/\/radper.com\/wp-content\/uploads\/2021\/04\/logo-wide-11.png","contentUrl":"https:\/\/radper.com\/wp-content\/uploads\/2021\/04\/logo-wide-11.png","width":250,"height":110,"caption":"radper"},"image":{"@id":"https:\/\/www.radper.com\/fr\/#\/schema\/logo\/image\/"}}]}},"_links":{"self":[{"href":"https:\/\/www.radper.com\/fr\/wp-json\/wp\/v2\/product\/45058","targetHints":{"allow":["GET"]}}],"collection":[{"href":"https:\/\/www.radper.com\/fr\/wp-json\/wp\/v2\/product"}],"about":[{"href":"https:\/\/www.radper.com\/fr\/wp-json\/wp\/v2\/types\/product"}],"wp:featuredmedia":[{"embeddable":true,"href":"https:\/\/www.radper.com\/fr\/wp-json\/wp\/v2\/media\/45059"}],"wp:attachment":[{"href":"https:\/\/www.radper.com\/fr\/wp-json\/wp\/v2\/media?parent=45058"}],"wp:term":[{"taxonomy":"product_brand","embeddable":true,"href":"https:\/\/www.radper.com\/fr\/wp-json\/wp\/v2\/product_brand?post=45058"},{"taxonomy":"product_cat","embeddable":true,"href":"https:\/\/www.radper.com\/fr\/wp-json\/wp\/v2\/product_cat?post=45058"},{"taxonomy":"product_tag","embeddable":true,"href":"https:\/\/www.radper.com\/fr\/wp-json\/wp\/v2\/product_tag?post=45058"}],"curies":[{"name":"wp","href":"https:\/\/api.w.org\/{rel}","templated":true}]}}